{"id":7226,"date":"2019-08-28T08:38:28","date_gmt":"2019-08-28T08:38:28","guid":{"rendered":"http:\/\/www.phys.uaic.ro\/?page_id=7226"},"modified":"2019-08-28T08:38:28","modified_gmt":"2019-08-28T08:38:28","slug":"organizare-admitere-licenta-septembrie-2019","status":"publish","type":"page","link":"https:\/\/www.phys.uaic.ro\/index.php\/admitere\/admitere-licenta\/admitere-licenta-septembrie-2019\/organizare-admitere-licenta-septembrie-2019\/","title":{"rendered":"Organizarea admiterii la licen\u021b\u0103 septembrie 2019"},"content":{"rendered":"<ul>\n<li><a href=\"numar-locuri-licenta-septembrie-2019\">Num\u0103rul de locuri<\/a><\/li>\n<\/ul>\n<ul>\n<li><a href=\"perioada-admitere-licenta-septembrie-2019\">Perioada admiterii<\/a><\/li>\n<\/ul>\n<ul>\n<li><a href=\"conditii-admitere-taxe-licenta-septembrie-2019\">Condi\u021bii de admitere \u0219i taxe<\/a><\/li>\n<\/ul>\n<ul>\n<li><a href=\"acte-licenta-septembrie-2019\">Actele necesare<\/a><\/li>\n<\/ul>\n<ul>\n<li><a href=\"admiterea-on-line-licenta-septembrie-2019\">Admiterea on-line<\/a><\/li>\n<\/ul>\n<ul>\n<li><b>Informa\u021bii<\/b> despre admitere:\n<ul>\n<li>Tel: 0232 201050<\/li>\n<li>E-mail: <span style=\"color: blue;\">fizica@uaic.ro<\/span><\/li>\n<li>Site-ul Facult\u0103\u021bii de Fizic\u0103: <a href=\"http:\/\/www.phys.uaic.ro\">http:\/\/www.phys.uaic.ro<\/a><\/li>\n<li>Site-ul universit\u0103\u021bii dedicat admiterii: <a href=\"http:\/\/admitere.uaic.ro\/\">http:\/\/admitere.uaic.ro\/<\/a><\/li>\n<li>Special pentru p\u0103rin\u021bi: <a href=\"http:\/\/admitere.uaic.ro\/special-pentru-parinti-2\/\">http:\/\/admitere.uaic.ro\/special-pentru-parinti-2\/<\/a><\/li>\n<\/ul>\n<\/li>\n<\/ul>\n<p>Candida\u021bii declara\u021bi reu\u0219i\u021bi \u00een condi\u021biile de mai sus vor avea prioritate, \u021bin\u00e2ndu-se cont de media de admitere, \u00een ob\u021binerea bursei de studiu \u0219i a unui loc \u00een c\u0103minele universit\u0103\u021bii.<\/p>\n","protected":false},"excerpt":{"rendered":"<p>Num\u0103rul de locuri Perioada admiterii Condi\u021bii de admitere \u0219i taxe Actele necesare Admiterea on-line Informa\u021bii despre admitere: Tel: 0232 201050 E-mail: fizica@uaic.ro Site-ul Facult\u0103\u021bii de Fizic\u0103: http:\/\/www.phys.uaic.ro Site-ul universit\u0103\u021bii dedicat admiterii: http:\/\/admitere.uaic.ro\/ Special pentru p\u0103rin\u021bi: http:\/\/admitere.uaic.ro\/special-pentru-parinti-2\/ Candida\u021bii declara\u021bi reu\u0219i\u021bi \u00een condi\u021biile de mai sus vor avea prioritate, \u021bin\u00e2ndu-se cont de media de admitere, \u00een ob\u021binerea bursei de studiu\u2026 <span class=\"read-more\"><a href=\"https:\/\/www.phys.uaic.ro\/index.php\/admitere\/admitere-licenta\/admitere-licenta-septembrie-2019\/organizare-admitere-licenta-septembrie-2019\/\">Read More &raquo;<\/a><\/span><\/p>\n","protected":false},"author":3,"featured_media":0,"parent":7207,"menu_order":0,"comment_status":"closed","ping_status":"closed","template":"","meta":{"footnotes":""},"class_list":["post-7226","page","type-page","status-publish","hentry"],"_links":{"self":[{"href":"https:\/\/www.phys.uaic.ro\/index.php\/wp-json\/wp\/v2\/pages\/7226","targetHints":{"allow":["GET"]}}],"collection":[{"href":"https:\/\/www.phys.uaic.ro\/index.php\/wp-json\/wp\/v2\/pages"}],"about":[{"href":"https:\/\/www.phys.uaic.ro\/index.php\/wp-json\/wp\/v2\/types\/page"}],"author":[{"embeddable":true,"href":"https:\/\/www.phys.uaic.ro\/index.php\/wp-json\/wp\/v2\/users\/3"}],"replies":[{"embeddable":true,"href":"https:\/\/www.phys.uaic.ro\/index.php\/wp-json\/wp\/v2\/comments?post=7226"}],"version-history":[{"count":0,"href":"https:\/\/www.phys.uaic.ro\/index.php\/wp-json\/wp\/v2\/pages\/7226\/revisions"}],"up":[{"embeddable":true,"href":"https:\/\/www.phys.uaic.ro\/index.php\/wp-json\/wp\/v2\/pages\/7207"}],"wp:attachment":[{"href":"https:\/\/www.phys.uaic.ro\/index.php\/wp-json\/wp\/v2\/media?parent=7226"}],"curies":[{"name":"wp","href":"https:\/\/api.w.org\/{rel}","templated":true}]}}