{"id":7243,"date":"2019-08-28T12:21:21","date_gmt":"2019-08-28T12:21:21","guid":{"rendered":"http:\/\/www.phys.uaic.ro\/?page_id=7243"},"modified":"2025-01-29T11:13:42","modified_gmt":"2025-01-29T09:13:42","slug":"timofti-susu-oana-doctorat","status":"publish","type":"page","link":"https:\/\/www.phys.uaic.ro\/index.php\/scoala-doctorala\/sustineri-teze-doctorat\/timofti-susu-oana-doctorat\/","title":{"rendered":"Sus\u021binerea tezei de doctorat a drd. Timofti Oana (c\u0103s. \u0218u\u0219u) pe 18.09.2019"},"content":{"rendered":"<p>La data de 18.09.2019, ora 11:00, \u00een sala L1, dna TIMOFTI OANA (c\u0103s. \u0218U\u0218U) va sus\u0163ine, \u00een \u015fedin\u0163\u0103 public\u0103, teza de doctorat cu titlul<\/p>\n<p><b>STUDII ASUPRA UNOR MATERIALE \u0218I STRUCTURI SEMICONDUCTOARE FUNC\u021aIONALE CU DIMENSIONALITATE REDUS\u0102 PE BAZ\u0102 DE COMPU\u0218I MULTICOMPOZI\u021aIONALI<\/b><\/p>\n<p>\u00een vederea ob\u0163inerii titlului \u015ftiin\u0163ific de doctor \u00een domeniul fundamental \u0218tiin\u021be Exacte, domeniul FIZIC\u0102.<\/p>\n<p><a href=\"https:\/\/www.phys.uaic.ro\/wp-content\/uploads\/2025\/01\/E.-CV-Timofti-cas-Susu.pdf\" target=\"_blank\" rel=\"noopener\">CV Timofti Oana (c\u0103s. \u0218u\u0219u)<\/a><\/p>\n<p>Comisia de doctorat are urm\u0103toarea componen\u0163\u0103:<\/p>\n<ul>\n<li><b>Pre\u015fedinte<\/b>:\n<ul>\n<li>Prof. univ. Dr. Diana Mihaela Mardare, Universitatea Alexandru Ioan Cuza din Ia\u0219i [ <a href=\"https:\/\/www.phys.uaic.ro\/wp-content\/uploads\/2023\/09\/MARDARE-Diana_CV_RO.pdf\" target=\"_blank\" rel=\"noopener\">CV<\/a> ]<\/li>\n<\/ul>\n<\/li>\n<\/ul>\n<ul>\n<li><b>Conduc\u0103tor \u015ftiin\u0163ific<\/b>:\n<ul>\n<li>Prof. univ. Dr. habl. Liviu Leontie, Universitatea Alexandru Ioan Cuza, Ia\u015fi [ <a href=\"https:\/\/www.phys.uaic.ro\/wp-content\/uploads\/2022\/05\/Prof.-Liviu-Leontie_CV_RO.pdf\" target=\"_blank\" rel=\"noopener\">CV<\/a> ]<\/li>\n<\/ul>\n<\/li>\n<\/ul>\n<ul>\n<li><b>Referen\u0163i<\/b>:\n<ul>\n<li>Prof. univ. emerit Dr. Viorica Simon, Universitatea Babes-Bolyai, Cluj-Napoca [<a href=\"https:\/\/www.phys.uaic.ro\/wp-content\/uploads\/2024\/04\/viorica-simon-cv.pdf\" target=\"_blank\" rel=\"noopener\"> CV<\/a> ]<\/li>\n<li>Prof. univ. emerit Dr. Dacia Felicia Iacomi, Universitatea Alexandru Ioan Cuza, Ia\u015fi [ <a href=\"https:\/\/www.phys.uaic.ro\/wp-content\/uploads\/2022\/05\/CV-FELICIA-IACOMI.pdf\" target=\"_blank\" rel=\"noopener\">CV<\/a> ]<\/li>\n<li>Prof. univ. dr. Irina Radinschi, Universitatea Tehnic\u0103 Gh. Asachi, Ia\u0219i [ CV ]<\/li>\n<\/ul>\n<\/li>\n<\/ul>\n<p>Teza poate fi consultat\u0103 la Biblioteca Facult\u0103\u0163ii de Fizic\u0103.<\/p>\n<p><a href=\"https:\/\/www.phys.uaic.ro\/wp-content\/uploads\/2025\/01\/Rezumat-pentru-site.pdf\" target=\"_blank\" rel=\"noopener\">Rezumatul tezei de doctorat<\/a><\/p>\n","protected":false},"excerpt":{"rendered":"<p>La data de 18.09.2019, ora 11:00, \u00een sala L1, dna TIMOFTI OANA (c\u0103s. \u0218U\u0218U) va sus\u0163ine, \u00een \u015fedin\u0163\u0103 public\u0103, teza de doctorat cu titlul STUDII ASUPRA UNOR MATERIALE \u0218I STRUCTURI SEMICONDUCTOARE FUNC\u021aIONALE CU DIMENSIONALITATE REDUS\u0102 PE BAZ\u0102 DE COMPU\u0218I MULTICOMPOZI\u021aIONALI \u00een vederea ob\u0163inerii titlului \u015ftiin\u0163ific de doctor \u00een domeniul fundamental \u0218tiin\u021be Exacte, domeniul FIZIC\u0102. CV Timofti Oana (c\u0103s.\u2026 <span class=\"read-more\"><a href=\"https:\/\/www.phys.uaic.ro\/index.php\/scoala-doctorala\/sustineri-teze-doctorat\/timofti-susu-oana-doctorat\/\">Read More &raquo;<\/a><\/span><\/p>\n","protected":false},"author":3,"featured_media":0,"parent":158,"menu_order":0,"comment_status":"closed","ping_status":"closed","template":"","meta":{"footnotes":""},"class_list":["post-7243","page","type-page","status-publish","hentry"],"_links":{"self":[{"href":"https:\/\/www.phys.uaic.ro\/index.php\/wp-json\/wp\/v2\/pages\/7243","targetHints":{"allow":["GET"]}}],"collection":[{"href":"https:\/\/www.phys.uaic.ro\/index.php\/wp-json\/wp\/v2\/pages"}],"about":[{"href":"https:\/\/www.phys.uaic.ro\/index.php\/wp-json\/wp\/v2\/types\/page"}],"author":[{"embeddable":true,"href":"https:\/\/www.phys.uaic.ro\/index.php\/wp-json\/wp\/v2\/users\/3"}],"replies":[{"embeddable":true,"href":"https:\/\/www.phys.uaic.ro\/index.php\/wp-json\/wp\/v2\/comments?post=7243"}],"version-history":[{"count":0,"href":"https:\/\/www.phys.uaic.ro\/index.php\/wp-json\/wp\/v2\/pages\/7243\/revisions"}],"up":[{"embeddable":true,"href":"https:\/\/www.phys.uaic.ro\/index.php\/wp-json\/wp\/v2\/pages\/158"}],"wp:attachment":[{"href":"https:\/\/www.phys.uaic.ro\/index.php\/wp-json\/wp\/v2\/media?parent=7243"}],"curies":[{"name":"wp","href":"https:\/\/api.w.org\/{rel}","templated":true}]}}