{"id":7345,"date":"2019-09-11T10:35:46","date_gmt":"2019-09-11T10:35:46","guid":{"rendered":"http:\/\/www.phys.uaic.ro\/?page_id=7345"},"modified":"2024-10-25T12:57:46","modified_gmt":"2024-10-25T09:57:46","slug":"demeter-diaconu-petruta-alexandra-doctorat","status":"publish","type":"page","link":"https:\/\/www.phys.uaic.ro\/index.php\/scoala-doctorala\/sustineri-teze-doctorat\/demeter-diaconu-petruta-alexandra-doctorat\/","title":{"rendered":"Sus\u021binerea tezei de doctorat a drd. Demeter Petru\u021ba-Alexandra (c\u0103s. Diaconu) pe 30.09.2019"},"content":{"rendered":"<p>La data de 30.09.2019, ora 11:00, \u00een Laboraorul de Plasm\u0103, dna DEMETER PETRU\u021aA-ALEXANDRA (c\u0103s. DIACONU) va sus\u0163ine, \u00een \u015fedin\u0163\u0103 public\u0103, teza de doctorat cu titlul<\/p>\n<p><b>FABRICAREA DE MATERIALE FOTOCATALITICE CU APLICA\u021aII \u00ceN ENERGIA SOLAR\u0102<\/b><\/p>\n<p>\u00een vederea ob\u0163inerii titlului \u015ftiin\u0163ific de doctor \u00een domeniul fundamental \u0218TIIN\u021aE EXACTE, domeniul FIZIC\u0102.<\/p>\n<p>CV Demeter Petru\u021ba-Alexandra (c\u0103s. Diaconu)<\/p>\n<p>&nbsp;<\/p>\n<p>Comisia de doctorat are urm\u0103toarea componen\u0163\u0103:<\/p>\n<ul>\n<li><b>Pre\u015fedinte<\/b>:\n<ul>\n<li>Prof. univ. Dr. Diana Mihaela Mardare, Universitatea Alexandru Ioan Cuza din Ia\u0219i [ <a href=\"https:\/\/www.phys.uaic.ro\/wp-content\/uploads\/2023\/09\/MARDARE-Diana_CV_RO.pdf\" target=\"_blank\" rel=\"noopener\">CV<\/a> ]<\/li>\n<\/ul>\n<\/li>\n<\/ul>\n<ul>\n<li><b>Conduc\u0103tor \u015ftiin\u0163ific<\/b>:\n<ul>\n<li>Prof. Dr. habil. Lucel S\u00eerghi, Universitatea Alexandru Ioan Cuza, Ia\u015fi [ <a href=\"https:\/\/www.phys.uaic.ro\/wp-content\/uploads\/2023\/09\/CV_lsirghi2023.pdf\" target=\"_blank\" rel=\"noopener\">CV<\/a> ]<\/li>\n<\/ul>\n<\/li>\n<\/ul>\n<ul>\n<li><b>Referen\u0163i<\/b>:\n<ul>\n<li>Prof. univ. dr. Tiberiu Minea, Universitatea Paris-Sud, Paris-Saclay, Orsay, Fran\u0163a [ CV ]<\/li>\n<li>Prof. univ. dr. Ing. Eugen Hnatiuc, Universitatea Tehnic\u0103 Ghe. Asachi, Ia\u015fi [ CV ]<\/li>\n<li>Conf. univ. dr. Claudiu Costin, Universitatea Alexandru Ioan Cuza, Ia\u015fi [ <a href=\"https:\/\/www.phys.uaic.ro\/wp-content\/uploads\/2022\/05\/Costin_Claudiu_CV_ro.pdf\" target=\"_blank\" rel=\"noopener\">CV<\/a> ]<\/li>\n<\/ul>\n<\/li>\n<\/ul>\n<p>Teza poate fi consultat\u0103 la Biblioteca Facult\u0103\u0163ii de Fizic\u0103.<\/p>\n<p>Rezumatul tezei de doctorat<\/p>\n","protected":false},"excerpt":{"rendered":"<p>La data de 30.09.2019, ora 11:00, \u00een Laboraorul de Plasm\u0103, dna DEMETER PETRU\u021aA-ALEXANDRA (c\u0103s. DIACONU) va sus\u0163ine, \u00een \u015fedin\u0163\u0103 public\u0103, teza de doctorat cu titlul FABRICAREA DE MATERIALE FOTOCATALITICE CU APLICA\u021aII \u00ceN ENERGIA SOLAR\u0102 \u00een vederea ob\u0163inerii titlului \u015ftiin\u0163ific de doctor \u00een domeniul fundamental \u0218TIIN\u021aE EXACTE, domeniul FIZIC\u0102. CV Demeter Petru\u021ba-Alexandra (c\u0103s. Diaconu) &nbsp; Comisia de doctorat are\u2026 <span class=\"read-more\"><a href=\"https:\/\/www.phys.uaic.ro\/index.php\/scoala-doctorala\/sustineri-teze-doctorat\/demeter-diaconu-petruta-alexandra-doctorat\/\">Read More &raquo;<\/a><\/span><\/p>\n","protected":false},"author":3,"featured_media":0,"parent":158,"menu_order":0,"comment_status":"closed","ping_status":"closed","template":"","meta":{"footnotes":""},"class_list":["post-7345","page","type-page","status-publish","hentry"],"_links":{"self":[{"href":"https:\/\/www.phys.uaic.ro\/index.php\/wp-json\/wp\/v2\/pages\/7345","targetHints":{"allow":["GET"]}}],"collection":[{"href":"https:\/\/www.phys.uaic.ro\/index.php\/wp-json\/wp\/v2\/pages"}],"about":[{"href":"https:\/\/www.phys.uaic.ro\/index.php\/wp-json\/wp\/v2\/types\/page"}],"author":[{"embeddable":true,"href":"https:\/\/www.phys.uaic.ro\/index.php\/wp-json\/wp\/v2\/users\/3"}],"replies":[{"embeddable":true,"href":"https:\/\/www.phys.uaic.ro\/index.php\/wp-json\/wp\/v2\/comments?post=7345"}],"version-history":[{"count":0,"href":"https:\/\/www.phys.uaic.ro\/index.php\/wp-json\/wp\/v2\/pages\/7345\/revisions"}],"up":[{"embeddable":true,"href":"https:\/\/www.phys.uaic.ro\/index.php\/wp-json\/wp\/v2\/pages\/158"}],"wp:attachment":[{"href":"https:\/\/www.phys.uaic.ro\/index.php\/wp-json\/wp\/v2\/media?parent=7345"}],"curies":[{"name":"wp","href":"https:\/\/api.w.org\/{rel}","templated":true}]}}