{"id":8832,"date":"2020-07-05T21:39:22","date_gmt":"2020-07-05T21:39:22","guid":{"rendered":"https:\/\/www.phys.uaic.ro\/?page_id=8832"},"modified":"2021-05-11T12:11:17","modified_gmt":"2021-05-11T12:11:17","slug":"admitere-master-iulie-2020","status":"publish","type":"page","link":"https:\/\/www.phys.uaic.ro\/index.php\/admitere\/admitere-master\/admitere-master-iulie-2020\/","title":{"rendered":"Admiterea la master &#8211; Sesiunea iulie 2020"},"content":{"rendered":"<ul>\n<li><a href=\"http:\/\/www.phys.uaic.ro\/wp\/admitere\/iulie-2020\/metodologie-admitere-master-2020.pdf\">Metodologie privind organizarea \u015fi desf\u0103\u015furarea admiterii \u00een ciclul de studii universitare de master pentru anul universitar 2020\/2021<\/a> <img decoding=\"async\" style=\"vertical-align: top; width: 20px; height: 20px;\" src=\"http:\/\/www.phys.uaic.ro\/wp\/imagini\/pdf-icon.png\" alt=\"pdf\" \/><\/li>\n<\/ul>\n<ul>\n<li><a href=\"organizare-admitere-master-iulie-2020\">Organizarea admiterii la master iulie 2020<\/a><\/li>\n<\/ul>\n<ul>\n<li><a href=\"rezultate-admitere-master-iulie-2020\">Rezultate admitere la master iulie 2020<\/a><\/li>\n<\/ul>\n<ul>\n<li><a href=\"http:\/\/www.phys.uaic.ro\/wp\/admitere\/iulie-2020\/protectie-date-personale-admitere.pdf\">Not\u0103 de informare privind protec\u0163ia datelor cu caracter personal<\/a> <img decoding=\"async\" style=\"vertical-align: top; width: 20px; height: 20px;\" src=\"http:\/\/www.phys.uaic.ro\/wp\/imagini\/pdf-icon.png\" alt=\"pdf\" \/><\/li>\n<\/ul>\n<ul>\n<li>Formular <a href=\"http:\/\/www.phys.uaic.ro\/wp\/admitere\/iulie-2020\/declaratie-proprie-raspundere-covid-19-iulie-2020.pdf\">Declaratie pe proprie raspundere COVID-19<\/a> <img decoding=\"async\" style=\"vertical-align: top; width: 20px; height: 20px;\" src=\"http:\/\/www.phys.uaic.ro\/wp\/imagini\/pdf-icon.png\" alt=\"pdf\" \/><\/li>\n<\/ul>\n","protected":false},"excerpt":{"rendered":"<p>Metodologie privind organizarea \u015fi desf\u0103\u015furarea admiterii \u00een ciclul de studii universitare de master pentru anul universitar 2020\/2021 Organizarea admiterii la master iulie 2020 Rezultate admitere la master iulie 2020 Not\u0103 de informare privind protec\u0163ia datelor cu caracter personal Formular Declaratie pe proprie raspundere COVID-19<\/p>\n","protected":false},"author":3,"featured_media":0,"parent":118,"menu_order":0,"comment_status":"closed","ping_status":"closed","template":"","meta":{"footnotes":""},"class_list":["post-8832","page","type-page","status-publish","hentry"],"_links":{"self":[{"href":"https:\/\/www.phys.uaic.ro\/index.php\/wp-json\/wp\/v2\/pages\/8832","targetHints":{"allow":["GET"]}}],"collection":[{"href":"https:\/\/www.phys.uaic.ro\/index.php\/wp-json\/wp\/v2\/pages"}],"about":[{"href":"https:\/\/www.phys.uaic.ro\/index.php\/wp-json\/wp\/v2\/types\/page"}],"author":[{"embeddable":true,"href":"https:\/\/www.phys.uaic.ro\/index.php\/wp-json\/wp\/v2\/users\/3"}],"replies":[{"embeddable":true,"href":"https:\/\/www.phys.uaic.ro\/index.php\/wp-json\/wp\/v2\/comments?post=8832"}],"version-history":[{"count":0,"href":"https:\/\/www.phys.uaic.ro\/index.php\/wp-json\/wp\/v2\/pages\/8832\/revisions"}],"up":[{"embeddable":true,"href":"https:\/\/www.phys.uaic.ro\/index.php\/wp-json\/wp\/v2\/pages\/118"}],"wp:attachment":[{"href":"https:\/\/www.phys.uaic.ro\/index.php\/wp-json\/wp\/v2\/media?parent=8832"}],"curies":[{"name":"wp","href":"https:\/\/api.w.org\/{rel}","templated":true}]}}