{"id":9385,"date":"2020-07-31T13:22:28","date_gmt":"2020-07-31T13:22:28","guid":{"rendered":"https:\/\/www.phys.uaic.ro\/?page_id=9385"},"modified":"2025-01-29T10:40:49","modified_gmt":"2025-01-29T08:40:49","slug":"guzu-maftei-alexandra-doctorat","status":"publish","type":"page","link":"https:\/\/www.phys.uaic.ro\/index.php\/scoala-doctorala\/sustineri-teze-doctorat\/guzu-maftei-alexandra-doctorat\/","title":{"rendered":"Sus\u021binerea tezei de doctorat a drd. Guzu Alexandra (c\u0103s. Maftei) pe 03.09.2020"},"content":{"rendered":"<p>La data de 03.09.2020, ora 11:00, dna GUZU ALEXANDRA (c\u0103s. MAFTEI) va sus\u0163ine, \u00een \u015fedin\u0163\u0103 public\u0103, online pe platforma ZOOM, teza de doctorat cu titlul<\/p>\n<p><b>SISTEME MAGNETOELECTRICE PE BAZ\u0102 DE PEROVSKI\u0162I FEROELECTRICI<\/b><\/p>\n<p>\u00een vederea ob\u0163inerii titlului \u015ftiin\u0163ific de doctor \u00een domeniul FIZIC\u0102.<\/p>\n<p>CV Guzu Alexandra (c\u0103s. Maftei)<\/p>\n<p>Comisia de doctorat are urm\u0103toarea componen\u0163\u0103:<\/p>\n<ul>\n<li><b>Pre\u015fedinte<\/b>:\n<ul>\n<li>Prof. univ. Dr. Diana Mihaela Mardare, Universitatea Alexandru Ioan Cuza din Ia\u0219i [ <a href=\"https:\/\/www.phys.uaic.ro\/wp-content\/uploads\/2024\/10\/CV-2024-MARDARE-D.-rom.pdf\" target=\"_blank\" rel=\"noopener\">CV<\/a> ]<\/li>\n<\/ul>\n<\/li>\n<\/ul>\n<ul>\n<li><b>Conduc\u0103tor \u015ftiin\u0163ific<\/b>:\n<ul>\n<li>Prof. univ. Dr. Liliana Mito\u015feriu, Universitatea Alexandru Ioan Cuza, Ia\u015fi [ <a href=\"https:\/\/www.phys.uaic.ro\/wp-content\/uploads\/2024\/10\/CV_Liliana_Mitoseriu_RO_2024.pdf\" target=\"_blank\" rel=\"noopener\">CV<\/a> ]<\/li>\n<\/ul>\n<\/li>\n<\/ul>\n<ul>\n<li><b>Referen\u0163i<\/b>:\n<ul>\n<li>Prof. univ. Dr. Viorel Pop, Universitatea Babe\u015f Bolyai Cluj Napoca [ CV ]<\/li>\n<li>Prof. univ.dr. Daniel Vizman, Universitatea de Vest din Timi\u015foara [ CV ]<\/li>\n<li>Prof. univ. Dr. habil. Lauren\u021biu Stoleriu, Universitatea Alexandru Ioan Cuza din Ia\u015fi [ <a href=\"https:\/\/www.phys.uaic.ro\/wp-content\/uploads\/2022\/05\/Stoleriu_L_CV_si_lista_lucrari.pdf\" target=\"_blank\" rel=\"noopener\">CV<\/a> ]<\/li>\n<\/ul>\n<\/li>\n<\/ul>\n<p>Persoanele care doresc s\u0103 vizioneze sus\u021binerea trebuie s\u0103 acceseze unul din link-urile urm\u0103toare pe platforma ZOOM:<\/p>\n<ul>\n<li><b>Join Zoom Meeting &#8211; conectare direct\u0103 din browser<\/b><\/li>\n<li>pentru conectarea direct\u0103 din aplica\u021bie pute\u021bi utiliza urm\u0103toarele date de \u00eenregistrare\n<ul style=\"list-style-type: none;\">\n<li><b>Meeting ID: 813 2395 8867<\/b><\/li>\n<li><b>Passcode: 784123<\/b><\/li>\n<\/ul>\n<\/li>\n<\/ul>\n<p>\u00cent\u00e2lnirea este programat\u0103 s\u0103 \u00eenceap\u0103 la 11:00.<\/p>\n<p><b><span style=\"color: #ff0000;\">Aten\u021bie! \u00cent\u00e2lnirea este \u00eenregistrat\u0103 audio-video, autentificarea dumneavoastr\u0103 se consider\u0103 acordul pentru \u00eenregistrare.<\/span><\/b><\/p>\n<p>Teza poate fi consultat\u0103 la Biblioteca Facult\u0103\u0163ii de Fizic\u0103.<\/p>\n<ul>\n<li>Rezumatul tezei de doctorat<\/li>\n<li>PhD Thesis Summary<\/li>\n<\/ul>\n","protected":false},"excerpt":{"rendered":"<p>La data de 03.09.2020, ora 11:00, dna GUZU ALEXANDRA (c\u0103s. MAFTEI) va sus\u0163ine, \u00een \u015fedin\u0163\u0103 public\u0103, online pe platforma ZOOM, teza de doctorat cu titlul SISTEME MAGNETOELECTRICE PE BAZ\u0102 DE PEROVSKI\u0162I FEROELECTRICI \u00een vederea ob\u0163inerii titlului \u015ftiin\u0163ific de doctor \u00een domeniul FIZIC\u0102. CV Guzu Alexandra (c\u0103s. Maftei) Comisia de doctorat are urm\u0103toarea componen\u0163\u0103: Pre\u015fedinte: Prof. univ. Dr. Diana\u2026 <span class=\"read-more\"><a href=\"https:\/\/www.phys.uaic.ro\/index.php\/scoala-doctorala\/sustineri-teze-doctorat\/guzu-maftei-alexandra-doctorat\/\">Read More &raquo;<\/a><\/span><\/p>\n","protected":false},"author":3,"featured_media":0,"parent":158,"menu_order":0,"comment_status":"closed","ping_status":"closed","template":"","meta":{"footnotes":""},"class_list":["post-9385","page","type-page","status-publish","hentry"],"_links":{"self":[{"href":"https:\/\/www.phys.uaic.ro\/index.php\/wp-json\/wp\/v2\/pages\/9385","targetHints":{"allow":["GET"]}}],"collection":[{"href":"https:\/\/www.phys.uaic.ro\/index.php\/wp-json\/wp\/v2\/pages"}],"about":[{"href":"https:\/\/www.phys.uaic.ro\/index.php\/wp-json\/wp\/v2\/types\/page"}],"author":[{"embeddable":true,"href":"https:\/\/www.phys.uaic.ro\/index.php\/wp-json\/wp\/v2\/users\/3"}],"replies":[{"embeddable":true,"href":"https:\/\/www.phys.uaic.ro\/index.php\/wp-json\/wp\/v2\/comments?post=9385"}],"version-history":[{"count":0,"href":"https:\/\/www.phys.uaic.ro\/index.php\/wp-json\/wp\/v2\/pages\/9385\/revisions"}],"up":[{"embeddable":true,"href":"https:\/\/www.phys.uaic.ro\/index.php\/wp-json\/wp\/v2\/pages\/158"}],"wp:attachment":[{"href":"https:\/\/www.phys.uaic.ro\/index.php\/wp-json\/wp\/v2\/media?parent=9385"}],"curies":[{"name":"wp","href":"https:\/\/api.w.org\/{rel}","templated":true}]}}