{"id":9648,"date":"2020-08-25T09:38:14","date_gmt":"2020-08-25T09:38:14","guid":{"rendered":"https:\/\/www.phys.uaic.ro\/?page_id=9648"},"modified":"2024-10-25T12:36:25","modified_gmt":"2024-10-25T09:36:25","slug":"cocean-iuliana-doctorat","status":"publish","type":"page","link":"https:\/\/www.phys.uaic.ro\/index.php\/scoala-doctorala\/sustineri-teze-doctorat\/cocean-iuliana-doctorat\/","title":{"rendered":"Sus\u021binerea tezei de doctorat a drd. Cocean Iuliana pe 16.09.2020"},"content":{"rendered":"<p>La data de 16.09.2020, ora 12:00, dna COCEAN IULIANA va sus\u0163ine, \u00een \u015fedin\u0163\u0103 public\u0103, online pe platforma Cisco Webex, teza de doctorat cu titlul<\/p>\n<p><b>LASER INDUCED PHYSICO-CHEMICAL PROCESSES TO PRODUCE AND ANALYZE COMPOSITE MATERIALS \/ PROCESE FIZICO-CHIMICE INDUSE LASER PENTRU PRODUCEREA \u0218I ANALIZA MATERIALELOR COMPOZITE<\/b><\/p>\n<p>\u00een vederea ob\u0163inerii titlului \u015ftiin\u0163ific de doctor \u00een domeniul FIZIC\u0102.<\/p>\n<p>CV Cocean Iuliana<\/p>\n<p>Comisia de doctorat are urm\u0103toarea componen\u0163\u0103:<\/p>\n<ul>\n<li><b>Pre\u015fedinte<\/b>:\n<ul>\n<li>Prof. univ. Dr. Diana Mihaela Mardare, Universitatea Alexandru Ioan Cuza din Ia\u0219i [ <a href=\"https:\/\/www.phys.uaic.ro\/wp-content\/uploads\/2024\/10\/CV-2024-MARDARE-D.-rom.pdf\" target=\"_blank\" rel=\"noopener\">CV<\/a> ]<\/li>\n<\/ul>\n<\/li>\n<\/ul>\n<ul>\n<li><b>Conduc\u0103tor \u015ftiin\u0163ific<\/b>:\n<ul>\n<li>Conf. univ. Dr. habil. Silviu Octavian Gurlui, Universitatea Alexandru Ioan Cuza, Ia\u015fi [ <a href=\"https:\/\/www.phys.uaic.ro\/wp-content\/uploads\/2022\/05\/Prof.-Silviu-Gurlui_CV_RO.pdf\" target=\"_blank\" rel=\"noopener\">CV<\/a> ]<\/li>\n<\/ul>\n<\/li>\n<\/ul>\n<ul>\n<li><b>Referen\u0163i<\/b>:\n<ul>\n<li>Prof. univ. dr. Cristina Stan, Universitatea Politehnica Bucure\u0219ti [ <a href=\"https:\/\/www.phys.uaic.ro\/wp-content\/uploads\/2022\/09\/CV_C.Stan_.pdf\" target=\"_blank\" rel=\"noopener\">CV<\/a> ]<\/li>\n<li>Prof. univ. dr. Iosif M\u0103l\u0103escu, Universitatea de Vest, Timi\u0219oara [ CV ]<\/li>\n<li>Prof. univ. dr. habil. Liviu Leontie, Universitatea Alexandru Ioan Cuza din Ia\u0219i [ <a href=\"https:\/\/www.phys.uaic.ro\/wp-content\/uploads\/2024\/09\/CV-plus-Anexa-Leontie-Liviu-RO-2024.pdf\" target=\"_blank\" rel=\"noopener\">CV<\/a> ]<\/li>\n<\/ul>\n<\/li>\n<\/ul>\n<p>Persoanele care doresc s\u0103 vizioneze sus\u021binerea trebuie s\u0103 acceseze <!--unul din link-urile urm\u0103toare-->link-ul urm\u0103tor pe platforma Cisco Webex:<\/p>\n<ul><!--\n \t\n\n<li><a href=\"https:\/\/us02web.zoom.us\/wc\/join\/81323958867?wpk=wcpk71973eaf7fe5e7aa6aaf22ef162f7036\"><b>Cisco Webex Meeting - conectare direct\u0103 din browser<\/b><\/a><\/li>\n\n\n--><\/p>\n<li>pentru conectarea direct\u0103 din aplica\u021bie pute\u021bi utiliza urm\u0103toarele date de \u00eenregistrare\n<ul style=\"list-style-type: none;\">\n<li><b>Meeting number (access code): 121 601 8130<\/b><\/li>\n<li><b>Meeting password: lastun10<\/b><\/li>\n<\/ul>\n<\/li>\n<\/ul>\n<p>\u00cent\u00e2lnirea este programat\u0103 s\u0103 \u00eenceap\u0103 la 12:00.<\/p>\n<p><b><span style=\"color: #ff0000;\">Aten\u021bie! \u00cent\u00e2lnirea este \u00eenregistrat\u0103 audio-video, autentificarea dumneavoastr\u0103 se consider\u0103 acordul pentru \u00eenregistrare.<\/span><\/b><\/p>\n<p>Teza poate fi consultat\u0103 la Biblioteca Facult\u0103\u0163ii de Fizic\u0103.<\/p>\n<p>Rezumatul tezei de doctorat<\/p>\n","protected":false},"excerpt":{"rendered":"<p>La data de 16.09.2020, ora 12:00, dna COCEAN IULIANA va sus\u0163ine, \u00een \u015fedin\u0163\u0103 public\u0103, online pe platforma Cisco Webex, teza de doctorat cu titlul LASER INDUCED PHYSICO-CHEMICAL PROCESSES TO PRODUCE AND ANALYZE COMPOSITE MATERIALS \/ PROCESE FIZICO-CHIMICE INDUSE LASER PENTRU PRODUCEREA \u0218I ANALIZA MATERIALELOR COMPOZITE \u00een vederea ob\u0163inerii titlului \u015ftiin\u0163ific de doctor \u00een domeniul FIZIC\u0102. CV Cocean Iuliana\u2026 <span class=\"read-more\"><a href=\"https:\/\/www.phys.uaic.ro\/index.php\/scoala-doctorala\/sustineri-teze-doctorat\/cocean-iuliana-doctorat\/\">Read More &raquo;<\/a><\/span><\/p>\n","protected":false},"author":3,"featured_media":0,"parent":158,"menu_order":0,"comment_status":"closed","ping_status":"closed","template":"","meta":{"footnotes":""},"class_list":["post-9648","page","type-page","status-publish","hentry"],"_links":{"self":[{"href":"https:\/\/www.phys.uaic.ro\/index.php\/wp-json\/wp\/v2\/pages\/9648","targetHints":{"allow":["GET"]}}],"collection":[{"href":"https:\/\/www.phys.uaic.ro\/index.php\/wp-json\/wp\/v2\/pages"}],"about":[{"href":"https:\/\/www.phys.uaic.ro\/index.php\/wp-json\/wp\/v2\/types\/page"}],"author":[{"embeddable":true,"href":"https:\/\/www.phys.uaic.ro\/index.php\/wp-json\/wp\/v2\/users\/3"}],"replies":[{"embeddable":true,"href":"https:\/\/www.phys.uaic.ro\/index.php\/wp-json\/wp\/v2\/comments?post=9648"}],"version-history":[{"count":0,"href":"https:\/\/www.phys.uaic.ro\/index.php\/wp-json\/wp\/v2\/pages\/9648\/revisions"}],"up":[{"embeddable":true,"href":"https:\/\/www.phys.uaic.ro\/index.php\/wp-json\/wp\/v2\/pages\/158"}],"wp:attachment":[{"href":"https:\/\/www.phys.uaic.ro\/index.php\/wp-json\/wp\/v2\/media?parent=9648"}],"curies":[{"name":"wp","href":"https:\/\/api.w.org\/{rel}","templated":true}]}}