{"id":9791,"date":"2020-09-03T19:16:48","date_gmt":"2020-09-03T19:16:48","guid":{"rendered":"https:\/\/www.phys.uaic.ro\/?page_id=9791"},"modified":"2024-10-25T12:43:37","modified_gmt":"2024-10-25T09:43:37","slug":"hrostea-laura-doctorat","status":"publish","type":"page","link":"https:\/\/www.phys.uaic.ro\/index.php\/scoala-doctorala\/sustineri-teze-doctorat\/hrostea-laura-doctorat\/","title":{"rendered":"Sus\u021binerea tezei de doctorat a drd. Hro\u0219tea Laura pe 28.09.2020"},"content":{"rendered":"<p>La data de 28.09.2020, ora 11:00, dna HRO\u0218TEA LAURA va sus\u0163ine, \u00een \u015fedin\u0163\u0103 public\u0103, online pe platforma ZOOM, teza de doctorat cu titlul<\/p>\n<p><b>STUDY OF OPTICAL AND ELECTRONC TRANSPORT PROPERTIES OF SOME THIN FILMS (BASSED ON CONJUGATED POLYMERS) FOR ORGANIC CELL APPLICATIONS \/ STUDIUL PROPRIET\u0102\u021aILOR OPTICE \u0218I DE TRANSPORT ELECTRONIC ALE UNOR STRATURI SUB\u021aIRI (PE BAZ\u0102 DE POLIMERI CONJUGA\u021aI) PENTRU APLICA\u021aII \u00ceN CELULE SOLARE ORGANICE<\/b><\/p>\n<p>\u00een vederea ob\u0163inerii titlului \u015ftiin\u0163ific de doctor \u00een domeniul FIZIC\u0102.<\/p>\n<p>CV Hro\u0219tea Laura<\/p>\n<p>Comisia de doctorat are urm\u0103toarea componen\u0163\u0103:<\/p>\n<ul>\n<li><b>Pre\u015fedinte<\/b>:\n<ul>\n<li>Prof. univ. Dr. Diana Mihaela Mardare, Universitatea Alexandru Ioan Cuza din Ia\u0219i [ <a href=\"https:\/\/www.phys.uaic.ro\/wp-content\/uploads\/2024\/10\/CV-2024-MARDARE-D.-rom.pdf\" target=\"_blank\" rel=\"noopener\">CV<\/a> ]<\/li>\n<\/ul>\n<\/li>\n<\/ul>\n<ul>\n<li><b>Conduc\u0103tor \u015ftiin\u0163ific<\/b>:\n<ul>\n<li>Prof. univ. Dr. habil. Liviu LEONTIE, Universitatea Alexandru Ioan Cuza, Ia\u015fi [ <a href=\"https:\/\/www.phys.uaic.ro\/wp-content\/uploads\/2022\/05\/Prof.-Liviu-Leontie_CV_RO.pdf\" target=\"_blank\" rel=\"noopener\">CV<\/a> ]<\/li>\n<li>Conf. univ. Dr. habil. Mihaela Girtan, Universitatea din Angers, Fran\u021ba (cotutel\u0103) [ <a href=\"https:\/\/www.phys.uaic.ro\/wp-content\/uploads\/2022\/05\/Prof.-Mihaela-Girtan_CV-EN.pdf\" target=\"_blank\" rel=\"noopener\">CV<\/a> ]<\/li>\n<\/ul>\n<\/li>\n<\/ul>\n<ul>\n<li><b>Referen\u0163i<\/b>:\n<ul>\n<li>Prof. univ. Dr. Michael Kommpitsas, National Hellenic Foundation (Grecia) [ CV ]<\/li>\n<li>Prof. univ. Emeritus Dr. \u0218tefan Antohe, Universitatea din Bucure\u0219ti [ <a href=\"https:\/\/www.phys.uaic.ro\/wp-content\/uploads\/2022\/05\/Prof_Stefan_ANTOHE_CV.pdf\" target=\"_blank\" rel=\"noopener\">CV<\/a> ]<\/li>\n<li>Prof. univ. Emeritus Dr. Felicia Iacomi, Universitatea Alexandru Ioan Cuza, Ia\u015fi [ <a href=\"https:\/\/www.phys.uaic.ro\/wp-content\/uploads\/2022\/05\/CV-FELICIA-IACOMI.pdf\" target=\"_blank\" rel=\"noopener\">CV<\/a> ]<\/li>\n<\/ul>\n<\/li>\n<\/ul>\n<p>Persoanele care doresc s\u0103 vizioneze sus\u021binerea trebuie s\u0103 acceseze unul din link-urile urm\u0103toare pe platforma ZOOM:<\/p>\n<ul>\n<li><b>Join Zoom Meeting &#8211; conectare direct\u0103 din browser<\/b><\/li>\n<li>pentru conectarea direct\u0103 din aplica\u021bie pute\u021bi utiliza urm\u0103toarele date de \u00eenregistrare\n<ul style=\"list-style-type: none;\">\n<li><b>Meeting ID: 878 083 7921<\/b><\/li>\n<li><b>Passcode: 121314<\/b><\/li>\n<\/ul>\n<\/li>\n<\/ul>\n<p>\u00cent\u00e2lnirea este programat\u0103 s\u0103 \u00eenceap\u0103 la 11:00.<\/p>\n<p><b><span style=\"color: #ff0000;\">Aten\u021bie! \u00cent\u00e2lnirea este \u00eenregistrat\u0103 audio-video, autentificarea dumneavoastr\u0103 se consider\u0103 acordul pentru \u00eenregistrare.<\/span><\/b><\/p>\n<p>Teza poate fi consultat\u0103 la Biblioteca Facult\u0103\u0163ii de Fizic\u0103.<\/p>\n<ul>\n<li>Rezumatul tezei de doctorat<\/li>\n<\/ul>\n","protected":false},"excerpt":{"rendered":"<p>La data de 28.09.2020, ora 11:00, dna HRO\u0218TEA LAURA va sus\u0163ine, \u00een \u015fedin\u0163\u0103 public\u0103, online pe platforma ZOOM, teza de doctorat cu titlul STUDY OF OPTICAL AND ELECTRONC TRANSPORT PROPERTIES OF SOME THIN FILMS (BASSED ON CONJUGATED POLYMERS) FOR ORGANIC CELL APPLICATIONS \/ STUDIUL PROPRIET\u0102\u021aILOR OPTICE \u0218I DE TRANSPORT ELECTRONIC ALE UNOR STRATURI SUB\u021aIRI (PE BAZ\u0102 DE POLIMERI\u2026 <span class=\"read-more\"><a href=\"https:\/\/www.phys.uaic.ro\/index.php\/scoala-doctorala\/sustineri-teze-doctorat\/hrostea-laura-doctorat\/\">Read More &raquo;<\/a><\/span><\/p>\n","protected":false},"author":3,"featured_media":0,"parent":158,"menu_order":0,"comment_status":"closed","ping_status":"closed","template":"","meta":{"footnotes":""},"class_list":["post-9791","page","type-page","status-publish","hentry"],"_links":{"self":[{"href":"https:\/\/www.phys.uaic.ro\/index.php\/wp-json\/wp\/v2\/pages\/9791","targetHints":{"allow":["GET"]}}],"collection":[{"href":"https:\/\/www.phys.uaic.ro\/index.php\/wp-json\/wp\/v2\/pages"}],"about":[{"href":"https:\/\/www.phys.uaic.ro\/index.php\/wp-json\/wp\/v2\/types\/page"}],"author":[{"embeddable":true,"href":"https:\/\/www.phys.uaic.ro\/index.php\/wp-json\/wp\/v2\/users\/3"}],"replies":[{"embeddable":true,"href":"https:\/\/www.phys.uaic.ro\/index.php\/wp-json\/wp\/v2\/comments?post=9791"}],"version-history":[{"count":0,"href":"https:\/\/www.phys.uaic.ro\/index.php\/wp-json\/wp\/v2\/pages\/9791\/revisions"}],"up":[{"embeddable":true,"href":"https:\/\/www.phys.uaic.ro\/index.php\/wp-json\/wp\/v2\/pages\/158"}],"wp:attachment":[{"href":"https:\/\/www.phys.uaic.ro\/index.php\/wp-json\/wp\/v2\/media?parent=9791"}],"curies":[{"name":"wp","href":"https:\/\/api.w.org\/{rel}","templated":true}]}}