{"id":99,"date":"2018-02-14T12:00:16","date_gmt":"2018-02-14T12:00:16","guid":{"rendered":"http:\/\/www.phys.uaic.ro\/?page_id=99"},"modified":"2021-02-22T23:29:49","modified_gmt":"2021-02-22T23:29:49","slug":"alumni","status":"publish","type":"page","link":"https:\/\/www.phys.uaic.ro\/index.php\/alumni\/","title":{"rendered":"Alumni"},"content":{"rendered":"<ul style=\"list-style-type: none;\">\n<li>Perfec\u0163ionare\n<ul style=\"list-style-type: none;\">\n<li><a href=\"http:\/\/www.phys.uaic.ro\/index.php\/alumni\/perfectionare\/grad-didactic-i\">Gradul didactic I<\/a><\/li>\n<li><a href=\"http:\/\/www.phys.uaic.ro\/index.php\/alumni\/perfectionare\/grad-didactic-ii\">Gradul didactic II<\/a><\/li>\n<\/ul>\n<\/li>\n<li><a href=\"http:\/\/www.phys.uaic.ro\/index.php\/alumni\/srf\">SRF<\/a><\/li>\n<li><a href=\"http:\/\/www.phys.uaic.ro\/index.php\/alumni\/sophys\">SOPHYS<\/a><\/li>\n<li><a href=\"http:\/\/www.phys.uaic.ro\/index.php\/alumni\/intalniri\">\u00cent\u00e2lniri<\/a><\/li>\n<li><a href=\"http:\/\/www.phys.uaic.ro\/index.php\/alumni\/date-contact-absolventi\">Date contact absolven\u021bi<\/a><\/li>\n<\/ul>\n","protected":false},"excerpt":{"rendered":"<p>Perfec\u0163ionare Gradul didactic I Gradul didactic II SRF SOPHYS \u00cent\u00e2lniri Date contact absolven\u021bi<\/p>\n","protected":false},"author":3,"featured_media":0,"parent":0,"menu_order":0,"comment_status":"closed","ping_status":"closed","template":"","meta":{"footnotes":""},"class_list":["post-99","page","type-page","status-publish","hentry"],"_links":{"self":[{"href":"https:\/\/www.phys.uaic.ro\/index.php\/wp-json\/wp\/v2\/pages\/99","targetHints":{"allow":["GET"]}}],"collection":[{"href":"https:\/\/www.phys.uaic.ro\/index.php\/wp-json\/wp\/v2\/pages"}],"about":[{"href":"https:\/\/www.phys.uaic.ro\/index.php\/wp-json\/wp\/v2\/types\/page"}],"author":[{"embeddable":true,"href":"https:\/\/www.phys.uaic.ro\/index.php\/wp-json\/wp\/v2\/users\/3"}],"replies":[{"embeddable":true,"href":"https:\/\/www.phys.uaic.ro\/index.php\/wp-json\/wp\/v2\/comments?post=99"}],"version-history":[{"count":0,"href":"https:\/\/www.phys.uaic.ro\/index.php\/wp-json\/wp\/v2\/pages\/99\/revisions"}],"wp:attachment":[{"href":"https:\/\/www.phys.uaic.ro\/index.php\/wp-json\/wp\/v2\/media?parent=99"}],"curies":[{"name":"wp","href":"https:\/\/api.w.org\/{rel}","templated":true}]}}