{"id":3114,"date":"2026-01-27T14:50:23","date_gmt":"2026-01-27T12:50:23","guid":{"rendered":"https:\/\/new-phys.uaic.ro\/?page_id=3114"},"modified":"2026-04-14T23:32:56","modified_gmt":"2026-04-14T20:32:56","slug":"elementor-3114","status":"publish","type":"page","link":"https:\/\/www.phys.uaic.ro\/new-phys\/","title":{"rendered":"Facultatea de Fizic\u0103"},"content":{"rendered":"\t\t<div data-elementor-type=\"wp-page\" data-elementor-id=\"3114\" class=\"elementor elementor-3114\">\n\t\t\t\t<div class=\"elementor-element elementor-element-157663f e-flex e-con-boxed e-con e-parent\" data-id=\"157663f\" data-element_type=\"container\" data-e-type=\"container\">\n\t\t\t\t\t<div class=\"e-con-inner\">\n\t\t\t\t<div class=\"elementor-element elementor-element-4e75bab elementor-widget elementor-widget-html\" data-id=\"4e75bab\" data-element_type=\"widget\" data-e-type=\"widget\" data-widget_type=\"html.default\">\n\t\t\t\t<div class=\"elementor-widget-container\">\n\t\t\t\t\t<div class=\"facultate\">\n  <span class=\"misiune\">Misiune:<\/span>\n  <p class=\"misiune-text\">Facultatea de Fizic\u0103 militeaz\u0103 pentru excelen\u021b\u0103,  integritate \u0219tiin\u021bific\u0103 \u0219i moral\u0103. <\/p>\n  <\/div>\t\t\t\t<\/div>\n\t\t\t\t<\/div>\n\t\t\t\t\t<\/div>\n\t\t\t\t<\/div>\n\t\t<div class=\"elementor-element elementor-element-1830cf6 e-flex e-con-boxed e-con e-parent\" data-id=\"1830cf6\" data-element_type=\"container\" data-e-type=\"container\">\n\t\t\t\t\t<div class=\"e-con-inner\">\n\t\t\t\t\t<\/div>\n\t\t\t\t<\/div>\n\t\t<div class=\"elementor-element elementor-element-5b0b8d4 e-con-full e-flex e-con e-parent\" data-id=\"5b0b8d4\" data-element_type=\"container\" data-e-type=\"container\">\n\t\t<div class=\"elementor-element elementor-element-ff08bc6 e-grid e-con-full e-con e-child\" data-id=\"ff08bc6\" data-element_type=\"container\" data-e-type=\"container\">\n\t\t<div class=\"elementor-element elementor-element-90e63d5 e-con-full e-flex e-con e-child\" data-id=\"90e63d5\" data-element_type=\"container\" data-e-type=\"container\">\n\t\t\t\t<\/div>\n\t\t<div class=\"elementor-element elementor-element-2625c3f e-grid e-con-full e-con e-child\" data-id=\"2625c3f\" data-element_type=\"container\" data-e-type=\"container\" data-settings=\"{&quot;background_background&quot;:&quot;classic&quot;}\">\n\t\t\t\t<div class=\"elementor-element elementor-element-393ec57 elementor-widget elementor-widget-heading\" data-id=\"393ec57\" data-element_type=\"widget\" data-e-type=\"widget\" data-widget_type=\"heading.default\">\n\t\t\t\t<div class=\"elementor-widget-container\">\n\t\t\t\t\t<h4 class=\"elementor-heading-title elementor-size-default\">RankPro 2025<\/h4>\t\t\t\t<\/div>\n\t\t\t\t<\/div>\n\t\t\t\t<div class=\"elementor-element elementor-element-7ac6ff7 elementor-widget elementor-widget-heading\" data-id=\"7ac6ff7\" data-element_type=\"widget\" data-e-type=\"widget\" data-widget_type=\"heading.default\">\n\t\t\t\t<div class=\"elementor-widget-container\">\n\t\t\t\t\t<h2 class=\"elementor-heading-title elementor-size-default\">100 - 155  mondial<\/h2>\t\t\t\t<\/div>\n\t\t\t\t<\/div>\n\t\t\t\t<div class=\"elementor-element elementor-element-04834d4 elementor-widget elementor-widget-heading\" data-id=\"04834d4\" data-element_type=\"widget\" data-e-type=\"widget\" data-widget_type=\"heading.default\">\n\t\t\t\t<div class=\"elementor-widget-container\">\n\t\t\t\t\t<h4 class=\"elementor-heading-title elementor-size-default\">Physics &amp; Astronomy<\/h4>\t\t\t\t<\/div>\n\t\t\t\t<\/div>\n\t\t\t\t<\/div>\n\t\t<div class=\"elementor-element elementor-element-2d6f664 e-grid e-con-full e-con e-child\" data-id=\"2d6f664\" data-element_type=\"container\" data-e-type=\"container\" data-settings=\"{&quot;background_background&quot;:&quot;classic&quot;}\">\n\t\t\t\t<div class=\"elementor-element elementor-element-bc3652a elementor-widget elementor-widget-heading\" data-id=\"bc3652a\" data-element_type=\"widget\" data-e-type=\"widget\" data-widget_type=\"heading.default\">\n\t\t\t\t<div class=\"elementor-widget-container\">\n\t\t\t\t\t<h2 class=\"elementor-heading-title elementor-size-default\">Shangai Ranking 2024<\/h2>\t\t\t\t<\/div>\n\t\t\t\t<\/div>\n\t\t\t\t<div class=\"elementor-element elementor-element-5f91976 elementor-widget elementor-widget-heading\" data-id=\"5f91976\" data-element_type=\"widget\" data-e-type=\"widget\" data-widget_type=\"heading.default\">\n\t\t\t\t<div class=\"elementor-widget-container\">\n\t\t\t\t\t<h1 class=\"elementor-heading-title elementor-size-default\">401 - 500 mondial<\/h1>\t\t\t\t<\/div>\n\t\t\t\t<\/div>\n\t\t\t\t<div class=\"elementor-element elementor-element-64f6cd7 elementor-widget elementor-widget-heading\" data-id=\"64f6cd7\" data-element_type=\"widget\" data-e-type=\"widget\" data-widget_type=\"heading.default\">\n\t\t\t\t<div class=\"elementor-widget-container\">\n\t\t\t\t\t<h4 class=\"elementor-heading-title elementor-size-default\">Physics<\/h4>\t\t\t\t<\/div>\n\t\t\t\t<\/div>\n\t\t\t\t<\/div>\n\t\t\t\t<\/div>\n\t\t\t\t<\/div>\n\t\t<div class=\"elementor-element elementor-element-fd17a6e e-flex e-con-boxed e-con e-parent\" data-id=\"fd17a6e\" data-element_type=\"container\" data-e-type=\"container\">\n\t\t\t\t\t<div class=\"e-con-inner\">\n\t\t<div class=\"elementor-element elementor-element-aef075b e-grid e-con-full e-con e-child\" data-id=\"aef075b\" data-element_type=\"container\" data-e-type=\"container\">\n\t\t\t\t<div class=\"elementor-element elementor-element-a03e0fe elementor-widget elementor-widget-html\" data-id=\"a03e0fe\" data-element_type=\"widget\" data-e-type=\"widget\" data-widget_type=\"html.default\">\n\t\t\t\t<div class=\"elementor-widget-container\">\n\t\t\t\t\t<div class=\"footer-widget-content\">\n    <div class=\"triangle-left-dark-blue\"><\/div>\n\t  <p style=\"color:#00AFEF\">Nout\u0103\u021bi<\/p>\n<\/div>\t\t\t\t<\/div>\n\t\t\t\t<\/div>\n\t\t\t\t<div class=\"elementor-element elementor-element-39586f4 elementor-widget elementor-widget-shortcode\" data-id=\"39586f4\" data-element_type=\"widget\" data-e-type=\"widget\" data-widget_type=\"shortcode.default\">\n\t\t\t\t<div class=\"elementor-widget-container\">\n\t\t\t\t\t\t\t<div class=\"elementor-shortcode\"><div class=\"pt-cv-wrapper\"><div class=\"pt-cv-view pt-cv-grid pt-cv-colsys\" id=\"pt-cv-view-dd281fdkdg\"><div data-id=\"pt-cv-page-1\" class=\"pt-cv-page\" data-cvc=\"4\"><div class=\"col-md-3 col-sm-12 col-xs-12 pt-cv-content-item pt-cv-1-col\" ><div class='pt-cv-ifield'><a href=\"https:\/\/www.phys.uaic.ro\/new-phys\/concertul-de-craciun\/\" class=\"_self pt-cv-href-thumbnail pt-cv-thumb-default\" target=\"_self\" ><img decoding=\"async\" width=\"150\" height=\"150\" src=\"https:\/\/www.phys.uaic.ro\/new-phys\/wp-content\/uploads\/2026\/01\/colinda2-150x150.webp\" class=\"pt-cv-thumbnail not-transparent\" alt=\"\" srcset=\"https:\/\/www.phys.uaic.ro\/new-phys\/wp-content\/uploads\/2026\/01\/colinda2-150x150.webp 150w, https:\/\/www.phys.uaic.ro\/new-phys\/wp-content\/uploads\/2026\/01\/colinda2-90x90.webp 90w\" sizes=\"(max-width: 150px) 100vw, 150px\" data-has-transparency=\"false\" data-dominant-color=\"c43535\" style=\"--dominant-color: #c43535;\" \/><\/a>\n<h4 class=\"pt-cv-title\"><a href=\"https:\/\/www.phys.uaic.ro\/new-phys\/concertul-de-craciun\/\" class=\"_self\" target=\"_self\" >Concertul de Cr\u0103ciun<\/a><\/h4>\n<div class=\"pt-cv-content\">Universitatea \u201eAlexandru Ioan Cuza\u201d din Ia\u0219i (UAIC) organizeaz\u0103 mar\u021bi, 16 decembrie 2025, ora ...<br \/><div class=\"pt-cv-rmwrap\"><a href=\"https:\/\/www.phys.uaic.ro\/new-phys\/concertul-de-craciun\/\" class=\"_self pt-cv-readmore btn btn-success\" target=\"_self\">Mai multe detalii<\/a><\/div><\/div><\/div><\/div>\n<div class=\"col-md-3 col-sm-12 col-xs-12 pt-cv-content-item pt-cv-1-col\" ><div class='pt-cv-ifield'><a href=\"https:\/\/www.phys.uaic.ro\/new-phys\/concertul-de-colinde-asfiz-uaic\/\" class=\"_self pt-cv-href-thumbnail pt-cv-thumb-default\" target=\"_self\" ><img decoding=\"async\" width=\"150\" height=\"150\" src=\"https:\/\/www.phys.uaic.ro\/new-phys\/wp-content\/uploads\/2026\/01\/colinda-150x150.webp\" class=\"pt-cv-thumbnail not-transparent\" alt=\"\" srcset=\"https:\/\/www.phys.uaic.ro\/new-phys\/wp-content\/uploads\/2026\/01\/colinda-150x150.webp 150w, https:\/\/www.phys.uaic.ro\/new-phys\/wp-content\/uploads\/2026\/01\/colinda-90x90.webp 90w\" sizes=\"(max-width: 150px) 100vw, 150px\" data-has-transparency=\"false\" data-dominant-color=\"805748\" style=\"--dominant-color: #805748;\" \/><\/a>\n<h4 class=\"pt-cv-title\"><a href=\"https:\/\/www.phys.uaic.ro\/new-phys\/concertul-de-colinde-asfiz-uaic\/\" class=\"_self\" target=\"_self\" >Concertul de Colinde \u2013 ASFIZ<\/a><\/h4>\n<div class=\"pt-cv-content\">Cu ocazia s\u0103rb\u0103torilor de iarn\u0103, avem deosebita pl\u0103cere de a v\u0103 invita la ...<br \/><div class=\"pt-cv-rmwrap\"><a href=\"https:\/\/www.phys.uaic.ro\/new-phys\/concertul-de-colinde-asfiz-uaic\/\" class=\"_self pt-cv-readmore btn btn-success\" target=\"_self\">Mai multe detalii<\/a><\/div><\/div><\/div><\/div><\/div><\/div><\/div><\/div>\n\t\t\t\t\t\t<\/div>\n\t\t\t\t<\/div>\n\t\t\t\t<\/div>\n\t\t\t\t\t<\/div>\n\t\t\t\t<\/div>\n\t\t<div class=\"elementor-element elementor-element-ca01f51 e-flex e-con-boxed e-con e-parent\" data-id=\"ca01f51\" data-element_type=\"container\" data-e-type=\"container\">\n\t\t\t\t\t<div class=\"e-con-inner\">\n\t\t\t\t\t<\/div>\n\t\t\t\t<\/div>\n\t\t<div class=\"elementor-element elementor-element-3ed9d25 e-flex e-con-boxed e-con e-parent\" data-id=\"3ed9d25\" data-element_type=\"container\" data-e-type=\"container\">\n\t\t\t\t\t<div class=\"e-con-inner\">\n\t\t<div class=\"elementor-element elementor-element-314215e e-grid e-con-full e-con e-child\" data-id=\"314215e\" data-element_type=\"container\" data-e-type=\"container\">\n\t\t\t\t<div class=\"elementor-element elementor-element-cd8cd78 elementor-widget elementor-widget-html\" data-id=\"cd8cd78\" data-element_type=\"widget\" data-e-type=\"widget\" data-widget_type=\"html.default\">\n\t\t\t\t<div class=\"elementor-widget-container\">\n\t\t\t\t\t<div class=\"footer-widget-content\">\n    <div class=\"triangle-left-gold\"><\/div>\n\t  <p>Absolven\u021bi<\/p>\n<\/div>\t\t\t\t<\/div>\n\t\t\t\t<\/div>\n\t\t<div class=\"elementor-element elementor-element-984eb87 e-grid e-con-full e-con e-child\" data-id=\"984eb87\" data-element_type=\"container\" data-e-type=\"container\">\n\t\t\t\t<div class=\"elementor-element elementor-element-4714a5f elementor-widget elementor-widget-image\" data-id=\"4714a5f\" data-element_type=\"widget\" data-e-type=\"widget\" data-widget_type=\"image.default\">\n\t\t\t\t<div class=\"elementor-widget-container\">\n\t\t\t\t\t\t\t\t\t\t\t\t\t\t\t<img decoding=\"async\" src=\"https:\/\/www.phys.uaic.ro\/new-phys\/wp-content\/uploads\/elementor\/thumbs\/absolventi-rl0kb6x2p8m81wjza1onr8jjdh0xp3nyu0cjyr9r6w.webp\" title=\"breaban &#8211; portrait\" alt=\"breaban - portrait\" loading=\"lazy\" \/>\t\t\t\t\t\t\t\t\t\t\t\t\t\t\t<\/div>\n\t\t\t\t<\/div>\n\t\t\t\t<div class=\"elementor-element elementor-element-d2056de elementor-widget elementor-widget-image\" data-id=\"d2056de\" data-element_type=\"widget\" data-e-type=\"widget\" data-widget_type=\"image.default\">\n\t\t\t\t<div class=\"elementor-widget-container\">\n\t\t\t\t\t\t\t\t\t\t\t\t\t\t\t<img decoding=\"async\" src=\"https:\/\/www.phys.uaic.ro\/new-phys\/wp-content\/uploads\/elementor\/thumbs\/absolventi-rl0kb6x2p8m81wjza1onr8jjdh0xp3nyu0cjyr9r6w.webp\" title=\"breaban &#8211; portrait\" alt=\"breaban - portrait\" loading=\"lazy\" \/>\t\t\t\t\t\t\t\t\t\t\t\t\t\t\t<\/div>\n\t\t\t\t<\/div>\n\t\t\t\t<div class=\"elementor-element elementor-element-bd68750 elementor-widget elementor-widget-image\" data-id=\"bd68750\" data-element_type=\"widget\" data-e-type=\"widget\" data-widget_type=\"image.default\">\n\t\t\t\t<div class=\"elementor-widget-container\">\n\t\t\t\t\t\t\t\t\t\t\t\t\t\t\t<img decoding=\"async\" src=\"https:\/\/www.phys.uaic.ro\/new-phys\/wp-content\/uploads\/elementor\/thumbs\/absolventi-rl0kb6x2p8m81wjza1onr8jjdh0xp3nyu0cjyr9r6w.webp\" title=\"breaban &#8211; portrait\" alt=\"breaban - portrait\" loading=\"lazy\" \/>\t\t\t\t\t\t\t\t\t\t\t\t\t\t\t<\/div>\n\t\t\t\t<\/div>\n\t\t\t\t<div class=\"elementor-element elementor-element-8f86307 elementor-widget elementor-widget-image\" data-id=\"8f86307\" data-element_type=\"widget\" data-e-type=\"widget\" data-widget_type=\"image.default\">\n\t\t\t\t<div class=\"elementor-widget-container\">\n\t\t\t\t\t\t\t\t\t\t\t\t\t\t\t<img decoding=\"async\" src=\"https:\/\/www.phys.uaic.ro\/new-phys\/wp-content\/uploads\/elementor\/thumbs\/absolventi-rl0kb6x2p8m81wjza1onr8jjdh0xp3nyu0cjyr9r6w.webp\" title=\"breaban &#8211; portrait\" alt=\"breaban - portrait\" loading=\"lazy\" \/>\t\t\t\t\t\t\t\t\t\t\t\t\t\t\t<\/div>\n\t\t\t\t<\/div>\n\t\t\t\t<div class=\"elementor-element elementor-element-a25b5ae elementor-widget elementor-widget-image\" data-id=\"a25b5ae\" data-element_type=\"widget\" data-e-type=\"widget\" data-widget_type=\"image.default\">\n\t\t\t\t<div class=\"elementor-widget-container\">\n\t\t\t\t\t\t\t\t\t\t\t\t\t\t\t<img decoding=\"async\" src=\"https:\/\/www.phys.uaic.ro\/new-phys\/wp-content\/uploads\/elementor\/thumbs\/absolventi-rl0kb6x2p8m81wjza1onr8jjdh0xp3nyu0cjyr9r6w.webp\" title=\"breaban &#8211; portrait\" alt=\"breaban - portrait\" loading=\"lazy\" \/>\t\t\t\t\t\t\t\t\t\t\t\t\t\t\t<\/div>\n\t\t\t\t<\/div>\n\t\t\t\t<div class=\"elementor-element elementor-element-ea02270 elementor-widget elementor-widget-image\" data-id=\"ea02270\" data-element_type=\"widget\" data-e-type=\"widget\" data-widget_type=\"image.default\">\n\t\t\t\t<div class=\"elementor-widget-container\">\n\t\t\t\t\t\t\t\t\t\t\t\t\t\t\t<img decoding=\"async\" src=\"https:\/\/www.phys.uaic.ro\/new-phys\/wp-content\/uploads\/elementor\/thumbs\/absolventi-rl0kb6x2p8m81wjza1onr8jjdh0xp3nyu0cjyr9r6w.webp\" title=\"breaban &#8211; portrait\" alt=\"breaban - portrait\" loading=\"lazy\" \/>\t\t\t\t\t\t\t\t\t\t\t\t\t\t\t<\/div>\n\t\t\t\t<\/div>\n\t\t\t\t<\/div>\n\t\t\t\t<\/div>\n\t\t\t\t\t<\/div>\n\t\t\t\t<\/div>\n\t\t\t\t<\/div>\n\t\t","protected":false},"excerpt":{"rendered":"<p>Misiune: Facultatea de Fizic\u0103 militeaz\u0103 pentru excelen\u021b\u0103, integritate \u0219tiin\u021bific\u0103 \u0219i moral\u0103. RankPro 2025 100 &#8211; 155 mondial Physics &amp; Astronomy Shangai Ranking 2024 401 &#8211; 500 mondial Physics Nout\u0103\u021bi Absolven\u021bi<\/p>\n","protected":false},"author":3,"featured_media":0,"parent":0,"menu_order":0,"comment_status":"closed","ping_status":"closed","template":"","meta":{"footnotes":""},"class_list":["post-3114","page","type-page","status-publish","hentry"],"_links":{"self":[{"href":"https:\/\/www.phys.uaic.ro\/new-phys\/wp-json\/wp\/v2\/pages\/3114","targetHints":{"allow":["GET"]}}],"collection":[{"href":"https:\/\/www.phys.uaic.ro\/new-phys\/wp-json\/wp\/v2\/pages"}],"about":[{"href":"https:\/\/www.phys.uaic.ro\/new-phys\/wp-json\/wp\/v2\/types\/page"}],"author":[{"embeddable":true,"href":"https:\/\/www.phys.uaic.ro\/new-phys\/wp-json\/wp\/v2\/users\/3"}],"replies":[{"embeddable":true,"href":"https:\/\/www.phys.uaic.ro\/new-phys\/wp-json\/wp\/v2\/comments?post=3114"}],"version-history":[{"count":8,"href":"https:\/\/www.phys.uaic.ro\/new-phys\/wp-json\/wp\/v2\/pages\/3114\/revisions"}],"predecessor-version":[{"id":4013,"href":"https:\/\/www.phys.uaic.ro\/new-phys\/wp-json\/wp\/v2\/pages\/3114\/revisions\/4013"}],"wp:attachment":[{"href":"https:\/\/www.phys.uaic.ro\/new-phys\/wp-json\/wp\/v2\/media?parent=3114"}],"curies":[{"name":"wp","href":"https:\/\/api.w.org\/{rel}","templated":true}]}}