{"id":4130,"date":"2026-04-18T18:07:49","date_gmt":"2026-04-18T15:07:49","guid":{"rendered":"https:\/\/www.phys.uaic.ro\/new-phys\/?page_id=4130"},"modified":"2026-04-18T23:33:41","modified_gmt":"2026-04-18T20:33:41","slug":"prezentare","status":"publish","type":"page","link":"https:\/\/www.phys.uaic.ro\/new-phys\/prezentare\/","title":{"rendered":"Prezentare"},"content":{"rendered":"\n<div data-wp-context=\"{ &quot;autoclose&quot;: false, &quot;accordionItems&quot;: [] }\" data-wp-interactive=\"core\/accordion\" role=\"group\" class=\"wp-block-accordion is-layout-flow wp-block-accordion-is-layout-flow\">\n<div data-wp-class--is-open=\"state.isOpen\" data-wp-context=\"{ &quot;id&quot;: &quot;accordion-item-1&quot;, &quot;openByDefault&quot;: false }\" data-wp-init=\"callbacks.initAccordionItems\" data-wp-on-window--hashchange=\"callbacks.hashChange\" class=\"wp-block-accordion-item is-layout-flow wp-block-accordion-item-is-layout-flow\">\n<h3 class=\"wp-block-accordion-heading\"><button aria-expanded=\"false\" aria-controls=\"accordion-item-1-panel\" data-wp-bind--aria-expanded=\"state.isOpen\" data-wp-on--click=\"actions.toggle\" data-wp-on--keydown=\"actions.handleKeyDown\" id=\"accordion-item-1\" type=\"button\" class=\"wp-block-accordion-heading__toggle\"><span class=\"wp-block-accordion-heading__toggle-title\">Misiune<\/span><span class=\"wp-block-accordion-heading__toggle-icon\" aria-hidden=\"true\">+<\/span><\/button><\/h3>\n\n\n\n<div inert aria-labelledby=\"accordion-item-1\" data-wp-bind--inert=\"!state.isOpen\" id=\"accordion-item-1-panel\" role=\"region\" class=\"wp-block-accordion-panel is-layout-flow wp-block-accordion-panel-is-layout-flow\">\n<p>Prin integrarea activit\u0103\u021bii didactice cu cercetarea, inovarea \u0219i transferul de cuno\u0219tin\u021be c\u0103tre societate, Facultatea de Fizic\u0103 constituie una din componentele de avangard\u0103 ale Universit\u0103\u021bii Alexandru Ioan Cuza din Ia\u0219i.<\/p>\n\n\n\n<p>\u00cen domeniul \u00eenv\u0103\u021b\u0103m\u00e2ntului, pe parcursul ciclului de licen\u021b\u0103, ea \u00ee\u0219i asum\u0103 misiunea de a asigura tinerilor o solid\u0103 preg\u0103tire de baz\u0103 \u00een domeniul fizicii \u0219i al \u0219tiin\u021belor de grani\u021b\u0103 \u2013 fizica medical\u0103, biofizica, fizica-informatic\u0103 \u2013 precum \u0219i al ingineriei fizice. Specializarea \u0219i aprofundarea cuno\u0219tin\u021belor \u00een domenii mai \u00eenguste se realizeaz\u0103 pe parcursul ciclului de masterat. Aici se formeaz\u0103 competen\u021bele necesare pentru a urma cariere de succes \u00een multiple domenii cerute de pia\u021ba muncii. Specializ\u0103rile de masterat asigur\u0103, de asemenea, absolven\u021bilor preg\u0103tirea necesar\u0103 pentru intrarea \u00een ciclul de doctorat \u00een domeniul \u0219tiin\u021belor exacte \u2013 baza pentru o carier\u0103 \u00een cercetare \u0219i\/sau \u00een \u00eenv\u0103\u021b\u0103m\u00e2ntul superior. Aceast\u0103 traiectorie a fost aleas\u0103 de un num\u0103r apreciabil de absolven\u021bi ai ultimilor ani, care lucreaz\u0103 acum \u00een \u021bar\u0103 sau \u00een str\u0103in\u0103tate. Exist\u0103, de asemenea, specializ\u0103ri de masterat care asigur\u0103 o preg\u0103tire de \u00eenalt nivel pentru cariere \u00een domeniul educa\u021bional, al \u0219tiin\u021bei mediului, ca \u0219i \u00een domenii de interfa\u021b\u0103 cu medicina. \u00cen plus, Facultatea ofer\u0103 programe post-academice pentru preg\u0103tirea continu\u0103 a fizicienilor \u0219i a altor speciali\u0219ti din domenii \u00eenrudite.<\/p>\n\n\n\n<p>\u00cen domeniul cercet\u0103rii, Facultatea de Fizic\u0103 din Ia\u0219i s-a focalizat pe un num\u0103r de domenii ale cunoa\u0219terii, \u00een care competen\u021ba cercet\u0103torilor s\u0103i asigur\u0103 \u2013 sau poate asigura \u2013 vizibilitate pe plan mondial. Valorificarea rezultatelor muncii de cercetare prin publica\u021bii, comunic\u0103ri \u0219i brevete, al\u0103turi de integrarea \u00een parteneriate la nivel interna\u021bional \u0219i na\u021bional constituie priorit\u0103\u021bi de prim rang ale cercet\u0103torilor fizicieni.<\/p>\n\n\n\n<p>Facultatea de Fizic\u0103 \u0219i-a adaptat \u0219i \u00ee\u0219i va adapta \u00een permanen\u021b\u0103 strategia pe termen scurt, planurile de \u00eenv\u0103\u021b\u0103m\u00e2nt, programele analitice, programele de studii, tematica de cercetare, criteriile de evaluare a personalului, parteneriatele interne \u0219i externe pentru a fi \u00een concordan\u021b\u0103 cu standardele interna\u021bionale de calitate. Eforturile noastre \u0219i rezultatele ultimilor ani ne \u00eendrept\u0103\u021besc s\u0103 fim optimi\u0219ti pentru viitorul fizicienilor preg\u0103ti\u021bi de noi, precum \u0219i cu privire la contribu\u021bia nostr\u0103 pentru men\u021binerea Universit\u0103\u021bii \u00een topul institu\u021biilor de \u00eenv\u0103\u021b\u0103m\u00e2nt superior din Rom\u00e2nia.<\/p>\n<\/div>\n<\/div>\n<\/div>\n\n\n\n<div data-wp-context=\"{ &quot;autoclose&quot;: false, &quot;accordionItems&quot;: [] }\" data-wp-interactive=\"core\/accordion\" role=\"group\" class=\"wp-block-accordion is-layout-flow wp-block-accordion-is-layout-flow\">\n<div data-wp-class--is-open=\"state.isOpen\" data-wp-context=\"{ &quot;id&quot;: &quot;accordion-item-2&quot;, &quot;openByDefault&quot;: false }\" data-wp-init=\"callbacks.initAccordionItems\" data-wp-on-window--hashchange=\"callbacks.hashChange\" class=\"wp-block-accordion-item is-layout-flow wp-block-accordion-item-is-layout-flow\">\n<h3 class=\"wp-block-accordion-heading\"><button aria-expanded=\"false\" aria-controls=\"accordion-item-2-panel\" data-wp-bind--aria-expanded=\"state.isOpen\" data-wp-on--click=\"actions.toggle\" data-wp-on--keydown=\"actions.handleKeyDown\" id=\"accordion-item-2\" type=\"button\" class=\"wp-block-accordion-heading__toggle\"><span class=\"wp-block-accordion-heading__toggle-title\">Prezentare general\u0103<\/span><span class=\"wp-block-accordion-heading__toggle-icon\" aria-hidden=\"true\">+<\/span><\/button><\/h3>\n\n\n\n<div inert aria-labelledby=\"accordion-item-2\" data-wp-bind--inert=\"!state.isOpen\" id=\"accordion-item-2-panel\" role=\"region\" class=\"wp-block-accordion-panel is-layout-flow wp-block-accordion-panel-is-layout-flow\">\n<p>La Facultatea de Fizic\u0103 func\u021bioneaz\u0103 un num\u0103r de 5 specializ\u0103ri: Fizic\u0103, Fizic\u0103 (\u00een limba englez\u0103), Fizic\u0103 informatic\u0103, Fizic\u0103 medical\u0103 \u0219i Fizic\u0103 tehnologic\u0103.<\/p>\n\n\n\n<p>Fiecare specializare se organizeaz\u0103 cu un pachet de cursuri obligatorii si pachete de cursuri op\u021bionale \u00een ciclul I de studiu (licen\u021b\u0103), urmat\u0103 de o aprofundare a specializ\u0103rii \u00een cadrul ciclului II (masterat). Cei mai buni dintre masteranzi \u00ee\u0219i pot des\u0103v\u00e2r\u0219i preg\u0103tirea \u0219tiin\u021bific\u0103 urm\u00e2nd \u0219i ciclul III de studii \u2013 doctoratul.<\/p>\n\n\n\n<p>\u00cen toate specializ\u0103rile se pune accentul pe studiul fizicii ca disciplin\u0103 fundamental\u0103, cuno\u0219tin\u021bele dob\u00e2ndite urm\u00e2nd a fi aplicate \u00een domenii interdisciplinare precum astrofizica (Fizica, \u00een limba englez\u0103), nanotehnologiile \u0219i \u0219tiin\u021ba materialelor (Fizic\u0103, Fizic\u0103 tehnologic\u0103), imagistic\u0103 medical\u0103 \u0219i terapie (Fizic\u0103 medical\u0103), tehnologia informa\u021biilor \u0219i comunica\u021biilor (Fizic\u0103 informatic\u0103).<\/p>\n\n\n\n<p><strong>Specializarea Fizic\u0103 (\u00een limba englez\u0103)<\/strong><br>propune cultivarea interesului absolven\u021bilor de liceu pentru Fizic\u0103 \u0219i Astrofizic\u0103.<\/p>\n\n\n\n<p><strong>Specializarea Fizic\u0103 medical\u0103<\/strong><br>preg\u0103te\u0219te absolven\u021bi care s\u0103 poat\u0103 aplica conceptele \u0219i metodele fizicii \u00een tehnicile de diagnostic \u0219i tratament ale afec\u021biunilor umane, folosind mijloace moderne: tomografia computerizat\u0103, rezonan\u021ba magnetic\u0103 nuclear\u0103, termografia, radiografia digital\u0103, radio-imunologie, cardiologie nuclear\u0103, radioterapia cu energii \u00eenalte, chirurgia cu fascicule laser. Absolven\u021bii acestei specializ\u0103ri pot lucra \u00een clinici \u0219i spitale, dar \u0219i \u00een cercetarea \u0219tiin\u021bific\u0103.<\/p>\n\n\n\n<p><strong>Specializarea Fizic\u0103<\/strong><br>stabile\u0219te competen\u021be absolven\u021bilor pentru inserarea profesional\u0103 \u00een institu\u021bii de cercetare, agen\u021bii na\u021bionale \u0219i unit\u0103\u021bi de produc\u021bie.<\/p>\n\n\n\n<p><strong>Specializarea Fizic\u0103 informatic\u0103<\/strong><br>se adreseaz\u0103 tinerilor pasiona\u021bi de fizic\u0103, care doresc s\u0103 aplice informatica \u00een studiul acesteia. \u00cen acela\u0219i timp, absolven\u021bii pot deveni speciali\u0219ti \u00een domeniul tehnologiei informa\u021biei, prelucr\u0103rii de date, software \u0219tiin\u021bific \u0219i educa\u021bional, multimedia etc.. De asemenea pot lucra \u00een domeniul bancar sau \u00een servicii publice.<\/p>\n\n\n\n<p><strong>Specializarea Fizic\u0103 tehnologic\u0103<\/strong><br>are ca obiectiv studii privind latura aplicativ\u0103 a fizicii. Absolven\u021bii acestei specializ\u0103ri au posibilitatea s\u0103 lucreze \u00een proiectarea \u0219i dezvoltarea tehnologic\u0103 \u00een ramuri de \u00eenalt\u0103 tehnicitate, \u00een institute de cercetare \u0219i \u00een \u00eenv\u0103\u021b\u0103m\u00e2ntul superior.<\/p>\n\n\n\n<p>Planurile de \u00eenv\u0103\u021b\u0103m\u00e2nt ale programului de studii au o structur\u0103 flexibil\u0103 astfel \u00eenc\u00e2t studen\u021bii au posibilitatea de a se transfera de la o specializare la alta, de a urma concomitent sau consecutiv dou\u0103 ori mai multe specializ\u0103ri. Domeniile \u00een care pot lucra absolven\u021bii nu sunt delimitate restrictiv.<\/p>\n\n\n\n<p>Absolven\u021bii Facult\u0103\u021bii de Fizic\u0103 de la toate specializ\u0103rile pot fi \u00eencadra\u021bi \u0219i \u00een \u00eenv\u0103\u021b\u0103m\u00e2ntul preuniversitar gimnazial dac\u0103 urmeaz\u0103 modulul psiho-pedagogic (psihologie, pedagogie, metodica pred\u0103rii fizicii, practic\u0103 pedagogic\u0103). Pentru a profesa \u00een \u00eenv\u0103\u021b\u0103m\u00e2ntul liceal absolven\u021bii trebuie s\u0103 urmeze o specializare de masterat \u0219i modulul II oferit de Departamentul de Preg\u0103tire a Personalului Didactic (D.P.P.D.).<\/p>\n<\/div>\n<\/div>\n<\/div>\n\n\n\n<div data-wp-context=\"{ &quot;autoclose&quot;: false, &quot;accordionItems&quot;: [] }\" data-wp-interactive=\"core\/accordion\" role=\"group\" class=\"wp-block-accordion is-layout-flow wp-block-accordion-is-layout-flow\">\n<div data-wp-class--is-open=\"state.isOpen\" data-wp-context=\"{ &quot;id&quot;: &quot;accordion-item-3&quot;, &quot;openByDefault&quot;: false }\" data-wp-init=\"callbacks.initAccordionItems\" data-wp-on-window--hashchange=\"callbacks.hashChange\" class=\"wp-block-accordion-item is-layout-flow wp-block-accordion-item-is-layout-flow\">\n<h3 class=\"wp-block-accordion-heading\"><button aria-expanded=\"false\" aria-controls=\"accordion-item-3-panel\" data-wp-bind--aria-expanded=\"state.isOpen\" data-wp-on--click=\"actions.toggle\" data-wp-on--keydown=\"actions.handleKeyDown\" id=\"accordion-item-3\" type=\"button\" class=\"wp-block-accordion-heading__toggle\"><span class=\"wp-block-accordion-heading__toggle-title\">Scurt istoric<\/span><span class=\"wp-block-accordion-heading__toggle-icon\" aria-hidden=\"true\">+<\/span><\/button><\/h3>\n\n\n\n<div inert aria-labelledby=\"accordion-item-3\" data-wp-bind--inert=\"!state.isOpen\" id=\"accordion-item-3-panel\" role=\"region\" class=\"wp-block-accordion-panel is-layout-flow wp-block-accordion-panel-is-layout-flow\">\n<p><\/p>\n\n\n<div class=\"wp-block-image\">\n<figure class=\"aligncenter size-full\"><img data-dominant-color=\"7d7d7d\" data-has-transparency=\"false\" style=\"--dominant-color: #7d7d7d;\" fetchpriority=\"high\" decoding=\"async\" width=\"640\" height=\"320\" sizes=\"(max-width: 640px) 100vw, 640px\" src=\"https:\/\/www.phys.uaic.ro\/new-phys\/wp-content\/uploads\/2026\/04\/image.webp\" alt=\"\" class=\"wp-image-4149 not-transparent\" srcset=\"https:\/\/www.phys.uaic.ro\/new-phys\/wp-content\/uploads\/2026\/04\/image.webp 640w, https:\/\/www.phys.uaic.ro\/new-phys\/wp-content\/uploads\/2026\/04\/image-300x150.webp 300w\" \/><\/figure>\n<\/div>\n\n\n<p>\u00cenv\u0103\u021b\u0103m\u00e2ntul de Fizic\u0103 de la Ia\u0219i are o tradi\u021bie de peste un secol \u0219i jum\u0103tate. \u00cenceputurile sale trebuie c\u0103utate \u00een cadrul Academiei Mih\u0103ilene (1835) unde exista un puternic curent de preocup\u0103ri pentru studiul \u0219tiin\u021belor naturii. Dup\u0103 fondarea primei institu\u021bii moderne de \u00eenv\u0103\u021b\u0103m\u00e2nt superior din Rom\u00e2nia, Universitatea \u201eAl. I. Cuza\u201c (1860), unde primul profesor de fizic\u0103 a fost \u0218tefan Micle (1820-1879), au fost create \u0219i dezvoltate \u0219coli de fizic\u0103 sub \u00eendrumarea unor personalit\u0103\u021bi ca Petru Bogdan (1873-1944), Dragomir Hurmuzescu (1865-1954), Horia Hulubei (1896-1972), Theodor V. Ionescu (1899-1988), \u0218tefan Procopiu (1890-1972), \u0218erban \u021ai\u021beica (1908-1985), Constantin Mihul (1897-1986), Teofil T. Vescan (1913-1963).<\/p>\n\n\n\n<p>Datorit\u0103 acestor mari personalit\u0103\u021bi ale fizicii \u0219i a continuatorilor lor \u2013 Ilie Bursuc, Vasile Tutovan, Mircea Sanduloviciu, Constantin P\u0103pu\u0219oi, Mardarie Sorohan, Ioan Gottlieb \u2013 Facultatea de Fizic\u0103, \u00eenfiin\u021bat\u0103 ca unitate de sine st\u0103t\u0103toare \u00een anul 1962, a cunoscut o dezvoltare continu\u0103.<\/p>\n\n\n\n<p>Ast\u0103zi, Facultatea de Fizic\u0103, prin specializ\u0103rile puse la dispozi\u021bia studen\u021bilor, prin tinere\u021bea \u0219i calitatea corpului profesoral este una dintre facult\u0103\u021bile de frunte ale Universit\u0103\u021bii Alexandru Ioan Cuza. Este cunoscut\u0103 \u00een \u021bar\u0103 \u0219i str\u0103in\u0103tate prin programele didactice \u0219i de cercetare pe care le deruleaz\u0103, dar \u0219i prin calitatea absolven\u021bilor ei.<\/p>\n\n\n\n<p>Facultatea de Fizic\u0103 are un corp profesoral format din peste 40 de cadre didactice (profesori, conferen\u021biari, lectori, asisten\u021bi) \u0219i peste 50 cadre didactice asociate. Tot titularii sunt doctori \u00een Fizic\u0103.<\/p>\n\n\n\n<p>Colectivele de cercetare din facultate (cadre didactice \u0219i studen\u021bi) sunt \u00een contact permanent cu lumea \u0219tiin\u021bific\u0103 din afara grani\u021belor \u021b\u0103rii. Aceste contacte s-au intensificat \u0219i dezvoltat \u00een ultimii ani, \u00een cadrul unor proiecte de cercetare comune cu colective de prestigiu din Fran\u021ba, Germania, Anglia, Olanda, Austria, Japonia, SUA, Grecia, Cehia, Portugalia, Spania, Belgia, Elve\u021bia, Bulgaria. Proiectele comune au \u00een vedere cercetarea \u0219tiin\u021bific\u0103 de interes fundamental, dar \u0219i cea cu deschidere spre aplica\u021bii \u00een diferite domenii interdisciplinare.<\/p>\n\n\n\n<p>Anual, peste 50% din cadrele didactice realizeaz\u0103 stagii de documentare \u0219i cercetare \u00een universit\u0103\u021bi din Europa, SUA, Asia, Australia. Tinerii doctori beneficiaz\u0103 de burse postdoctorale sau sunt angaja\u021bi ca cercet\u0103tori pe o perioad\u0103 limitat\u0103. Un num\u0103r mare de cadre didactice sunt invitate la manifest\u0103ri \u0219tiin\u021bifice interna\u021bionale, sau ocup\u0103 posturi de profesori invita\u021bi la universit\u0103\u021bi de renume din Fran\u021ba, Anglia, SUA, Japonia, Canada.<\/p>\n\n\n\n<p>Societatea European\u0103 de Fizic\u0103 (European Physical Society \u2013 EPS) a acordat Facult\u0103\u021bii de Fizic\u0103 a Universit\u0103\u021bii \u201eAlexandru Ioan Cuza\u201d din Ia\u0219i (UAIC) statutul simbolic de \u201esit istoric\u201d, \u00een semn de recunoa\u0219tere pentru rolul jucat \u00een modelarea lumii fizicii moderne. Cu acest prilej, a fost amplasat\u0103 o plac\u0103 bilingv\u0103 \u00een cl\u0103direa principal\u0103 a UAIC, dezvelit\u0103 \u00een cadrul unei ceremonii care a avut loc pe 22 mai 2023 de reprezentantul EPS, prof. Goran Djordjevi\u0107, membru al comitetului EPS HS. Mesajele transmise de c\u0103tre prof. Luc Berg\u00e9, pre\u0219edintele EPS, prof. Karl Grandin, pre\u0219edintele Comitetului pentru situri istorice EPS \u0219i cele ale prof. Djordjevi\u0107 au fost comunicate \u00een timpul \u00eent\u00e2lnirii \u0219i apreciate de to\u021bi participan\u021bii.<\/p>\n\n\n\n<p>Ini\u021biativa EPS de a identifica situri istorice ale fizicii are obiectivul ambi\u021bios de a cre\u0219te con\u0219tientizarea c\u0103 nu numai patrimoniul cultural artistic \u0219i patrimoniul natural ar trebui p\u0103strate pentru omenire, dar \u0219i mo\u0219tenirea cultural\u0103 \u0219tiin\u021bific\u0103.<\/p>\n\n\n\n<p>\u00cen acest moment sunt incluse \u00een program 70 de situri, din 25 de \u021b\u0103ri: Austria, Belgia, Bulgaria, Croa\u021bia, Republica Ceh\u0103, Danemarca, Finlanda, Fran\u021ba, Germania, Ungaria, Italia, Irlanda, Israel, Lituania, Olanda, Norvegia, Polonia, Portugalia, Rom\u00e2nia, Rusia, Spania, Suedia, Elve\u021bia, Regatul Unit, Statele Unite ale Americii. Din Rom\u00e2nia, Platforma de Fizic\u0103 de la M\u0103gurele a mai fost recunoscut\u0103 \u00een anul 2017 de c\u0103tre Societatea European\u0103 de Fizic\u0103 drept sit istoric.<\/p>\n\n\n\n<p>Mai multe informa\u021bii sunt disponibile pe site-ul EPS:&nbsp;<a href=\"https:\/\/www.eps.org\/page\/distinction_sites\">https:\/\/www.eps.org\/page\/distinction_sites<\/a><\/p>\n\n\n\n<div class=\"wp-block-columns is-layout-flex wp-container-core-columns-is-layout-9d6595d7 wp-block-columns-is-layout-flex\">\n<div class=\"wp-block-column is-layout-flow wp-block-column-is-layout-flow\">\n<figure class=\"wp-block-image size-large\"><img data-dominant-color=\"9b9381\" data-has-transparency=\"false\" style=\"--dominant-color: #9b9381;\" decoding=\"async\" width=\"1024\" height=\"651\" sizes=\"(max-width: 1024px) 100vw, 1024px\" src=\"https:\/\/www.phys.uaic.ro\/new-phys\/wp-content\/uploads\/2026\/04\/image-1-1024x651.webp\" alt=\"\" class=\"wp-image-4150 not-transparent\" srcset=\"https:\/\/www.phys.uaic.ro\/new-phys\/wp-content\/uploads\/2026\/04\/image-1-1024x651.webp 1024w, https:\/\/www.phys.uaic.ro\/new-phys\/wp-content\/uploads\/2026\/04\/image-1-300x191.webp 300w, https:\/\/www.phys.uaic.ro\/new-phys\/wp-content\/uploads\/2026\/04\/image-1-768x488.webp 768w, https:\/\/www.phys.uaic.ro\/new-phys\/wp-content\/uploads\/2026\/04\/image-1.webp 1535w\" \/><\/figure>\n<\/div>\n\n\n\n<div class=\"wp-block-column is-layout-flow wp-block-column-is-layout-flow\">\n<figure class=\"wp-block-image size-large is-resized\"><img data-dominant-color=\"4f5450\" data-has-transparency=\"false\" decoding=\"async\" width=\"1024\" height=\"683\" sizes=\"(max-width: 1024px) 100vw, 1024px\" src=\"https:\/\/www.phys.uaic.ro\/new-phys\/wp-content\/uploads\/2026\/04\/EPS_HS_UAIC_02-1536x1024-1-1024x683.webp\" alt=\"\" class=\"wp-image-4146 not-transparent\" style=\"--dominant-color: #4f5450; aspect-ratio:1.4993234100135318;width:376px;height:auto\" srcset=\"https:\/\/www.phys.uaic.ro\/new-phys\/wp-content\/uploads\/2026\/04\/EPS_HS_UAIC_02-1536x1024-1-1024x683.webp 1024w, https:\/\/www.phys.uaic.ro\/new-phys\/wp-content\/uploads\/2026\/04\/EPS_HS_UAIC_02-1536x1024-1-300x200.webp 300w, https:\/\/www.phys.uaic.ro\/new-phys\/wp-content\/uploads\/2026\/04\/EPS_HS_UAIC_02-1536x1024-1-768x512.webp 768w, https:\/\/www.phys.uaic.ro\/new-phys\/wp-content\/uploads\/2026\/04\/EPS_HS_UAIC_02-1536x1024-1.webp 1536w\" \/><\/figure>\n<\/div>\n<\/div>\n\n\n\n<div class=\"wp-block-columns is-layout-flex wp-container-core-columns-is-layout-9d6595d7 wp-block-columns-is-layout-flex\">\n<div class=\"wp-block-column is-layout-flow wp-block-column-is-layout-flow\" style=\"flex-basis:100%\"><\/div>\n<\/div>\n<\/div>\n<\/div>\n<\/div>\n\n\n\n<h3 class=\"wp-block-heading\"><a href=\"https:\/\/www.phys.uaic.ro\/new-phys\/personalitati-ale-facultatii\/\" data-type=\"page\" data-id=\"8231\">Personalit\u0103\u021bi ale facult\u0103\u021bii<\/a><\/h3>\n\n\n\n<h3 class=\"wp-block-heading\"><a href=\"https:\/\/www.phys.uaic.ro\/new-phys\/premii-ale-academiei\/\" data-type=\"page\" data-id=\"8227\">Premii ale Academiei<\/a><\/h3>\n\n\n\n<div data-wp-context=\"{ &quot;autoclose&quot;: false, &quot;accordionItems&quot;: [] }\" data-wp-interactive=\"core\/accordion\" role=\"group\" class=\"wp-block-accordion is-layout-flow wp-block-accordion-is-layout-flow\">\n<div data-wp-class--is-open=\"state.isOpen\" data-wp-context=\"{ &quot;id&quot;: &quot;accordion-item-4&quot;, &quot;openByDefault&quot;: false }\" data-wp-init=\"callbacks.initAccordionItems\" data-wp-on-window--hashchange=\"callbacks.hashChange\" class=\"wp-block-accordion-item is-layout-flow wp-block-accordion-item-is-layout-flow\">\n<h3 class=\"wp-block-accordion-heading\"><button aria-expanded=\"false\" aria-controls=\"accordion-item-4-panel\" data-wp-bind--aria-expanded=\"state.isOpen\" data-wp-on--click=\"actions.toggle\" data-wp-on--keydown=\"actions.handleKeyDown\" id=\"accordion-item-4\" type=\"button\" class=\"wp-block-accordion-heading__toggle\"><span class=\"wp-block-accordion-heading__toggle-title\">Rapoarte de activitate<\/span><span class=\"wp-block-accordion-heading__toggle-icon\" aria-hidden=\"true\">+<\/span><\/button><\/h3>\n\n\n\n<div inert aria-labelledby=\"accordion-item-4\" data-wp-bind--inert=\"!state.isOpen\" id=\"accordion-item-4-panel\" role=\"region\" class=\"wp-block-accordion-panel is-layout-flow wp-block-accordion-panel-is-layout-flow\">\n<p><a href=\"https:\/\/www.phys.uaic.ro\/new-phys\/wp-content\/uploads\/2026\/04\/Raport-2025-pe-site.pdf\" data-type=\"link\" data-id=\"https:\/\/www.phys.uaic.ro\/new-phys\/wp-content\/uploads\/2026\/04\/Raport-2025-pe-site.pdf\">Raport pe anul 2025 privind starea Facult\u0103\u021bii de Fizic\u0103<\/a><br><a href=\"https:\/\/www.phys.uaic.ro\/new-phys\/wp-content\/uploads\/2026\/04\/Raport-2024-pe-site.pdf\" data-type=\"link\" data-id=\"https:\/\/www.phys.uaic.ro\/new-phys\/wp-content\/uploads\/2026\/04\/Raport-2024-pe-site.pdf\">Raport pe anul 2024 privind starea Facult\u0103\u021bii de Fizic\u0103<\/a><\/p>\n<\/div>\n<\/div>\n<\/div>\n\n\n\n<h3 class=\"wp-block-heading\"><a href=\"https:\/\/www.phys.uaic.ro\/new-phys\/anunturi\/\" data-type=\"page\" data-id=\"8243\">Anun\u021buri<\/a><\/h3>\n\n\n\n<h3 class=\"wp-block-heading\"><a href=\"https:\/\/www.phys.uaic.ro\/new-phys\/retele-si-asociatii\/\" data-type=\"page\" data-id=\"8239\">Re\u021bele \u0219i asocia\u021bii<\/a><\/h3>\n\n\n\n<h3 class=\"wp-block-heading\"><a href=\"https:\/\/www.phys.uaic.ro\/new-phys\/un-profesionist-in-mijlocul-studentilor\/\" data-type=\"page\" data-id=\"4163\" target=\"_blank\" rel=\"noreferrer noopener\">Un profesionist \u00een mijlocul studen\u021bilor<\/a><\/h3>\n\n\n\n<h3 class=\"wp-block-heading\"><a href=\"https:\/\/www.phys.uaic.ro\/new-phys\/postere\/\" data-type=\"page\" data-id=\"8194\">Postere<\/a><\/h3>\n\n\n\n<h3 class=\"wp-block-heading\"><a href=\"https:\/\/www.phys.uaic.ro\/new-phys\/contact\/\" data-type=\"page\" data-id=\"2719\">Contact<\/a><\/h3>\n\n\n\n<p><\/p>\n","protected":false},"excerpt":{"rendered":"<p>Personalit\u0103\u021bi ale facult\u0103\u021bii Premii ale Academiei Anun\u021buri Re\u021bele \u0219i asocia\u021bii Un profesionist \u00een mijlocul studen\u021bilor Postere Contact<\/p>\n","protected":false},"author":3,"featured_media":0,"parent":0,"menu_order":0,"comment_status":"closed","ping_status":"closed","template":"","meta":{"footnotes":""},"class_list":["post-4130","page","type-page","status-publish","hentry"],"_links":{"self":[{"href":"https:\/\/www.phys.uaic.ro\/new-phys\/wp-json\/wp\/v2\/pages\/4130","targetHints":{"allow":["GET"]}}],"collection":[{"href":"https:\/\/www.phys.uaic.ro\/new-phys\/wp-json\/wp\/v2\/pages"}],"about":[{"href":"https:\/\/www.phys.uaic.ro\/new-phys\/wp-json\/wp\/v2\/types\/page"}],"author":[{"embeddable":true,"href":"https:\/\/www.phys.uaic.ro\/new-phys\/wp-json\/wp\/v2\/users\/3"}],"replies":[{"embeddable":true,"href":"https:\/\/www.phys.uaic.ro\/new-phys\/wp-json\/wp\/v2\/comments?post=4130"}],"version-history":[{"count":23,"href":"https:\/\/www.phys.uaic.ro\/new-phys\/wp-json\/wp\/v2\/pages\/4130\/revisions"}],"predecessor-version":[{"id":8245,"href":"https:\/\/www.phys.uaic.ro\/new-phys\/wp-json\/wp\/v2\/pages\/4130\/revisions\/8245"}],"wp:attachment":[{"href":"https:\/\/www.phys.uaic.ro\/new-phys\/wp-json\/wp\/v2\/media?parent=4130"}],"curies":[{"name":"wp","href":"https:\/\/api.w.org\/{rel}","templated":true}]}}