{"id":8239,"date":"2026-04-18T23:23:04","date_gmt":"2026-04-18T20:23:04","guid":{"rendered":"https:\/\/www.phys.uaic.ro\/new-phys\/?page_id=8239"},"modified":"2026-04-18T23:23:08","modified_gmt":"2026-04-18T20:23:08","slug":"retele-si-asociatii","status":"publish","type":"page","link":"https:\/\/www.phys.uaic.ro\/new-phys\/retele-si-asociatii\/","title":{"rendered":"Re\u021bele \u0219i asocia\u021bii"},"content":{"rendered":"\n<p><strong>Alian\u021ba Na\u021bional\u0103 Universitar\u0103 pentru Energie Nuclear\u0103<\/strong> \u2013 <strong><a href=\"https:\/\/www.anuen.ro\/\" target=\"_blank\" rel=\"noreferrer noopener\">https:\/\/www.anuen.ro\/<\/a><\/strong><\/p>\n\n\n\n<p>Consiliul Director:<\/p>\n\n\n\n<ul class=\"wp-block-list\">\n<li>Pre\u0219edinte:\u00a0Dumitru CHIRLE\u0218AN, Universitatea Na\u021bional\u0103 de \u0218tiin\u021b\u0103 \u0219i Tehnologie POLITEHNICA Bucure\u0219ti;<\/li>\n\n\n\n<li>Vicepre\u0219edinte:\u00a0Ionu\u021b TOPAL\u0102, Universitatea Alexandru Ioan Cuza din Ia\u0219i;<\/li>\n\n\n\n<li>Vicepre\u0219edinte:\u00a0Andrei CZIKER, Universitatea Tehnic\u0103 din Cluj-Napoca;<\/li>\n\n\n\n<li>Secretar \u0219tiin\u021bific:\u00a0Vasile BERCU, Universitatea din Bucure\u0219ti;<\/li>\n\n\n\n<li>Membru:\u00a0C\u0103t\u0103lin ANDRU\u0218, Academia de Poli\u021bie Alexandru Ioan Cuza;<\/li>\n\n\n\n<li>Membru:\u00a0Mihai G\u00ceR\u021aU, Universitatea Ovidius din Constan\u021ba;<\/li>\n\n\n\n<li>Membru:\u00a0Iulian PETRI\u0218OR, Universitatea din Craiova.<\/li>\n<\/ul>\n","protected":false},"excerpt":{"rendered":"<p>Alian\u021ba Na\u021bional\u0103 Universitar\u0103 pentru Energie Nuclear\u0103 \u2013 https:\/\/www.anuen.ro\/ Consiliul Director:<\/p>\n","protected":false},"author":3,"featured_media":0,"parent":0,"menu_order":0,"comment_status":"closed","ping_status":"closed","template":"","meta":{"footnotes":""},"class_list":["post-8239","page","type-page","status-publish","hentry"],"_links":{"self":[{"href":"https:\/\/www.phys.uaic.ro\/new-phys\/wp-json\/wp\/v2\/pages\/8239","targetHints":{"allow":["GET"]}}],"collection":[{"href":"https:\/\/www.phys.uaic.ro\/new-phys\/wp-json\/wp\/v2\/pages"}],"about":[{"href":"https:\/\/www.phys.uaic.ro\/new-phys\/wp-json\/wp\/v2\/types\/page"}],"author":[{"embeddable":true,"href":"https:\/\/www.phys.uaic.ro\/new-phys\/wp-json\/wp\/v2\/users\/3"}],"replies":[{"embeddable":true,"href":"https:\/\/www.phys.uaic.ro\/new-phys\/wp-json\/wp\/v2\/comments?post=8239"}],"version-history":[{"count":1,"href":"https:\/\/www.phys.uaic.ro\/new-phys\/wp-json\/wp\/v2\/pages\/8239\/revisions"}],"predecessor-version":[{"id":8240,"href":"https:\/\/www.phys.uaic.ro\/new-phys\/wp-json\/wp\/v2\/pages\/8239\/revisions\/8240"}],"wp:attachment":[{"href":"https:\/\/www.phys.uaic.ro\/new-phys\/wp-json\/wp\/v2\/media?parent=8239"}],"curies":[{"name":"wp","href":"https:\/\/api.w.org\/{rel}","templated":true}]}}