{"id":8251,"date":"2026-04-18T23:42:12","date_gmt":"2026-04-18T20:42:12","guid":{"rendered":"https:\/\/www.phys.uaic.ro\/new-phys\/?page_id=8251"},"modified":"2026-04-18T23:42:16","modified_gmt":"2026-04-18T20:42:16","slug":"conducerea-facultatii","status":"publish","type":"page","link":"https:\/\/www.phys.uaic.ro\/new-phys\/conducerea-facultatii\/","title":{"rendered":"Conducerea Facult\u0103\u021bii"},"content":{"rendered":"\n<p><strong>DECAN<\/strong><\/p>\n\n\n\n<ul class=\"wp-block-list\">\n<li><a href=\"https:\/\/www.phys.uaic.ro\/old\/index.php\/organizare\/personal-didactic\/ionut-cristian-topala\">Prof. Dr. habil. Ionu\u021b Cristian TOPAL\u0102<\/a><\/li>\n\n\n\n<li><em><strong>Audien\u021be:<\/strong> mar\u021bi \u0219i joi, 11-12<\/em><\/li>\n<\/ul>\n\n\n\n<p><strong>Prodecan<\/strong><\/p>\n\n\n\n<ul class=\"wp-block-list\">\n<li><a href=\"https:\/\/www.phys.uaic.ro\/old\/index.php\/organizare\/personal-didactic\/catalin-agheorghiesei\">Lect. Dr. C\u0103t\u0103lin AGHEORGHIESEI<\/a><\/li>\n<\/ul>\n\n\n\n<p><strong>Director al Departamentului de Fizic\u0103<\/strong><\/p>\n\n\n\n<ul class=\"wp-block-list\">\n<li><a href=\"https:\/\/www.phys.uaic.ro\/old\/index.php\/organizare\/personal-didactic\/iordana-astefanoaei\">Conf. Dr. habil. Iordana A\u0218TEF\u0102NOAEI<\/a><\/li>\n<\/ul>\n\n\n\n<p><strong>Consiliul facult\u0103\u021bii<\/strong><\/p>\n\n\n\n<ul class=\"wp-block-list\">\n<li><a href=\"https:\/\/www.phys.uaic.ro\/old\/index.php\/organizare\/personal-didactic\/laurentiu-stoleriu\/\">Prof. Dr. habil. Lauren\u021biu STOLERIU<\/a><\/li>\n\n\n\n<li><a href=\"https:\/\/www.phys.uaic.ro\/old\/index.php\/organizare\/personal-didactic\/dan-gheorghe-dimitriu\">Prof. Dr. habil. Dan Gheorghe DIMITRIU<\/a><\/li>\n\n\n\n<li><a href=\"https:\/\/www.phys.uaic.ro\/old\/index.php\/organizare\/personal-didactic\/ionut-cristian-topala\">Prof. Dr. habil. Ionu\u021b Cristian TOPAL\u0102<\/a><\/li>\n\n\n\n<li><a href=\"https:\/\/www.phys.uaic.ro\/old\/index.php\/organizare\/personal-didactic\/sebastian-dumitru-popescu\">Conf. Dr. Sebastian Dumitru POPESCU<\/a><\/li>\n\n\n\n<li><a href=\"https:\/\/www.phys.uaic.ro\/old\/index.php\/organizare\/personal-didactic\/iordana-astefanoaei\">Conf. Dr. habil. Iordana A\u0218TEF\u0102NOAEI<\/a><\/li>\n\n\n\n<li><a href=\"https:\/\/www.phys.uaic.ro\/old\/index.php\/organizare\/personal-didactic\/claudiu-costin\">Prof. Dr. habil. Claudiu COSTIN<\/a><\/li>\n\n\n\n<li><a href=\"https:\/\/www.phys.uaic.ro\/old\/index.php\/organizare\/personal-didactic\/valentin-pohoata\">Conf. Dr. Valentin POHOA\u021a\u0102<\/a><\/li>\n\n\n\n<li><a href=\"https:\/\/www.phys.uaic.ro\/old\/index.php\/organizare\/personal-didactic\/paul-gasner\">Lect. Dr. Paul GASNER<\/a><\/li>\n\n\n\n<li><a href=\"https:\/\/www.phys.uaic.ro\/old\/index.php\/organizare\/personal-didactic\/catalin-agheorghiesei\">Lect. Dr. C\u0103t\u0103lin AGHEORGHIESEI<\/a><\/li>\n\n\n\n<li><a href=\"https:\/\/www.phys.uaic.ro\/old\/index.php\/organizare\/personal-didactic\/diana-mihaela-mardare\/\">Prof. Dr. Diana Mihaela MARDARE<\/a><\/li>\n\n\n\n<li>Drd. Viorica-Monica MOISIUC<\/li>\n\n\n\n<li>Stud. Victor DOBRINESCU, master anul II<\/li>\n\n\n\n<li>Stud. Antonia CR\u0102CIUN, licen\u021b\u0103 anul III<\/li>\n<\/ul>\n\n\n\n<p><strong>Membri suplean\u0163i<\/strong><\/p>\n\n\n\n<ul class=\"wp-block-list\">\n<li><a href=\"https:\/\/www.phys.uaic.ro\/old\/index.php\/organizare\/personal-didactic\/petronel-postolache\">Lect. dr. Petronel POSTOLACHE<\/a><\/li>\n\n\n\n<li><a href=\"https:\/\/www.phys.uaic.ro\/old\/index.php\/organizare\/personal-didactic\/leontin-padurariu-en\/\">Lect. dr. Leontin P\u0102DURARIU<\/a><\/li>\n\n\n\n<li><a href=\"https:\/\/www.phys.uaic.ro\/old\/index.php\/vlad-alexandru-lukacs\/\">Lect. dr. Vlad-Alexandru LUKACS<\/a><\/li>\n<\/ul>\n\n\n\n<p><strong>Consiliul Departamentului de Fizic\u0103<\/strong><\/p>\n\n\n\n<ul class=\"wp-block-list\">\n<li><a href=\"https:\/\/www.phys.uaic.ro\/old\/index.php\/organizare\/personal-didactic\/iordana-astefanoaei\">Conf. Dr. habil. Iordana A\u0218TEF\u0102NOAEI<\/a><\/li>\n\n\n\n<li><a href=\"https:\/\/www.phys.uaic.ro\/old\/index.php\/organizare\/personal-didactic\/ionut-cristian-topala\">Prof. Dr. habil. Ionu\u021b Cristian TOPAL\u0102<\/a><\/li>\n\n\n\n<li><a href=\"https:\/\/www.phys.uaic.ro\/old\/index.php\/organizare\/personal-didactic\/dan-gheorghe-dimitriu\">Prof. Dr. habil. Dan Gheorghe DIMITRIU<\/a><\/li>\n\n\n\n<li><a href=\"https:\/\/www.phys.uaic.ro\/old\/index.php\/organizare\/personal-didactic\/laurentiu-stoleriu\">Prof. Dr. habil. Lauren\u021biu STOLERIU<\/a><\/li>\n\n\n\n<li><a href=\"https:\/\/www.phys.uaic.ro\/old\/index.php\/organizare\/personal-didactic\/catalin-agheorghiesei\">Lect. Dr. C\u0103t\u0103lin AGHEORGHIESEI<\/a><\/li>\n<\/ul>\n\n\n\n<p><a href=\"https:\/\/www.phys.uaic.ro\/old\/wp-content\/uploads\/2026\/02\/hotarari-Consiliu-2025-2026.pdf\" target=\"_blank\" rel=\"noreferrer noopener\">Hot\u0103r\u00e2rile Consiliului Facult\u0103\u0163ii<\/a><\/p>\n\n\n\n<p><a href=\"https:\/\/www.phys.uaic.ro\/old\/wp-content\/uploads\/2025\/12\/Comisii-CEAC-si-evaluare-periodica-programe-de-studii.pdf\" target=\"_blank\" rel=\"noreferrer noopener\">Comisii CEAC si evaluare periodic\u0103 programe de studii<\/a><\/p>\n\n\n\n<p><a href=\"https:\/\/www.phys.uaic.ro\/old\/wp-content\/uploads\/2026\/01\/Componenta-CEU-la-12.12.2025_site-UAIC.pdf\" target=\"_blank\" rel=\"noreferrer noopener\">Componen\u021ba Comisiei de Etic\u0103 Universitar\u0103 UAIC<\/a><\/p>\n","protected":false},"excerpt":{"rendered":"<p>DECAN Prodecan Director al Departamentului de Fizic\u0103 Consiliul facult\u0103\u021bii Membri suplean\u0163i Consiliul Departamentului de Fizic\u0103 Hot\u0103r\u00e2rile Consiliului Facult\u0103\u0163ii Comisii CEAC si evaluare periodic\u0103 programe de studii Componen\u021ba Comisiei de Etic\u0103 Universitar\u0103 UAIC<\/p>\n","protected":false},"author":3,"featured_media":0,"parent":0,"menu_order":0,"comment_status":"closed","ping_status":"closed","template":"","meta":{"footnotes":""},"class_list":["post-8251","page","type-page","status-publish","hentry"],"_links":{"self":[{"href":"https:\/\/www.phys.uaic.ro\/new-phys\/wp-json\/wp\/v2\/pages\/8251","targetHints":{"allow":["GET"]}}],"collection":[{"href":"https:\/\/www.phys.uaic.ro\/new-phys\/wp-json\/wp\/v2\/pages"}],"about":[{"href":"https:\/\/www.phys.uaic.ro\/new-phys\/wp-json\/wp\/v2\/types\/page"}],"author":[{"embeddable":true,"href":"https:\/\/www.phys.uaic.ro\/new-phys\/wp-json\/wp\/v2\/users\/3"}],"replies":[{"embeddable":true,"href":"https:\/\/www.phys.uaic.ro\/new-phys\/wp-json\/wp\/v2\/comments?post=8251"}],"version-history":[{"count":1,"href":"https:\/\/www.phys.uaic.ro\/new-phys\/wp-json\/wp\/v2\/pages\/8251\/revisions"}],"predecessor-version":[{"id":8252,"href":"https:\/\/www.phys.uaic.ro\/new-phys\/wp-json\/wp\/v2\/pages\/8251\/revisions\/8252"}],"wp:attachment":[{"href":"https:\/\/www.phys.uaic.ro\/new-phys\/wp-json\/wp\/v2\/media?parent=8251"}],"curies":[{"name":"wp","href":"https:\/\/api.w.org\/{rel}","templated":true}]}}