{"id":8267,"date":"2026-04-19T00:03:39","date_gmt":"2026-04-18T21:03:39","guid":{"rendered":"https:\/\/www.phys.uaic.ro\/new-phys\/?page_id=8267"},"modified":"2026-04-19T10:15:16","modified_gmt":"2026-04-19T07:15:16","slug":"titluri-onorifice","status":"publish","type":"page","link":"https:\/\/www.phys.uaic.ro\/new-phys\/titluri-onorifice\/","title":{"rendered":"Titluri onorifice"},"content":{"rendered":"\n<div data-wp-context=\"{ &quot;autoclose&quot;: false, &quot;accordionItems&quot;: [] }\" data-wp-interactive=\"core\/accordion\" role=\"group\" class=\"wp-block-accordion is-layout-flow wp-block-accordion-is-layout-flow\">\n<div data-wp-class--is-open=\"state.isOpen\" data-wp-context=\"{ &quot;id&quot;: &quot;accordion-item-1&quot;, &quot;openByDefault&quot;: false }\" data-wp-init=\"callbacks.initAccordionItems\" data-wp-on-window--hashchange=\"callbacks.hashChange\" class=\"wp-block-accordion-item is-layout-flow wp-block-accordion-item-is-layout-flow\">\n<h3 class=\"wp-block-accordion-heading\"><button aria-expanded=\"false\" aria-controls=\"accordion-item-1-panel\" data-wp-bind--aria-expanded=\"state.isOpen\" data-wp-on--click=\"actions.toggle\" data-wp-on--keydown=\"actions.handleKeyDown\" id=\"accordion-item-1\" type=\"button\" class=\"wp-block-accordion-heading__toggle\"><span class=\"wp-block-accordion-heading__toggle-title\">Doctor Honoris Causa<\/span><span class=\"wp-block-accordion-heading__toggle-icon\" aria-hidden=\"true\">+<\/span><\/button><\/h3>\n\n\n\n<div inert aria-labelledby=\"accordion-item-1\" data-wp-bind--inert=\"!state.isOpen\" id=\"accordion-item-1-panel\" role=\"region\" class=\"wp-block-accordion-panel is-layout-flow wp-block-accordion-panel-is-layout-flow\">\n<p class=\"has-text-align-center\">Lista personalit\u0103\u0163ilor c\u0103rora li s-a acordat titlul de<br><strong>Doctor Honoris Causa<\/strong><br>al Universit\u0103\u0163ii Alexandru Ioan Cuza din Ia\u015fi<br>la propunerea Facult\u0103\u021bii de Fizic\u0103<\/p>\n\n\n\n<ol class=\"wp-block-list\">\n<li>Prof. univ. dr. <strong>Camille GUTTON<\/strong>, Universitatea din Nancy, mai 1938<\/li>\n\n\n\n<li>Prof. univ. dr. <strong>Aim\u00e9 COTTON<\/strong>, Universitatea din Paris (Sorbona), Fran\u021ba, mai 1938<\/li>\n\n\n\n<li>Acad. Prof. univ. dr. <strong>Horia HULUBEI<\/strong>, Universitatea din Bucure\u0219ti, Rom\u00e2nia, 23 noiembrie 1966<\/li>\n\n\n\n<li>Prof. univ. dr. <strong>Toshitaka NABESHIMA<\/strong>, Universitatea Nagoya, Japonia, 3 noiembrie 1998<\/li>\n\n\n\n<li>Prof. univ. dr. <strong>Radu B\u0102LESCU<\/strong>, Universitatea Liber\u0103 din Bruxelles, Belgia, 26 septembrie 2000<\/li>\n\n\n\n<li>Prof. univ. dr. <strong>Basarab NICOLESCU<\/strong>, Centrul Na\u0163ional al Cercet\u0103rii \u015etiin\u0163ifice, Paris, Fran\u0163a, 26 octombrie 2000<\/li>\n\n\n\n<li>Prof. univ. dr. <a href=\"https:\/\/www.uaic.ro\/wp-content\/uploads\/2013\/12\/Laudatio_-Roman-Wolfgang-Schrittwieser_RO_final.pdf\"><strong>Roman Wolfgang SCHRITTWIESER<\/strong><\/a>, Universitatea din Innsbruck, Austria, 29 aprilie 2015<\/li>\n\n\n\n<li>Prof. univ. dr. <a href=\"http:\/\/www.uaic.ro\/wp-content\/uploads\/2013\/12\/Laudatio_-Rolf-HEMPELMANN_RO_final.pdf\"><strong>Rolf HEMPELMANN<\/strong><\/a>, Universitatea din Saarland, Saarbr\u00fccken, Germania, 18 mai 2017<\/li>\n\n\n\n<li>Dr. <a href=\"https:\/\/www.uaic.ro\/wp-content\/uploads\/2023\/05\/Laudatio_Dumitru-Prunariu_FINAL.pdf\"><strong>Dumitru Dorin PRUNARIU<\/strong><\/a>, 22 mai 2023<\/li>\n<\/ol>\n<\/div>\n<\/div>\n<\/div>\n\n\n\n<div data-wp-context=\"{ &quot;autoclose&quot;: false, &quot;accordionItems&quot;: [] }\" data-wp-interactive=\"core\/accordion\" role=\"group\" class=\"wp-block-accordion is-layout-flow wp-block-accordion-is-layout-flow\">\n<div data-wp-class--is-open=\"state.isOpen\" data-wp-context=\"{ &quot;id&quot;: &quot;accordion-item-2&quot;, &quot;openByDefault&quot;: false }\" data-wp-init=\"callbacks.initAccordionItems\" data-wp-on-window--hashchange=\"callbacks.hashChange\" class=\"wp-block-accordion-item is-layout-flow wp-block-accordion-item-is-layout-flow\">\n<h3 class=\"wp-block-accordion-heading\"><button aria-expanded=\"false\" aria-controls=\"accordion-item-2-panel\" data-wp-bind--aria-expanded=\"state.isOpen\" data-wp-on--click=\"actions.toggle\" data-wp-on--keydown=\"actions.handleKeyDown\" id=\"accordion-item-2\" type=\"button\" class=\"wp-block-accordion-heading__toggle\"><span class=\"wp-block-accordion-heading__toggle-title\">Profesor de Onoare<\/span><span class=\"wp-block-accordion-heading__toggle-icon\" aria-hidden=\"true\">+<\/span><\/button><\/h3>\n\n\n\n<div inert aria-labelledby=\"accordion-item-2\" data-wp-bind--inert=\"!state.isOpen\" id=\"accordion-item-2-panel\" role=\"region\" class=\"wp-block-accordion-panel is-layout-flow wp-block-accordion-panel-is-layout-flow\">\n<p class=\"has-text-align-center\">Lista personalit\u0103\u0163ilor c\u0103rora li s-a acordat titlul de<br><strong>Profesor de Onoare<\/strong><br>al Universit\u0103\u0163ii Alexandru Ioan Cuza din Ia\u015fi<br>la propunerea Facult\u0103\u021bii de Fizic\u0103<\/p>\n\n\n\n<ol class=\"wp-block-list\">\n<li>Prof. univ. dr. <strong>Kazuyuki OHE<\/strong>, Institutul de Tehnologie din Nagoya, Japonia, 2000<\/li>\n\n\n\n<li>Prof. univ. dr. <strong>Claire DEMUYNCK<\/strong>, Universitatea de \u0218tiin\u021be \u0219i Tehnologii din Lille, Fran\u021ba, 2003<\/li>\n\n\n\n<li>Prof. univ. dr. <strong>Siegbert KUHN<\/strong>, Universitatea din Innsbruck, Austria, 2003<\/li>\n\n\n\n<li>Prof. univ. dr. <strong>Jean BRETAGNE<\/strong>, Universitatea Paris Sud Orsay, Fran\u021ba, 2003<\/li>\n\n\n\n<li>Prof. univ. dr. <strong>Roman SCHRITTWIESER<\/strong>, Universitatea din Innsbruck, Austria, 2003<\/li>\n\n\n\n<li>Prof. univ. dr. <a href=\"http:\/\/www.uaic.ro\/wp-content\/uploads\/2013\/12\/LaudatioROKandofinal.pdf\"><strong>Masashi KANDO<\/strong><\/a>, Universitatea Shizuoka, Japonia, septembrie 2011<\/li>\n\n\n\n<li>Prof. univ. dr. <strong>Masaaki NAGATSU<\/strong>, Universitatea Shizuoka, Japonia, iulie 2015<\/li>\n\n\n\n<li>Prof. univ. dr. <a href=\"http:\/\/www.uaic.ro\/wp-content\/uploads\/2013\/12\/Laudatio-Evangelos-Vitoratos_RO_final-1.pdf\"><strong>Evangelos VITORATOS<\/strong><\/a>, Universitatea din Patras, Grecia, 18 mai 2017<\/li>\n\n\n\n<li>Prof. univ. dr. <a href=\"https:\/\/www.uaic.ro\/wp-content\/uploads\/2024\/05\/interior-text-bro%C8%99ur%C4%83-Laudatio_Cristian-FOC%C8%98A_final.pdf\"><strong>Cristian FOCSA<\/strong><\/a>, Universitatea din Lille, Franta, 8 mai 2024<\/li>\n<\/ol>\n<\/div>\n<\/div>\n<\/div>\n\n\n\n<div data-wp-context=\"{ &quot;autoclose&quot;: false, &quot;accordionItems&quot;: [] }\" data-wp-interactive=\"core\/accordion\" role=\"group\" class=\"wp-block-accordion is-layout-flow wp-block-accordion-is-layout-flow\">\n<div data-wp-class--is-open=\"state.isOpen\" data-wp-context=\"{ &quot;id&quot;: &quot;accordion-item-3&quot;, &quot;openByDefault&quot;: false }\" data-wp-init=\"callbacks.initAccordionItems\" data-wp-on-window--hashchange=\"callbacks.hashChange\" class=\"wp-block-accordion-item is-layout-flow wp-block-accordion-item-is-layout-flow\">\n<h3 class=\"wp-block-accordion-heading\"><button aria-expanded=\"false\" aria-controls=\"accordion-item-3-panel\" data-wp-bind--aria-expanded=\"state.isOpen\" data-wp-on--click=\"actions.toggle\" data-wp-on--keydown=\"actions.handleKeyDown\" id=\"accordion-item-3\" type=\"button\" class=\"wp-block-accordion-heading__toggle\"><span class=\"wp-block-accordion-heading__toggle-title\">Profesor Emeritus<\/span><span class=\"wp-block-accordion-heading__toggle-icon\" aria-hidden=\"true\">+<\/span><\/button><\/h3>\n\n\n\n<div inert aria-labelledby=\"accordion-item-3\" data-wp-bind--inert=\"!state.isOpen\" id=\"accordion-item-3-panel\" role=\"region\" class=\"wp-block-accordion-panel is-layout-flow wp-block-accordion-panel-is-layout-flow\">\n<p class=\"has-text-align-center\">Lista profesorilor Facult\u0103\u021bii de Fizic\u0103 c\u0103rora li s-a acordat titlul de<br><strong>Profesor Emeritus<\/strong><br>al Universit\u0103\u0163ii Alexandru Ioan Cuza din Ia\u015fi<\/p>\n\n\n\n<ol class=\"wp-block-list\">\n<li>Prof. univ. dr. <strong>Mardare SOROHAN<\/strong>, 2005<\/li>\n\n\n\n<li>Prof. univ. dr. <strong>Margareta IGNAT<\/strong>, 2005<\/li>\n\n\n\n<li>Prof. univ. dr. ing. <strong>Dumitru SANDU<\/strong>, 2005<\/li>\n\n\n\n<li>Prof. univ. dr. <strong>Gheorghe Ioan RUSU<\/strong>, 2007<\/li>\n\n\n\n<li>Prof. univ. dr. <strong>Mitachi STRAT<\/strong>, 2007<\/li>\n\n\n\n<li>Prof. univ. dr. <strong>Mihaela RUSU<\/strong>, 2007<\/li>\n\n\n\n<li>Prof. univ. dr. <strong>Leopold Dieter BIBOROSCH<\/strong>, 2007<\/li>\n\n\n\n<li>Prof. univ. dr. <strong>Gheorghe POPA<\/strong>, 2012<\/li>\n\n\n\n<li>Prof. univ. dr. <strong>Mihai TOMA<\/strong>, 2012<\/li>\n\n\n\n<li>Prof. univ. dr. <strong>Violeta GEORGESCU<\/strong>, 2012<\/li>\n\n\n\n<li>Prof. univ. dr. <strong>Dana-Ortansa DOROHOI<\/strong>, 2012<\/li>\n\n\n\n<li>Prof. univ. dr. doc. <strong>Mircea SANDULOVICIU<\/strong>, 2014<\/li>\n\n\n\n<li>Prof. univ. dr. <strong>Ioan MERCHE\u015e<\/strong>, 2014<\/li>\n\n\n\n<li>Prof. univ. dr. <strong>Erzilia LOZNEANU<\/strong>, 2014<\/li>\n\n\n\n<li>Prof. univ. dr. <strong>Maria NEAGU<\/strong>, 2015<\/li>\n\n\n\n<li>Prof. univ. dr. <strong>Nicoleta \u2013 Viorica DUMITRA\u0218CU<\/strong>, 2015<\/li>\n\n\n\n<li>Prof. univ. dr. <strong>Dumitru LUCA<\/strong>, 2016<\/li>\n\n\n\n<li>Prof. univ. dr. <strong>Felicia \u2013 Dacia IACOMI<\/strong>, 2017<\/li>\n\n\n\n<li>Prof. univ. dr. habil. <strong>Emilia Dorina CREANG\u0102<\/strong>, 2021<\/li>\n\n\n\n<li>Prof. univ. dr. <strong>Alexandru STANCU<\/strong>, 2022<\/li>\n\n\n\n<li>Prof. univ. dr. habil. <strong>Liviu LEONTIE<\/strong>, 2022<\/li>\n\n\n\n<li>Prof. univ. dr. habil. <strong>Cristian EN\u0102CHESCU<\/strong>, 2024<\/li>\n\n\n\n<li>Prof. univ. dr. <strong>Ciprian DARIESCU<\/strong>, 2025<\/li>\n\n\n\n<li>Prof. univ. dr. habil. <strong>Lucel S\u00ceRGHI<\/strong>, 2025<\/li>\n<\/ol>\n<\/div>\n<\/div>\n<\/div>\n","protected":false},"excerpt":{"rendered":"","protected":false},"author":3,"featured_media":0,"parent":0,"menu_order":0,"comment_status":"closed","ping_status":"closed","template":"","meta":{"footnotes":""},"class_list":["post-8267","page","type-page","status-publish","hentry"],"_links":{"self":[{"href":"https:\/\/www.phys.uaic.ro\/new-phys\/wp-json\/wp\/v2\/pages\/8267","targetHints":{"allow":["GET"]}}],"collection":[{"href":"https:\/\/www.phys.uaic.ro\/new-phys\/wp-json\/wp\/v2\/pages"}],"about":[{"href":"https:\/\/www.phys.uaic.ro\/new-phys\/wp-json\/wp\/v2\/types\/page"}],"author":[{"embeddable":true,"href":"https:\/\/www.phys.uaic.ro\/new-phys\/wp-json\/wp\/v2\/users\/3"}],"replies":[{"embeddable":true,"href":"https:\/\/www.phys.uaic.ro\/new-phys\/wp-json\/wp\/v2\/comments?post=8267"}],"version-history":[{"count":3,"href":"https:\/\/www.phys.uaic.ro\/new-phys\/wp-json\/wp\/v2\/pages\/8267\/revisions"}],"predecessor-version":[{"id":8313,"href":"https:\/\/www.phys.uaic.ro\/new-phys\/wp-json\/wp\/v2\/pages\/8267\/revisions\/8313"}],"wp:attachment":[{"href":"https:\/\/www.phys.uaic.ro\/new-phys\/wp-json\/wp\/v2\/media?parent=8267"}],"curies":[{"name":"wp","href":"https:\/\/api.w.org\/{rel}","templated":true}]}}