{"id":8288,"date":"2026-04-19T00:40:08","date_gmt":"2026-04-18T21:40:08","guid":{"rendered":"https:\/\/www.phys.uaic.ro\/new-phys\/?page_id=8288"},"modified":"2026-04-19T00:40:12","modified_gmt":"2026-04-18T21:40:12","slug":"regulamentele-facultatii-de-fizica","status":"publish","type":"page","link":"https:\/\/www.phys.uaic.ro\/new-phys\/regulamentele-facultatii-de-fizica\/","title":{"rendered":"Regulamentele Facult\u0103\u021bii de Fizic\u0103"},"content":{"rendered":"\n<ul class=\"wp-block-list\">\n<li><a href=\"https:\/\/www.phys.uaic.ro\/new-phys\/wp-content\/uploads\/2025\/10\/ROF-Cadru-Facultatea-de-Fizica_site.pdf\" target=\"_blank\" rel=\"noreferrer noopener\">Regulament de organizare \u0219i func\u021bionare a Facult\u0103\u021bii de Fizic\u0103<\/a><\/li>\n\n\n\n<li><a href=\"https:\/\/www.uaic.ro\/wp-content\/uploads\/2025\/06\/Anex%C4%83-la-HS2.pdf\">Regulamentul privind activitatea profesional\u0103 a studen\u021bilor \u2013 ciclul studii universitare de licen\u021b\u0103 (aprobat \u00een \u0218edin\u021ba Senatului din data de 22 mai 2025)<\/a><\/li>\n\n\n\n<li><a href=\"https:\/\/www.uaic.ro\/wp-content\/uploads\/2025\/06\/Anex%C4%83-la-HS3.pdf\">Regulamentul privind activitatea profesional\u0103 a studen\u021bilor \u2013 ciclul studii universitare de masterat (aprobat \u00een \u0218edin\u021ba Senatului din data de 22 mai 2025)<\/a><\/li>\n<\/ul>\n\n\n\n<ul class=\"wp-block-list\">\n<li><a href=\"https:\/\/www.phys.uaic.ro\/new-phys\/wp-content\/uploads\/2022\/04\/regulament_practica_fizica_2021.pdf\">Regulament de organizare \u0219i desf\u0103\u0219urare a practicii studen\u021be\u0219ti la Facultatea de Fizic\u0103<\/a> <\/li>\n\n\n\n<li><a href=\"https:\/\/www.uaic.ro\/wp-content\/uploads\/2025\/10\/Anex%C4%83-HS13.pdf\">Regulamentul institu\u021bional privind studiile universitare de doctorat (aprobat \u00een \u0219edin\u021ba Senatului UAIC din data de 18 septembrie 2025)<\/a><\/li>\n\n\n\n<li><a href=\"https:\/\/www.uaic.ro\/wp-content\/uploads\/2022\/09\/Regulament-postdoctorat_2022.pdf\">Regulament privind organizarea \u015fi desf\u0103\u015furarea programelor postdoctorale de cercetare avansat\u0103(22.09.2022)<\/a><\/li>\n\n\n\n<li><a href=\"https:\/\/www.uaic.ro\/wp-content\/uploads\/2025\/02\/Regulament_finalizare_studii_iulie2025_aprobatSenat30.01.2025.pdf\">Regulamentul privind organizarea \u015fi desf\u0103\u015furarea examenelor de absolvire, licen\u0163\u0103\/diplom\u0103 \u0219i diserta\u0163ie (sesiunile: iulie 2025, septembrie 2025 \u0219i februarie 2026)<\/a><\/li>\n\n\n\n<li><a href=\"https:\/\/www.uaic.ro\/wp-content\/uploads\/2025\/03\/Anex%C4%83-HS7.pdf\">Metodologia privind organizarea activit\u0103\u021bilor de evaluare a studen\u021bilor (februarie 2025)<\/a><\/li>\n<\/ul>\n","protected":false},"excerpt":{"rendered":"","protected":false},"author":3,"featured_media":0,"parent":0,"menu_order":0,"comment_status":"closed","ping_status":"closed","template":"","meta":{"footnotes":""},"class_list":["post-8288","page","type-page","status-publish","hentry"],"_links":{"self":[{"href":"https:\/\/www.phys.uaic.ro\/new-phys\/wp-json\/wp\/v2\/pages\/8288","targetHints":{"allow":["GET"]}}],"collection":[{"href":"https:\/\/www.phys.uaic.ro\/new-phys\/wp-json\/wp\/v2\/pages"}],"about":[{"href":"https:\/\/www.phys.uaic.ro\/new-phys\/wp-json\/wp\/v2\/types\/page"}],"author":[{"embeddable":true,"href":"https:\/\/www.phys.uaic.ro\/new-phys\/wp-json\/wp\/v2\/users\/3"}],"replies":[{"embeddable":true,"href":"https:\/\/www.phys.uaic.ro\/new-phys\/wp-json\/wp\/v2\/comments?post=8288"}],"version-history":[{"count":1,"href":"https:\/\/www.phys.uaic.ro\/new-phys\/wp-json\/wp\/v2\/pages\/8288\/revisions"}],"predecessor-version":[{"id":8289,"href":"https:\/\/www.phys.uaic.ro\/new-phys\/wp-json\/wp\/v2\/pages\/8288\/revisions\/8289"}],"wp:attachment":[{"href":"https:\/\/www.phys.uaic.ro\/new-phys\/wp-json\/wp\/v2\/media?parent=8288"}],"curies":[{"name":"wp","href":"https:\/\/api.w.org\/{rel}","templated":true}]}}