{"id":8297,"date":"2026-04-19T00:52:22","date_gmt":"2026-04-18T21:52:22","guid":{"rendered":"https:\/\/www.phys.uaic.ro\/new-phys\/?page_id=8297"},"modified":"2026-04-19T01:00:51","modified_gmt":"2026-04-18T22:00:51","slug":"concursuri","status":"publish","type":"page","link":"https:\/\/www.phys.uaic.ro\/new-phys\/concursuri\/","title":{"rendered":"Concursuri"},"content":{"rendered":"\n<h3 class=\"wp-block-heading\"><a href=\"https:\/\/www.phys.uaic.ro\/new-phys\/wp-content\/uploads\/2025\/03\/Macheta_gradatii_2025-martie.xlsx\">Macheta pentru concursul de gradatii de merit\/ spor de performanta academica<\/a><\/h3>\n\n\n\n<p><a href=\"https:\/\/www.phys.uaic.ro\/new-phys\/wp-content\/uploads\/2025\/02\/Monitorul-Oficial-Partea-I-nr.-121Bis.pdf\" target=\"_blank\" rel=\"noreferrer noopener\"><strong><em>Ordinul Ministrului Educatiei si Cercetarii nr. 3019\/2025<\/em><\/strong><em>pentru aprobarea <\/em><strong><em>standardelor minimale na\u021bionale <\/em><\/strong><em>necesare \u0219i obligatorii pentru<\/em> <em>conferirea<strong>titlului de conferen\u021biar \u0219i a celui de profesor din \u00eenv\u0103\u021b\u0103m\u00e2ntul superior, precum \u0219i a atestatului de abilitare<\/strong><\/em><\/a><\/p>\n\n\n\n<p><strong><a href=\"https:\/\/www.phys.uaic.ro\/new-phys\/wp-content\/uploads\/2025\/12\/Calendar_de_concurs_GMSPA_didactic.pdf\" target=\"_blank\" rel=\"noreferrer noopener\"><em>Calendarul de concurs pentru ob\u021binerea grada\u021biei de merit \u0219i a sporului de performan\u021b\u0103 academic\u0103 2026 de c\u0103tre personalul didactic<\/em><\/a><\/strong><\/p>\n\n\n\n<p><strong>Comisia de evaluare a dosarelor<\/strong><br><strong>\u2013 <\/strong>prof. univ. dr. Tudor Luchian<br>\u2013 prof. univ. dr. Silviu Gurlui<br>\u2013 prof. univ. dr. Diana Mardare<\/p>\n\n\n\n<p><strong>Comisia de solu\u021bionare a contesta\u021biilor<\/strong><br><strong>\u2013 <\/strong>conf. univ. dr. Alina Chiper<br>\u2013 conf. univ. dr. Valentin Pohoata<br>\u2013 conf. univ. dr. Lavinia Curecheriu<\/p>\n\n\n\n<h3 class=\"wp-block-heading\"><strong>Concursuri cadre didactice asociate 2025<\/strong><\/h3>\n\n\n\n<p><a href=\"https:\/\/www.phys.uaic.ro\/new-phys\/wp-content\/uploads\/2024\/09\/3.-Metodologia-de-angajare-a-specialistilor.pdf\" target=\"_blank\" rel=\"noreferrer noopener\">Metodologie de concurs<\/a><\/p>\n\n\n\n<p><strong><a href=\"https:\/\/www.phys.uaic.ro\/new-phys\/wp-content\/uploads\/2025\/09\/Lista-discipline-concurs_posturi-vacante-si-cadre-didactice-asociate_2025-2026.pdf\" target=\"_blank\" rel=\"noreferrer noopener\">Lista disciplinelor din posturile vacante pentru concurs<\/a><\/strong><\/p>\n\n\n\n<p><a href=\"https:\/\/www.phys.uaic.ro\/new-phys\/wp-content\/uploads\/2025\/09\/Cerere_template_plata-cu-ora_cadru-didactic-asociat-2025.pdf\" target=\"_blank\" rel=\"noreferrer noopener\">Model cerere<\/a><\/p>\n\n\n\n<p><a href=\"https:\/\/www.phys.uaic.ro\/new-phys\/wp-content\/uploads\/2025\/09\/LISTA-DOCUMENTE-ASOCIATI-DECLARATII.pdf\" target=\"_blank\" rel=\"noreferrer noopener\">Lista declaratii<\/a><\/p>\n\n\n\n<p>Candidatii vor trimite documentele cerute in metodologie pe adresa <a href=\"mailto:fizica@uaic.ro\"><strong>fizica@uaic.ro<\/strong><\/a> in intervalul 09-10.09.2025.<\/p>\n\n\n\n<p>Comisia de concurs: prof. univ. dr. habil. Ionut Topala, prof. univ. dr. habil. Dan Gheorghe Dimitriu, conf. univ. dr. habil. Iordana Astefanoaei, lect. univ. dr. Catalin Agheorghiesei.<\/p>\n\n\n\n<h3 class=\"wp-block-heading\"><strong>Concurs pentru ocuparea postului de Asistent universitar pozi\u021bia 68, semestrul II 2024-2025<\/strong><\/h3>\n\n\n\n<p><a href=\"https:\/\/www.phys.uaic.ro\/new-phys\/wp-content\/uploads\/2025\/04\/4.-Tematica-si-bibliografia-concurs-Asistent-67-sem-2.pdf\">Tematica de concurs pentru ocuparea postului Asistent pozi\u0163ia 67 din Statele de func\u0163iuni<\/a><\/p>\n\n\n\n<h3 class=\"wp-block-heading\"><strong>Concurs pentru ocuparea postului de profesor universitar pozi\u021bia 13 \u2013 29 ianuarie 2025<\/strong><\/h3>\n\n\n\n<p>Subiectul prelegerii&nbsp; este:<\/p>\n\n\n\n<p><em>Descrierea plasmei \u00een modelul uni- particul\u0103. Mi\u0219carea de drift. Mi\u0219carea particulelor \u00een c\u00e2mpuri magnetice statice \u0219i uniforme. Momentul magnetic. Driftul electric.<\/em><\/p>\n\n\n\n<p><em><strong><a href=\"https:\/\/www.phys.uaic.ro\/new-phys\/wp-content\/uploads\/2025\/01\/Rezultate_CONCURS_Prof-poz-13-din-statele-de-functii.pdf\" target=\"_blank\" rel=\"noreferrer noopener\">Rezultat concurs<\/a><\/strong><\/em><\/p>\n\n\n\n<h3 class=\"wp-block-heading\"><strong>Concurs pentru ocuparea postului de profesor universitar pozi\u021bia 14 \u2013 30 ianuarie 2025<\/strong><\/h3>\n\n\n\n<p>Subiectul prelegerii&nbsp; este:<\/p>\n\n\n\n<p><em>Curen\u021bi electrici ionici \u00een celule si tesuturi; Elemente de circuit electric echivalente \u00een mediile biologice; Capacitatea electric\u0103 a membranelor celulare; Permeabilitatea membranelor celulare pentru curenti ionici<br><\/em><\/p>\n\n\n\n<p><strong><a href=\"https:\/\/www.phys.uaic.ro\/new-phys\/wp-content\/uploads\/2025\/01\/Rezultate_CONCURS_Prof-poz-14-din-statele-de-functii.pdf\" target=\"_blank\" rel=\"noreferrer noopener\"><em>Rezultat concurs<\/em><\/a><\/strong><\/p>\n\n\n\n<h3 class=\"wp-block-heading\"><strong>Concursuri cadre didactice asociate 2024<\/strong><\/h3>\n\n\n\n<p><a href=\"https:\/\/www.phys.uaic.ro\/new-phys\/wp-content\/uploads\/2024\/09\/3.-Metodologia-de-angajare-a-specialistilor.pdf\">Metodologie de concurs<\/a><\/p>\n\n\n\n<p><a href=\"https:\/\/www.phys.uaic.ro\/new-phys\/wp-content\/uploads\/2024\/09\/Lista-discipline-concurs_posturi-vacante-si-cadre-didactice-asociate_2024-2025.pdf\"><strong>Lista disciplinelor din posturile vacante pentru concurs<\/strong><\/a><\/p>\n\n\n\n<p><a href=\"https:\/\/www.phys.uaic.ronew-phys\/wp-content\/uploads\/2024\/09\/model_cerere_2024.pdf\">Model cerere<\/a><\/p>\n\n\n\n<p>Candidatii vor trimite documentele cerute in metodologie pe adresa <a href=\"mailto:fizica@uaic.ro\"><strong>fizica@uaic.ro<\/strong><\/a> in intervalul 13-16.09.2024.<\/p>\n\n\n\n<p>Comisia de concurs: prof. univ. dr. habil. Ionut Topala, conf. univ. dr. habil. Iordana Astefanoaei, lect. univ. dr. Catalin Agheorghiesei.<\/p>\n\n\n\n<h3 class=\"wp-block-heading\"><strong>Concurs pentru ocuparea postului de Asistent universitar pozi\u021bia 58, semestrul II 2023-2024<\/strong><\/h3>\n\n\n\n<p><a href=\"https:\/\/www.phys.uaic.ro\/old\/wp-content\/uploads\/2024\/05\/2024-Tematica-si-bibliografia-concurs-Asistent-58_sem-2.pdf\">Tematica de concurs pentru ocuparea postului Asistent pozi\u0163ia 58 din Statele de func\u0163iuni&nbsp;<\/a><\/p>\n\n\n\n<p>Proba scris\u0103 va avea loc luni 1 iulie 2024 ora 09:00, \u00een laboratorul de Fizica Atomului \u0219i Moleculei.<\/p>\n\n\n\n<p>Subiectul selectat pentru proba practica (concurs asistent pozitia 58 din statele de functii) programata mar\u021bi 2 iulie 2024 ora 09:00, in Laboratorul de Electronica, este:<\/p>\n\n\n\n<p><em>Caracteristici volt-amperice ale tranzistoarelor bipolare<\/em>.<\/p>\n\n\n\n<p><strong><a href=\"https:\/\/www.phys.uaic.ro\/old\/wp-content\/uploads\/2024\/07\/Rezultate_CONCURS_asistent-poz-58.pdf\">Rezultate concursurs 01-02 iulie 2024<\/a><\/strong><\/p>\n\n\n\n<h3 class=\"wp-block-heading\"><strong>Concurs pentru ocuparea postului de Lector universitar pozi\u021bia 49, semestrul II 2023-2024<\/strong><\/h3>\n\n\n\n<p>Tematica de concurs pentru ocuparea postului Asistent pozi\u0163ia 58 din Statele de func\u0163iuni ;<\/p>\n\n\n\n<p>1. Oscila\u021bii for\u021bate. Rezonan\u021ba amplitudinii, rezonanta vitezei. 2. Absorb\u021bia undelor. 3. Efectul Doppler. 4. Al doilea principiu al termodinamicii. Ciclul Carnot. Randamentul ciclului Carnot. Teorema lui Carnot. Inegalitatea lui Clausius. Entropia.5. Interac\u021biuni moleculare. Gaze reale. Ecua\u021bia Wan der Waals. Punctul critic.6. Modele nucleare \u2013 modelul pic\u0103tur\u0103 al nucleului atomic.<\/p>\n\n\n\n<p>Informatii suplimentare:<\/p>\n\n\n\n<p>Update 29 iunie, ora 11: Subiectul extras pentru prelegerea academica este<\/p>\n\n\n\n<p><strong>Efectul Doppler<\/strong><\/p>\n\n\n\n<p><strong><a href=\"https:\/\/www.phys.uaic.ro\/new-phys\/wp-content\/uploads\/2024\/07\/Rezultate_CONCURS_Lect-poz-49.pdf\">Rezultate concurs 01 iulie 2024<\/a><\/strong><\/p>\n\n\n\n<h3 class=\"wp-block-heading\"><strong>Concurs pentru ocuparea postului de profesor universitar pozi\u021bia 12 \u2013 31 ianuarie 2024<\/strong><\/h3>\n\n\n\n<p>Subiectul prelegerii&nbsp; este:<\/p>\n\n\n\n<p><em>Unde de materie. Confirm\u0103ri experimentale.<\/em><\/p>\n\n\n\n<h3 class=\"wp-block-heading\"><a href=\"https:\/\/www.phys.uaic.ro\/new-phys\/wp-content\/uploads\/2024\/02\/Rezultate_CONCURS_Prof-poz-12-si-Conf-poz-30-din-statele-de-functii.pdf\">Rezultate concursuri semestrul I \u2013 an universitar 2023-2024<\/a><\/h3>\n\n\n\n<h3 class=\"wp-block-heading\"><strong>Concurs pentru ocuparea postului de conferentiar universitar pozi\u021bia 30 \u2013 30 ianuarie 2024<\/strong><\/h3>\n\n\n\n<p>Subiectul prelegerii&nbsp; este:<\/p>\n\n\n\n<p><em>Principiile de baza ale fototerapiei si electroterapiei<\/em><\/p>\n\n\n\n<h3 class=\"wp-block-heading\"><a href=\"https:\/\/www.phys.uaic.ro\/new-phys\/wp-content\/uploads\/2024\/02\/Rezultate_CONCURS_Prof-poz-12-si-Conf-poz-30-din-statele-de-functii.pdf\">Rezultate concursuri semestrul I \u2013 an universitar 2023-2024<\/a><\/h3>\n\n\n\n<h3 class=\"wp-block-heading\"><strong>Concurs pentru ocuparea postului de Asistent universitar pozi\u021bia 58, semestrul I 2023-2024<\/strong><\/h3>\n\n\n\n<p><a href=\"https:\/\/www.phys.uaic.ro\/new-phys\/wp-content\/uploads\/2023\/12\/2023-Tematica-si-bibliografia-concurs-Asistent-58.pdf\">Tematica de concurs pentru ocuparea postului Asistent pozi\u0163ia 58 din Statele de func\u0163iuni\u00a0<\/a><\/p>\n\n\n\n<h3 class=\"wp-block-heading\"><strong>Concursuri cadre didactice asociate 2023<\/strong><\/h3>\n\n\n\n<p><a href=\"https:\/\/www.phys.uaic.ro\/new-phys\/wp-content\/uploads\/2023\/08\/3-METODOLOGIE-CONCURS-PENTRU-OCUPAREA-POSTURILOR-DID.-SI-CERC.PER_.DET_art-31-pag-16.pdf\">Metodologie de concurs<\/a><\/p>\n\n\n\n<p><a href=\"https:\/\/www.phys.uaic.ro\/new-phys\/wp-content\/uploads\/2023\/09\/Lista-discipline-concurs_posturi-vacante_2023-2024_v1.pdf\"><strong>Lista disciplinelor din posturile vacante pentru concurs<\/strong><\/a><\/p>\n\n\n\n<p><a href=\"https:\/\/www.phys.uaic.ro\/new-phys\/wp-content\/uploads\/2023\/08\/cerere_model.doc\">Model cerere<\/a><\/p>\n\n\n\n<p>Candidatii vor trimite documentele cerute in metodologie pe adresa <a href=\"mailto:fizica@uaic.ro\"><strong>fizica@uaic.ro<\/strong><\/a> pana pe data de 06.09.2023.<\/p>\n\n\n\n<p>Comisia de concurs: prof. univ. dr. habil. Cristian Enachescu, conf. univ. dr. habil. Ionut Topala, conf. univ. dr. habil. Iordana Astefanoaei.<\/p>\n\n\n\n<h3 class=\"wp-block-heading\"><strong>Concurs pentru ocuparea postului de Pro<\/strong><strong>fesor universitar pozi\u021bia 11 \u2013 25 ianuarie 2023<\/strong><\/h3>\n\n\n\n<p>Subiectul prelegerii&nbsp; este:<\/p>\n\n\n\n<p><em>Propagarea undelor ultrasonore \u00een lichide. Legea lui Rao<\/em><\/p>\n\n\n\n<p>La concurs s-a prezentat un singur candidat \u2013 conf. univ. dr. Dan Dimitriu- care a fost admis cu media 10.<\/p>\n\n\n\n<h3 class=\"wp-block-heading\"><strong>Concurs pentru ocuparea postului de Conferen\u021biar universitar pozi\u021bia 30 \u2013 26 ianuarie 2023<\/strong><\/h3>\n\n\n\n<p>Subiectul prelegerii&nbsp; este:<\/p>\n\n\n\n<p><em>Generarea numerelor aleatoare dupa o distributie data. Esantionarea prin eliminare \u0219i prin utilizarea distribu\u021biilor inversabile. Distribu\u021bii Gauss, exponen\u021biale. Alte distribu\u021bii.<\/em><\/p>\n\n\n\n<p>La concurs s-a prezentat un singur candidat \u2013 lect. univ. dr. Radu Tanasa- care a fost admis cu media 10.<\/p>\n\n\n\n<p><\/p>\n","protected":false},"excerpt":{"rendered":"<p>Macheta pentru concursul de gradatii de merit\/ spor de performanta academica Ordinul Ministrului Educatiei si Cercetarii nr. 3019\/2025pentru aprobarea standardelor minimale na\u021bionale necesare \u0219i obligatorii pentru conferireatitlului de conferen\u021biar \u0219i a celui de profesor din \u00eenv\u0103\u021b\u0103m\u00e2ntul superior, precum \u0219i a <a href=\"https:\/\/www.phys.uaic.ro\/new-phys\/concursuri\/\"> Read more&#8230;<\/a><\/p>\n","protected":false},"author":3,"featured_media":0,"parent":0,"menu_order":0,"comment_status":"closed","ping_status":"closed","template":"","meta":{"footnotes":""},"class_list":["post-8297","page","type-page","status-publish","hentry"],"_links":{"self":[{"href":"https:\/\/www.phys.uaic.ro\/new-phys\/wp-json\/wp\/v2\/pages\/8297","targetHints":{"allow":["GET"]}}],"collection":[{"href":"https:\/\/www.phys.uaic.ro\/new-phys\/wp-json\/wp\/v2\/pages"}],"about":[{"href":"https:\/\/www.phys.uaic.ro\/new-phys\/wp-json\/wp\/v2\/types\/page"}],"author":[{"embeddable":true,"href":"https:\/\/www.phys.uaic.ro\/new-phys\/wp-json\/wp\/v2\/users\/3"}],"replies":[{"embeddable":true,"href":"https:\/\/www.phys.uaic.ro\/new-phys\/wp-json\/wp\/v2\/comments?post=8297"}],"version-history":[{"count":3,"href":"https:\/\/www.phys.uaic.ro\/new-phys\/wp-json\/wp\/v2\/pages\/8297\/revisions"}],"predecessor-version":[{"id":8302,"href":"https:\/\/www.phys.uaic.ro\/new-phys\/wp-json\/wp\/v2\/pages\/8297\/revisions\/8302"}],"wp:attachment":[{"href":"https:\/\/www.phys.uaic.ro\/new-phys\/wp-json\/wp\/v2\/media?parent=8297"}],"curies":[{"name":"wp","href":"https:\/\/api.w.org\/{rel}","templated":true}]}}