{"id":8323,"date":"2026-04-20T10:10:28","date_gmt":"2026-04-20T07:10:28","guid":{"rendered":"https:\/\/www.phys.uaic.ro\/new-phys\/?page_id=8323"},"modified":"2026-04-28T14:38:02","modified_gmt":"2026-04-28T11:38:02","slug":"mobilitati-de-practica","status":"publish","type":"page","link":"https:\/\/www.phys.uaic.ro\/new-phys\/mobilitati-de-practica\/","title":{"rendered":"Mobilit\u0103\u021bi de practic\u0103"},"content":{"rendered":"\n<h2 class=\"wp-block-heading\">Anul universitar 2025-2026<\/h2>\n\n\n\n<p><strong>PROGRAMUL ERASMUS+ KA131-HED,&nbsp;<\/strong><strong>Mobilit\u0103\u021bi<\/strong><strong>&nbsp;de&nbsp;<\/strong><strong>practic\u0103<\/strong><strong>de&nbsp;<\/strong><strong>scurt\u0103<\/strong><strong>\/<\/strong><strong>lunga<\/strong><strong>&nbsp;<\/strong><strong>durat\u0103<\/strong><\/p>\n\n\n\n<p>Apel&nbsp;deschis&nbsp;la&nbsp;candidaturi&nbsp;pentru&nbsp;mobilit\u0103\u021bi&nbsp;studen\u021be\u0219ti&nbsp;de&nbsp;practic\u0103scurt\u0103\/lung\u0103&nbsp;durat\u0103<\/p>\n\n\n\n<p>CALENDARUL SELEC\u021aIEI:<\/p>\n\n\n\n<p>\u2022&nbsp;04.05&nbsp;\u2012&nbsp;25.05.2026:&nbsp;depunerea&nbsp;dosarelor&nbsp;de&nbsp;candidatur\u0103&nbsp;la&nbsp;secretariatul&nbsp;Facult\u0103\u021bii&nbsp;de&nbsp;Fizic\u0103;<\/p>\n\n\n\n<p>\u2022&nbsp;29.05.2026:&nbsp;interviu&nbsp;\u0219i&nbsp;afi\u0219area&nbsp;rezultatelor;<\/p>\n\n\n\n<p>\u2022&nbsp;30.05.2026&nbsp;depunerea&nbsp;eventualelor&nbsp;contesta\u021bii&nbsp;(mail la emilia.grigore@uaic.ro)<\/p>\n\n\n\n<p>\u2022&nbsp;02.06.2026:&nbsp;transmiterea&nbsp;procesului-verbal de&nbsp;selec\u021bie&nbsp;la&nbsp;BiroulErasmus+;<\/p>\n\n\n\n<p>DOCUMENTE NECESARE LA DOSARUL DE CANDIDATUR\u0102:<\/p>\n\n\n\n<p>\u2022&nbsp;<strong>Formular<\/strong><strong>&nbsp;de&nbsp;<\/strong><strong>candidatur\u0103<\/strong>&nbsp;\u2013 care&nbsp;va&nbsp;include<\/p>\n\n\n\n<p>&nbsp; &nbsp; &nbsp;o&nbsp;Motiva\u021bia&nbsp;(incluz\u00e2nd&nbsp;obiectivele&nbsp;concrete&nbsp;urm\u0103rite&nbsp;de&nbsp;candidat&nbsp;\u0219irezultatele&nbsp;a\u0219teptate)<\/p>\n\n\n\n<p>&nbsp; &nbsp; &nbsp;o&nbsp;Perioada&nbsp;propus\u0103&nbsp;pentru&nbsp;mobilitate<\/p>\n\n\n\n<p>&nbsp; &nbsp; &nbsp;o&nbsp;Declara\u021bie&nbsp;cu&nbsp;privire&nbsp;la&nbsp;num\u0103rul&nbsp;maxim de&nbsp;luni&nbsp;de&nbsp;mobilitateErasmus+ de care un student&nbsp;poate&nbsp;beneficia pe&nbsp;durata&nbsp;ciclului&nbsp;de&nbsp;studii&nbsp;la care&nbsp;este&nbsp;\u00eenmatriculat&nbsp;la&nbsp;momentul&nbsp;candidaturii;<\/p>\n\n\n\n<p>&nbsp; &nbsp; &nbsp;o&nbsp;Not\u0103&nbsp;de&nbsp;informare&nbsp;privind&nbsp;prelucrarea&nbsp;datelor&nbsp;cu&nbsp;caracterpersonal;<\/p>\n\n\n\n<p>\u2022&nbsp;<strong>Curriculum Vitae<\/strong>;<\/p>\n\n\n\n<p>\u2022&nbsp;<strong>Atestatul<\/strong><strong>&nbsp;de&nbsp;<\/strong><strong>limb\u0103<\/strong>&nbsp;\/&nbsp;foaia&nbsp;matricol\u0103&nbsp;din&nbsp;liceu&nbsp;\/&nbsp;certificatul&nbsp;de&nbsp;competen\u021be&nbsp;lingvistice&nbsp;ob\u021binut&nbsp;la&nbsp;examenul&nbsp;de&nbsp;Bacalaureat&nbsp;\/&nbsp;situa\u021bia\u0219colar\u0103&nbsp;aferent\u0103&nbsp;studiilor&nbsp;universitare&nbsp;la&nbsp;limba&nbsp;str\u0103in\u0103&nbsp;studiat\u0103&nbsp;sau&nbsp;la&nbsp;programul&nbsp;de&nbsp;studiu,&nbsp;pentru&nbsp;cei&nbsp;care&nbsp;studiaz\u0103&nbsp;\u00eentr-o&nbsp;limb\u0103&nbsp;str\u0103in\u0103, conform&nbsp;op\u021biunii&nbsp;candidatului&nbsp;\u0219i&nbsp;\u00een&nbsp;func\u021bie&nbsp;de&nbsp;limbile&nbsp;str\u0103ine&nbsp;studiate(va&nbsp;r\u0103m\u00e2ne&nbsp;\u00een&nbsp;copie&nbsp;la&nbsp;dosarul&nbsp;de&nbsp;selec\u021bie&nbsp;al&nbsp;studentului);<\/p>\n\n\n\n<p>\u2022&nbsp;<a><\/a><strong>Scrisoarea<\/strong><strong>&nbsp;de&nbsp;<\/strong><strong>invita\u021bie<\/strong><strong>&nbsp;din&nbsp;<\/strong><strong>partea<\/strong><strong>&nbsp;<\/strong><strong>universit\u0103\u021bii<\/strong>&nbsp;\/&nbsp;institu\u021biei&nbsp;gazd\u0103unde&nbsp;se&nbsp;va&nbsp;desf\u0103\u0219ura&nbsp;mobilitatea&nbsp;(se&nbsp;accept\u0103&nbsp;o&nbsp;copie&nbsp;scanat\u0103transmis\u0103&nbsp;prin&nbsp;email).<\/p>\n\n\n\n<p>CV-ul&nbsp;va&nbsp;fi&nbsp;prezentat&nbsp;\u00een&nbsp;limba&nbsp;de&nbsp;studiu&nbsp;a&nbsp;cursurilor,&nbsp;respectiv&nbsp;de&nbsp;lucru&nbsp;a&nbsp;activit\u0103\u021bilor&nbsp;desf\u0103\u0219urate&nbsp;\u00een&nbsp;mobilitate.<\/p>\n\n\n\n<p>Documente&nbsp;suplimentare,&nbsp;pentru&nbsp;studen\u021bii&nbsp;care nu au&nbsp;cet\u0103\u021benia&nbsp;unuistat&nbsp;membru&nbsp;UE:<\/p>\n\n\n\n<p>\u2022&nbsp;copie&nbsp;a&nbsp;permisului&nbsp;de&nbsp;\u0219edere&nbsp;pe&nbsp;teritoriul&nbsp;Rom\u00e2niei;&nbsp;excep\u021bie&nbsp;de la&nbsp;aceast\u0103&nbsp;cerin\u021b\u0103&nbsp;fac&nbsp;studen\u021bii&nbsp;\u00eenmatricula\u021bi&nbsp;la UAIC \u2013&nbsp;ExtensiuneaB\u0103l\u021bi.<\/p>\n\n\n\n<p>Imediat&nbsp;dup\u0103&nbsp;revenirea&nbsp;\u00een&nbsp;\u021bar\u0103&nbsp;ai&nbsp;obliga\u021bia&nbsp;de a&nbsp;depune&nbsp;<a href=\"https:\/\/www.uaic.ro\/wp-content\/uploads\/2025\/09\/Anexa-3-Cerere-de-echivalare-%C8%99i-recunoasterea-practica.doc\"><strong><em>o&nbsp;<\/em><\/strong><strong><em>cerere<\/em><\/strong><strong><em>&nbsp;de&nbsp;<\/em><\/strong><strong><em>recunoa\u0219tere<\/em><\/strong><strong><em>&nbsp;<\/em><\/strong><strong><em>\u0219i<\/em><\/strong><strong><em>&nbsp;<\/em><\/strong><strong><em>echivalare<\/em><\/strong><strong><em>&nbsp;a&nbsp;<\/em><\/strong><strong><em>mobilitatii<\/em><\/strong><strong><em>&nbsp;de&nbsp;<\/em><\/strong><strong><em>practic\u0103<\/em><\/strong><\/a>&nbsp;efectuate, la&nbsp;secretariatul&nbsp;facult\u0103\u021bii&nbsp;la care&nbsp;e\u0219ti&nbsp;\u00eenscris,&nbsp;\u00eempreun\u0103&nbsp;cu&nbsp;c\u00e2te&nbsp;o&nbsp;copiedup\u0103&nbsp;<em>Certificate of Stay<\/em>&nbsp;\u0219i&nbsp;<em>Traineeship Certificate<\/em>.<\/p>\n\n\n\n<p>Formular&nbsp;de&nbsp;candidatura&nbsp;<a href=\"file:\/\/\/C:\/Users\/user\/Desktop\/ERASMUS\/Erasmus%202025-2026\/Formular-candidatura-SMT_scurte_outgoing.docx\">scurta&nbsp;durata<\/a>&nbsp;si&nbsp;<a href=\"file:\/\/\/C:\/Users\/user\/Desktop\/ERASMUS\/Erasmus%202025-2026\/Formular-candidatura-SMT_lungi_outgoing%20(1).docx\">lunga&nbsp;durata<\/a><\/p>\n\n\n\n<h2 class=\"wp-block-heading\"><strong>Apel deschis la candidaturi pentru mobilit\u0103\u021bi studen\u021be\u0219ti de practic\u0103 scurt\u0103\/lung\u0103 durat\u0103<\/strong><\/h2>\n\n\n\n<div data-wp-context=\"{ &quot;autoclose&quot;: false, &quot;accordionItems&quot;: [] }\" data-wp-interactive=\"core\/accordion\" role=\"group\" class=\"wp-block-accordion is-layout-flow wp-block-accordion-is-layout-flow\">\n<div data-wp-class--is-open=\"state.isOpen\" data-wp-context=\"{ &quot;id&quot;: &quot;accordion-item-1&quot;, &quot;openByDefault&quot;: false }\" data-wp-init=\"callbacks.initAccordionItems\" data-wp-on-window--hashchange=\"callbacks.hashChange\" class=\"wp-block-accordion-item is-layout-flow wp-block-accordion-item-is-layout-flow\">\n<h3 class=\"wp-block-accordion-heading\"><button aria-expanded=\"false\" aria-controls=\"accordion-item-1-panel\" data-wp-bind--aria-expanded=\"state.isOpen\" data-wp-on--click=\"actions.toggle\" data-wp-on--keydown=\"actions.handleKeyDown\" id=\"accordion-item-1\" type=\"button\" class=\"wp-block-accordion-heading__toggle\"><span class=\"wp-block-accordion-heading__toggle-title\">Rezultate selec\u021bie candidaturi 20\/04\/2026<\/span><span class=\"wp-block-accordion-heading__toggle-icon\" aria-hidden=\"true\">+<\/span><\/button><\/h3>\n\n\n\n<div inert aria-labelledby=\"accordion-item-1\" data-wp-bind--inert=\"!state.isOpen\" id=\"accordion-item-1-panel\" role=\"region\" class=\"wp-block-accordion-panel is-layout-flow wp-block-accordion-panel-is-layout-flow\">\n<figure class=\"wp-block-table\"><table class=\"has-fixed-layout\"><tbody><tr><td><strong>Nr. matricol<\/strong><\/td><td><strong>Rezultat<\/strong><\/td><\/tr><tr><td>310720271RSL221001<\/td><td>admis<\/td><\/tr><tr><td>310720271RSL221001<\/td><td>admis<\/td><\/tr><tr><td>310710201RSL231018<\/td><td>admis<\/td><\/tr><tr><td>310710201RSL231030<\/td><td>admis<\/td><\/tr><tr><td>310710201RSL241040<\/td><td>admis<\/td><\/tr><tr><td>310720271RSL221002<\/td><td>admis<\/td><\/tr><tr><td>310720271RSL221002<\/td><td>admis<\/td><\/tr><tr><td>310720271RSL221002<\/td><td>admis<\/td><\/tr><tr><td>310720271RSL221011<\/td><td>admis<\/td><\/tr><tr><td>310710201RSL241061<\/td><td>admis<\/td><\/tr><tr><td>310710201RSL241008<\/td><td>admis<\/td><\/tr><tr><td>310720271RSL231006<\/td><td>admis<\/td><\/tr><tr><td>310710201RSL241036<\/td><td>admis<\/td><\/tr><tr><td>310710201RSL241026<\/td><td>admis<\/td><\/tr><tr><td>310710201RSL241042<\/td><td>admis<\/td><\/tr><tr><td>310710201RSL231049<\/td><td>admis<\/td><\/tr><tr><td>31071001071ROSM251011<\/td><td>admis<\/td><\/tr><tr><td>31071001071ROSM251011<\/td><td>admis<\/td><\/tr><tr><td>31071001081ENSM251001<\/td><td>admis<\/td><\/tr><tr><td>31071001081ENSM251002<\/td><td>admis<\/td><\/tr><tr><td>31071001041ENSM251003<\/td><td>admis<\/td><\/tr><tr><td>31071001041ENSM251003<\/td><td>admis<\/td><\/tr><tr><td>31071001041ENSM251003<\/td><td>admis<\/td><\/tr><tr><td>31071001071ROSM251014<\/td><td>admis<\/td><\/tr><\/tbody><\/table><\/figure>\n<\/div>\n<\/div>\n<\/div>\n\n\n\n<figure class=\"wp-block-table\"><table class=\"has-fixed-layout\"><tbody><tr><td class=\"has-text-align-center\" data-align=\"center\"><strong>Nr. matricol<\/strong><\/td><td class=\"has-text-align-center\" data-align=\"center\"><strong>Rezultat<\/strong><\/td><\/tr><tr><td class=\"has-text-align-center\" data-align=\"center\">310720271RSL221001<\/td><td class=\"has-text-align-center\" data-align=\"center\">admis<\/td><\/tr><tr><td class=\"has-text-align-center\" data-align=\"center\">310720271RSL221001<\/td><td class=\"has-text-align-center\" data-align=\"center\">admis<\/td><\/tr><tr><td class=\"has-text-align-center\" data-align=\"center\">310710201RSL231018<\/td><td class=\"has-text-align-center\" data-align=\"center\">admis<\/td><\/tr><tr><td class=\"has-text-align-center\" data-align=\"center\">310710201RSL231030<\/td><td class=\"has-text-align-center\" data-align=\"center\">admis<\/td><\/tr><tr><td class=\"has-text-align-center\" data-align=\"center\">310710201RSL241040<\/td><td class=\"has-text-align-center\" data-align=\"center\">admis<\/td><\/tr><tr><td class=\"has-text-align-center\" data-align=\"center\">310720271RSL221002<\/td><td class=\"has-text-align-center\" data-align=\"center\">admis<\/td><\/tr><tr><td class=\"has-text-align-center\" data-align=\"center\">310720271RSL221002<\/td><td class=\"has-text-align-center\" data-align=\"center\">admis<\/td><\/tr><tr><td class=\"has-text-align-center\" data-align=\"center\">310720271RSL221002<\/td><td class=\"has-text-align-center\" data-align=\"center\">admis<\/td><\/tr><tr><td class=\"has-text-align-center\" data-align=\"center\">310720271RSL221011<\/td><td class=\"has-text-align-center\" data-align=\"center\">admis<\/td><\/tr><tr><td class=\"has-text-align-center\" data-align=\"center\">310710201RSL241061<\/td><td class=\"has-text-align-center\" data-align=\"center\">admis<\/td><\/tr><tr><td class=\"has-text-align-center\" data-align=\"center\">310710201RSL241008<\/td><td class=\"has-text-align-center\" data-align=\"center\">admis<\/td><\/tr><tr><td class=\"has-text-align-center\" data-align=\"center\">310720271RSL231006<\/td><td class=\"has-text-align-center\" data-align=\"center\">admis<\/td><\/tr><tr><td class=\"has-text-align-center\" data-align=\"center\">310710201RSL241036<\/td><td class=\"has-text-align-center\" data-align=\"center\">admis<\/td><\/tr><tr><td class=\"has-text-align-center\" data-align=\"center\">310710201RSL241026<\/td><td class=\"has-text-align-center\" data-align=\"center\">admis<\/td><\/tr><tr><td class=\"has-text-align-center\" data-align=\"center\">310710201RSL241042<\/td><td class=\"has-text-align-center\" data-align=\"center\">admis<\/td><\/tr><tr><td class=\"has-text-align-center\" data-align=\"center\">310710201RSL231049<\/td><td class=\"has-text-align-center\" data-align=\"center\">admis<\/td><\/tr><tr><td class=\"has-text-align-center\" data-align=\"center\">31071001071ROSM251011<\/td><td class=\"has-text-align-center\" data-align=\"center\">admis<\/td><\/tr><tr><td class=\"has-text-align-center\" data-align=\"center\">31071001071ROSM251011<\/td><td class=\"has-text-align-center\" data-align=\"center\">admis<\/td><\/tr><tr><td class=\"has-text-align-center\" data-align=\"center\">31071001081ENSM251001<\/td><td class=\"has-text-align-center\" data-align=\"center\">admis<\/td><\/tr><tr><td class=\"has-text-align-center\" data-align=\"center\">31071001081ENSM251002<\/td><td class=\"has-text-align-center\" data-align=\"center\">admis<\/td><\/tr><tr><td class=\"has-text-align-center\" data-align=\"center\">31071001041ENSM251003<\/td><td class=\"has-text-align-center\" data-align=\"center\">admis<\/td><\/tr><tr><td class=\"has-text-align-center\" data-align=\"center\">31071001041ENSM251003<\/td><td class=\"has-text-align-center\" data-align=\"center\">admis<\/td><\/tr><tr><td class=\"has-text-align-center\" data-align=\"center\">31071001041ENSM251003<\/td><td class=\"has-text-align-center\" data-align=\"center\">admis<\/td><\/tr><tr><td class=\"has-text-align-center\" data-align=\"center\">31071001071ROSM251014<\/td><td class=\"has-text-align-center\" data-align=\"center\">admis<\/td><\/tr><\/tbody><\/table><\/figure>\n\n\n\n<p>Interviurile pentru selec\u021bia Erasmus+ vor avea loc luni, <mark style=\"background-color:rgba(0, 0, 0, 0)\" class=\"has-inline-color has-vivid-red-color\"><strong>pe 20 aprilie, ora 13,<\/strong><\/mark> la decanat!<br>Candida\u021bii care nu vor fi prezen\u021bi fizic \u00een Ia\u0219i, vor avea posibilitatea de a sus\u021bine interviul online, pe platforma Microsoft Teams. Link-ul de conectare este urmatorul:<\/p>\n\n\n\n<p><a href=\"https:\/\/us02web.zoom.us\/j\/83259611106?pwd=Jibc4GgNJkS5wMM1RusWHRi38g7bPf.1\">https:\/\/us02web.zoom.us\/j\/83259611106?pwd=Jibc4GgNJkS5wMM1RusWHRi38g7bPf.1<\/a><\/p>\n\n\n\n<p><\/p>\n","protected":false},"excerpt":{"rendered":"<p>Anul universitar 2025-2026 PROGRAMUL ERASMUS+ KA131-HED,&nbsp;Mobilit\u0103\u021bi&nbsp;de&nbsp;practic\u0103de&nbsp;scurt\u0103\/lunga&nbsp;durat\u0103 Apel&nbsp;deschis&nbsp;la&nbsp;candidaturi&nbsp;pentru&nbsp;mobilit\u0103\u021bi&nbsp;studen\u021be\u0219ti&nbsp;de&nbsp;practic\u0103scurt\u0103\/lung\u0103&nbsp;durat\u0103 CALENDARUL SELEC\u021aIEI: \u2022&nbsp;04.05&nbsp;\u2012&nbsp;25.05.2026:&nbsp;depunerea&nbsp;dosarelor&nbsp;de&nbsp;candidatur\u0103&nbsp;la&nbsp;secretariatul&nbsp;Facult\u0103\u021bii&nbsp;de&nbsp;Fizic\u0103; \u2022&nbsp;29.05.2026:&nbsp;interviu&nbsp;\u0219i&nbsp;afi\u0219area&nbsp;rezultatelor; \u2022&nbsp;30.05.2026&nbsp;depunerea&nbsp;eventualelor&nbsp;contesta\u021bii&nbsp;(mail la emilia.grigore@uaic.ro) \u2022&nbsp;02.06.2026:&nbsp;transmiterea&nbsp;procesului-verbal de&nbsp;selec\u021bie&nbsp;la&nbsp;BiroulErasmus+; DOCUMENTE NECESARE LA DOSARUL DE CANDIDATUR\u0102: \u2022&nbsp;Formular&nbsp;de&nbsp;candidatur\u0103&nbsp;\u2013 care&nbsp;va&nbsp;include &nbsp; &nbsp; &nbsp;o&nbsp;Motiva\u021bia&nbsp;(incluz\u00e2nd&nbsp;obiectivele&nbsp;concrete&nbsp;urm\u0103rite&nbsp;de&nbsp;candidat&nbsp;\u0219irezultatele&nbsp;a\u0219teptate) &nbsp; &nbsp; &nbsp;o&nbsp;Perioada&nbsp;propus\u0103&nbsp;pentru&nbsp;mobilitate &nbsp; &nbsp; &nbsp;o&nbsp;Declara\u021bie&nbsp;cu&nbsp;privire&nbsp;la&nbsp;num\u0103rul&nbsp;maxim de&nbsp;luni&nbsp;de&nbsp;mobilitateErasmus+ de care un student&nbsp;poate&nbsp;beneficia pe&nbsp;durata&nbsp;ciclului&nbsp;de&nbsp;studii&nbsp;la care&nbsp;este&nbsp;\u00eenmatriculat&nbsp;la&nbsp;momentul&nbsp;candidaturii; <a href=\"https:\/\/www.phys.uaic.ro\/new-phys\/mobilitati-de-practica\/\"> Read more&#8230;<\/a><\/p>\n","protected":false},"author":3,"featured_media":0,"parent":0,"menu_order":0,"comment_status":"closed","ping_status":"closed","template":"","meta":{"footnotes":""},"class_list":["post-8323","page","type-page","status-publish","hentry"],"_links":{"self":[{"href":"https:\/\/www.phys.uaic.ro\/new-phys\/wp-json\/wp\/v2\/pages\/8323","targetHints":{"allow":["GET"]}}],"collection":[{"href":"https:\/\/www.phys.uaic.ro\/new-phys\/wp-json\/wp\/v2\/pages"}],"about":[{"href":"https:\/\/www.phys.uaic.ro\/new-phys\/wp-json\/wp\/v2\/types\/page"}],"author":[{"embeddable":true,"href":"https:\/\/www.phys.uaic.ro\/new-phys\/wp-json\/wp\/v2\/users\/3"}],"replies":[{"embeddable":true,"href":"https:\/\/www.phys.uaic.ro\/new-phys\/wp-json\/wp\/v2\/comments?post=8323"}],"version-history":[{"count":6,"href":"https:\/\/www.phys.uaic.ro\/new-phys\/wp-json\/wp\/v2\/pages\/8323\/revisions"}],"predecessor-version":[{"id":8543,"href":"https:\/\/www.phys.uaic.ro\/new-phys\/wp-json\/wp\/v2\/pages\/8323\/revisions\/8543"}],"wp:attachment":[{"href":"https:\/\/www.phys.uaic.ro\/new-phys\/wp-json\/wp\/v2\/media?parent=8323"}],"curies":[{"name":"wp","href":"https:\/\/api.w.org\/{rel}","templated":true}]}}