{"id":8327,"date":"2026-04-20T10:15:18","date_gmt":"2026-04-20T07:15:18","guid":{"rendered":"https:\/\/www.phys.uaic.ro\/new-phys\/?page_id=8327"},"modified":"2026-04-29T13:47:32","modified_gmt":"2026-04-29T10:47:32","slug":"mobilitati","status":"publish","type":"page","link":"https:\/\/www.phys.uaic.ro\/new-phys\/mobilitati\/","title":{"rendered":"Mobilit\u0103\u021bi"},"content":{"rendered":"\n<figure class=\"wp-block-image size-large\"><img data-dominant-color=\"1582bb\" data-has-transparency=\"false\" style=\"--dominant-color: #1582bb;\" fetchpriority=\"high\" decoding=\"async\" width=\"1024\" height=\"293\" sizes=\"(max-width: 1024px) 100vw, 1024px\" src=\"https:\/\/www.phys.uaic.ro\/new-phys\/wp-content\/uploads\/2026\/04\/erasmuslogo-1024x293.webp\" alt=\"\" class=\"wp-image-8330 not-transparent\" srcset=\"https:\/\/www.phys.uaic.ro\/new-phys\/wp-content\/uploads\/2026\/04\/erasmuslogo-1024x293.webp 1024w, https:\/\/www.phys.uaic.ro\/new-phys\/wp-content\/uploads\/2026\/04\/erasmuslogo-300x86.webp 300w, https:\/\/www.phys.uaic.ro\/new-phys\/wp-content\/uploads\/2026\/04\/erasmuslogo-768x220.webp 768w, https:\/\/www.phys.uaic.ro\/new-phys\/wp-content\/uploads\/2026\/04\/erasmuslogo.webp 1326w\" \/><\/figure>\n\n\n\n<p>Coordonatorul Erasmus+ al Facult\u0103\u021bii de Fizic\u0103:<br><a href=\"https:\/\/www.phys.uaic.ro\/new-phys\/wp-content\/uploads\/2026\/04\/CV-Sebastian-POPESCU-2026.pdf\" data-type=\"link\" data-id=\"https:\/\/www.phys.uaic.ro\/new-phys\/wp-content\/uploads\/2026\/04\/CV-Sebastian-POPESCU-2026.pdf\">Conf. dr. Sebastian POPESCU<\/a><\/p>\n\n\n\n<p><a href=\"https:\/\/www.phys.uaic.ro\/new-phys\/mobilitati-de-practica\/\" data-type=\"page\" data-id=\"8323\">Mobilit\u0103\u021bi de practic\u0103<\/a><\/p>\n\n\n\n<p>Mai multe informa\u021bii \u0219i documentele necesare, se g\u0103sesc la:\u00a0<\/p>\n\n\n\n<p><a href=\"https:\/\/www.uaic.ro\/international\/programul-erasmus\/studenti\/mobilitati-de-practica-erasmus\/\" data-type=\"link\" data-id=\"https:\/\/www.uaic.ro\/international\/programul-erasmus\/studenti\/mobilitati-de-practica-erasmus\/\" target=\"_blank\" rel=\"noreferrer noopener\">UAIC &#8211; Mobilit\u0103\u0163i de practic\u0103 Erasmus+<\/a><\/p>\n\n\n\n<p><a href=\"https:\/\/www.uaic.ro\/international\/mobilitati-erasmus-de-scurta-durata\/\" target=\"_blank\" rel=\"noreferrer noopener\">UAIC &#8211; Mobilit\u0103\u021bi Erasmus de scurt\u0103 durat\u0103<\/a><\/p>\n\n\n\n<p><\/p>\n","protected":false},"excerpt":{"rendered":"<p>Coordonatorul Erasmus+ al Facult\u0103\u021bii de Fizic\u0103:Conf. dr. Sebastian POPESCU Mobilit\u0103\u021bi de practic\u0103 Mai multe informa\u021bii \u0219i documentele necesare, se g\u0103sesc la:\u00a0 UAIC &#8211; Mobilit\u0103\u0163i de practic\u0103 Erasmus+ UAIC &#8211; Mobilit\u0103\u021bi Erasmus de scurt\u0103 durat\u0103<\/p>\n","protected":false},"author":3,"featured_media":0,"parent":0,"menu_order":0,"comment_status":"closed","ping_status":"closed","template":"","meta":{"footnotes":""},"class_list":["post-8327","page","type-page","status-publish","hentry"],"_links":{"self":[{"href":"https:\/\/www.phys.uaic.ro\/new-phys\/wp-json\/wp\/v2\/pages\/8327","targetHints":{"allow":["GET"]}}],"collection":[{"href":"https:\/\/www.phys.uaic.ro\/new-phys\/wp-json\/wp\/v2\/pages"}],"about":[{"href":"https:\/\/www.phys.uaic.ro\/new-phys\/wp-json\/wp\/v2\/types\/page"}],"author":[{"embeddable":true,"href":"https:\/\/www.phys.uaic.ro\/new-phys\/wp-json\/wp\/v2\/users\/3"}],"replies":[{"embeddable":true,"href":"https:\/\/www.phys.uaic.ro\/new-phys\/wp-json\/wp\/v2\/comments?post=8327"}],"version-history":[{"count":5,"href":"https:\/\/www.phys.uaic.ro\/new-phys\/wp-json\/wp\/v2\/pages\/8327\/revisions"}],"predecessor-version":[{"id":8547,"href":"https:\/\/www.phys.uaic.ro\/new-phys\/wp-json\/wp\/v2\/pages\/8327\/revisions\/8547"}],"wp:attachment":[{"href":"https:\/\/www.phys.uaic.ro\/new-phys\/wp-json\/wp\/v2\/media?parent=8327"}],"curies":[{"name":"wp","href":"https:\/\/api.w.org\/{rel}","templated":true}]}}