{"id":8374,"date":"2026-04-20T14:16:09","date_gmt":"2026-04-20T11:16:09","guid":{"rendered":"https:\/\/www.phys.uaic.ro\/new-phys\/?page_id=8374"},"modified":"2026-05-04T11:05:52","modified_gmt":"2026-05-04T08:05:52","slug":"scoala-doctorala","status":"publish","type":"page","link":"https:\/\/www.phys.uaic.ro\/new-phys\/scoala-doctorala\/","title":{"rendered":"\u0218coala doctoral\u0103"},"content":{"rendered":"\n<p><a href=\"https:\/\/www.phys.uaic.ro\/new-phys\/sustineri-rapoarte-cercetare\/\" data-type=\"page\" data-id=\"8479\">Sus\u021bineri rapoarte de cercetare (nou)<\/a><\/p>\n\n\n\n<p><a href=\"https:\/\/www.phys.uaic.ro\/new-phys\/noutati-doctoranzi\/\" data-type=\"page\" data-id=\"8564\">Nout\u0103\u0163i doctoranzi<\/a><\/p>\n\n\n\n<p><em>Informatii p\u00e2n\u0103 la 22.03.2026<\/em><br><a href=\"https:\/\/www.phys.uaic.ro\/old\/index.php\/scoala-doctorala\/organizare-scoala-doctorala\">Organizarea \u0218colii Doctorale<\/a><br><a href=\"https:\/\/www.phys.uaic.ro\/old\/index.php\/scoala-doctorala\/conducatori-doctorat\">Conduc\u0103tori de doctorat<\/a><br><a href=\"https:\/\/www.phys.uaic.ro\/old\/index.php\/scoala-doctorala\/regulamente-scoala-doctorala-fizica\">Regulamentele \u0218colii Doctorale de Fizic\u0103<\/a><br><a href=\"https:\/\/www.phys.uaic.ro\/old\/index.php\/evaluarea-si-asigurarea-calitatii\/\" target=\"_blank\" rel=\"noreferrer noopener\">Evaluarea si asigurarea calitatii in SDF<\/a><br><a href=\"https:\/\/www.phys.uaic.ro\/old\/wp-content\/uploads\/2024\/01\/Procedura-interna-analiza-PPUA-si-PCS.pdf\" target=\"_blank\" rel=\"noreferrer noopener\">Procedur\u0103 intern\u0103 analiz\u0103 PPUA si PCS<\/a><br><a href=\"https:\/\/www.phys.uaic.ro\/old\/index.php\/reglementari-si-formulare\/\" target=\"_blank\" rel=\"noreferrer noopener\">Formulare<\/a><br><a href=\"https:\/\/www.phys.uaic.ro\/old\/index.php\/documente-interne-specifice-sdf\/\" target=\"_blank\" rel=\"noreferrer noopener\">Documente interne specifice SDF<\/a><br><a href=\"https:\/\/www.phys.uaic.ro\/old\/index.php\/documentele-necesare-pentru-dosarul-de-confirmare-a-titlului-stiintific-de-doctor\/\" target=\"_blank\" rel=\"noreferrer noopener\">Documentele necesare pentru dosarul de confirmare a titlului \u0219tiin\u021bific de doctor<\/a><br><a href=\"https:\/\/www.phys.uaic.ro\/old\/index.php\/scoala-doctorala\/proceduri-pentru-scoala-doctorala-in-timpul-starii-de-urgenta\">Standardele de elaborare a tezei<\/a><br><a href=\"https:\/\/www.phys.uaic.ro\/old\/index.php\/scoala-doctorala-combaterea-fenomenului-de-plagiat\/\" target=\"_blank\" rel=\"noreferrer noopener\">Combaterea fenomenului de plagiat. Mecanisme<\/a><br><a href=\"https:\/\/www.phys.uaic.ro\/old\/index.php\/scoala-doctorala\/platforma-turnitin\">Platforma TurnItIn<\/a><br><a href=\"https:\/\/www.phys.uaic.ro\/old\/index.php\/scoala-doctorala\/planuri-invatamant-doctorat\">Planuri de \u00eenv\u0103\u021b\u0103m\u00e2nt PPUA + Fise discipline<\/a><br><a href=\"https:\/\/www.phys.uaic.ro\/old\/index.php\/scoala-doctorala\/admitere-doctorat\">Admiterea la doctorat<\/a><br><a href=\"https:\/\/www.phys.uaic.ro\/old\/index.php\/scoala-doctorala\/orar-doctorat\">Orar cursuri PPUA<\/a><a href=\"https:\/\/www.phys.uaic.ro\/old\/index.php\/esims\/\" target=\"_blank\" rel=\"noreferrer noopener\">eSIMS<\/a><br><a href=\"https:\/\/www.phys.uaic.ro\/old\/index.php\/consiliere-doctoranzi\/\" target=\"_blank\" rel=\"noreferrer noopener\">Consiliere doctoranzi. Orientare in cariera<\/a><br><a href=\"https:\/\/www.phys.uaic.ro\/old\/index.php\/scoala-doctorala\/sustineri-rapoarte-cercetare\/\">Sus\u021bineri rapoarte de cercetare<\/a> (p\u00e2n\u0103 la 22.03.2026)<br><a href=\"https:\/\/www.phys.uaic.ro\/old\/index.php\/scoala-doctorala\/sustineri-teze-doctorat\">Sus\u021bineri teze de doctorat<\/a><br><a href=\"https:\/\/www.phys.uaic.ro\/old\/index.php\/scoala-doctorala\/sustineri-teze-abilitare\">Abilitare<\/a><br><a href=\"https:\/\/www.phys.uaic.ro\/old\/index.php\/scoala-doctorala\/centre-laboratoare-cercetare-doctorat\">Centre \/ Laboratoare de cercetare<\/a><br><a href=\"https:\/\/www.phys.uaic.ro\/old\/index.php\/scoala-doctorala\/conferinte-doctorat\">Conferin\u021be Scoala doctoral\u0103<\/a><br><a href=\"https:\/\/www.phys.uaic.ro\/old\/index.php\/scoala-doctorala\/alegeri-csud\">Alegeri CSUD<\/a><br><a href=\"https:\/\/www.phys.uaic.ro\/old\/index.php\/scoala-doctorala\/proiecte-doctoranzi-cercetatori-postdoctorat\">Proiecte doctoranzi \/ cercet\u0103tori postdoctorat<\/a><br><a href=\"https:\/\/www.phys.uaic.ro\/old\/index.php\/scoala-doctorala\/raport-autoevaluare\">Raport de autoevaluare<\/a><br><a href=\"https:\/\/www.phys.uaic.ro\/old\/index.php\/scoala-doctorala\/programe-postdoc-cercetare-avansata\">Programele postdoctorale de cercetare avansata<\/a><br><a href=\"https:\/\/www.phys.uaic.ro\/old\/index.php\/scoala-doctorala\/proiecte-doctoranzi-cercetatori-postdoctorat\">Proiecte doctoranzi \/ cercet\u0103tori postdoctorat<\/a><br><a href=\"https:\/\/www.phys.uaic.ro\/old\/index.php\/scoala-doctorala\/three-minute-thesis\">Concurs 3MT (Three Minute Thesis )<\/a><br><a href=\"https:\/\/www.phys.uaic.ro\/old\/index.php\/mobilitati-erasmus\/\" target=\"_blank\" rel=\"noreferrer noopener\">Mobilitati<\/a><br><a href=\"https:\/\/www.phys.uaic.ro\/old\/index.php\/noutati-2\/\" target=\"_blank\" rel=\"noreferrer noopener\">NOUT\u0102\u021aI doctoranzi<\/a><\/p>\n\n\n\n<p><\/p>\n","protected":false},"excerpt":{"rendered":"<p>Sus\u021bineri rapoarte de cercetare (nou) Nout\u0103\u0163i doctoranzi Informatii p\u00e2n\u0103 la 22.03.2026Organizarea \u0218colii DoctoraleConduc\u0103tori de doctoratRegulamentele \u0218colii Doctorale de Fizic\u0103Evaluarea si asigurarea calitatii in SDFProcedur\u0103 intern\u0103 analiz\u0103 PPUA si PCSFormulareDocumente interne specifice SDFDocumentele necesare pentru dosarul de confirmare a titlului \u0219tiin\u021bific <a href=\"https:\/\/www.phys.uaic.ro\/new-phys\/scoala-doctorala\/\"> Read more&#8230;<\/a><\/p>\n","protected":false},"author":3,"featured_media":0,"parent":0,"menu_order":0,"comment_status":"closed","ping_status":"closed","template":"","meta":{"footnotes":""},"class_list":["post-8374","page","type-page","status-publish","hentry"],"_links":{"self":[{"href":"https:\/\/www.phys.uaic.ro\/new-phys\/wp-json\/wp\/v2\/pages\/8374","targetHints":{"allow":["GET"]}}],"collection":[{"href":"https:\/\/www.phys.uaic.ro\/new-phys\/wp-json\/wp\/v2\/pages"}],"about":[{"href":"https:\/\/www.phys.uaic.ro\/new-phys\/wp-json\/wp\/v2\/types\/page"}],"author":[{"embeddable":true,"href":"https:\/\/www.phys.uaic.ro\/new-phys\/wp-json\/wp\/v2\/users\/3"}],"replies":[{"embeddable":true,"href":"https:\/\/www.phys.uaic.ro\/new-phys\/wp-json\/wp\/v2\/comments?post=8374"}],"version-history":[{"count":9,"href":"https:\/\/www.phys.uaic.ro\/new-phys\/wp-json\/wp\/v2\/pages\/8374\/revisions"}],"predecessor-version":[{"id":8567,"href":"https:\/\/www.phys.uaic.ro\/new-phys\/wp-json\/wp\/v2\/pages\/8374\/revisions\/8567"}],"wp:attachment":[{"href":"https:\/\/www.phys.uaic.ro\/new-phys\/wp-json\/wp\/v2\/media?parent=8374"}],"curies":[{"name":"wp","href":"https:\/\/api.w.org\/{rel}","templated":true}]}}