{"id":8461,"date":"2026-04-23T10:50:11","date_gmt":"2026-04-23T07:50:11","guid":{"rendered":"https:\/\/www.phys.uaic.ro\/new-phys\/?page_id=8461"},"modified":"2026-04-23T12:10:55","modified_gmt":"2026-04-23T09:10:55","slug":"planuri-de-invatamant-licenta","status":"publish","type":"page","link":"https:\/\/www.phys.uaic.ro\/new-phys\/planuri-de-invatamant-licenta\/","title":{"rendered":"Planuri de \u00eenv\u0103\u021b\u0103m\u00e2nt licen\u021b\u0103"},"content":{"rendered":"\n<h3 class=\"wp-block-heading\">Planuri de \u00eenv\u0103\u021b\u0103m\u00e2nt la specializarea <strong>Fizic\u0103<\/strong><\/h3>\n\n\n\n<ul class=\"wp-block-list\">\n<li><a href=\"https:\/\/www.phys.uaic.ro\/new-phys\/wp-content\/uploads\/2023\/12\/plan-invatamant-fizica-seria-2023-2026.pdf\">Plan de \u00eenv\u0103\u021b\u0103m\u00e2nt \u2013 specializarea Fizic\u0103 \u2013 seria 2023-2026<\/a><img decoding=\"async\" width=\"19\" height=\"19\" class=\"\" src=\"https:\/\/www.phys.uaic.ro\/wp\/imagini\/pdf-icon.png\" alt=\"pdf\"><\/li>\n\n\n\n<li><a href=\"https:\/\/www.phys.uaic.ro\/new-phys\/wp-content\/uploads\/2024\/07\/plan-invatamant-fizica-seria-2024-2027.pdf\">Plan de \u00eenv\u0103\u021b\u0103m\u00e2nt \u2013 specializarea Fizic\u0103 \u2013 seria 2024-2027<\/a><img decoding=\"async\" width=\"19\" height=\"19\" class=\"\" src=\"https:\/\/www.phys.uaic.ro\/wp\/imagini\/pdf-icon.png\" alt=\"pdf\"><\/li>\n\n\n\n<li><a href=\"https:\/\/www.phys.uaic.ro\/new-phys\/wp-content\/uploads\/2025\/11\/plan-invatamant-fizica-seria-2025-2028.pdf\">Plan de \u00eenv\u0103\u021b\u0103m\u00e2nt \u2013 specializarea Fizic\u0103 \u2013 seria 2025-2028<\/a><img decoding=\"async\" width=\"19\" height=\"19\" class=\"\" src=\"https:\/\/www.phys.uaic.ro\/wp\/imagini\/pdf-icon.png\" alt=\"pdf\"><\/li>\n<\/ul>\n\n\n\n<h3 class=\"wp-block-heading\">Planuri de \u00eenv\u0103\u021b\u0103m\u00e2nt la specializarea <strong>Fizic\u0103 Medical\u0103<\/strong><\/h3>\n\n\n\n<ul class=\"wp-block-list\">\n<li><a href=\"http:\/\/plan-invatamant-fizica-medicala-seria-2023-2026\">Plan de \u00eenv\u0103\u021b\u0103m\u00e2nt \u2013 specializarea Fizic\u0103 medical\u0103- seria 2023-2026<\/a> <img decoding=\"async\" width=\"19\" height=\"19\" class=\"\" src=\"https:\/\/www.phys.uaic.ro\/wp\/imagini\/pdf-icon.png\" alt=\"pdf\"><\/li>\n\n\n\n<li><a href=\"http:\/\/plan-invatamant-fizica-medicala-seria-2024-2027\">Plan de \u00eenv\u0103\u021b\u0103m\u00e2nt \u2013 specializarea Fizic\u0103 medical\u0103- seria 2024-2027<\/a> <img decoding=\"async\" width=\"19\" height=\"19\" class=\"\" src=\"https:\/\/www.phys.uaic.ro\/wp\/imagini\/pdf-icon.png\" alt=\"pdf\"><\/li>\n\n\n\n<li><a href=\"http:\/\/plan-invatamant-fizica-medicala-seria-2025-2028\">Plan de \u00eenv\u0103\u021b\u0103m\u00e2nt \u2013 specializarea Fizic\u0103 medical\u0103- seria 2025-2028<\/a>\u00a0<img decoding=\"async\" width=\"19\" height=\"19\" class=\"\" src=\"https:\/\/www.phys.uaic.ro\/wp\/imagini\/pdf-icon.png\" alt=\"pdf\"><\/li>\n<\/ul>\n\n\n\n<h3 class=\"wp-block-heading\">Planuri de \u00eenv\u0103\u021b\u0103m\u00e2nt la specializarea <strong>Fizic\u0103 Informatic\u0103<\/strong><\/h3>\n\n\n\n<ul class=\"wp-block-list\">\n<li><a href=\"https:\/\/www.phys.uaic.ro\/new-phys\/wp-content\/uploads\/2025\/01\/plan-invatamant-fizica-informatica-seria-2023-2026.pdf\">Plan de \u00eenv\u0103\u021b\u0103m\u00e2nt \u2013 specializarea Fizic\u0103 informatic\u0103 \u2013 seria 2023-2026<\/a><img decoding=\"async\" width=\"19\" height=\"19\" class=\"\" src=\"https:\/\/www.phys.uaic.ro\/wp\/imagini\/pdf-icon.png\" alt=\"pdf\"><\/li>\n\n\n\n<li><a href=\"http:\/\/plan-invatamant-fizica-informatica-seria-2024-2027\">Plan de \u00eenv\u0103\u021b\u0103m\u00e2nt \u2013 specializarea Fizic\u0103 informatic\u0103 \u2013 seria 2024-2027<\/a><img decoding=\"async\" width=\"19\" height=\"19\" class=\"\" src=\"https:\/\/www.phys.uaic.ro\/wp\/imagini\/pdf-icon.png\" alt=\"pdf\"><\/li>\n\n\n\n<li><a href=\"http:\/\/plan-invatamant-fizica-informatica-seria-2025-2028\">Plan de \u00eenv\u0103\u021b\u0103m\u00e2nt \u2013 specializarea Fizic\u0103 informatic\u0103 \u2013 seria 2025-2028<\/a><img decoding=\"async\" width=\"19\" height=\"19\" class=\"\" src=\"https:\/\/www.phys.uaic.ro\/wp\/imagini\/pdf-icon.png\" alt=\"pdf\"><\/li>\n<\/ul>\n\n\n\n<h3 class=\"wp-block-heading\">Planuri de \u00eenv\u0103\u021b\u0103m\u00e2nt la specializarea <strong>Fizic\u0103 Tehnologic\u0103<\/strong> \u2013 Extensiunea B\u0103l\u021bi<\/h3>\n\n\n\n<ul class=\"wp-block-list\">\n<li><a href=\"https:\/\/www.phys.uaic.ro\/new-phys\/wp-content\/uploads\/2022\/11\/plan-invat-FIZICA-TEHNOLOGICA_BALTI_2022-2026.pdf\">Plan de \u00eenv\u0103\u021b\u0103m\u00e2nt \u2013 specializarea Fizic\u0103 tehnologic\u0103 \u2013 Extensiunea B\u0103l\u021bi \u2013 seria 2022-2026<\/a>pdf<\/li>\n\n\n\n<li><a href=\"https:\/\/www.phys.uaic.ro\/new-phys\/wp-content\/uploads\/2023\/12\/plan-invatamant-FT-Extensiunea-Balti-seria-2023-2027.pdf\">Plan de \u00eenv\u0103\u021b\u0103m\u00e2nt \u2013 specializarea Fizic\u0103 tehnologic\u0103 \u2013 Extensiunea B\u0103l\u021bi \u2013 seria 2023-2027<\/a>pdf<\/li>\n\n\n\n<li><a href=\"https:\/\/www.phys.uaic.ro\/new-phys\/wp-content\/uploads\/2024\/07\/plan-invatamant-fizica-tehnologica-_Balti-_R_-Moldova_-seria-2024-2028.pdf\">Plan de \u00eenv\u0103\u021b\u0103m\u00e2nt \u2013 specializarea Fizic\u0103 tehnologic\u0103 \u2013 Extensiunea B\u0103l\u021bi \u2013 seria 2024-2028<\/a>pdf<\/li>\n\n\n\n<li><a href=\"https:\/\/www.phys.uaic.ro\/new-phys\/wp-content\/uploads\/2025\/11\/plan-invatamant-fizica-tehnologica-_BALTI_Republica-Moldova_-seria-2025-2029.pdf\">Plan de \u00eenv\u0103\u021b\u0103m\u00e2nt \u2013 specializarea Fizic\u0103 tehnologic\u0103 \u2013 Extensiunea B\u0103l\u021bi \u2013 seria 2025-2029<\/a>pdf<\/li>\n<\/ul>\n\n\n\n<p><\/p>\n","protected":false},"excerpt":{"rendered":"<p>Planuri de \u00eenv\u0103\u021b\u0103m\u00e2nt la specializarea Fizic\u0103 Planuri de \u00eenv\u0103\u021b\u0103m\u00e2nt la specializarea Fizic\u0103 Medical\u0103 Planuri de \u00eenv\u0103\u021b\u0103m\u00e2nt la specializarea Fizic\u0103 Informatic\u0103 Planuri de \u00eenv\u0103\u021b\u0103m\u00e2nt la specializarea Fizic\u0103 Tehnologic\u0103 \u2013 Extensiunea B\u0103l\u021bi<\/p>\n","protected":false},"author":4,"featured_media":0,"parent":0,"menu_order":0,"comment_status":"closed","ping_status":"closed","template":"","meta":{"footnotes":""},"class_list":["post-8461","page","type-page","status-publish","hentry"],"_links":{"self":[{"href":"https:\/\/www.phys.uaic.ro\/new-phys\/wp-json\/wp\/v2\/pages\/8461","targetHints":{"allow":["GET"]}}],"collection":[{"href":"https:\/\/www.phys.uaic.ro\/new-phys\/wp-json\/wp\/v2\/pages"}],"about":[{"href":"https:\/\/www.phys.uaic.ro\/new-phys\/wp-json\/wp\/v2\/types\/page"}],"author":[{"embeddable":true,"href":"https:\/\/www.phys.uaic.ro\/new-phys\/wp-json\/wp\/v2\/users\/4"}],"replies":[{"embeddable":true,"href":"https:\/\/www.phys.uaic.ro\/new-phys\/wp-json\/wp\/v2\/comments?post=8461"}],"version-history":[{"count":3,"href":"https:\/\/www.phys.uaic.ro\/new-phys\/wp-json\/wp\/v2\/pages\/8461\/revisions"}],"predecessor-version":[{"id":8499,"href":"https:\/\/www.phys.uaic.ro\/new-phys\/wp-json\/wp\/v2\/pages\/8461\/revisions\/8499"}],"wp:attachment":[{"href":"https:\/\/www.phys.uaic.ro\/new-phys\/wp-json\/wp\/v2\/media?parent=8461"}],"curies":[{"name":"wp","href":"https:\/\/api.w.org\/{rel}","templated":true}]}}