{"id":8471,"date":"2026-04-23T10:58:15","date_gmt":"2026-04-23T07:58:15","guid":{"rendered":"https:\/\/www.phys.uaic.ro\/new-phys\/?page_id=8471"},"modified":"2026-04-23T12:00:05","modified_gmt":"2026-04-23T09:00:05","slug":"fise-discipline-master-pentru-anul-universitar-2025-2026","status":"publish","type":"page","link":"https:\/\/www.phys.uaic.ro\/new-phys\/fise-discipline-master-pentru-anul-universitar-2025-2026\/","title":{"rendered":"Fise discipline master pentru anul universitar 2025-2026"},"content":{"rendered":"\n<p><strong>Fi\u0219e discipline la specializarea <em>Fizic\u0103 medical\u0103 aplicat\u0103<\/em><\/strong><\/p>\n\n\n\n<ul class=\"wp-block-list\">\n<li><a href=\"https:\/\/www.phys.uaic.ro\/new-phys\/wp-content\/uploads\/2025\/12\/FMA_anul-1.pdf\">Anul I<\/a><\/li>\n\n\n\n<li><a href=\"https:\/\/www.phys.uaic.ro\/new-phys\/wp-content\/uploads\/2025\/12\/FMA_anul-2.pdf\">Anul II<\/a><\/li>\n<\/ul>\n\n\n\n<p><strong>Fi\u0219e discipline la specializarea <em>Fizica pentru tehnologii avansate \/ Physics for advanced technologies (\u00een limba englez\u0103)<\/em><\/strong><\/p>\n\n\n\n<ul class=\"wp-block-list\">\n<li><a href=\"https:\/\/www.phys.uaic.ro\/new-phys\/wp-content\/uploads\/2025\/12\/FTA_anul-1.pdf\">Anul I<\/a><\/li>\n\n\n\n<li><a href=\"https:\/\/www.phys.uaic.ro\/new-phys\/wp-content\/uploads\/2025\/12\/FTA_anul-2.pdf\">Anul II<\/a><\/li>\n<\/ul>\n\n\n\n<p><strong>Fi\u0219e discipline la specializarea <em>Metode fizice aplicate \u00een kinetoterapie \u0219i recuperare medical\u0103<\/em><\/strong><\/p>\n\n\n\n<ul class=\"wp-block-list\">\n<li><a href=\"http:\/\/Kineto_anul-1\">Anul I<\/a><\/li>\n\n\n\n<li>Anul II<\/li>\n<\/ul>\n\n\n\n<p><strong>Fi\u0219e discipline la specializarea <em>Optic\u0103 \u015fi optometrie<\/em><\/strong><\/p>\n\n\n\n<ul class=\"wp-block-list\">\n<li><a href=\"https:\/\/www.phys.uaic.ro\/new-phys\/wp-content\/uploads\/2025\/12\/OO_anul-1.pdf\">Anul I<\/a><\/li>\n\n\n\n<li><a href=\"https:\/\/www.phys.uaic.ro\/new-phys\/wp-content\/uploads\/2025\/12\/OO_anul-2.pdf\">Anul II<\/a><\/li>\n<\/ul>\n\n\n\n<p><strong>Fi\u0219e discipline la specializarea <em>Fizic\u0103 aplicat\u0103 \u00een tehnologii SMART \u0219i comunica\u021bii<\/em><\/strong><\/p>\n\n\n\n<ul class=\"wp-block-list\">\n<li><a href=\"https:\/\/www.phys.uaic.ro\/new-phys\/wp-content\/uploads\/2025\/12\/Smart_anul-1.pdf\">Anul I<\/a><\/li>\n\n\n\n<li><a href=\"https:\/\/www.phys.uaic.ro\/new-phys\/wp-content\/uploads\/2025\/12\/SMART_anul-2.pdf\">Anul II<\/a><\/li>\n<\/ul>\n\n\n\n<p><strong>Fi\u0219e discipline la specializarea <em>Fizica energiilor <\/em><\/strong><strong><em>\u00eenalte \/ High Energy \u00eenalte (\u00een limba englez\u0103)<\/em><\/strong><\/p>\n\n\n\n<ul class=\"wp-block-list\">\n<li>Anul I<\/li>\n<\/ul>\n\n\n\n<p><strong>Fi\u0219e discipline la specializarea <em>Fizic\u0103 aplicat\u0103 \u00een tehnologiile informa\u021biei \u0219i comunica\u021bii (B\u0103l\u021bi)<\/em><\/strong><\/p>\n\n\n\n<ul class=\"wp-block-list\">\n<li><a href=\"http:\/\/Fatic_anul-1\">Anul I<\/a><\/li>\n\n\n\n<li><a href=\"http:\/\/Fatic_anul-2\">Anul II<\/a><\/li>\n<\/ul>\n\n\n\n<p><\/p>\n","protected":false},"excerpt":{"rendered":"<p>Fi\u0219e discipline la specializarea Fizic\u0103 medical\u0103 aplicat\u0103 Fi\u0219e discipline la specializarea Fizica pentru tehnologii avansate \/ Physics for advanced technologies (\u00een limba englez\u0103) Fi\u0219e discipline la specializarea Metode fizice aplicate \u00een kinetoterapie \u0219i recuperare medical\u0103 Fi\u0219e discipline la specializarea Optic\u0103 <a href=\"https:\/\/www.phys.uaic.ro\/new-phys\/fise-discipline-master-pentru-anul-universitar-2025-2026\/\"> Read more&#8230;<\/a><\/p>\n","protected":false},"author":4,"featured_media":0,"parent":0,"menu_order":0,"comment_status":"closed","ping_status":"closed","template":"","meta":{"footnotes":""},"class_list":["post-8471","page","type-page","status-publish","hentry"],"_links":{"self":[{"href":"https:\/\/www.phys.uaic.ro\/new-phys\/wp-json\/wp\/v2\/pages\/8471","targetHints":{"allow":["GET"]}}],"collection":[{"href":"https:\/\/www.phys.uaic.ro\/new-phys\/wp-json\/wp\/v2\/pages"}],"about":[{"href":"https:\/\/www.phys.uaic.ro\/new-phys\/wp-json\/wp\/v2\/types\/page"}],"author":[{"embeddable":true,"href":"https:\/\/www.phys.uaic.ro\/new-phys\/wp-json\/wp\/v2\/users\/4"}],"replies":[{"embeddable":true,"href":"https:\/\/www.phys.uaic.ro\/new-phys\/wp-json\/wp\/v2\/comments?post=8471"}],"version-history":[{"count":2,"href":"https:\/\/www.phys.uaic.ro\/new-phys\/wp-json\/wp\/v2\/pages\/8471\/revisions"}],"predecessor-version":[{"id":8496,"href":"https:\/\/www.phys.uaic.ro\/new-phys\/wp-json\/wp\/v2\/pages\/8471\/revisions\/8496"}],"wp:attachment":[{"href":"https:\/\/www.phys.uaic.ro\/new-phys\/wp-json\/wp\/v2\/media?parent=8471"}],"curies":[{"name":"wp","href":"https:\/\/api.w.org\/{rel}","templated":true}]}}