{"id":8553,"date":"2026-04-30T13:26:45","date_gmt":"2026-04-30T10:26:45","guid":{"rendered":"https:\/\/www.phys.uaic.ro\/new-phys\/?page_id=8553"},"modified":"2026-04-30T13:35:26","modified_gmt":"2026-04-30T10:35:26","slug":"anunt-privind-presustinerea-in-fata-comisiei-de-indrumarea-tezei-de-doctorat-a-drd-molcalut-monica-pe-data-de-18-05-2026","status":"publish","type":"page","link":"https:\/\/www.phys.uaic.ro\/new-phys\/anunt-privind-presustinerea-in-fata-comisiei-de-indrumarea-tezei-de-doctorat-a-drd-molcalut-monica-pe-data-de-18-05-2026\/","title":{"rendered":"Anun\u021b privind presus\u021binerea, \u00een fa\u021ba comisiei de \u00eendrumare, a tezei de doctorat a drd. Molc\u0103lu\u021b Monica\u00a0 pe data de 18.05.2026"},"content":{"rendered":"\n<p>\u00a0La data de 18.05.2026, \u00eencep\u00e2nd cu ora 11<sup>30<\/sup>, \u00een <strong>Laboratorul de Autoorganizare<\/strong> va avea loc presus\u021binerea, \u00een fa\u021ba comisiei de \u00eendrumare, a tezei de doctorat cu titlul <strong>\u201eUTILIZAREA MODELELOR NELINIARE \u00ceN ANALIZA DINAMICILOR UNOR STRUCTURI COMPLEXE \u201d<\/strong>, prezentat\u0103\u00a0 de studenta-doctorand\u0103 MOLC\u0102LU\u021a Monica, sub \u00eendrumarea <strong>prof. univ. dr. Maricel AGOP.<\/strong><\/p>\n\n\n\n<p><\/p>\n","protected":false},"excerpt":{"rendered":"<p>\u00a0La data de 18.05.2026, \u00eencep\u00e2nd cu ora 1130, \u00een Laboratorul de Autoorganizare va avea loc presus\u021binerea, \u00een fa\u021ba comisiei de \u00eendrumare, a tezei de doctorat cu titlul \u201eUTILIZAREA MODELELOR NELINIARE \u00ceN ANALIZA DINAMICILOR UNOR STRUCTURI COMPLEXE \u201d, prezentat\u0103\u00a0 de studenta-doctorand\u0103 <a href=\"https:\/\/www.phys.uaic.ro\/new-phys\/anunt-privind-presustinerea-in-fata-comisiei-de-indrumarea-tezei-de-doctorat-a-drd-molcalut-monica-pe-data-de-18-05-2026\/\"> Read more&#8230;<\/a><\/p>\n","protected":false},"author":4,"featured_media":0,"parent":0,"menu_order":0,"comment_status":"closed","ping_status":"closed","template":"","meta":{"footnotes":""},"class_list":["post-8553","page","type-page","status-publish","hentry"],"_links":{"self":[{"href":"https:\/\/www.phys.uaic.ro\/new-phys\/wp-json\/wp\/v2\/pages\/8553","targetHints":{"allow":["GET"]}}],"collection":[{"href":"https:\/\/www.phys.uaic.ro\/new-phys\/wp-json\/wp\/v2\/pages"}],"about":[{"href":"https:\/\/www.phys.uaic.ro\/new-phys\/wp-json\/wp\/v2\/types\/page"}],"author":[{"embeddable":true,"href":"https:\/\/www.phys.uaic.ro\/new-phys\/wp-json\/wp\/v2\/users\/4"}],"replies":[{"embeddable":true,"href":"https:\/\/www.phys.uaic.ro\/new-phys\/wp-json\/wp\/v2\/comments?post=8553"}],"version-history":[{"count":2,"href":"https:\/\/www.phys.uaic.ro\/new-phys\/wp-json\/wp\/v2\/pages\/8553\/revisions"}],"predecessor-version":[{"id":8562,"href":"https:\/\/www.phys.uaic.ro\/new-phys\/wp-json\/wp\/v2\/pages\/8553\/revisions\/8562"}],"wp:attachment":[{"href":"https:\/\/www.phys.uaic.ro\/new-phys\/wp-json\/wp\/v2\/media?parent=8553"}],"curies":[{"name":"wp","href":"https:\/\/api.w.org\/{rel}","templated":true}]}}