{"id":8555,"date":"2026-04-30T13:30:52","date_gmt":"2026-04-30T10:30:52","guid":{"rendered":"https:\/\/www.phys.uaic.ro\/new-phys\/?page_id=8555"},"modified":"2026-04-30T13:33:44","modified_gmt":"2026-04-30T10:33:44","slug":"anunt-privind-presustinerea-in-fata-comisiei-de-indrumare-a-tezei-de-doctorat-a-drd-bruma-andreea-bianca-pe-data-de-18-05-2026","status":"publish","type":"page","link":"https:\/\/www.phys.uaic.ro\/new-phys\/anunt-privind-presustinerea-in-fata-comisiei-de-indrumare-a-tezei-de-doctorat-a-drd-bruma-andreea-bianca-pe-data-de-18-05-2026\/","title":{"rendered":"Anun\u021b privind presus\u021binerea, \u00een fa\u021ba comisiei de \u00eendrumare, a tezei de doctorat a drd. Brum\u0103 Andreea-Bianca\u00a0 pe data de 18.05.2026"},"content":{"rendered":"\n<p>La data de 18.05.2025, \u00eencep\u00e2nd cu ora 11<sup>00<\/sup>, \u00een <strong>Laboratorul de Autoorganizare<\/strong> va avea loc presus\u021binerea, \u00een fa\u021ba comisiei de \u00eendrumare, a tezei de doctorat cu titlul <strong>\u201eCOMPORTAMENTE NELINIARE \u00ceN STRUCTURI MATERIALE\u201d<\/strong>, prezentat\u0103\u00a0 de studenta-doctorand\u0103 BRUM\u0102 Andreea-Bianca, sub \u00eendrumarea <strong>prof. univ. dr. Maricel AGOP.<\/strong><\/p>\n\n\n\n<p><\/p>\n","protected":false},"excerpt":{"rendered":"<p>La data de 18.05.2025, \u00eencep\u00e2nd cu ora 1100, \u00een Laboratorul de Autoorganizare va avea loc presus\u021binerea, \u00een fa\u021ba comisiei de \u00eendrumare, a tezei de doctorat cu titlul \u201eCOMPORTAMENTE NELINIARE \u00ceN STRUCTURI MATERIALE\u201d, prezentat\u0103\u00a0 de studenta-doctorand\u0103 BRUM\u0102 Andreea-Bianca, sub \u00eendrumarea prof. <a href=\"https:\/\/www.phys.uaic.ro\/new-phys\/anunt-privind-presustinerea-in-fata-comisiei-de-indrumare-a-tezei-de-doctorat-a-drd-bruma-andreea-bianca-pe-data-de-18-05-2026\/\"> Read more&#8230;<\/a><\/p>\n","protected":false},"author":4,"featured_media":0,"parent":0,"menu_order":0,"comment_status":"closed","ping_status":"closed","template":"","meta":{"footnotes":""},"class_list":["post-8555","page","type-page","status-publish","hentry"],"_links":{"self":[{"href":"https:\/\/www.phys.uaic.ro\/new-phys\/wp-json\/wp\/v2\/pages\/8555","targetHints":{"allow":["GET"]}}],"collection":[{"href":"https:\/\/www.phys.uaic.ro\/new-phys\/wp-json\/wp\/v2\/pages"}],"about":[{"href":"https:\/\/www.phys.uaic.ro\/new-phys\/wp-json\/wp\/v2\/types\/page"}],"author":[{"embeddable":true,"href":"https:\/\/www.phys.uaic.ro\/new-phys\/wp-json\/wp\/v2\/users\/4"}],"replies":[{"embeddable":true,"href":"https:\/\/www.phys.uaic.ro\/new-phys\/wp-json\/wp\/v2\/comments?post=8555"}],"version-history":[{"count":3,"href":"https:\/\/www.phys.uaic.ro\/new-phys\/wp-json\/wp\/v2\/pages\/8555\/revisions"}],"predecessor-version":[{"id":8560,"href":"https:\/\/www.phys.uaic.ro\/new-phys\/wp-json\/wp\/v2\/pages\/8555\/revisions\/8560"}],"wp:attachment":[{"href":"https:\/\/www.phys.uaic.ro\/new-phys\/wp-json\/wp\/v2\/media?parent=8555"}],"curies":[{"name":"wp","href":"https:\/\/api.w.org\/{rel}","templated":true}]}}