{"id":8570,"date":"2026-05-04T13:29:02","date_gmt":"2026-05-04T10:29:02","guid":{"rendered":"https:\/\/www.phys.uaic.ro\/new-phys\/?page_id=8570"},"modified":"2026-05-04T13:50:48","modified_gmt":"2026-05-04T10:50:48","slug":"euro-200","status":"publish","type":"page","link":"https:\/\/www.phys.uaic.ro\/new-phys\/euro-200\/","title":{"rendered":"Euro 200"},"content":{"rendered":"\n<p>Programul \u201eEURO 200\u201d \u2013 ajutor financiar pentru studen\u021bi \u00een vederea achizi\u021bion\u0103rii de calculatoare<\/p>\n\n\n\n<p>&nbsp;<strong>\u201eEURO 200\u201d <\/strong>este un program prin care studen\u021bii din cadrul institu\u021biilor de \u00eenv\u0103\u021b\u0103m\u00e2nt superior acreditate din Romania cu o v\u00e2rst\u0103 de p\u00e2n\u0103 la <strong>26<\/strong> de ani \u0219i provin din familii cu un venit lunar brut de maximum <strong>500 RON<\/strong> pe membru de familie pot beneficia de un ajutor financiar \u00een vederea stimul\u0103rii achizi\u021bion\u0103rii de calculatoare, conform Hot\u0103r\u00e2rii nr. 395\/04.05.2023. Ajutorul financiar reprezint\u0103 echivalentul \u00een lei a <strong>200 de Euro<\/strong> pentru un calculator \u0219i se acord\u0103 o singur\u0103 dat\u0103 \u00een cadrul unei familii.<\/p>\n\n\n\n<p><strong>Depunerea cererilor \u015fi a documentelor doveditoare necesare acces\u0103rii programului \u201eEURO 200\u201d<\/strong> se face la secretariatul facult\u0103\u0163ii, <strong>termenul de depunere a acestora este de 15\u00a0 mai 2026<u>,<\/u> <u>conform calendarului <\/u><\/strong><a href=\"https:\/\/www.phys.uaic.ro\/new-phys\/wp-content\/uploads\/2026\/05\/Euro-200.pdf\"><strong><u>aprobat prin O.M. nr. 3616\/14.04.2026<\/u><\/strong>.<\/a><\/p>\n\n\n\n<p>\/<\/p>\n\n\n\n<p><\/p>\n","protected":false},"excerpt":{"rendered":"<p>Programul \u201eEURO 200\u201d \u2013 ajutor financiar pentru studen\u021bi \u00een vederea achizi\u021bion\u0103rii de calculatoare &nbsp;\u201eEURO 200\u201d este un program prin care studen\u021bii din cadrul institu\u021biilor de \u00eenv\u0103\u021b\u0103m\u00e2nt superior acreditate din Romania cu o v\u00e2rst\u0103 de p\u00e2n\u0103 la 26 de ani \u0219i <a href=\"https:\/\/www.phys.uaic.ro\/new-phys\/euro-200\/\"> Read more&#8230;<\/a><\/p>\n","protected":false},"author":4,"featured_media":0,"parent":0,"menu_order":0,"comment_status":"closed","ping_status":"closed","template":"","meta":{"footnotes":""},"class_list":["post-8570","page","type-page","status-publish","hentry"],"_links":{"self":[{"href":"https:\/\/www.phys.uaic.ro\/new-phys\/wp-json\/wp\/v2\/pages\/8570","targetHints":{"allow":["GET"]}}],"collection":[{"href":"https:\/\/www.phys.uaic.ro\/new-phys\/wp-json\/wp\/v2\/pages"}],"about":[{"href":"https:\/\/www.phys.uaic.ro\/new-phys\/wp-json\/wp\/v2\/types\/page"}],"author":[{"embeddable":true,"href":"https:\/\/www.phys.uaic.ro\/new-phys\/wp-json\/wp\/v2\/users\/4"}],"replies":[{"embeddable":true,"href":"https:\/\/www.phys.uaic.ro\/new-phys\/wp-json\/wp\/v2\/comments?post=8570"}],"version-history":[{"count":3,"href":"https:\/\/www.phys.uaic.ro\/new-phys\/wp-json\/wp\/v2\/pages\/8570\/revisions"}],"predecessor-version":[{"id":8578,"href":"https:\/\/www.phys.uaic.ro\/new-phys\/wp-json\/wp\/v2\/pages\/8570\/revisions\/8578"}],"wp:attachment":[{"href":"https:\/\/www.phys.uaic.ro\/new-phys\/wp-json\/wp\/v2\/media?parent=8570"}],"curies":[{"name":"wp","href":"https:\/\/api.w.org\/{rel}","templated":true}]}}