{"id":10770,"date":"2020-11-18T07:44:28","date_gmt":"2020-11-18T07:44:28","guid":{"rendered":"https:\/\/www.phys.uaic.ro\/?page_id=10770"},"modified":"2025-10-14T14:22:16","modified_gmt":"2025-10-14T11:22:16","slug":"ionut-cristian-topala-expertiza","status":"publish","type":"page","link":"https:\/\/www.phys.uaic.ro\/old\/index.php\/scoala-doctorala\/conducatori-doctorat\/ionut-cristian-topala-expertiza\/","title":{"rendered":"Prof. Dr. habil. Ionu\u021b Cristian TOPAL\u0102 &#8211; expertiz\u0103"},"content":{"rendered":"<p><b>Domeniul major de studiu:<\/b><\/p>\n<ul>\n<li>Fizica plasmei de temperatur\u0103 joas\u0103. Generare, control, diagnoz\u0103 \u0219i aplica\u021bii.<\/li>\n<\/ul>\n<p><b>Teme de cercetare:<\/b><\/p>\n<ul>\n<li>Noi configura\u021bii de desc\u0103rcare pentru generarea plasmelor pulsate la presiune atmosferic\u0103.<\/li>\n<li>Diagnoza uni-puls \u0219i multi-puls a plasmelor pulsate. Parametrii plasmei \u0219i variabilitate statistic\u0103.<\/li>\n<li>Fizica plasmei \u0219i \u0219tiin\u021bele viului: efectele plasmei asupra \u021besuturilor, celulelor, biomoleculelor, bacteriilor \u0219i virusurilor.<\/li>\n<li>Sinteza asistat\u0103 de plasm\u0103 \u0219i radia\u021bia laser a structurilor \u0219i straturilor mezo \/ nanoscopice.<\/li>\n<li>Aplica\u021bii ale proceselor asistate de plasm\u0103: surse tehnologice, modificarea st\u0103rii suprafe\u021belor, experimente de laborator pentru astrofizic\u0103.<\/li>\n<\/ul>\n","protected":false},"excerpt":{"rendered":"<p>Domeniul major de studiu: Fizica plasmei de temperatur\u0103 joas\u0103. Generare, control, diagnoz\u0103 \u0219i aplica\u021bii. Teme de cercetare: Noi configura\u021bii de desc\u0103rcare pentru generarea plasmelor pulsate la presiune atmosferic\u0103. Diagnoza uni-puls \u0219i multi-puls a plasmelor pulsate. Parametrii plasmei \u0219i variabilitate statistic\u0103. Fizica plasmei \u0219i \u0219tiin\u021bele viului: efectele plasmei asupra \u021besuturilor, celulelor, biomoleculelor, bacteriilor \u0219i virusurilor. Sinteza asistat\u0103 de plasm\u0103\u2026 <span class=\"read-more\"><a href=\"https:\/\/www.phys.uaic.ro\/old\/index.php\/scoala-doctorala\/conducatori-doctorat\/ionut-cristian-topala-expertiza\/\">Read More &raquo;<\/a><\/span><\/p>\n","protected":false},"author":3,"featured_media":0,"parent":150,"menu_order":0,"comment_status":"closed","ping_status":"closed","template":"","meta":{"footnotes":""},"class_list":["post-10770","page","type-page","status-publish","hentry"],"_links":{"self":[{"href":"https:\/\/www.phys.uaic.ro\/old\/index.php\/wp-json\/wp\/v2\/pages\/10770","targetHints":{"allow":["GET"]}}],"collection":[{"href":"https:\/\/www.phys.uaic.ro\/old\/index.php\/wp-json\/wp\/v2\/pages"}],"about":[{"href":"https:\/\/www.phys.uaic.ro\/old\/index.php\/wp-json\/wp\/v2\/types\/page"}],"author":[{"embeddable":true,"href":"https:\/\/www.phys.uaic.ro\/old\/index.php\/wp-json\/wp\/v2\/users\/3"}],"replies":[{"embeddable":true,"href":"https:\/\/www.phys.uaic.ro\/old\/index.php\/wp-json\/wp\/v2\/comments?post=10770"}],"version-history":[{"count":0,"href":"https:\/\/www.phys.uaic.ro\/old\/index.php\/wp-json\/wp\/v2\/pages\/10770\/revisions"}],"up":[{"embeddable":true,"href":"https:\/\/www.phys.uaic.ro\/old\/index.php\/wp-json\/wp\/v2\/pages\/150"}],"wp:attachment":[{"href":"https:\/\/www.phys.uaic.ro\/old\/index.php\/wp-json\/wp\/v2\/media?parent=10770"}],"curies":[{"name":"wp","href":"https:\/\/api.w.org\/{rel}","templated":true}]}}