{"id":11611,"date":"2021-02-22T17:25:44","date_gmt":"2021-02-22T17:25:44","guid":{"rendered":"https:\/\/www.phys.uaic.ro\/?page_id=11611"},"modified":"2025-05-06T13:30:32","modified_gmt":"2025-05-06T10:30:32","slug":"viitori-studenti","status":"publish","type":"page","link":"https:\/\/www.phys.uaic.ro\/old\/index.php\/viitori-studenti\/","title":{"rendered":"Viitori studen\u021bi"},"content":{"rendered":"<p><img loading=\"lazy\" decoding=\"async\" class=\"alignnone wp-image-24409\" src=\"https:\/\/www.phys.uaic.ro\/wp-content\/uploads\/2025\/03\/banner-ZPD-2025-web-650x90-1-300x42.jpg\" alt=\"\" width=\"800\" height=\"112\" srcset=\"https:\/\/www.phys.uaic.ro\/old\/wp-content\/uploads\/2025\/03\/banner-ZPD-2025-web-650x90-1-300x42.jpg 300w, https:\/\/www.phys.uaic.ro\/old\/wp-content\/uploads\/2025\/03\/banner-ZPD-2025-web-650x90-1.jpg 650w\" sizes=\"auto, (max-width: 800px) 100vw, 800px\" \/><\/p>\n<p>Tururi ghidate ale facult\u0103\u0163ii<\/p>\n<p>Vineri, <strong>14 mai 2025<\/strong>, \u00eentre orele <strong>14.00 \u015fi 20.00<\/strong><br \/>\nS\u00e2mb\u0103t\u0103, <strong>15 mai 2025<\/strong>, \u00eentre orele <strong>10.00 \u015fi 14.00<\/strong><\/p>\n<p>Plecare de la secretariatul facult\u0103\u0163ii, Corpul A.<\/p>\n<h1>Prezentare<\/h1>\n<div style=\"width: 640px;\" class=\"wp-video\"><video class=\"wp-video-shortcode\" id=\"video-11611-1\" width=\"640\" height=\"640\" poster=\"https:\/\/www.phys.uaic.ro\/wp-content\/uploads\/2022\/06\/film.png\" preload=\"metadata\" controls=\"controls\"><source type=\"video\/mp4\" src=\"https:\/\/www.phys.uaic.ro\/wp-content\/uploads\/2022\/06\/Top10argumente_fizica.mp4?_=1\" \/><a href=\"https:\/\/www.phys.uaic.ro\/wp-content\/uploads\/2022\/06\/Top10argumente_fizica.mp4\">https:\/\/www.phys.uaic.ro\/wp-content\/uploads\/2022\/06\/Top10argumente_fizica.mp4<\/a><\/video><\/div>\n<h2><a href=\"http:\/\/www.phys.uaic.ro\/index.php\/viitori-studenti\/prezentare\/pliante-licenta\">Programe de licen\u021b\u0103<\/a><\/h2>\n<ul style=\"list-style-type: none;\">\n<li><img loading=\"lazy\" decoding=\"async\" class=\"alignnone wp-image-11900 size-medium\" src=\"https:\/\/www.phys.uaic.ro\/wp-content\/uploads\/2021\/03\/pliant-general-licenta_2-151x300.jpg\" alt=\"\" width=\"151\" height=\"300\" srcset=\"https:\/\/www.phys.uaic.ro\/old\/wp-content\/uploads\/2021\/03\/pliant-general-licenta_2-151x300.jpg 151w, https:\/\/www.phys.uaic.ro\/old\/wp-content\/uploads\/2021\/03\/pliant-general-licenta_2-516x1024.jpg 516w, https:\/\/www.phys.uaic.ro\/old\/wp-content\/uploads\/2021\/03\/pliant-general-licenta_2-768x1526.jpg 768w, https:\/\/www.phys.uaic.ro\/old\/wp-content\/uploads\/2021\/03\/pliant-general-licenta_2-773x1536.jpg 773w, https:\/\/www.phys.uaic.ro\/old\/wp-content\/uploads\/2021\/03\/pliant-general-licenta_2-1031x2048.jpg 1031w, https:\/\/www.phys.uaic.ro\/old\/wp-content\/uploads\/2021\/03\/pliant-general-licenta_2-665x1321.jpg 665w, https:\/\/www.phys.uaic.ro\/old\/wp-content\/uploads\/2021\/03\/pliant-general-licenta_2.jpg 1249w\" sizes=\"auto, (max-width: 151px) 100vw, 151px\" \/><a href=\"https:\/\/www.phys.uaic.ro\/wp-content\/uploads\/2022\/04\/2020_pliant_Fizica.pdf\"><img loading=\"lazy\" decoding=\"async\" class=\"alignleft wp-image-11901 size-medium\" src=\"https:\/\/www.phys.uaic.ro\/wp-content\/uploads\/2021\/03\/pliant-fizica-romana_2-151x300.jpg\" alt=\"\" width=\"151\" height=\"300\" srcset=\"https:\/\/www.phys.uaic.ro\/old\/wp-content\/uploads\/2021\/03\/pliant-fizica-romana_2-151x300.jpg 151w, https:\/\/www.phys.uaic.ro\/old\/wp-content\/uploads\/2021\/03\/pliant-fizica-romana_2-516x1024.jpg 516w, https:\/\/www.phys.uaic.ro\/old\/wp-content\/uploads\/2021\/03\/pliant-fizica-romana_2-768x1526.jpg 768w, https:\/\/www.phys.uaic.ro\/old\/wp-content\/uploads\/2021\/03\/pliant-fizica-romana_2-773x1536.jpg 773w, https:\/\/www.phys.uaic.ro\/old\/wp-content\/uploads\/2021\/03\/pliant-fizica-romana_2-1031x2048.jpg 1031w, https:\/\/www.phys.uaic.ro\/old\/wp-content\/uploads\/2021\/03\/pliant-fizica-romana_2-665x1321.jpg 665w, https:\/\/www.phys.uaic.ro\/old\/wp-content\/uploads\/2021\/03\/pliant-fizica-romana_2.jpg 1249w\" sizes=\"auto, (max-width: 151px) 100vw, 151px\" \/><\/a><a href=\"https:\/\/www.phys.uaic.ro\/wp-content\/uploads\/2022\/04\/2020_pliant_tehnologica.pdf\"><img loading=\"lazy\" decoding=\"async\" class=\"size-medium wp-image-11899 alignleft\" src=\"https:\/\/www.phys.uaic.ro\/wp-content\/uploads\/2021\/03\/pliant-fizica-tehnologica_2-151x300.jpg\" alt=\"\" width=\"151\" height=\"300\" srcset=\"https:\/\/www.phys.uaic.ro\/old\/wp-content\/uploads\/2021\/03\/pliant-fizica-tehnologica_2-151x300.jpg 151w, https:\/\/www.phys.uaic.ro\/old\/wp-content\/uploads\/2021\/03\/pliant-fizica-tehnologica_2-516x1024.jpg 516w, https:\/\/www.phys.uaic.ro\/old\/wp-content\/uploads\/2021\/03\/pliant-fizica-tehnologica_2-768x1526.jpg 768w, https:\/\/www.phys.uaic.ro\/old\/wp-content\/uploads\/2021\/03\/pliant-fizica-tehnologica_2-773x1536.jpg 773w, https:\/\/www.phys.uaic.ro\/old\/wp-content\/uploads\/2021\/03\/pliant-fizica-tehnologica_2-1031x2048.jpg 1031w, https:\/\/www.phys.uaic.ro\/old\/wp-content\/uploads\/2021\/03\/pliant-fizica-tehnologica_2-665x1321.jpg 665w, https:\/\/www.phys.uaic.ro\/old\/wp-content\/uploads\/2021\/03\/pliant-fizica-tehnologica_2.jpg 1249w\" sizes=\"auto, (max-width: 151px) 100vw, 151px\" \/><\/a><a href=\"https:\/\/www.phys.uaic.ro\/wp-content\/uploads\/2022\/04\/2020_pliant_fizica-medicala.pdf\"><img loading=\"lazy\" decoding=\"async\" class=\"size-medium wp-image-11897 alignleft\" src=\"https:\/\/www.phys.uaic.ro\/wp-content\/uploads\/2021\/03\/pliant-fizica-medicala_2-151x300.jpg\" alt=\"\" width=\"151\" height=\"300\" srcset=\"https:\/\/www.phys.uaic.ro\/old\/wp-content\/uploads\/2021\/03\/pliant-fizica-medicala_2-151x300.jpg 151w, https:\/\/www.phys.uaic.ro\/old\/wp-content\/uploads\/2021\/03\/pliant-fizica-medicala_2-516x1024.jpg 516w, https:\/\/www.phys.uaic.ro\/old\/wp-content\/uploads\/2021\/03\/pliant-fizica-medicala_2-768x1526.jpg 768w, https:\/\/www.phys.uaic.ro\/old\/wp-content\/uploads\/2021\/03\/pliant-fizica-medicala_2-773x1536.jpg 773w, https:\/\/www.phys.uaic.ro\/old\/wp-content\/uploads\/2021\/03\/pliant-fizica-medicala_2-1031x2048.jpg 1031w, https:\/\/www.phys.uaic.ro\/old\/wp-content\/uploads\/2021\/03\/pliant-fizica-medicala_2-665x1321.jpg 665w, https:\/\/www.phys.uaic.ro\/old\/wp-content\/uploads\/2021\/03\/pliant-fizica-medicala_2.jpg 1249w\" sizes=\"auto, (max-width: 151px) 100vw, 151px\" \/><\/a><a href=\"https:\/\/www.phys.uaic.ro\/wp-content\/uploads\/2022\/04\/2020_pliant_informatica.pdf\"><img loading=\"lazy\" decoding=\"async\" class=\"size-medium wp-image-11896 alignnone\" src=\"https:\/\/www.phys.uaic.ro\/wp-content\/uploads\/2021\/03\/pliant-fizica-informatica_2-151x300.jpg\" alt=\"\" width=\"151\" height=\"300\" srcset=\"https:\/\/www.phys.uaic.ro\/old\/wp-content\/uploads\/2021\/03\/pliant-fizica-informatica_2-151x300.jpg 151w, https:\/\/www.phys.uaic.ro\/old\/wp-content\/uploads\/2021\/03\/pliant-fizica-informatica_2-516x1024.jpg 516w, https:\/\/www.phys.uaic.ro\/old\/wp-content\/uploads\/2021\/03\/pliant-fizica-informatica_2-768x1526.jpg 768w, https:\/\/www.phys.uaic.ro\/old\/wp-content\/uploads\/2021\/03\/pliant-fizica-informatica_2-773x1536.jpg 773w, https:\/\/www.phys.uaic.ro\/old\/wp-content\/uploads\/2021\/03\/pliant-fizica-informatica_2-1031x2048.jpg 1031w, https:\/\/www.phys.uaic.ro\/old\/wp-content\/uploads\/2021\/03\/pliant-fizica-informatica_2-665x1321.jpg 665w, https:\/\/www.phys.uaic.ro\/old\/wp-content\/uploads\/2021\/03\/pliant-fizica-informatica_2.jpg 1249w\" sizes=\"auto, (max-width: 151px) 100vw, 151px\" \/><\/a><\/li>\n<\/ul>\n<h2><a href=\"http:\/\/www.phys.uaic.ro\/index.php\/viitori-studenti\/prezentare\/pliante-master\">Programe de master<\/a><\/h2>\n<ul style=\"list-style-type: none;\">\n<li><a href=\"https:\/\/www.phys.uaic.ro\/wp-content\/uploads\/2022\/04\/2020_pliant_general_master.pdf\"><img loading=\"lazy\" decoding=\"async\" class=\"alignleft wp-image-11906 size-medium\" src=\"https:\/\/www.phys.uaic.ro\/wp-content\/uploads\/2021\/03\/pliant-general-masterat_2-151x300.jpg\" alt=\"\" width=\"151\" height=\"300\" srcset=\"https:\/\/www.phys.uaic.ro\/old\/wp-content\/uploads\/2021\/03\/pliant-general-masterat_2-151x300.jpg 151w, https:\/\/www.phys.uaic.ro\/old\/wp-content\/uploads\/2021\/03\/pliant-general-masterat_2-516x1024.jpg 516w, https:\/\/www.phys.uaic.ro\/old\/wp-content\/uploads\/2021\/03\/pliant-general-masterat_2-768x1526.jpg 768w, https:\/\/www.phys.uaic.ro\/old\/wp-content\/uploads\/2021\/03\/pliant-general-masterat_2-773x1536.jpg 773w, https:\/\/www.phys.uaic.ro\/old\/wp-content\/uploads\/2021\/03\/pliant-general-masterat_2-1031x2048.jpg 1031w, https:\/\/www.phys.uaic.ro\/old\/wp-content\/uploads\/2021\/03\/pliant-general-masterat_2-665x1321.jpg 665w, https:\/\/www.phys.uaic.ro\/old\/wp-content\/uploads\/2021\/03\/pliant-general-masterat_2.jpg 1249w\" sizes=\"auto, (max-width: 151px) 100vw, 151px\" \/><\/a><a href=\"https:\/\/www.phys.uaic.ro\/wp\/viitori-studenti\/pliante-admitere-master\/pliant-fizica-tehnologii-avansate.pdf\"><img loading=\"lazy\" decoding=\"async\" class=\"alignleft wp-image-11904 size-medium\" src=\"https:\/\/www.phys.uaic.ro\/wp-content\/uploads\/2021\/03\/pliant-fizica-tehnologii-avansate_2-151x300.jpg\" alt=\"\" width=\"151\" height=\"300\" srcset=\"https:\/\/www.phys.uaic.ro\/old\/wp-content\/uploads\/2021\/03\/pliant-fizica-tehnologii-avansate_2-151x300.jpg 151w, https:\/\/www.phys.uaic.ro\/old\/wp-content\/uploads\/2021\/03\/pliant-fizica-tehnologii-avansate_2-516x1024.jpg 516w, https:\/\/www.phys.uaic.ro\/old\/wp-content\/uploads\/2021\/03\/pliant-fizica-tehnologii-avansate_2-768x1526.jpg 768w, https:\/\/www.phys.uaic.ro\/old\/wp-content\/uploads\/2021\/03\/pliant-fizica-tehnologii-avansate_2-773x1536.jpg 773w, https:\/\/www.phys.uaic.ro\/old\/wp-content\/uploads\/2021\/03\/pliant-fizica-tehnologii-avansate_2-1031x2048.jpg 1031w, https:\/\/www.phys.uaic.ro\/old\/wp-content\/uploads\/2021\/03\/pliant-fizica-tehnologii-avansate_2-665x1321.jpg 665w, https:\/\/www.phys.uaic.ro\/old\/wp-content\/uploads\/2021\/03\/pliant-fizica-tehnologii-avansate_2.jpg 1249w\" sizes=\"auto, (max-width: 151px) 100vw, 151px\" \/><\/a><a href=\"https:\/\/www.phys.uaic.ro\/wp-content\/uploads\/2022\/04\/2020-Pliant_Fizica-Medicala-Aplicata.pdf\"><img loading=\"lazy\" decoding=\"async\" class=\"alignleft wp-image-11903 size-medium\" src=\"https:\/\/www.phys.uaic.ro\/wp-content\/uploads\/2021\/03\/pliant-fizica-medicala-aplicata_2-151x300.jpg\" alt=\"\" width=\"151\" height=\"300\" srcset=\"https:\/\/www.phys.uaic.ro\/old\/wp-content\/uploads\/2021\/03\/pliant-fizica-medicala-aplicata_2-151x300.jpg 151w, https:\/\/www.phys.uaic.ro\/old\/wp-content\/uploads\/2021\/03\/pliant-fizica-medicala-aplicata_2-516x1024.jpg 516w, https:\/\/www.phys.uaic.ro\/old\/wp-content\/uploads\/2021\/03\/pliant-fizica-medicala-aplicata_2-768x1526.jpg 768w, https:\/\/www.phys.uaic.ro\/old\/wp-content\/uploads\/2021\/03\/pliant-fizica-medicala-aplicata_2-773x1536.jpg 773w, https:\/\/www.phys.uaic.ro\/old\/wp-content\/uploads\/2021\/03\/pliant-fizica-medicala-aplicata_2-1031x2048.jpg 1031w, https:\/\/www.phys.uaic.ro\/old\/wp-content\/uploads\/2021\/03\/pliant-fizica-medicala-aplicata_2-665x1321.jpg 665w, https:\/\/www.phys.uaic.ro\/old\/wp-content\/uploads\/2021\/03\/pliant-fizica-medicala-aplicata_2.jpg 1249w\" sizes=\"auto, (max-width: 151px) 100vw, 151px\" \/><\/a><a href=\"https:\/\/www.phys.uaic.ro\/wp-content\/uploads\/2022\/04\/FATIC.pdf\"><img loading=\"lazy\" decoding=\"async\" class=\"size-medium wp-image-11905 alignleft\" src=\"https:\/\/www.phys.uaic.ro\/wp-content\/uploads\/2021\/03\/pliant-fizica-tehnologii-informatie-comunicatii_2-151x300.jpg\" alt=\"\" width=\"151\" height=\"300\" srcset=\"https:\/\/www.phys.uaic.ro\/old\/wp-content\/uploads\/2021\/03\/pliant-fizica-tehnologii-informatie-comunicatii_2-151x300.jpg 151w, https:\/\/www.phys.uaic.ro\/old\/wp-content\/uploads\/2021\/03\/pliant-fizica-tehnologii-informatie-comunicatii_2-516x1024.jpg 516w, https:\/\/www.phys.uaic.ro\/old\/wp-content\/uploads\/2021\/03\/pliant-fizica-tehnologii-informatie-comunicatii_2-768x1526.jpg 768w, https:\/\/www.phys.uaic.ro\/old\/wp-content\/uploads\/2021\/03\/pliant-fizica-tehnologii-informatie-comunicatii_2-773x1536.jpg 773w, https:\/\/www.phys.uaic.ro\/old\/wp-content\/uploads\/2021\/03\/pliant-fizica-tehnologii-informatie-comunicatii_2-1031x2048.jpg 1031w, https:\/\/www.phys.uaic.ro\/old\/wp-content\/uploads\/2021\/03\/pliant-fizica-tehnologii-informatie-comunicatii_2-665x1321.jpg 665w, https:\/\/www.phys.uaic.ro\/old\/wp-content\/uploads\/2021\/03\/pliant-fizica-tehnologii-informatie-comunicatii_2.jpg 1249w\" sizes=\"auto, (max-width: 151px) 100vw, 151px\" \/><\/a><a href=\"https:\/\/www.phys.uaic.ro\/wp-content\/uploads\/2022\/04\/kineto-2018.pdf\"><img loading=\"lazy\" decoding=\"async\" class=\"size-medium wp-image-11907 alignleft\" src=\"https:\/\/www.phys.uaic.ro\/wp-content\/uploads\/2021\/03\/pliant-metode-fizice-kinetoterapie-recuperare-medicala_2-151x300.jpg\" alt=\"\" width=\"151\" height=\"300\" srcset=\"https:\/\/www.phys.uaic.ro\/old\/wp-content\/uploads\/2021\/03\/pliant-metode-fizice-kinetoterapie-recuperare-medicala_2-151x300.jpg 151w, https:\/\/www.phys.uaic.ro\/old\/wp-content\/uploads\/2021\/03\/pliant-metode-fizice-kinetoterapie-recuperare-medicala_2-516x1024.jpg 516w, https:\/\/www.phys.uaic.ro\/old\/wp-content\/uploads\/2021\/03\/pliant-metode-fizice-kinetoterapie-recuperare-medicala_2-768x1526.jpg 768w, https:\/\/www.phys.uaic.ro\/old\/wp-content\/uploads\/2021\/03\/pliant-metode-fizice-kinetoterapie-recuperare-medicala_2-773x1536.jpg 773w, https:\/\/www.phys.uaic.ro\/old\/wp-content\/uploads\/2021\/03\/pliant-metode-fizice-kinetoterapie-recuperare-medicala_2-1031x2048.jpg 1031w, https:\/\/www.phys.uaic.ro\/old\/wp-content\/uploads\/2021\/03\/pliant-metode-fizice-kinetoterapie-recuperare-medicala_2-665x1321.jpg 665w, https:\/\/www.phys.uaic.ro\/old\/wp-content\/uploads\/2021\/03\/pliant-metode-fizice-kinetoterapie-recuperare-medicala_2.jpg 1249w\" sizes=\"auto, (max-width: 151px) 100vw, 151px\" \/><\/a><a href=\"https:\/\/www.phys.uaic.ro\/wp-content\/uploads\/2022\/04\/optica_si_optometrie-2018.pdf\"><img loading=\"lazy\" decoding=\"async\" class=\"alignnone wp-image-11908 size-medium\" src=\"https:\/\/www.phys.uaic.ro\/wp-content\/uploads\/2021\/03\/pliant-optica-optometrie_2-151x300.jpg\" alt=\"\" width=\"151\" height=\"300\" srcset=\"https:\/\/www.phys.uaic.ro\/old\/wp-content\/uploads\/2021\/03\/pliant-optica-optometrie_2-151x300.jpg 151w, https:\/\/www.phys.uaic.ro\/old\/wp-content\/uploads\/2021\/03\/pliant-optica-optometrie_2-516x1024.jpg 516w, https:\/\/www.phys.uaic.ro\/old\/wp-content\/uploads\/2021\/03\/pliant-optica-optometrie_2-768x1526.jpg 768w, https:\/\/www.phys.uaic.ro\/old\/wp-content\/uploads\/2021\/03\/pliant-optica-optometrie_2-773x1536.jpg 773w, https:\/\/www.phys.uaic.ro\/old\/wp-content\/uploads\/2021\/03\/pliant-optica-optometrie_2-1031x2048.jpg 1031w, https:\/\/www.phys.uaic.ro\/old\/wp-content\/uploads\/2021\/03\/pliant-optica-optometrie_2-665x1321.jpg 665w, https:\/\/www.phys.uaic.ro\/old\/wp-content\/uploads\/2021\/03\/pliant-optica-optometrie_2.jpg 1249w\" sizes=\"auto, (max-width: 151px) 100vw, 151px\" \/><\/a><\/li>\n<li><\/li>\n<li>\n<h1 style=\"text-align: center;\"><span style=\"font-size: 36pt;\"><a href=\"https:\/\/www.phys.uaic.ro\/index.php\/admitere\/\">Admitere<\/a><\/span><\/h1>\n<\/li>\n<li>\n<h2><a href=\"http:\/\/www.phys.uaic.ro\/index.php\/viitori-studenti\/prezentare\/evenimente\">Evenimente<\/a><\/h2>\n<\/li>\n<li>\n<h2><a href=\"https:\/\/www.phys.uaic.ro\/index.php\/viitori-studenti\/stiinta-pe-intelesul-tuturor\/\">\u0218tiin\u021ba pe \u00een\u021belesul tuturor<\/a><\/h2>\n<\/li>\n<li>\n<h2><a href=\"http:\/\/www.phys.uaic.ro\/index.php\/viitori-studenti\/minds-on-physics\">Minds on Physics !<\/a><\/h2>\n<\/li>\n<li>\n<h2><a href=\"http:\/\/www.phys.uaic.ro\/index.php\/viitori-studenti\/tur-virtual\">Tur virtual<\/a><\/h2>\n<\/li>\n<li>\n<h2><a href=\"http:\/\/www.phys.uaic.ro\/index.php\/viitori-studenti\/absolventii-nostri\">Absolven\u021bii no\u0219tri<\/a><\/h2>\n<\/li>\n<li>\n<h2><a href=\"https:\/\/youtube.com\/channel\/UCkp0z2T2PKR1QcO1U8MduGQ\">YouTube<\/a><\/h2>\n<\/li>\n<\/ul>\n<h1><\/h1>\n<p><!-- ++++++++++++++++++++++++++++++++++++++++++++++++++++++++++++++++++++++++++++++++++++ --><\/p>\n<p><!--\n\n\n<div class=\"colorbox\" style=\"background-color: #e6e6e6;\">\n\n\n<h3>Pliante de prezentare<\/h3>\n\n\n\n\n<ul style=\"list-style-type: none;\">\n \t\n\n<li><a href=\"http:\/\/www.phys.uaic.ro\/index.php\/viitori-studenti\/pliante-licenta\">Pliante de prezentare a specializ\u0103rilor la licen\u021b\u0103<\/a><\/li>\n\n\n \t\n\n<li><a href=\"http:\/\/www.phys.uaic.ro\/index.php\/viitori-studenti\/pliante-master\">Pliante de prezentare a specializ\u0103rilor la master<\/a><\/li>\n\n\n<\/ul>\n\n\n<\/div>\n\n\n&nbsp;--><\/p>\n<p><!-- ++++++++++++++++++++++++++++++++++++++++++++++++++++++++++++++++++++++++++++++++++++ --><\/p>\n<p><!--\n\n\n<div class=\"colorbox\" style=\"background-color: #e6e6e6;\">\n\n\n<h3><a href=\"https:\/\/www.uaic.ro\/tur-virtual\/facultatea-de-fizica\/\">Tur virtual la Facultatea de Fizic\u0103<\/a><\/h3>\n\n\n<\/div>\n\n\n&nbsp;--><\/p>\n<p><!-- ++++++++++++++++++++++++++++++++++++++++++++++++++++++++++++++++++++++++++++++++++++ --><\/p>\n<p><!--\n\n\n<div class=\"colorbox\" style=\"background-color: #e6e6e6;\">\n\n\n<h3><a href=\"https:\/\/www.youtube.com\/watch?v=bb3Z5I2RDGE\">Facultatea de Fizic\u0103 - admitere.uaic.ro<\/a><\/h3>\n\n\n<\/div>\n\n\n&nbsp;--><\/p>\n<p><!-- ++++++++++++++++++++++++++++++++++++++++++++++++++++++++++++++++++++++++++++++++++++ --><\/p>\n","protected":false},"excerpt":{"rendered":"<p>Tururi ghidate ale facult\u0103\u0163ii Vineri, 14 mai 2025, \u00eentre orele 14.00 \u015fi 20.00 S\u00e2mb\u0103t\u0103, 15 mai 2025, \u00eentre orele 10.00 \u015fi 14.00 Plecare de la secretariatul facult\u0103\u0163ii, Corpul A. Prezentare Programe de licen\u021b\u0103 Programe de master Admitere Evenimente \u0218tiin\u021ba pe \u00een\u021belesul tuturor Minds on Physics ! Tur virtual Absolven\u021bii no\u0219tri YouTube<\/p>\n","protected":false},"author":3,"featured_media":0,"parent":0,"menu_order":0,"comment_status":"closed","ping_status":"closed","template":"","meta":{"footnotes":""},"class_list":["post-11611","page","type-page","status-publish","hentry"],"_links":{"self":[{"href":"https:\/\/www.phys.uaic.ro\/old\/index.php\/wp-json\/wp\/v2\/pages\/11611","targetHints":{"allow":["GET"]}}],"collection":[{"href":"https:\/\/www.phys.uaic.ro\/old\/index.php\/wp-json\/wp\/v2\/pages"}],"about":[{"href":"https:\/\/www.phys.uaic.ro\/old\/index.php\/wp-json\/wp\/v2\/types\/page"}],"author":[{"embeddable":true,"href":"https:\/\/www.phys.uaic.ro\/old\/index.php\/wp-json\/wp\/v2\/users\/3"}],"replies":[{"embeddable":true,"href":"https:\/\/www.phys.uaic.ro\/old\/index.php\/wp-json\/wp\/v2\/comments?post=11611"}],"version-history":[{"count":0,"href":"https:\/\/www.phys.uaic.ro\/old\/index.php\/wp-json\/wp\/v2\/pages\/11611\/revisions"}],"wp:attachment":[{"href":"https:\/\/www.phys.uaic.ro\/old\/index.php\/wp-json\/wp\/v2\/media?parent=11611"}],"curies":[{"name":"wp","href":"https:\/\/api.w.org\/{rel}","templated":true}]}}