{"id":11623,"date":"2021-02-22T22:42:37","date_gmt":"2021-02-22T22:42:37","guid":{"rendered":"https:\/\/www.phys.uaic.ro\/?page_id=11623"},"modified":"2025-06-19T16:38:22","modified_gmt":"2025-06-19T13:38:22","slug":"pliante-licenta","status":"publish","type":"page","link":"https:\/\/www.phys.uaic.ro\/old\/index.php\/viitori-studenti\/prezentare\/pliante-licenta\/","title":{"rendered":"Pliante licen\u021b\u0103"},"content":{"rendered":"<p><a href=\"https:\/\/www.phys.uaic.ro\/wp-content\/uploads\/2025\/05\/2025-pliant_general-licenta.pdf\" target=\"_blank\" rel=\"\/wp-content\/uploads\/2022\/04\/2020-pliant_general-licenta.pdf noopener\"><img loading=\"lazy\" decoding=\"async\" class=\"wp-image-11900 size-medium alignleft\" src=\"https:\/\/www.phys.uaic.ro\/wp-content\/uploads\/2021\/03\/pliant-general-licenta_2-151x300.jpg\" alt=\"\" width=\"151\" height=\"300\" srcset=\"https:\/\/www.phys.uaic.ro\/old\/wp-content\/uploads\/2021\/03\/pliant-general-licenta_2-151x300.jpg 151w, https:\/\/www.phys.uaic.ro\/old\/wp-content\/uploads\/2021\/03\/pliant-general-licenta_2-516x1024.jpg 516w, https:\/\/www.phys.uaic.ro\/old\/wp-content\/uploads\/2021\/03\/pliant-general-licenta_2-768x1526.jpg 768w, https:\/\/www.phys.uaic.ro\/old\/wp-content\/uploads\/2021\/03\/pliant-general-licenta_2-773x1536.jpg 773w, https:\/\/www.phys.uaic.ro\/old\/wp-content\/uploads\/2021\/03\/pliant-general-licenta_2-1031x2048.jpg 1031w, https:\/\/www.phys.uaic.ro\/old\/wp-content\/uploads\/2021\/03\/pliant-general-licenta_2-665x1321.jpg 665w, https:\/\/www.phys.uaic.ro\/old\/wp-content\/uploads\/2021\/03\/pliant-general-licenta_2.jpg 1249w\" sizes=\"auto, (max-width: 151px) 100vw, 151px\" \/><\/a><a href=\"https:\/\/www.phys.uaic.ro\/wp-content\/uploads\/2022\/04\/2020_pliant_Fizica.pdf\"><img loading=\"lazy\" decoding=\"async\" class=\"alignleft wp-image-11901 size-medium\" src=\"https:\/\/www.phys.uaic.ro\/wp-content\/uploads\/2021\/03\/pliant-fizica-romana_2-151x300.jpg\" alt=\"\" width=\"151\" height=\"300\" srcset=\"https:\/\/www.phys.uaic.ro\/old\/wp-content\/uploads\/2021\/03\/pliant-fizica-romana_2-151x300.jpg 151w, https:\/\/www.phys.uaic.ro\/old\/wp-content\/uploads\/2021\/03\/pliant-fizica-romana_2-516x1024.jpg 516w, https:\/\/www.phys.uaic.ro\/old\/wp-content\/uploads\/2021\/03\/pliant-fizica-romana_2-768x1526.jpg 768w, https:\/\/www.phys.uaic.ro\/old\/wp-content\/uploads\/2021\/03\/pliant-fizica-romana_2-773x1536.jpg 773w, https:\/\/www.phys.uaic.ro\/old\/wp-content\/uploads\/2021\/03\/pliant-fizica-romana_2-1031x2048.jpg 1031w, https:\/\/www.phys.uaic.ro\/old\/wp-content\/uploads\/2021\/03\/pliant-fizica-romana_2-665x1321.jpg 665w, https:\/\/www.phys.uaic.ro\/old\/wp-content\/uploads\/2021\/03\/pliant-fizica-romana_2.jpg 1249w\" sizes=\"auto, (max-width: 151px) 100vw, 151px\" \/><\/a><a href=\"https:\/\/www.phys.uaic.ro\/wp-content\/uploads\/2022\/04\/2020_pliant_tehnologica.pdf\"><img loading=\"lazy\" decoding=\"async\" class=\"size-medium wp-image-11899 alignleft\" src=\"https:\/\/www.phys.uaic.ro\/wp-content\/uploads\/2021\/03\/pliant-fizica-tehnologica_2-151x300.jpg\" alt=\"\" width=\"151\" height=\"300\" srcset=\"https:\/\/www.phys.uaic.ro\/old\/wp-content\/uploads\/2021\/03\/pliant-fizica-tehnologica_2-151x300.jpg 151w, https:\/\/www.phys.uaic.ro\/old\/wp-content\/uploads\/2021\/03\/pliant-fizica-tehnologica_2-516x1024.jpg 516w, https:\/\/www.phys.uaic.ro\/old\/wp-content\/uploads\/2021\/03\/pliant-fizica-tehnologica_2-768x1526.jpg 768w, https:\/\/www.phys.uaic.ro\/old\/wp-content\/uploads\/2021\/03\/pliant-fizica-tehnologica_2-773x1536.jpg 773w, https:\/\/www.phys.uaic.ro\/old\/wp-content\/uploads\/2021\/03\/pliant-fizica-tehnologica_2-1031x2048.jpg 1031w, https:\/\/www.phys.uaic.ro\/old\/wp-content\/uploads\/2021\/03\/pliant-fizica-tehnologica_2-665x1321.jpg 665w, https:\/\/www.phys.uaic.ro\/old\/wp-content\/uploads\/2021\/03\/pliant-fizica-tehnologica_2.jpg 1249w\" sizes=\"auto, (max-width: 151px) 100vw, 151px\" \/><\/a><a href=\"https:\/\/www.phys.uaic.ro\/wp-content\/uploads\/2022\/04\/2020_pliant_fizica-medicala.pdf\"><img loading=\"lazy\" decoding=\"async\" class=\"size-medium wp-image-11897 alignleft\" src=\"https:\/\/www.phys.uaic.ro\/wp-content\/uploads\/2021\/03\/pliant-fizica-medicala_2-151x300.jpg\" alt=\"\" width=\"151\" height=\"300\" srcset=\"https:\/\/www.phys.uaic.ro\/old\/wp-content\/uploads\/2021\/03\/pliant-fizica-medicala_2-151x300.jpg 151w, https:\/\/www.phys.uaic.ro\/old\/wp-content\/uploads\/2021\/03\/pliant-fizica-medicala_2-516x1024.jpg 516w, https:\/\/www.phys.uaic.ro\/old\/wp-content\/uploads\/2021\/03\/pliant-fizica-medicala_2-768x1526.jpg 768w, https:\/\/www.phys.uaic.ro\/old\/wp-content\/uploads\/2021\/03\/pliant-fizica-medicala_2-773x1536.jpg 773w, https:\/\/www.phys.uaic.ro\/old\/wp-content\/uploads\/2021\/03\/pliant-fizica-medicala_2-1031x2048.jpg 1031w, https:\/\/www.phys.uaic.ro\/old\/wp-content\/uploads\/2021\/03\/pliant-fizica-medicala_2-665x1321.jpg 665w, https:\/\/www.phys.uaic.ro\/old\/wp-content\/uploads\/2021\/03\/pliant-fizica-medicala_2.jpg 1249w\" sizes=\"auto, (max-width: 151px) 100vw, 151px\" \/><\/a><a href=\"https:\/\/www.phys.uaic.ro\/wp-content\/uploads\/2022\/04\/2020_pliant_informatica.pdf\"><img loading=\"lazy\" decoding=\"async\" class=\"size-medium wp-image-11896 alignnone\" src=\"https:\/\/www.phys.uaic.ro\/wp-content\/uploads\/2021\/03\/pliant-fizica-informatica_2-151x300.jpg\" alt=\"\" width=\"151\" height=\"300\" srcset=\"https:\/\/www.phys.uaic.ro\/old\/wp-content\/uploads\/2021\/03\/pliant-fizica-informatica_2-151x300.jpg 151w, https:\/\/www.phys.uaic.ro\/old\/wp-content\/uploads\/2021\/03\/pliant-fizica-informatica_2-516x1024.jpg 516w, https:\/\/www.phys.uaic.ro\/old\/wp-content\/uploads\/2021\/03\/pliant-fizica-informatica_2-768x1526.jpg 768w, https:\/\/www.phys.uaic.ro\/old\/wp-content\/uploads\/2021\/03\/pliant-fizica-informatica_2-773x1536.jpg 773w, https:\/\/www.phys.uaic.ro\/old\/wp-content\/uploads\/2021\/03\/pliant-fizica-informatica_2-1031x2048.jpg 1031w, https:\/\/www.phys.uaic.ro\/old\/wp-content\/uploads\/2021\/03\/pliant-fizica-informatica_2-665x1321.jpg 665w, https:\/\/www.phys.uaic.ro\/old\/wp-content\/uploads\/2021\/03\/pliant-fizica-informatica_2.jpg 1249w\" sizes=\"auto, (max-width: 151px) 100vw, 151px\" \/><\/a><\/p>\n<ul>\n<li><a href=\"https:\/\/www.phys.uaic.ro\/wp-content\/uploads\/2025\/05\/2025-pliant_general-licenta.pdf\">Pliant general Fizic\u0103 licen\u021b\u0103<\/a> <img decoding=\"async\" style=\"vertical-align: top; width: 20px; height: 20px;\" src=\"http:\/\/www.phys.uaic.ro\/wp\/imagini\/pdf-icon.png\" alt=\"pdf\" \/><\/li>\n<li><a href=\"https:\/\/www.phys.uaic.ro\/wp-content\/uploads\/2022\/04\/2020_pliant_Fizica.pdf\">Pliant de prezentare a specializ\u0103rii Fizic\u0103<\/a> <img decoding=\"async\" style=\"vertical-align: top; width: 20px; height: 20px;\" src=\"http:\/\/www.phys.uaic.ro\/wp\/imagini\/pdf-icon.png\" alt=\"pdf\" \/><\/li>\n<li><a href=\"https:\/\/www.phys.uaic.ro\/wp-content\/uploads\/2022\/04\/2020_pliant_fizica-medicala.pdf\">Pliant de prezentare a specializ\u0103rii Fizic\u0103 medical\u0103<\/a> <img decoding=\"async\" style=\"vertical-align: top; width: 20px; height: 20px;\" src=\"http:\/\/www.phys.uaic.ro\/wp\/imagini\/pdf-icon.png\" alt=\"pdf\" \/><\/li>\n<li><a href=\"https:\/\/www.phys.uaic.ro\/wp-content\/uploads\/2022\/04\/2020_pliant_informatica.pdf\">Pliant de prezentare a specializ\u0103rii Fizic\u0103 informatic\u0103<\/a> <img decoding=\"async\" style=\"vertical-align: top; width: 20px; height: 20px;\" src=\"http:\/\/www.phys.uaic.ro\/wp\/imagini\/pdf-icon.png\" alt=\"pdf\" \/><\/li>\n<li><a href=\"https:\/\/www.phys.uaic.ro\/wp-content\/uploads\/2022\/04\/2020_pliant_tehnologica.pdf\">Pliant de prezentare a specializ\u0103rii Fizic\u0103 tehnologic\u0103<\/a> <img decoding=\"async\" style=\"vertical-align: top; width: 20px; height: 20px;\" src=\"http:\/\/www.phys.uaic.ro\/wp\/imagini\/pdf-icon.png\" alt=\"pdf\" \/><\/li>\n<li><a href=\"https:\/\/www.phys.uaic.ro\/wp-content\/uploads\/2025\/06\/2025_pliant_Focsani.pdf\" target=\"_blank\" rel=\"noopener\">Pliant de prezentare a specializ\u0103rii Fizic\u0103 tehnologic\u0103 (\u00eenv\u0103\u021b\u0103m\u00e2nt dual, Foc\u0219ani)<\/a><img loading=\"lazy\" decoding=\"async\" class=\"\" src=\"http:\/\/www.phys.uaic.ro\/wp\/imagini\/pdf-icon.png\" alt=\"pdf\" width=\"20\" height=\"20\" \/><\/li>\n<\/ul>\n<p>&nbsp;<\/p>\n","protected":false},"excerpt":{"rendered":"<p>Pliant general Fizic\u0103 licen\u021b\u0103 Pliant de prezentare a specializ\u0103rii Fizic\u0103 Pliant de prezentare a specializ\u0103rii Fizic\u0103 medical\u0103 Pliant de prezentare a specializ\u0103rii Fizic\u0103 informatic\u0103 Pliant de prezentare a specializ\u0103rii Fizic\u0103 tehnologic\u0103 Pliant de prezentare a specializ\u0103rii Fizic\u0103 tehnologic\u0103 (\u00eenv\u0103\u021b\u0103m\u00e2nt dual, Foc\u0219ani) &nbsp;<\/p>\n","protected":false},"author":3,"featured_media":0,"parent":11857,"menu_order":0,"comment_status":"closed","ping_status":"closed","template":"","meta":{"footnotes":""},"class_list":["post-11623","page","type-page","status-publish","hentry"],"_links":{"self":[{"href":"https:\/\/www.phys.uaic.ro\/old\/index.php\/wp-json\/wp\/v2\/pages\/11623","targetHints":{"allow":["GET"]}}],"collection":[{"href":"https:\/\/www.phys.uaic.ro\/old\/index.php\/wp-json\/wp\/v2\/pages"}],"about":[{"href":"https:\/\/www.phys.uaic.ro\/old\/index.php\/wp-json\/wp\/v2\/types\/page"}],"author":[{"embeddable":true,"href":"https:\/\/www.phys.uaic.ro\/old\/index.php\/wp-json\/wp\/v2\/users\/3"}],"replies":[{"embeddable":true,"href":"https:\/\/www.phys.uaic.ro\/old\/index.php\/wp-json\/wp\/v2\/comments?post=11623"}],"version-history":[{"count":0,"href":"https:\/\/www.phys.uaic.ro\/old\/index.php\/wp-json\/wp\/v2\/pages\/11623\/revisions"}],"up":[{"embeddable":true,"href":"https:\/\/www.phys.uaic.ro\/old\/index.php\/wp-json\/wp\/v2\/pages\/11857"}],"wp:attachment":[{"href":"https:\/\/www.phys.uaic.ro\/old\/index.php\/wp-json\/wp\/v2\/media?parent=11623"}],"curies":[{"name":"wp","href":"https:\/\/api.w.org\/{rel}","templated":true}]}}