{"id":11747,"date":"2021-02-28T02:10:02","date_gmt":"2021-02-28T02:10:02","guid":{"rendered":"https:\/\/www.phys.uaic.ro\/?page_id=11747"},"modified":"2023-08-24T13:01:38","modified_gmt":"2023-08-24T10:01:38","slug":"dan-gheorghe-dimitriu-admitere","status":"publish","type":"page","link":"https:\/\/www.phys.uaic.ro\/old\/index.php\/scoala-doctorala\/conducatori-doctorat\/dan-gheorghe-dimitriu-admitere\/","title":{"rendered":"Prof. Dr. habil. Dan Gheorghe DIMITRIU &#8211; admitere doctorat"},"content":{"rendered":"<p><b>Tematica admiterii la doctorat:<\/b><\/p>\n<ol>\n<li>For\u021be intermoleculare \u00een lichide<\/li>\n<li>Modelul Abe pentru solu\u021bii binare<\/li>\n<li>Modele ale solu\u021biilor ternare (modelul statistic celular al solu\u021biilor cu trei componente, modelul Suppan, modelul Bosch-Ros\u00e9s)<\/li>\n<li>Sc\u0103ri empirice de solvent (scara Kamlet-Abboud-Taft, scara Catal\u00e1n, scara Z a lui Kosower, sc\u0103rile <em>E<\/em><sub>T<\/sub>(30) \u0219i <em>E<\/em><sub>T<\/sub><sup>N<\/sup>)<\/li>\n<li>Metode de investigare a lichidelor cu ajutorul ultrasuneteleor (propagarea ultrasunetelor \u00een lichide, legea lui Rao, absorb\u021bia ultrasunetelor \u00een lichide)<\/li>\n<\/ol>\n<p><b>Bibliografie<\/b><\/p>\n<ol>\n<li>Dorohoi, <em>Fizica st\u0103rii lichide<\/em>, Ed. Gama, Ia\u0219i, 1994;<\/li>\n<li>Babu\u0219c\u0103 \u2013 Contribu\u021bii la studiul interac\u021biunilor intermoleculare \u00een medii condensate, tez\u0103 de doctorat, Universitatea \u201eAlexandru Ioan Cuza\u201d din Ia\u0219i, 2017;<\/li>\n<li>Suppan \u2013 Local polarity of solvent mixtures in the field of electronically excited molecules and exciplexes, <em>J. Chem. Soc. Faraday Trans 1 <\/em><strong>83<\/strong> (1987) 495-509;<\/li>\n<li>Bosch, M. Ros\u00e9s \u2013 Relationships between <em>E<\/em><sub>T<\/sub> polarity and composition in binary solvent mixtures, <em>J. Chem Soc. Faraday Trans. <\/em><strong>88<\/strong> (1992) 3541-3546;<\/li>\n<li>W. Taft, J.-L. M. Abboud, M. J. Kamlet, M. H. Abraham \u2013 Linear solvation energy relations, <em>J. Solut. Chem. <\/em><strong>14<\/strong>(1985) 153-186;<\/li>\n<li>Catal\u00e1n \u2013 Toward a generalized treatment of the solvent effect based on four empirical scales: dipolarity (SdP, a new scale), polarizability (SP), acidity (SA), and basicity (SB) of the medium, <em>J. Phys. Chem. B <\/em><strong>113<\/strong> (2009) 5951-5960;<\/li>\n<li>M. Kosower \u2013 The effect of solvent on spectra. I. A new empirical measure of solvent polarity: Z-values, <em>J. Am. Chem. Soc. <\/em><strong>80<\/strong> (1958) 3253-3260;<\/li>\n<li>Reichardt, <em>Solvents and Solvent Effects in Organic Chemistry<\/em>, 3<sup>rd<\/sup> ed., Wiley-VCH, Weinheim, 2003.<\/li>\n<\/ol>\n","protected":false},"excerpt":{"rendered":"<p>Tematica admiterii la doctorat: For\u021be intermoleculare \u00een lichide Modelul Abe pentru solu\u021bii binare Modele ale solu\u021biilor ternare (modelul statistic celular al solu\u021biilor cu trei componente, modelul Suppan, modelul Bosch-Ros\u00e9s) Sc\u0103ri empirice de solvent (scara Kamlet-Abboud-Taft, scara Catal\u00e1n, scara Z a lui Kosower, sc\u0103rile ET(30) \u0219i ETN) Metode de investigare a lichidelor cu ajutorul ultrasuneteleor (propagarea ultrasunetelor \u00een lichide,\u2026 <span class=\"read-more\"><a href=\"https:\/\/www.phys.uaic.ro\/old\/index.php\/scoala-doctorala\/conducatori-doctorat\/dan-gheorghe-dimitriu-admitere\/\">Read More &raquo;<\/a><\/span><\/p>\n","protected":false},"author":3,"featured_media":0,"parent":150,"menu_order":0,"comment_status":"closed","ping_status":"closed","template":"","meta":{"footnotes":""},"class_list":["post-11747","page","type-page","status-publish","hentry"],"_links":{"self":[{"href":"https:\/\/www.phys.uaic.ro\/old\/index.php\/wp-json\/wp\/v2\/pages\/11747","targetHints":{"allow":["GET"]}}],"collection":[{"href":"https:\/\/www.phys.uaic.ro\/old\/index.php\/wp-json\/wp\/v2\/pages"}],"about":[{"href":"https:\/\/www.phys.uaic.ro\/old\/index.php\/wp-json\/wp\/v2\/types\/page"}],"author":[{"embeddable":true,"href":"https:\/\/www.phys.uaic.ro\/old\/index.php\/wp-json\/wp\/v2\/users\/3"}],"replies":[{"embeddable":true,"href":"https:\/\/www.phys.uaic.ro\/old\/index.php\/wp-json\/wp\/v2\/comments?post=11747"}],"version-history":[{"count":0,"href":"https:\/\/www.phys.uaic.ro\/old\/index.php\/wp-json\/wp\/v2\/pages\/11747\/revisions"}],"up":[{"embeddable":true,"href":"https:\/\/www.phys.uaic.ro\/old\/index.php\/wp-json\/wp\/v2\/pages\/150"}],"wp:attachment":[{"href":"https:\/\/www.phys.uaic.ro\/old\/index.php\/wp-json\/wp\/v2\/media?parent=11747"}],"curies":[{"name":"wp","href":"https:\/\/api.w.org\/{rel}","templated":true}]}}