{"id":12175,"date":"2021-04-05T13:05:25","date_gmt":"2021-04-05T13:05:25","guid":{"rendered":"https:\/\/www.phys.uaic.ro\/?page_id=12175"},"modified":"2025-01-29T11:25:43","modified_gmt":"2025-01-29T09:25:43","slug":"gatu-irina-nicoleta-doctorat","status":"publish","type":"page","link":"https:\/\/www.phys.uaic.ro\/old\/index.php\/scoala-doctorala\/sustineri-teze-doctorat\/gatu-irina-nicoleta-doctorat\/","title":{"rendered":"Sus\u021binerea tezei de doctorat a drd. Ga\u021bu Irina Nicoleta pe 24.03.2017"},"content":{"rendered":"<p>Anun\u021bul sus\u021binerii publice<\/p>\n<p>La data de 24.03.2017, ora 13:00, \u00een sala L1, corp A, dna GA\u0162U IRINA NICOLETA va sus\u021bine, \u00een \u0219edin\u021b\u0103 public\u0103, teza de doctorat cu titlul<\/p>\n<p><b>STUDIUL UNOR INTERAC\u0162IUNI FIZICE UTILIZAND ELEMENTE DE DINAMIC\u0102 NELINIAR\u0102<\/b><\/p>\n<p>\u00een vederea ob\u021binerii titlului stiin\u021bific de doctor \u00een domeniul FIZIC\u0102.<\/p>\n<p>CV Ga\u021bu Irina Nicoleta<\/p>\n<p>Comisia de doctorat are urm\u0103toarea componen\u021b\u0103:<\/p>\n<ul>\n<li><b>Pre\u0219edinte:<\/b>\n<ul>\n<li>Prof. univ. Dr. Diana Mihaela Mardare, Universitatea Alexandru Ioan Cuza din Ia\u0219i [ CV ]<\/li>\n<\/ul>\n<\/li>\n<\/ul>\n<ul>\n<li><b>Conducator stiintific:<\/b>\n<ul>\n<li>Prof. univ. Dr. Maricel Agop, Universitatea Alexandru Ioan Cuza din Ia\u0219i [ CV en ]<\/li>\n<\/ul>\n<\/li>\n<\/ul>\n<ul>\n<li><b>Referenti:<\/b>\n<ul>\n<li>Prof. univ. Dr. Dumitru Vulcanov, Universitatea de Vest din Timi\u015foara [ CV en ]<\/li>\n<li>Prof. univ. Dr. Cristina Stan, Universitatea Politehnic\u0103 din Bucure\u0219ti [ CV en ]<\/li>\n<li>Conf. Univ. Dr. Dan Gheorghe Dimitriu, Universitatea Alexandru Ioan Cuza din Ia\u0219i [ CV en ]<\/li>\n<\/ul>\n<\/li>\n<\/ul>\n<p>Teza poate fi consultat\u0103 la Biblioteca Facult\u0103\u021bii de Fizic\u0103.<\/p>\n<p>Rezumatul tezei de doctorat<\/p>\n","protected":false},"excerpt":{"rendered":"<p>Anun\u021bul sus\u021binerii publice La data de 24.03.2017, ora 13:00, \u00een sala L1, corp A, dna GA\u0162U IRINA NICOLETA va sus\u021bine, \u00een \u0219edin\u021b\u0103 public\u0103, teza de doctorat cu titlul STUDIUL UNOR INTERAC\u0162IUNI FIZICE UTILIZAND ELEMENTE DE DINAMIC\u0102 NELINIAR\u0102 \u00een vederea ob\u021binerii titlului stiin\u021bific de doctor \u00een domeniul FIZIC\u0102. CV Ga\u021bu Irina Nicoleta Comisia de doctorat are urm\u0103toarea componen\u021b\u0103: Pre\u0219edinte:\u2026 <span class=\"read-more\"><a href=\"https:\/\/www.phys.uaic.ro\/old\/index.php\/scoala-doctorala\/sustineri-teze-doctorat\/gatu-irina-nicoleta-doctorat\/\">Read More &raquo;<\/a><\/span><\/p>\n","protected":false},"author":3,"featured_media":0,"parent":158,"menu_order":0,"comment_status":"closed","ping_status":"closed","template":"","meta":{"footnotes":""},"class_list":["post-12175","page","type-page","status-publish","hentry"],"_links":{"self":[{"href":"https:\/\/www.phys.uaic.ro\/old\/index.php\/wp-json\/wp\/v2\/pages\/12175","targetHints":{"allow":["GET"]}}],"collection":[{"href":"https:\/\/www.phys.uaic.ro\/old\/index.php\/wp-json\/wp\/v2\/pages"}],"about":[{"href":"https:\/\/www.phys.uaic.ro\/old\/index.php\/wp-json\/wp\/v2\/types\/page"}],"author":[{"embeddable":true,"href":"https:\/\/www.phys.uaic.ro\/old\/index.php\/wp-json\/wp\/v2\/users\/3"}],"replies":[{"embeddable":true,"href":"https:\/\/www.phys.uaic.ro\/old\/index.php\/wp-json\/wp\/v2\/comments?post=12175"}],"version-history":[{"count":0,"href":"https:\/\/www.phys.uaic.ro\/old\/index.php\/wp-json\/wp\/v2\/pages\/12175\/revisions"}],"up":[{"embeddable":true,"href":"https:\/\/www.phys.uaic.ro\/old\/index.php\/wp-json\/wp\/v2\/pages\/158"}],"wp:attachment":[{"href":"https:\/\/www.phys.uaic.ro\/old\/index.php\/wp-json\/wp\/v2\/media?parent=12175"}],"curies":[{"name":"wp","href":"https:\/\/api.w.org\/{rel}","templated":true}]}}