{"id":12176,"date":"2021-04-05T13:06:22","date_gmt":"2021-04-05T13:06:22","guid":{"rendered":"https:\/\/www.phys.uaic.ro\/?page_id=12176"},"modified":"2025-01-29T11:26:11","modified_gmt":"2025-01-29T09:26:11","slug":"iacob-dan-dezideriu-doctorat","status":"publish","type":"page","link":"https:\/\/www.phys.uaic.ro\/old\/index.php\/scoala-doctorala\/sustineri-teze-doctorat\/iacob-dan-dezideriu-doctorat\/","title":{"rendered":"Sus\u021binerea tezei de doctorat a drd. Iacob Dan Dezideriu pe 24.03.2017"},"content":{"rendered":"<p>Anun\u021bul sus\u021binerii publice<\/p>\n<p>La data de 24.03.2017, ora 11:30, \u00een sala L1, corp A, dl IACOB DAN DEZIDERIU va sus\u021bine, \u00een \u0219edin\u021b\u0103 public\u0103, teza de doctorat cu titlul<\/p>\n<p><b>UTILIZAREA DINAMICII NELINIARE \u00ceN STUDIUL COMPATIBILIT\u0102\u0162II SPA\u0162IU-MATERIE<\/b><\/p>\n<p>\u00een vederea ob\u021binerii titlului stiin\u021bific de doctor \u00een domeniul FIZIC\u0102.<\/p>\n<p>CV Iacob Dan Dezideriu<\/p>\n<p>Comisia de doctorat are urm\u0103toarea componen\u021b\u0103:<\/p>\n<ul>\n<li><b>Pre\u0219edinte:<\/b>\n<ul>\n<li>Prof. univ. Dr. Diana Mihaela Mardare, Universitatea Alexandru Ioan Cuza din Ia\u0219i [ CV ]<\/li>\n<\/ul>\n<\/li>\n<\/ul>\n<ul>\n<li><b>Conducator stiintific:<\/b>\n<ul>\n<li>Prof. univ. Dr. Maricel Agop, Universitatea Alexandru Ioan Cuza din Ia\u0219i [ CV en ]<\/li>\n<\/ul>\n<\/li>\n<\/ul>\n<ul>\n<li><b>Referenti:<\/b>\n<ul>\n<li>Prof. univ. Dr. Dumitru Vulcanov, Universitatea de Vest din Timi\u015foara [ CV en ]<\/li>\n<li>Prof. univ. Dr. Cristina Stan, Universitatea Politehnic\u0103 din Bucure\u0219ti [ CV en ]<\/li>\n<li>Conf. Univ. Dr. Dan Gheorghe Dimitriu, Universitatea Alexandru Ioan Cuza din Ia\u0219i [ CV en ]<\/li>\n<\/ul>\n<\/li>\n<\/ul>\n<p>Teza poate fi consultat\u0103 la Biblioteca Facult\u0103\u021bii de Fizic\u0103.<\/p>\n<p>Rezumatul tezei de doctorat<\/p>\n","protected":false},"excerpt":{"rendered":"<p>Anun\u021bul sus\u021binerii publice La data de 24.03.2017, ora 11:30, \u00een sala L1, corp A, dl IACOB DAN DEZIDERIU va sus\u021bine, \u00een \u0219edin\u021b\u0103 public\u0103, teza de doctorat cu titlul UTILIZAREA DINAMICII NELINIARE \u00ceN STUDIUL COMPATIBILIT\u0102\u0162II SPA\u0162IU-MATERIE \u00een vederea ob\u021binerii titlului stiin\u021bific de doctor \u00een domeniul FIZIC\u0102. CV Iacob Dan Dezideriu Comisia de doctorat are urm\u0103toarea componen\u021b\u0103: Pre\u0219edinte: Prof. univ.\u2026 <span class=\"read-more\"><a href=\"https:\/\/www.phys.uaic.ro\/old\/index.php\/scoala-doctorala\/sustineri-teze-doctorat\/iacob-dan-dezideriu-doctorat\/\">Read More &raquo;<\/a><\/span><\/p>\n","protected":false},"author":3,"featured_media":0,"parent":158,"menu_order":0,"comment_status":"closed","ping_status":"closed","template":"","meta":{"footnotes":""},"class_list":["post-12176","page","type-page","status-publish","hentry"],"_links":{"self":[{"href":"https:\/\/www.phys.uaic.ro\/old\/index.php\/wp-json\/wp\/v2\/pages\/12176","targetHints":{"allow":["GET"]}}],"collection":[{"href":"https:\/\/www.phys.uaic.ro\/old\/index.php\/wp-json\/wp\/v2\/pages"}],"about":[{"href":"https:\/\/www.phys.uaic.ro\/old\/index.php\/wp-json\/wp\/v2\/types\/page"}],"author":[{"embeddable":true,"href":"https:\/\/www.phys.uaic.ro\/old\/index.php\/wp-json\/wp\/v2\/users\/3"}],"replies":[{"embeddable":true,"href":"https:\/\/www.phys.uaic.ro\/old\/index.php\/wp-json\/wp\/v2\/comments?post=12176"}],"version-history":[{"count":0,"href":"https:\/\/www.phys.uaic.ro\/old\/index.php\/wp-json\/wp\/v2\/pages\/12176\/revisions"}],"up":[{"embeddable":true,"href":"https:\/\/www.phys.uaic.ro\/old\/index.php\/wp-json\/wp\/v2\/pages\/158"}],"wp:attachment":[{"href":"https:\/\/www.phys.uaic.ro\/old\/index.php\/wp-json\/wp\/v2\/media?parent=12176"}],"curies":[{"name":"wp","href":"https:\/\/api.w.org\/{rel}","templated":true}]}}