{"id":1220,"date":"2018-02-20T09:45:31","date_gmt":"2018-02-20T09:45:31","guid":{"rendered":"http:\/\/www.phys.uaic.ro\/?page_id=1220"},"modified":"2025-01-27T13:03:08","modified_gmt":"2025-01-27T11:03:08","slug":"liviu-leontie-abilitare","status":"publish","type":"page","link":"https:\/\/www.phys.uaic.ro\/old\/index.php\/scoala-doctorala\/sustineri-teze-abilitare\/liviu-leontie-abilitare\/","title":{"rendered":"Sus\u021binerea tezei de abilitare a domnului Conf. Dr. Liviu LEONTIE pe 19.04.2013"},"content":{"rendered":"<p>Sune\u021bi invita\u021bi s\u0103 participa\u021bi la sus\u021binerea public\u0103 a tezei de abilitare<\/p>\n<p><strong><em>Contributions to the study of some oxide, layered III<\/em><\/strong><strong><em>&#8211;<\/em><\/strong><strong><em>VI and organic semiconductors and of related structures <\/em><\/strong><\/p>\n<p>elaborata de domnul Conf. Dr. Liviu LEONTIE, Universitatea Alexandru Ioan Cuza din Ia\u0219i. Prezentarea tezei va avea loc \u00een data de 19 aprilie 2013, de la ora 12 \u00een Sala de conferin\u021be Ferdinand a Universit\u0103\u021bii Alexandru Ioan Cuza.<\/p>\n<p><a href=\"https:\/\/www.phys.uaic.ro\/wp-content\/uploads\/2025\/01\/Rezumat.pdf\" target=\"_blank\" rel=\"noopener\"><b>Rezumatul tezei de abilitare<\/b> <\/a><img decoding=\"async\" style=\"vertical-align: top; width: 20px; height: 20px;\" src=\"http:\/\/www.phys.uaic.ro\/wp\/imagini\/pdf-icon.png\" alt=\"pdf\" \/><\/p>\n<p><a href=\"https:\/\/www.phys.uaic.ro\/wp-content\/uploads\/2025\/01\/Lista-de-lucrari-Leontie-romana.pdf\" target=\"_blank\" rel=\"noopener\"><b>Lista de lucr\u0103ri<\/b> <\/a><img decoding=\"async\" style=\"vertical-align: top; width: 20px; height: 20px;\" src=\"http:\/\/www.phys.uaic.ro\/wp\/imagini\/pdf-icon.png\" alt=\"pdf\" \/><\/p>\n<p><a href=\"https:\/\/www.phys.uaic.ro\/wp-content\/uploads\/2025\/01\/Fisa-de-indeplinire-a-standardelor-minimale.pdf\" target=\"_blank\" rel=\"noopener\"><strong>Fisa de indeplinire standarde minimale<\/strong><\/a> <img loading=\"lazy\" decoding=\"async\" class=\"\" src=\"http:\/\/www.phys.uaic.ro\/wp\/imagini\/pdf-icon.png\" alt=\"pdf\" width=\"21\" height=\"21\" \/><\/p>\n<p><a href=\"https:\/\/www.phys.uaic.ro\/wp-content\/uploads\/2025\/01\/Fisa-de-indeplinire-a-standardelor-minimale-indicatori-I-si-P.pdf\" target=\"_blank\" rel=\"noopener\"><b>Fi\u0219a de \u00eendeplinire a standardelor minimale &#8211; indicatori I \u0219i P (articole publicate)<\/b><\/a> <img decoding=\"async\" style=\"vertical-align: top; width: 20px; height: 20px;\" src=\"http:\/\/www.phys.uaic.ro\/wp\/imagini\/pdf-icon.png\" alt=\"pdf\" \/><\/p>\n<p><b><a href=\"https:\/\/www.phys.uaic.ro\/wp-content\/uploads\/2025\/01\/Fisa-de-indeplinire-a-standardelor-minimale-indicator-C.pdf\" target=\"_blank\" rel=\"noopener\">Fi\u0219a de \u00eendeplinire a standardelor minimale &#8211; indicator C (citari)<\/a> <\/b><img decoding=\"async\" style=\"vertical-align: top; width: 20px; height: 20px;\" src=\"http:\/\/www.phys.uaic.ro\/wp\/imagini\/pdf-icon.png\" alt=\"pdf\" \/><\/p>\n<p>&nbsp;<\/p>\n<p><b>Componen\u021ba comisiei de abilitare<\/b><\/p>\n<ul>\n<li>Prof. Dr. Nicolae BARSAN, Universitatea din Tuebingen, Germania;<\/li>\n<li>Prof. Dr. Simion \u015eIMON, Universitatea Babe\u0219-Bolyai, Cluj-Napoca;<\/li>\n<li>C.P.I Dr. Horia CHIRIAC, Institutul Na\u0163ional de Cercetare-Dezvoltare pentru Fizic\u0103 Tehnic\u0103 &#8211; IFT, Ia\u015fi.<\/li>\n<\/ul>\n<p><b>Raportul comisiei de abilitare<\/b> <img decoding=\"async\" style=\"vertical-align: top; width: 20px; height: 20px;\" src=\"http:\/\/www.phys.uaic.ro\/wp\/imagini\/pdf-icon.png\" alt=\"pdf\" \/><\/p>\n","protected":false},"excerpt":{"rendered":"<p>Sune\u021bi invita\u021bi s\u0103 participa\u021bi la sus\u021binerea public\u0103 a tezei de abilitare Contributions to the study of some oxide, layered III&#8211;VI and organic semiconductors and of related structures elaborata de domnul Conf. Dr. Liviu LEONTIE, Universitatea Alexandru Ioan Cuza din Ia\u0219i. Prezentarea tezei va avea loc \u00een data de 19 aprilie 2013, de la ora 12 \u00een Sala de\u2026 <span class=\"read-more\"><a href=\"https:\/\/www.phys.uaic.ro\/old\/index.php\/scoala-doctorala\/sustineri-teze-abilitare\/liviu-leontie-abilitare\/\">Read More &raquo;<\/a><\/span><\/p>\n","protected":false},"author":3,"featured_media":0,"parent":160,"menu_order":0,"comment_status":"closed","ping_status":"closed","template":"","meta":{"footnotes":""},"class_list":["post-1220","page","type-page","status-publish","hentry"],"_links":{"self":[{"href":"https:\/\/www.phys.uaic.ro\/old\/index.php\/wp-json\/wp\/v2\/pages\/1220","targetHints":{"allow":["GET"]}}],"collection":[{"href":"https:\/\/www.phys.uaic.ro\/old\/index.php\/wp-json\/wp\/v2\/pages"}],"about":[{"href":"https:\/\/www.phys.uaic.ro\/old\/index.php\/wp-json\/wp\/v2\/types\/page"}],"author":[{"embeddable":true,"href":"https:\/\/www.phys.uaic.ro\/old\/index.php\/wp-json\/wp\/v2\/users\/3"}],"replies":[{"embeddable":true,"href":"https:\/\/www.phys.uaic.ro\/old\/index.php\/wp-json\/wp\/v2\/comments?post=1220"}],"version-history":[{"count":0,"href":"https:\/\/www.phys.uaic.ro\/old\/index.php\/wp-json\/wp\/v2\/pages\/1220\/revisions"}],"up":[{"embeddable":true,"href":"https:\/\/www.phys.uaic.ro\/old\/index.php\/wp-json\/wp\/v2\/pages\/160"}],"wp:attachment":[{"href":"https:\/\/www.phys.uaic.ro\/old\/index.php\/wp-json\/wp\/v2\/media?parent=1220"}],"curies":[{"name":"wp","href":"https:\/\/api.w.org\/{rel}","templated":true}]}}