{"id":1224,"date":"2018-02-20T09:47:54","date_gmt":"2018-02-20T09:47:54","guid":{"rendered":"http:\/\/www.phys.uaic.ro\/?page_id=1224"},"modified":"2025-01-28T10:53:54","modified_gmt":"2025-01-28T08:53:54","slug":"cristian-enachescu-abilitare","status":"publish","type":"page","link":"https:\/\/www.phys.uaic.ro\/old\/index.php\/scoala-doctorala\/sustineri-teze-abilitare\/cristian-enachescu-abilitare\/","title":{"rendered":"Sus\u021binerea tezei de abilitare a domnului Lect. Dr. Cristian EN\u0102CHESCU pe 19.04.2013"},"content":{"rendered":"<p>Sune\u021bi invita\u021bi s\u0103 participa\u021bi la sus\u021binerea public\u0103 a tezei de abilitare<\/p>\n<p><b>Models in spin crossover compounds<\/b><\/p>\n<p>elaborat\u0103 de domnul Lect. Dr. Cristian EN\u0102CHESCU, Universitatea Alexandru Ioan Cuza din Ia\u0219i. Prezentarea tezei va avea loc \u00een data de 19 aprilie 2013, de la ora 10 \u00een Sala de conferin\u021be Ferdinand a Universit\u0103\u021bii Alexandru Ioan Cuza.<\/p>\n<p><b>Rezumatul tezei de abilitare<\/b> <img decoding=\"async\" style=\"vertical-align: top; width: 20px; height: 20px;\" src=\"http:\/\/www.phys.uaic.ro\/wp\/imagini\/pdf-icon.png\" alt=\"pdf\" \/><\/p>\n<p><b>Lista de lucr\u0103ri<\/b> <img decoding=\"async\" style=\"vertical-align: top; width: 20px; height: 20px;\" src=\"http:\/\/www.phys.uaic.ro\/wp\/imagini\/pdf-icon.png\" alt=\"pdf\" \/><\/p>\n<p><b>Fi\u0219a de \u00eendeplinire a standardelor minimale &#8211; indicatori I \u0219i P (articole publicate)<\/b> <img decoding=\"async\" style=\"vertical-align: top; width: 20px; height: 20px;\" src=\"http:\/\/www.phys.uaic.ro\/wp\/imagini\/pdf-icon.png\" alt=\"pdf\" \/><\/p>\n<p><b>Fi\u0219a de \u00eendeplinire a standardelor minimale &#8211; indicator C (citari)<\/b> <img decoding=\"async\" style=\"vertical-align: top; width: 20px; height: 20px;\" src=\"http:\/\/www.phys.uaic.ro\/wp\/imagini\/pdf-icon.png\" alt=\"pdf\" \/><\/p>\n<p><b>Componen\u021ba comisiei de abilitare<\/b> :<\/p>\n<ul>\n<li>Prof. Dr. Irinel CHIORESCU, Florida State University, Tallahasse (Statele Unite ale Americii), specializarea Fizic\u0103;<\/li>\n<li>Prof. Dr. Simion \u015eIMON, Universitatea Babe\u0219-Bolyai, Cluj-Napoca, specializarea Fizic\u0103;<\/li>\n<li>C.P.I Dr. Horia CHIRIAC, Institutul de Fizic\u0103 Tehnic\u0103 Ia\u015fi, specializarea Fizic\u0103.<\/li>\n<\/ul>\n<p><a href=\"https:\/\/www.phys.uaic.ro\/wp-content\/uploads\/2025\/01\/raport-comisie-abilitare-C.-Enachescu.pdf\" target=\"_blank\" rel=\"noopener\"><b>Raportul comisiei de abilitare<\/b><\/a> <img decoding=\"async\" style=\"vertical-align: top; width: 20px; height: 20px;\" src=\"http:\/\/www.phys.uaic.ro\/wp\/imagini\/pdf-icon.png\" alt=\"pdf\" \/><\/p>\n","protected":false},"excerpt":{"rendered":"<p>Sune\u021bi invita\u021bi s\u0103 participa\u021bi la sus\u021binerea public\u0103 a tezei de abilitare Models in spin crossover compounds elaborat\u0103 de domnul Lect. Dr. Cristian EN\u0102CHESCU, Universitatea Alexandru Ioan Cuza din Ia\u0219i. Prezentarea tezei va avea loc \u00een data de 19 aprilie 2013, de la ora 10 \u00een Sala de conferin\u021be Ferdinand a Universit\u0103\u021bii Alexandru Ioan Cuza. Rezumatul tezei de abilitare\u2026 <span class=\"read-more\"><a href=\"https:\/\/www.phys.uaic.ro\/old\/index.php\/scoala-doctorala\/sustineri-teze-abilitare\/cristian-enachescu-abilitare\/\">Read More &raquo;<\/a><\/span><\/p>\n","protected":false},"author":3,"featured_media":0,"parent":160,"menu_order":0,"comment_status":"closed","ping_status":"closed","template":"","meta":{"footnotes":""},"class_list":["post-1224","page","type-page","status-publish","hentry"],"_links":{"self":[{"href":"https:\/\/www.phys.uaic.ro\/old\/index.php\/wp-json\/wp\/v2\/pages\/1224","targetHints":{"allow":["GET"]}}],"collection":[{"href":"https:\/\/www.phys.uaic.ro\/old\/index.php\/wp-json\/wp\/v2\/pages"}],"about":[{"href":"https:\/\/www.phys.uaic.ro\/old\/index.php\/wp-json\/wp\/v2\/types\/page"}],"author":[{"embeddable":true,"href":"https:\/\/www.phys.uaic.ro\/old\/index.php\/wp-json\/wp\/v2\/users\/3"}],"replies":[{"embeddable":true,"href":"https:\/\/www.phys.uaic.ro\/old\/index.php\/wp-json\/wp\/v2\/comments?post=1224"}],"version-history":[{"count":0,"href":"https:\/\/www.phys.uaic.ro\/old\/index.php\/wp-json\/wp\/v2\/pages\/1224\/revisions"}],"up":[{"embeddable":true,"href":"https:\/\/www.phys.uaic.ro\/old\/index.php\/wp-json\/wp\/v2\/pages\/160"}],"wp:attachment":[{"href":"https:\/\/www.phys.uaic.ro\/old\/index.php\/wp-json\/wp\/v2\/media?parent=1224"}],"curies":[{"name":"wp","href":"https:\/\/api.w.org\/{rel}","templated":true}]}}