{"id":12290,"date":"2021-04-22T07:55:37","date_gmt":"2021-04-22T07:55:37","guid":{"rendered":"https:\/\/www.phys.uaic.ro\/?page_id=12290"},"modified":"2021-10-29T10:39:32","modified_gmt":"2021-10-29T10:39:32","slug":"conferinte-cercetare-2021","status":"publish","type":"page","link":"https:\/\/www.phys.uaic.ro\/old\/index.php\/cercetare\/conferinte-cercetare\/conferinte-cercetare-2021\/","title":{"rendered":"Conferin\u021be 2021"},"content":{"rendered":"<p><!-- ++++++++++++++++++++++++++++++++++++++++++++++++++++++++++++++++++++++++++++++++++++ --><\/p>\n<div id=\"farphys-2021\" class=\"colorbox\" style=\"background-color: #e6e6e6;\">\n<h3 id=\"farphys\"><b>FARPHYS 2021<\/b><\/h3>\n<p>Facultatea de Fizic\u0103 organizeaz\u0103 vineri, 29 octombrie de la ora 16 conferin\u021ba \u015ftiin\u021bific\u0103 studen\u021beasc\u0103 FARPHYS 2021.<\/p>\n<p>In deschiderea conferintei va avea loc un moment festiv, cu ocazia implinirii unor varste speciale de catre dl prof. univ. dr. emerit Dumitru Luca si dna prof. univ. dr. emerit Dorina Creanga.<\/p>\n<p>Conferinta va avea loc online, pe platforma <b>webex<\/b>. Pentru logare folositi:<\/p>\n<ul>\n<li>Meeting link: <a href=\"https:\/\/uaic.webex.com\/uaic\/j.php?MTID=m352ed533a3ff6f8022a1e352a16a5cc4\">https:\/\/uaic.webex.com\/uaic\/j.php?MTID=m352ed533a3ff6f8022a1e352a16a5cc4<\/a><\/li>\n<li>Meeting number: 2733 254 2948<\/li>\n<li>Password: Please obtain your meeting password from your host.<\/li>\n<\/ul>\n<p>Momentul festiv va avea loc in universitate si va fi transmis in direct.<\/p>\n<p>Propunerile de comunic\u0103ri \u015ftiin\u0163ifice vor cuprinde titlul, autorii \u015fi un abstract de maxim 200 de cuvinte (\u00een limba rom\u00e2n\u0103) \u015fi vor fi trimise p\u00e2n\u0103 pe data de 23 octombrie pe adresa <span style=\"color: blue;\">cristian.enachescu@uaic.ro<\/span> cu subiectul &#8222;abstract FARPHYS&#8221;.<\/p>\n<p>In cazul studentilor de la licen\u021b\u0103 \u015fi masteranzilor, printre autorii fiec\u0103rei comunic\u0103ri trebuie s\u0103 se reg\u0103seasc\u0103 obligatoriu \u015fi un cadru didactic\/cercet\u0103tor.<\/p>\n<p>Prezent\u0103rile \u015ftiin\u021bifice vor fi orale (prin sistemul webex) \u015fi vor avea o durat\u0103 de 10-15 minute.<\/p>\n<p><a href=\"http:\/\/www.phys.uaic.ro\/wp\/cercetare\/conferinte\/conferinte-2021\/farphys-program-abstracte-2021.pdf\">Programul conferintei FARPHYS + Abstractele comunicarilor<\/a><\/p>\n<p><a href=\"http:\/\/www.phys.uaic.ro\/wp\/cercetare\/conferinte\/conferinte-2021\/farphys-program-abstracte-2021.pdf\"><img decoding=\"async\" src=\"http:\/\/www.phys.uaic.ro\/wp\/cercetare\/conferinte\/conferinte-2021\/farphys-program-2021.jpg\" alt=\"farphys\" \/><\/a><\/p>\n<\/div>\n<p>&nbsp;<\/p>\n<p><!-- ++++++++++++++++++++++++++++++++++++++++++++++++++++++++++++++++++++++++++++++++++++ --><\/p>\n<div id=\"ftem-2021\" class=\"colorbox\" style=\"background-color: #e6e6e6;\">\n<h3 id=\"farphys\"><b>FTEM 2021<\/b><\/h3>\n<p>Conferin\u0163a \u201eFizica \u015fi Tehnologiile Educa\u021bionale Moderne\u201c a ajuns la a 50-a edi\u0163ie jubiliar\u0103 \u0219i va fi organizat\u0103 de Universitatea Alexandru Ioan Cuza din Ia\u0219i \u0219i Societatea Rom\u00e2n\u0103 de Fizic\u0103 \u2013 Filiala Ia\u0219i \u00een format hybrid (on site \u0219i online) \u00een perioada 15 \u2013 17 Mai 2021. Organizarea evenimentului a ridicat organizatorilor provoc\u0103ri majore datorit\u0103 pandemiei cu virusul COVID \u2013 19. Activit\u0103\u021bile didactice \u0219i de comunicare a \u0219tiin\u021bei au trecut \u00een multe situa\u021bii \u00een mediul on line ceea ce constituit un prilej pentru multe cadre didactice, studen\u021bi \u0219i elevi de a reflecta la didactica specialit\u0103\u021bii \u0219i rolul noilor tehnologii \u00een educa\u021bie, comunicarea \u0219i cercetarea \u0219tiin\u021bific\u0103. Creativitatea \u0219i inventivitatea \u00een procesul didactic poate constitui subiectul unor schimburi de experien\u021b\u0103 fructuoase \u00eentre participan\u021bi \u0219i acesta este motivul pentru care reiter\u0103m invita\u021bia de a contribui la succesul conferin\u021bei.<\/p>\n<p>Teme interdisciplinare legate de didactica specialitatilor si\/sau organizarea lor \u00een mediu electronic sunt bine venite.<\/p>\n<p>Informa\u021bii utile despre Conferin\u021b\u0103 ve\u021bi g\u0103si la adresa: <a href=\"http:\/\/ftem.faculty.ro\/\">http:\/\/ftem.faculty.ro\/<\/a>.<\/p>\n<p>Date limit\u0103: 01 mai 2021 &#8211; termenul de expediere a rezumatelor; 09 mai 2021 &#8211; confirmarea accept\u0103rii lucr\u0103rilor \u0219i a modului de prezentare (oral\/poster); 09 mai 2021 &#8211; trimiterea lucr\u0103rii \u00een extenso.<\/p>\n<p>Participan\u021bii online, membrii SRF, SOPHYS \u0219i ESTEEM  sunt scuti\u021bi de taxa de participare.<\/p>\n<p>Rezumatele \u0219i articolele lucr\u0103rilor prezentate la conferin\u021b\u0103 (la dorin\u021ba autorilor) vor fi publicate \u00een Revista \u0218tiin\u021bific\u0103 &#8222;V. Adamachi&#8221; dup\u0103 ce vor fi atent analizate de referen\u021bi.<\/p>\n<p>Sec\u021biunile conferin\u021bei sunt: Didactic\u0103 Preuniversitar\u0103 (DPU); Didactic\u0103 Universitar\u0103 (DU);Cercuri studen\u021be\u0219ti (CS); Cercuri ale elevilor (CE)<\/p>\n<\/div>\n<p>&nbsp;<\/p>\n<p><!-- ++++++++++++++++++++++++++++++++++++++++++++++++++++++++++++++++++++++++++++++++++++ --><\/p>\n","protected":false},"excerpt":{"rendered":"<p>FARPHYS 2021 Facultatea de Fizic\u0103 organizeaz\u0103 vineri, 29 octombrie de la ora 16 conferin\u021ba \u015ftiin\u021bific\u0103 studen\u021beasc\u0103 FARPHYS 2021. In deschiderea conferintei va avea loc un moment festiv, cu ocazia implinirii unor varste speciale de catre dl prof. univ. dr. emerit Dumitru Luca si dna prof. univ. dr. emerit Dorina Creanga. Conferinta va avea loc online, pe platforma webex.\u2026 <span class=\"read-more\"><a href=\"https:\/\/www.phys.uaic.ro\/old\/index.php\/cercetare\/conferinte-cercetare\/conferinte-cercetare-2021\/\">Read More &raquo;<\/a><\/span><\/p>\n","protected":false},"author":3,"featured_media":0,"parent":3015,"menu_order":0,"comment_status":"closed","ping_status":"closed","template":"","meta":{"footnotes":""},"class_list":["post-12290","page","type-page","status-publish","hentry"],"_links":{"self":[{"href":"https:\/\/www.phys.uaic.ro\/old\/index.php\/wp-json\/wp\/v2\/pages\/12290","targetHints":{"allow":["GET"]}}],"collection":[{"href":"https:\/\/www.phys.uaic.ro\/old\/index.php\/wp-json\/wp\/v2\/pages"}],"about":[{"href":"https:\/\/www.phys.uaic.ro\/old\/index.php\/wp-json\/wp\/v2\/types\/page"}],"author":[{"embeddable":true,"href":"https:\/\/www.phys.uaic.ro\/old\/index.php\/wp-json\/wp\/v2\/users\/3"}],"replies":[{"embeddable":true,"href":"https:\/\/www.phys.uaic.ro\/old\/index.php\/wp-json\/wp\/v2\/comments?post=12290"}],"version-history":[{"count":0,"href":"https:\/\/www.phys.uaic.ro\/old\/index.php\/wp-json\/wp\/v2\/pages\/12290\/revisions"}],"up":[{"embeddable":true,"href":"https:\/\/www.phys.uaic.ro\/old\/index.php\/wp-json\/wp\/v2\/pages\/3015"}],"wp:attachment":[{"href":"https:\/\/www.phys.uaic.ro\/old\/index.php\/wp-json\/wp\/v2\/media?parent=12290"}],"curies":[{"name":"wp","href":"https:\/\/api.w.org\/{rel}","templated":true}]}}