{"id":12365,"date":"2021-05-03T20:40:13","date_gmt":"2021-05-03T20:40:13","guid":{"rendered":"https:\/\/www.phys.uaic.ro\/?page_id=12365"},"modified":"2025-01-23T11:09:41","modified_gmt":"2025-01-23T09:09:41","slug":"sesiunea-septembrie-2017","status":"publish","type":"page","link":"https:\/\/www.phys.uaic.ro\/old\/index.php\/scoala-doctorala\/admitere-doctorat\/sesiunea-septembrie-2017\/","title":{"rendered":"Sesiunea septembrie 2017"},"content":{"rendered":"<p><b>Calendarul admiterii<\/b> la doctorat pentru anul universitar 2017-2018:<\/p>\n<ul>\n<li>inscrierea candidatilor: 01 &#8211; 09 septembrie;<\/li>\n<li>selectia candidatilor: 12 &#8211; 14 septembrie;<\/li>\n<li>afisarea rezultatelor: 15 septembrie;<\/li>\n<li>contestatii (doar pentru proba scrisa): 18 septembrie;<\/li>\n<li>afisarea rezultatelor finale: 20 septembrie;<\/li>\n<li>afisarea listei finale cu candidatii declarati admisi si inmatriculati: 02.10.2017<\/li>\n<\/ul>\n<p>Cuantumul taxei de admitere: 200 RON.<\/p>\n<p><b>Tematica de admitere<\/b> la doctorat cuprinde:<\/p>\n<ul>\n<li>5 subiecte de specialitate propuse de catre fiecare conducator de doctorat (link-uri la acestea gasiti in paginile conducatorilor de doctorat care pot primi doctoranzi in anul universitar 2017-2018)<\/li>\n<li><a href=\"https:\/\/www.phys.uaic.ro\/index.php\/scoala-doctorala\/admitere-doctorat\/sesiunea-septembrie-2017\/subiecte-doctorat-fizica-generala-2017\">5 subiecte de fizic\u0103 general\u0103<\/a>.<\/li>\n<\/ul>\n<p><b>Examenul de admitere<\/b> consta din doua probe:<\/p>\n<ul>\n<li><b>Proba scrisa<\/b> se va desfasura pe parcursul a 3 ore si consta din doua subiecte (extrase in prezenta candidatilor) din tematica de admitere la doctorat: un subiect de specialitate si un subiect de fizica generala. Fiecare din cele doua subiecte va primi o nota de la 1 la 10, nota minima la fiecare subiect fiind nota 5. Nota finala la proba scrisa va fi calculata ca media aritmetica a celor doua note.<\/li>\n<li><b>Proba orala<\/b>: se va desfasura sub forma unei discutii libere (aprox.10min) urmarind:\n<ul>\n<li>prezentarea stadiului actual al cercetarilor in domeniul ales;<\/li>\n<li>motivatie referitoare la alegerea temei pe care si-o propune pentru teza de doctorat;<\/li>\n<li>prezentarea in rezumat a rezultatelor stiintifice anterioare.<\/li>\n<\/ul>\n<\/li>\n<\/ul>\n<p><b>Programarea probelor:<\/b><\/p>\n<ul>\n<li>Proba scrisa: Marti, 12.09.2017, ora 11.00, sala L1.<\/li>\n<li>Proba orala:Miercuri,13.09.2017, ora 11.00, sala L1.<\/li>\n<\/ul>\n<p>Dupa aflarea subiectelor, comisia de admitere va face baremul de corectare care va fi afisat.<\/p>\n<p>Nota finala va fi calculata ca media aritmetica a probelor scrisa si orala.<\/p>\n<p><b>Departajarea<\/b> se face pe baza notelor de la examenul de licenta si, daca este nevoie, pe baza notelor de la examenul de dizertatie.<\/p>\n<p><b>Numarul de locuri<\/b> pentru anul universitar 2017-2018: buget: 8 (bursa MEN), 1 (bursa MEN).<\/p>\n<p>Pentru locurile cu taxa, cuantumul taxei de scolarizare este de 5000 RON\/an.<\/p>\n<p><b>Rezultatele admiterii<\/b><\/p>\n<ul>\n<li>Candida\u0163ii declara\u0163i admi\u015fi (cu finan\u0163are de la buget) la \u0218coala Doctoral\u0103 a Facult\u0103\u0163ii de Fizic\u0103 &#8211; sesiuea septembrie 2017<\/li>\n<li>Candida\u0163ii declara\u0163i admi\u015fi (cu finan\u0163are din taxe) la \u0218coala Doctoral\u0103 a Facult\u0103\u0163ii de Fizic\u0103 &#8211; sesiuea septembrie 2017<\/li>\n<\/ul>\n<p>Metodologia UAIC privind organizarea \u0219i desf\u0103\u0219urarea admiterii \u00een ciclul de studii universitare de doctorat pentru anul universitar 2017-2018<\/p>\n","protected":false},"excerpt":{"rendered":"<p>Calendarul admiterii la doctorat pentru anul universitar 2017-2018: inscrierea candidatilor: 01 &#8211; 09 septembrie; selectia candidatilor: 12 &#8211; 14 septembrie; afisarea rezultatelor: 15 septembrie; contestatii (doar pentru proba scrisa): 18 septembrie; afisarea rezultatelor finale: 20 septembrie; afisarea listei finale cu candidatii declarati admisi si inmatriculati: 02.10.2017 Cuantumul taxei de admitere: 200 RON. Tematica de admitere la doctorat cuprinde:\u2026 <span class=\"read-more\"><a href=\"https:\/\/www.phys.uaic.ro\/old\/index.php\/scoala-doctorala\/admitere-doctorat\/sesiunea-septembrie-2017\/\">Read More &raquo;<\/a><\/span><\/p>\n","protected":false},"author":3,"featured_media":0,"parent":152,"menu_order":0,"comment_status":"closed","ping_status":"closed","template":"","meta":{"footnotes":""},"class_list":["post-12365","page","type-page","status-publish","hentry"],"_links":{"self":[{"href":"https:\/\/www.phys.uaic.ro\/old\/index.php\/wp-json\/wp\/v2\/pages\/12365","targetHints":{"allow":["GET"]}}],"collection":[{"href":"https:\/\/www.phys.uaic.ro\/old\/index.php\/wp-json\/wp\/v2\/pages"}],"about":[{"href":"https:\/\/www.phys.uaic.ro\/old\/index.php\/wp-json\/wp\/v2\/types\/page"}],"author":[{"embeddable":true,"href":"https:\/\/www.phys.uaic.ro\/old\/index.php\/wp-json\/wp\/v2\/users\/3"}],"replies":[{"embeddable":true,"href":"https:\/\/www.phys.uaic.ro\/old\/index.php\/wp-json\/wp\/v2\/comments?post=12365"}],"version-history":[{"count":0,"href":"https:\/\/www.phys.uaic.ro\/old\/index.php\/wp-json\/wp\/v2\/pages\/12365\/revisions"}],"up":[{"embeddable":true,"href":"https:\/\/www.phys.uaic.ro\/old\/index.php\/wp-json\/wp\/v2\/pages\/152"}],"wp:attachment":[{"href":"https:\/\/www.phys.uaic.ro\/old\/index.php\/wp-json\/wp\/v2\/media?parent=12365"}],"curies":[{"name":"wp","href":"https:\/\/api.w.org\/{rel}","templated":true}]}}