{"id":1245,"date":"2018-02-20T13:52:56","date_gmt":"2018-02-20T13:52:56","guid":{"rendered":"http:\/\/www.phys.uaic.ro\/?page_id=1245"},"modified":"2025-01-29T11:18:03","modified_gmt":"2025-01-29T09:18:03","slug":"oanca-c-gabriel-doctorat","status":"publish","type":"page","link":"https:\/\/www.phys.uaic.ro\/old\/index.php\/scoala-doctorala\/sustineri-teze-doctorat\/oanca-c-gabriel-doctorat\/","title":{"rendered":"Sus\u021binerea tezei de doctorat a drd. Oanc\u0103 C. Gabriel pe 20.10.2017"},"content":{"rendered":"<p>Anun\u021bul sus\u021binerii publice<\/p>\n<p>La data de 20.10.2017, ora 14:00, \u00een sala L1 dl OANC\u0102 C. GABRIEL va sus\u021bine, \u00een \u0219edin\u021b\u0103 public\u0103, teza de doctorat cu titlul<\/p>\n<p><b>CONTRIBU\u0162II LA STUDIEREA UNOR PARAMETRI STRUCTURALI \u015eI ENERGETICI AI UNOR MOLECULE ORGANICE CU APLICA\u0162II BIOMEDICALE<\/b><\/p>\n<p>\u00een vederea ob\u021binerii titlului stiin\u021bific de doctor \u00een domeniul FIZIC\u0102.<\/p>\n<p>CV Oanc\u0103 C. Gabriel [en]<\/p>\n<p>Comisia de doctorat are urm\u0103toarea componen\u021b\u0103:<\/p>\n<ul>\n<li><b>Pre\u0219edinte:<\/b>\n<ul>\n<li>Prof. univ. Dr. Diana Mihaela Mardare, Universitatea Alexandru Ioan Cuza din Ia\u0219i [ CV ]<\/li>\n<\/ul>\n<\/li>\n<\/ul>\n<ul>\n<li><b>Conducator stiintific:<\/b>\n<ul>\n<li>Prof. univ. Dr. Dana Ortansa Dorohoi, Universitatea Alexandru Ioan Cuza din Ia\u0219i [ CV en ]<\/li>\n<\/ul>\n<\/li>\n<\/ul>\n<ul>\n<li><b>Referenti:<\/b>\n<ul>\n<li>C.P.I Dr. Anton Airinei, Institutul de Chimie Macromolecular\u0103 Petru Poni Ia\u0219i [ CV en ]<\/li>\n<li>Prof. univ. Dr. Leontin David, Universitatea Babe\u0219-Bolyai Cluj Napoca [ CV en ]<\/li>\n<li>Prof. univ. Dr. Emilia Dorina Creang\u0103, Universitatea Alexandru Ioan Cuza din Ia\u0219i [ CV en ]<\/li>\n<\/ul>\n<\/li>\n<\/ul>\n<p>Teza poate fi consultat\u0103 la Biblioteca Facult\u0103\u021bii de Fizic\u0103.<\/p>\n<p>Rezumatul tezei de doctorat<\/p>\n","protected":false},"excerpt":{"rendered":"<p>Anun\u021bul sus\u021binerii publice La data de 20.10.2017, ora 14:00, \u00een sala L1 dl OANC\u0102 C. GABRIEL va sus\u021bine, \u00een \u0219edin\u021b\u0103 public\u0103, teza de doctorat cu titlul CONTRIBU\u0162II LA STUDIEREA UNOR PARAMETRI STRUCTURALI \u015eI ENERGETICI AI UNOR MOLECULE ORGANICE CU APLICA\u0162II BIOMEDICALE \u00een vederea ob\u021binerii titlului stiin\u021bific de doctor \u00een domeniul FIZIC\u0102. CV Oanc\u0103 C. Gabriel [en] Comisia de\u2026 <span class=\"read-more\"><a href=\"https:\/\/www.phys.uaic.ro\/old\/index.php\/scoala-doctorala\/sustineri-teze-doctorat\/oanca-c-gabriel-doctorat\/\">Read More &raquo;<\/a><\/span><\/p>\n","protected":false},"author":3,"featured_media":0,"parent":158,"menu_order":0,"comment_status":"closed","ping_status":"closed","template":"","meta":{"footnotes":""},"class_list":["post-1245","page","type-page","status-publish","hentry"],"_links":{"self":[{"href":"https:\/\/www.phys.uaic.ro\/old\/index.php\/wp-json\/wp\/v2\/pages\/1245","targetHints":{"allow":["GET"]}}],"collection":[{"href":"https:\/\/www.phys.uaic.ro\/old\/index.php\/wp-json\/wp\/v2\/pages"}],"about":[{"href":"https:\/\/www.phys.uaic.ro\/old\/index.php\/wp-json\/wp\/v2\/types\/page"}],"author":[{"embeddable":true,"href":"https:\/\/www.phys.uaic.ro\/old\/index.php\/wp-json\/wp\/v2\/users\/3"}],"replies":[{"embeddable":true,"href":"https:\/\/www.phys.uaic.ro\/old\/index.php\/wp-json\/wp\/v2\/comments?post=1245"}],"version-history":[{"count":0,"href":"https:\/\/www.phys.uaic.ro\/old\/index.php\/wp-json\/wp\/v2\/pages\/1245\/revisions"}],"up":[{"embeddable":true,"href":"https:\/\/www.phys.uaic.ro\/old\/index.php\/wp-json\/wp\/v2\/pages\/158"}],"wp:attachment":[{"href":"https:\/\/www.phys.uaic.ro\/old\/index.php\/wp-json\/wp\/v2\/media?parent=1245"}],"curies":[{"name":"wp","href":"https:\/\/api.w.org\/{rel}","templated":true}]}}