{"id":12480,"date":"2021-05-11T15:48:15","date_gmt":"2021-05-11T15:48:15","guid":{"rendered":"https:\/\/www.phys.uaic.ro\/?page_id=12480"},"modified":"2021-08-10T22:05:28","modified_gmt":"2021-08-10T22:05:28","slug":"acte-licenta-iulie-2021","status":"publish","type":"page","link":"https:\/\/www.phys.uaic.ro\/old\/index.php\/admitere\/admitere-licenta\/admitere-licenta-iulie-2021\/organizare-admitere-licenta-iulie-2021\/acte-licenta-iulie-2021\/","title":{"rendered":"Actele necesare la licen\u021b\u0103 iulie 2021"},"content":{"rendered":"<p style=\"font-size: 16px;\">Pentru <b>admiterea online<\/b><\/p>\n<ul>\n<li><b>Fi\u015fa de \u00eenscriere<\/b><\/li>\n<\/ul>\n<p>Copii scanate dup\u0103:<\/p>\n<ul>\n<li><b>Diploma de bacalaureat ob\u0163inut\u0103 \u00een Rom\u00e2nia<\/b>, \u00een original, sau <b>atestat de echivalare emis de CNRED pentru studiile efectuate \u00een afara Rom\u00e2niei<\/b>. Candida\u0163ii care au promovat examenul de bacalaureat \u00een sesiunile corespunzatoare anului \u015fcolar 2020\/2021 pot prezenta la \u00eenscriere, \u00een sesiunea de admitere imediat urm\u0103toare promov\u0103rii examenului de bacalaureat 2021, \u00een locul diplomei de bacalaureat, o adeverin\u0163\u0103 eliberat\u0103 de c\u0103tre institu\u0163ia de inv\u0103\u0163\u0103m\u00e2nt absolvit\u0103.<!--, \u00een care se men\u0163ioneaz\u0103 media general\u0103 de la bacalaureat, notele disciplinelor de bacalaureat-->;<\/li>\n<li>adeverin\u021b\u0103 de confirmare ca actele \u00een original s-au depus la alt\u0103 facultate\/institu\u021bie(\u00een cazul \u00een care candidatul nu este la prima facultate la care se \u00eenscrie);<\/li>\n<li><b>cartea de identitate<\/b> (care atest\u0103 domiciliul \u00een Rom\u00e2nia);<\/li>\n<li><b>certificatul de na\u015ftere<\/b>;<\/li>\n<li><b>certificatul de c\u0103s\u0103torie<\/b> sau documentul care atest\u0103 schimbarea numelui, dac\u0103 este cazul;<\/li>\n<li><b>adeverin\u0163\u0103 medical\u0103 tip<\/b> eliberat\u0103 \u00een ultimele 6 luni, care s\u0103 men\u0163ioneze starea de s\u0103n\u0103tate a candidatului (este\/nu este \u00een eviden\u0163\u0103 cu boli cronice, \u015fi care sunt acestea, dac\u0103 este cazul);<\/li>\n<li><i>Adeverin\u0163\u0103<\/i> din care s\u0103 rezulte calitatea de student cu men\u0163ionarea num\u0103rului de semestre \u00een care s-a beneficiat de finan\u0163are de la buget \u015fi de burs\u0103 (dac\u0103 este cazul pentru studen\u021bii care urmeaz\u0103 o a doua specializare).<\/li>\n<\/ul>\n<p>\u00cen cazul admiterii online, actele originale vor fi aduse la confirmarea locului, \u00eempreun\u0103 cu 2 fotografii color tip legitimatie (format 2\/2,5 cm) \u0219i un dosar plic.<\/p>\n<p style=\"font-size: 16px;\">Pentru <b>admiterea direct\u0103<\/b><\/p>\n<ul>\n<li><b>Fi\u015fa de \u00eenscriere;<\/b><\/li>\n<li><b>Diploma de bacalaureat ob\u0163inut\u0103 \u00een Rom\u00e2nia<\/b>, \u00een original, sau <b>atestat de echivalare emis de CNRED pentru studiile efectuate \u00een afara Rom\u00e2niei<\/b>. Candida\u0163ii care au promovat examenul de bacalaureat \u00een sesiunile corespunzatoare anului \u015fcolar 2920\/2021 pot prezenta la \u00eenscriere, \u00een sesiunea de admitere imediat urm\u0103toare promov\u0103rii examenului de bacalaureat 2021, \u00een locul diplomei de bacalaureat, o adeverin\u0163\u0103 eliberat\u0103 de c\u0103tre institu\u0163ia de inv\u0103\u0163\u0103m\u00e2nt absolvit\u0103<!--, \u00een care se men\u0163ioneaz\u0103 media general\u0103 de la bacalaureat, notele disciplinelor de bacalaureat-->;<\/li>\n<li>adeverin\u021b\u0103 de confirmare ca actele \u00een original s-au depus la alt\u0103 facultate\/institu\u021bie(\u00een cazul \u00een care candidatul nu este la prima facultate la care se \u00eenscrie);<\/li>\n<li><b>original<\/b>* + <b>copie<\/b> dup\u0103 <b>cartea de identitate<\/b> (care atest\u0103 domiciliul \u00een Rom\u00e2nia);<\/li>\n<li><b>original<\/b>* + <b>copie<\/b> dup\u0103 <b>certificatul de na\u015ftere<\/b>;<\/li>\n<li><b>original<\/b>* + <b>copie<\/b> dup\u0103 <b>certificatul de c\u0103s\u0103torie<\/b> sau documentul care atest\u0103 schimbarea numelui, dac\u0103 este cazul;<\/li>\n<li><b>adeverin\u0163\u0103 medical\u0103 tip<\/b> eliberat\u0103 \u00een ultimele 6 luni, care s\u0103 men\u0163ioneze starea de s\u0103n\u0103tate a candidatului (este\/nu este \u00een eviden\u0163\u0103 cu boli cronice, \u015fi care sunt acestea, dac\u0103 este cazul);<\/li>\n<li>2 fotografii color tip legitimatie (format 2\/2,5 cm);<\/li>\n<li><i>Adeverin\u0163\u0103<\/i> din care s\u0103 rezulte calitatea de student cu men\u0163ionarea num\u0103rului de semestre \u00een care s-a beneficiat de finan\u0163are de la buget \u015fi de burs\u0103 (dac\u0103 este cazul pentru studen\u021bii care urmeaz\u0103 o a doua specializare);<\/li>\n<li>dosar plic.<\/li>\n<\/ul>\n<p>(*) se restituie candidatului dup\u0103 certificarea de conform cu originalul a copiei, de c\u0103tre membrii comisiei.<\/p>\n","protected":false},"excerpt":{"rendered":"<p>Pentru admiterea online Fi\u015fa de \u00eenscriere Copii scanate dup\u0103: Diploma de bacalaureat ob\u0163inut\u0103 \u00een Rom\u00e2nia, \u00een original, sau atestat de echivalare emis de CNRED pentru studiile efectuate \u00een afara Rom\u00e2niei. Candida\u0163ii care au promovat examenul de bacalaureat \u00een sesiunile corespunzatoare anului \u015fcolar 2020\/2021 pot prezenta la \u00eenscriere, \u00een sesiunea de admitere imediat urm\u0103toare promov\u0103rii examenului de bacalaureat 2021,\u2026 <span class=\"read-more\"><a href=\"https:\/\/www.phys.uaic.ro\/old\/index.php\/admitere\/admitere-licenta\/admitere-licenta-iulie-2021\/organizare-admitere-licenta-iulie-2021\/acte-licenta-iulie-2021\/\">Read More &raquo;<\/a><\/span><\/p>\n","protected":false},"author":3,"featured_media":0,"parent":12470,"menu_order":0,"comment_status":"closed","ping_status":"closed","template":"","meta":{"footnotes":""},"class_list":["post-12480","page","type-page","status-publish","hentry"],"_links":{"self":[{"href":"https:\/\/www.phys.uaic.ro\/old\/index.php\/wp-json\/wp\/v2\/pages\/12480","targetHints":{"allow":["GET"]}}],"collection":[{"href":"https:\/\/www.phys.uaic.ro\/old\/index.php\/wp-json\/wp\/v2\/pages"}],"about":[{"href":"https:\/\/www.phys.uaic.ro\/old\/index.php\/wp-json\/wp\/v2\/types\/page"}],"author":[{"embeddable":true,"href":"https:\/\/www.phys.uaic.ro\/old\/index.php\/wp-json\/wp\/v2\/users\/3"}],"replies":[{"embeddable":true,"href":"https:\/\/www.phys.uaic.ro\/old\/index.php\/wp-json\/wp\/v2\/comments?post=12480"}],"version-history":[{"count":0,"href":"https:\/\/www.phys.uaic.ro\/old\/index.php\/wp-json\/wp\/v2\/pages\/12480\/revisions"}],"up":[{"embeddable":true,"href":"https:\/\/www.phys.uaic.ro\/old\/index.php\/wp-json\/wp\/v2\/pages\/12470"}],"wp:attachment":[{"href":"https:\/\/www.phys.uaic.ro\/old\/index.php\/wp-json\/wp\/v2\/media?parent=12480"}],"curies":[{"name":"wp","href":"https:\/\/api.w.org\/{rel}","templated":true}]}}