{"id":1256,"date":"2018-02-20T15:28:57","date_gmt":"2018-02-20T15:28:57","guid":{"rendered":"http:\/\/www.phys.uaic.ro\/?page_id=1256"},"modified":"2025-01-29T11:21:19","modified_gmt":"2025-01-29T09:21:19","slug":"jitariu-andrei-claudiu-doctorat","status":"publish","type":"page","link":"https:\/\/www.phys.uaic.ro\/old\/index.php\/scoala-doctorala\/sustineri-teze-doctorat\/jitariu-andrei-claudiu-doctorat\/","title":{"rendered":"Sus\u021binerea tezei de doctorat a drd. J\u00eetariu Andrei Claudiu pe 28.09.2017"},"content":{"rendered":"<p>Anun\u021bul sus\u021binerii publice<\/p>\n<p>La data de 28.09.2017, ora 10:00, \u00een sala Ferdinand dl J\u00ceTARIU G. ANDREI CLAUDIU va sus\u021bine, \u00een \u0219edin\u021ba public\u0103, teza de doctorat cu titlul<\/p>\n<p><b>CONTRIBU\u0162II LA STUDIUL SISTEMELOR DE STRATURI SUB\u0162IRI MAGNETOREZISTIVE CU APLICA\u0162II \u00ceN SENZORI MAGNETICI<\/b><\/p>\n<p>\u00een vederea ob\u021binerii titlului stiin\u021bific de doctor \u00een domeniul FIZICA.<\/p>\n<p>CV J\u00eetariu G. Andrei Claudiu<\/p>\n<p>Comisia de doctorat are urm\u0103toarea componen\u021b\u0103:<\/p>\n<ul>\n<li><b>Pre\u0219edinte:<\/b>\n<ul>\n<li>Prof. univ. Dr. Diana Mihaela Mardare, Universitatea Alexandru Ioan Cuza din Ia\u0219i [ CV ]<\/li>\n<\/ul>\n<\/li>\n<\/ul>\n<ul>\n<li><b>Conducator stiintific:<\/b>\n<ul>\n<li>C.S.I Dr. Horia Chiriac, Universitatea Alexandru Ioan Cuza din Ia\u0219i [ CV ]<\/li>\n<\/ul>\n<\/li>\n<\/ul>\n<ul>\n<li><b>Referenti:<\/b>\n<ul>\n<li>Prof. univ. Dr. Viorel Pop, Universitatea Babe\u0219-Bolyai din Cluj Napoca [ CV ]<\/li>\n<li>Prof. univ. Dr. Ioan Fo\u0219alau, Universitatea Tehnic\u0103 Gheorghe Asachi din Ia\u0219i [ CV ]<\/li>\n<li>Prof. univ. Dr. Alexandru Stancu, Universitatea Alexandru Ioan Cuza din Ia\u0219i [ CV ]<\/li>\n<\/ul>\n<\/li>\n<\/ul>\n<p>Teza va putea fi consultat\u0103 la Biblioteca Facult\u0103\u021bii de Fizic\u0103.<\/p>\n<p>Rezumatul tezei de doctorat<\/p>\n","protected":false},"excerpt":{"rendered":"<p>Anun\u021bul sus\u021binerii publice La data de 28.09.2017, ora 10:00, \u00een sala Ferdinand dl J\u00ceTARIU G. ANDREI CLAUDIU va sus\u021bine, \u00een \u0219edin\u021ba public\u0103, teza de doctorat cu titlul CONTRIBU\u0162II LA STUDIUL SISTEMELOR DE STRATURI SUB\u0162IRI MAGNETOREZISTIVE CU APLICA\u0162II \u00ceN SENZORI MAGNETICI \u00een vederea ob\u021binerii titlului stiin\u021bific de doctor \u00een domeniul FIZICA. CV J\u00eetariu G. Andrei Claudiu Comisia de doctorat\u2026 <span class=\"read-more\"><a href=\"https:\/\/www.phys.uaic.ro\/old\/index.php\/scoala-doctorala\/sustineri-teze-doctorat\/jitariu-andrei-claudiu-doctorat\/\">Read More &raquo;<\/a><\/span><\/p>\n","protected":false},"author":3,"featured_media":0,"parent":158,"menu_order":0,"comment_status":"closed","ping_status":"closed","template":"","meta":{"footnotes":""},"class_list":["post-1256","page","type-page","status-publish","hentry"],"_links":{"self":[{"href":"https:\/\/www.phys.uaic.ro\/old\/index.php\/wp-json\/wp\/v2\/pages\/1256","targetHints":{"allow":["GET"]}}],"collection":[{"href":"https:\/\/www.phys.uaic.ro\/old\/index.php\/wp-json\/wp\/v2\/pages"}],"about":[{"href":"https:\/\/www.phys.uaic.ro\/old\/index.php\/wp-json\/wp\/v2\/types\/page"}],"author":[{"embeddable":true,"href":"https:\/\/www.phys.uaic.ro\/old\/index.php\/wp-json\/wp\/v2\/users\/3"}],"replies":[{"embeddable":true,"href":"https:\/\/www.phys.uaic.ro\/old\/index.php\/wp-json\/wp\/v2\/comments?post=1256"}],"version-history":[{"count":0,"href":"https:\/\/www.phys.uaic.ro\/old\/index.php\/wp-json\/wp\/v2\/pages\/1256\/revisions"}],"up":[{"embeddable":true,"href":"https:\/\/www.phys.uaic.ro\/old\/index.php\/wp-json\/wp\/v2\/pages\/158"}],"wp:attachment":[{"href":"https:\/\/www.phys.uaic.ro\/old\/index.php\/wp-json\/wp\/v2\/media?parent=1256"}],"curies":[{"name":"wp","href":"https:\/\/api.w.org\/{rel}","templated":true}]}}