{"id":1266,"date":"2018-02-20T16:26:46","date_gmt":"2018-02-20T16:26:46","guid":{"rendered":"http:\/\/www.phys.uaic.ro\/?page_id=1266"},"modified":"2025-01-29T11:25:00","modified_gmt":"2025-01-29T09:25:00","slug":"budeanu-racila-luiza-camelia-doctorat","status":"publish","type":"page","link":"https:\/\/www.phys.uaic.ro\/old\/index.php\/scoala-doctorala\/sustineri-teze-doctorat\/budeanu-racila-luiza-camelia-doctorat\/","title":{"rendered":"Sus\u021binerea tezei de doctorat a drd. Budeanu Luiza-Camelia (c\u0103s. R\u0103cil\u0103) pe 07.07.2017"},"content":{"rendered":"<p>Anun\u021bul sus\u021binerii publice<\/p>\n<p>La data de 07.07.2017, ora 11:00, \u00een Sala Ferdinand dna BUDEANU LUIZA-CAMELIA (c\u0103s. R\u0102CIL\u0102) va sus\u021bine, \u00een \u0219edin\u021b\u0103 public\u0103, teza de doctorat cu titlul<\/p>\n<p><b>CONTRIBU\u0162II PRIVIND OB\u0162INEREA \u0218I CARACTERIZAREA PULBERILOR MAGNETICE NANOCRISTALINE Fe-Cu-Nb-Si-B<\/b><\/p>\n<p>\u00een vederea ob\u021binerii titlului stiin\u021bific de doctor \u00een domeniul FIZIC\u0102.<\/p>\n<p>CV Budeanu Luiza-Camelia (c\u0103s. R\u0103cil\u0103)<\/p>\n<p>Comisia de doctorat are urm\u0103toarea componen\u021b\u0103:<\/p>\n<ul>\n<li><b>Pre\u0219edinte:<\/b>\n<ul>\n<li>Prof. univ. Dr. Diana Mihaela Mardare, Universitatea Alexandru Ioan Cuza din Ia\u0219i [ CV ]<\/li>\n<\/ul>\n<\/li>\n<\/ul>\n<ul>\n<li><b>Conducator stiintific:<\/b>\n<ul>\n<li>Prof. univ. Dr. Maria Neagu, Universitatea Alexandru Ioan Cuza din Ia\u0219i [ CV ]<\/li>\n<\/ul>\n<\/li>\n<\/ul>\n<ul>\n<li><b>Referenti:<\/b>\n<ul>\n<li>C.S.I Dr. Nicoleta Lupu, Institutul National de Cercetare-Dezvoltare pentru Fizica Tehnic\u0103, Ia\u0219i [ CV ]<\/li>\n<li>Prof. univ. Dr. Cristina Stan, Universitatea Politehnic\u0103 din Bucure\u0219ti [ CV en ]<\/li>\n<li>Prof. univ. Dr. Emilia Dorina Creanga, Universitatea Alexandru Ioan Cuza din Ia\u0219i [ CV en ]<\/li>\n<\/ul>\n<\/li>\n<\/ul>\n<p>Teza poate fi consultat\u0103 la Biblioteca Facult\u0103\u021bii de Fizic\u0103.<\/p>\n<p>Rezumatul tezei de doctorat<\/p>\n","protected":false},"excerpt":{"rendered":"<p>Anun\u021bul sus\u021binerii publice La data de 07.07.2017, ora 11:00, \u00een Sala Ferdinand dna BUDEANU LUIZA-CAMELIA (c\u0103s. R\u0102CIL\u0102) va sus\u021bine, \u00een \u0219edin\u021b\u0103 public\u0103, teza de doctorat cu titlul CONTRIBU\u0162II PRIVIND OB\u0162INEREA \u0218I CARACTERIZAREA PULBERILOR MAGNETICE NANOCRISTALINE Fe-Cu-Nb-Si-B \u00een vederea ob\u021binerii titlului stiin\u021bific de doctor \u00een domeniul FIZIC\u0102. CV Budeanu Luiza-Camelia (c\u0103s. R\u0103cil\u0103) Comisia de doctorat are urm\u0103toarea componen\u021b\u0103: Pre\u0219edinte:\u2026 <span class=\"read-more\"><a href=\"https:\/\/www.phys.uaic.ro\/old\/index.php\/scoala-doctorala\/sustineri-teze-doctorat\/budeanu-racila-luiza-camelia-doctorat\/\">Read More &raquo;<\/a><\/span><\/p>\n","protected":false},"author":3,"featured_media":0,"parent":158,"menu_order":0,"comment_status":"closed","ping_status":"closed","template":"","meta":{"footnotes":""},"class_list":["post-1266","page","type-page","status-publish","hentry"],"_links":{"self":[{"href":"https:\/\/www.phys.uaic.ro\/old\/index.php\/wp-json\/wp\/v2\/pages\/1266","targetHints":{"allow":["GET"]}}],"collection":[{"href":"https:\/\/www.phys.uaic.ro\/old\/index.php\/wp-json\/wp\/v2\/pages"}],"about":[{"href":"https:\/\/www.phys.uaic.ro\/old\/index.php\/wp-json\/wp\/v2\/types\/page"}],"author":[{"embeddable":true,"href":"https:\/\/www.phys.uaic.ro\/old\/index.php\/wp-json\/wp\/v2\/users\/3"}],"replies":[{"embeddable":true,"href":"https:\/\/www.phys.uaic.ro\/old\/index.php\/wp-json\/wp\/v2\/comments?post=1266"}],"version-history":[{"count":0,"href":"https:\/\/www.phys.uaic.ro\/old\/index.php\/wp-json\/wp\/v2\/pages\/1266\/revisions"}],"up":[{"embeddable":true,"href":"https:\/\/www.phys.uaic.ro\/old\/index.php\/wp-json\/wp\/v2\/pages\/158"}],"wp:attachment":[{"href":"https:\/\/www.phys.uaic.ro\/old\/index.php\/wp-json\/wp\/v2\/media?parent=1266"}],"curies":[{"name":"wp","href":"https:\/\/api.w.org\/{rel}","templated":true}]}}