{"id":12788,"date":"2021-05-31T11:37:49","date_gmt":"2021-05-31T11:37:49","guid":{"rendered":"https:\/\/www.phys.uaic.ro\/?page_id=12788"},"modified":"2026-01-30T10:43:33","modified_gmt":"2026-01-30T08:43:33","slug":"centre-laboratoare-cercetare-doctorat","status":"publish","type":"page","link":"https:\/\/www.phys.uaic.ro\/old\/index.php\/scoala-doctorala\/centre-laboratoare-cercetare-doctorat\/","title":{"rendered":"Centre \/ Laboratoare de cercetare"},"content":{"rendered":"<ul>\n<li>Atmosphere Optics, Spectroscopy and Lasers Laboratory LOASL &#8211; ACTRIS-RO UAIC\n<ul>\n<li><a href=\"http:\/\/spectroscopy.phys.uaic.ro\/\" target=\"_blank\" rel=\"noopener\">http:\/\/spectroscopy.phys.uaic.ro\/<\/a><\/li>\n<\/ul>\n<\/li>\n<li>Center for Applied Research in Physicsand Advanced Technologies &#8211; CARPATH\n<ul>\n<li><a href=\"https:\/\/eertis.eu\/errf-2300-000k-1032\" target=\"_blank\" rel=\"noopener\">https:\/\/eertis.eu\/errf-2300-000k-1032<\/a><\/li>\n<li><a href=\"https:\/\/stoner.phys.uaic.ro\/carpath\/carpath-about.html\" target=\"_blank\" rel=\"noopener\">https:\/\/stoner.phys.uaic.ro\/carpath\/carpath-about.html.html<\/a><\/li>\n<\/ul>\n<\/li>\n<li>Dielectrics, Ferroelectrics&amp;Multiferroics Laboratory\n<ul>\n<li><a href=\"https:\/\/eertis.eu\/errf-2300-000m-1014\" target=\"_blank\" rel=\"noopener\">https:\/\/eertis.eu\/errf-2300-000m-1014<\/a><\/li>\n<li><a href=\"https:\/\/stoner.phys.uaic.ro\/carpath\/staff.html\" target=\"_blank\" rel=\"noopener\">https:\/\/stoner.phys.uaic.ro\/carpath\/staff.html<\/a><\/li>\n<\/ul>\n<\/li>\n<li>Iasi Plasma Advanced Research Center (IPARC)\n<ul>\n<li><a href=\"https:\/\/eertis.eu\/errf-2300-000t-1017\" target=\"_blank\" rel=\"noopener\">https:\/\/eertis.eu\/errf-2300-000t-1017<\/a><\/li>\n<li><a href=\"https:\/\/www.plasma.uaic.ro\/\" target=\"_blank\" rel=\"noopener\">https:\/\/www.plasma.uaic.ro\/<\/a><\/li>\n<\/ul>\n<\/li>\n<li>Integrated Platform for Advanced Studies in Molecular Nanotechnologies &#8211; AMON\n<ul>\n<li>https:\/\/eeris.eu\/erif-2000-000y-2388<\/li>\n<\/ul>\n<\/li>\n<li>Molecular Biophysics and Medical Physics Laboratory\n<ul>\n<li><a href=\"https:\/\/eertis.eu\/errf-2500-000n-4215\">https:\/\/eertis.eu\/errf-2500-000n-4215<\/a><\/li>\n<li><a href=\"https:\/\/biofizicafizicamedicala.wordpress.com\/home\/\" target=\"_blank\" rel=\"noopener\">https:\/\/biofizicafizicamedicala.wordpress.com\/home\/_FizicaMedicala_Equipment.html<\/a><\/li>\n<\/ul>\n<\/li>\n<li>Advanced Experimental and Theoretical Research Center in Condensed Matter Physics\n<ul>\n<li><a href=\"https:\/\/eertis.eu\/errf-2600-000f-4819\" target=\"_blank\" rel=\"noopener\">https:\/\/eertis.eu\/errf-2600-000f-4819<\/a><\/li>\n<\/ul>\n<\/li>\n<li>Centru de cercetare cu tehnici integrate pentru investigarea aerosolilor atmosferici \u00een Rom\u00e2nia, RA-05 &#8211; Laborator de meteorologie aplicat\u0103 \u0219i climatologie\n<ul>\n<li><a href=\"https:\/\/recent-air.uaic.ro\/laboratoare.php?ra=5\" target=\"_blank\" rel=\"noopener\">https:\/\/recent-air.uaic.ro\/laboratoare.php?ra=5<\/a><\/li>\n<\/ul>\n<\/li>\n<li>Centru de cercetare cu tehnici integrate pentru investigarea aerosolilor atmosferici \u00een Rom\u00e2nia, RA-06 &#8211; Laborator de astronomie \u0219i astrofizic\u0103\n<ul>\n<li><a href=\"https:\/\/recent-air.uaic.ro\/laboratoare.php?ra=6\" target=\"_blank\" rel=\"noopener\">https:\/\/recent-air.uaic.ro\/laboratoare.php?ra=6<\/a><\/li>\n<\/ul>\n<\/li>\n<li>Centrul de Cercetare \u00een Domeniul Materialelor \u015fi Tehnologiilor Avansate \u2013 RAMTECH\n<ul>\n<li><a tabindex=\"-1\" href=\"http:\/\/www.ramtech.uaic.ro\/\" target=\"_blank\" rel=\"external nofollow noopener noreferrer\">http:\/www.ramtech.uaic.ro\/<\/a><\/li>\n<li><a tabindex=\"-1\" href=\"https:\/\/eertis.eu\/errf-2300-000j-1041\" target=\"_blank\" rel=\"external nofollow noopener noreferrer\">https:\/\/eertis.eu\/errf-2300-000j-1041<\/a><\/li>\n<\/ul>\n<\/li>\n<\/ul>\n","protected":false},"excerpt":{"rendered":"<p>Atmosphere Optics, Spectroscopy and Lasers Laboratory LOASL &#8211; ACTRIS-RO UAIC http:\/\/spectroscopy.phys.uaic.ro\/ Center for Applied Research in Physicsand Advanced Technologies &#8211; CARPATH https:\/\/eertis.eu\/errf-2300-000k-1032 https:\/\/stoner.phys.uaic.ro\/carpath\/carpath-about.html.html Dielectrics, Ferroelectrics&amp;Multiferroics Laboratory https:\/\/eertis.eu\/errf-2300-000m-1014 https:\/\/stoner.phys.uaic.ro\/carpath\/staff.html Iasi Plasma Advanced Research Center (IPARC) https:\/\/eertis.eu\/errf-2300-000t-1017 https:\/\/www.plasma.uaic.ro\/ Integrated Platform for Advanced Studies in Molecular Nanotechnologies &#8211; AMON https:\/\/eeris.eu\/erif-2000-000y-2388 Molecular Biophysics and Medical Physics Laboratory https:\/\/eertis.eu\/errf-2500-000n-4215 https:\/\/biofizicafizicamedicala.wordpress.com\/home\/_FizicaMedicala_Equipment.html Advanced Experimental and\u2026 <span class=\"read-more\"><a href=\"https:\/\/www.phys.uaic.ro\/old\/index.php\/scoala-doctorala\/centre-laboratoare-cercetare-doctorat\/\">Read More &raquo;<\/a><\/span><\/p>\n","protected":false},"author":3,"featured_media":0,"parent":365,"menu_order":0,"comment_status":"closed","ping_status":"closed","template":"","meta":{"footnotes":""},"class_list":["post-12788","page","type-page","status-publish","hentry"],"_links":{"self":[{"href":"https:\/\/www.phys.uaic.ro\/old\/index.php\/wp-json\/wp\/v2\/pages\/12788","targetHints":{"allow":["GET"]}}],"collection":[{"href":"https:\/\/www.phys.uaic.ro\/old\/index.php\/wp-json\/wp\/v2\/pages"}],"about":[{"href":"https:\/\/www.phys.uaic.ro\/old\/index.php\/wp-json\/wp\/v2\/types\/page"}],"author":[{"embeddable":true,"href":"https:\/\/www.phys.uaic.ro\/old\/index.php\/wp-json\/wp\/v2\/users\/3"}],"replies":[{"embeddable":true,"href":"https:\/\/www.phys.uaic.ro\/old\/index.php\/wp-json\/wp\/v2\/comments?post=12788"}],"version-history":[{"count":0,"href":"https:\/\/www.phys.uaic.ro\/old\/index.php\/wp-json\/wp\/v2\/pages\/12788\/revisions"}],"up":[{"embeddable":true,"href":"https:\/\/www.phys.uaic.ro\/old\/index.php\/wp-json\/wp\/v2\/pages\/365"}],"wp:attachment":[{"href":"https:\/\/www.phys.uaic.ro\/old\/index.php\/wp-json\/wp\/v2\/media?parent=12788"}],"curies":[{"name":"wp","href":"https:\/\/api.w.org\/{rel}","templated":true}]}}