{"id":12928,"date":"2021-06-14T09:47:46","date_gmt":"2021-06-14T09:47:46","guid":{"rendered":"https:\/\/www.phys.uaic.ro\/?page_id=12928"},"modified":"2025-11-07T13:33:24","modified_gmt":"2025-11-07T11:33:24","slug":"auf","status":"publish","type":"page","link":"https:\/\/www.phys.uaic.ro\/old\/index.php\/relatii-internationale\/auf\/","title":{"rendered":"Agen\u0163ia Universitar\u0103 a Francofoniei"},"content":{"rendered":"<div>\n<div>\n<div>\n<div>\n<div>\n<div>\n<div>\n<div class=\"colorbox\" style=\"background-color: #e6e6e6;\">\n<p><span style=\"font-size: 14pt;\"><b>Program de burse de cercetare doctoral\u0103 si post-doctorat \u00abEugen Ionescu\u00bb 2025-2026<\/b><\/span><\/p>\n<p>Acest program se adreseaz\u0103 doctoranzilor \/ cercet\u0103torilor din \u021b\u0103ri membre ale OIF \u0219i Algeria, care studiaz\u0103 \/ func\u021bioneaz\u0103 \u00een universit\u0103\u021bi membre ale AUF \u0219i care sunt interesa\u021bi s\u0103 efectueze un stagiu de cercetare de <b>3 luni<\/b> \u00een una dintre cele 28 de universit\u0103\u021bi din Romania implicate \u00een acest program.<\/p>\n<p>Apelul este deschis pana la data de <b>30 noiembrie 2025<\/b>.<br \/>\n<b>Stagiile candida\u021bilor admi\u0219i se vor derula \u00een intervalul <u>1 mai \u2013 31 iulie 2026<\/u><\/b>.<\/p>\n<p><em>\u00cencep\u00e2nd din acest an academic, universit\u0103\u021bile rom\u00e2ne\u0219ti participante \u00een program vor putea pre-accepta un num\u0103r maxim de 15 candida\u021bi. \u00cen procesul de preselec\u021bie, trebuie s\u0103 se \u021bin\u0103 cont &#8211; \u00een afara de criteriile de performan\u021b\u0103 \u0219tiin\u021bific\u0103 \u0219i academic\u0103 &#8211; de o serie de cerin\u021be legate de asigurarea echilibrului de gen, de o bun\u0103 reprezentare a \u021b\u0103rilor de provenien\u021b\u0103, precum \u0219i de o distribuire egal\u0103 a candida\u021bilor pe Facult\u0103\u021bi \/ ICI.<\/em> <em>Pentru a respecta aceste cerin\u021be, v\u0103 propunem o nou\u0103 <strong>procedur\u0103 de selec\u021bie la nivelul UAIC<\/strong>, care presupune:<\/em><br \/>\n<em>&#8211; Stabilirea unui termen intern pentru primirea candidaturilor \u2013 SREI, 20 noiembrie 2025;<\/em><br \/>\n<em>&#8211; Realizarea evalu\u0103rii din punct de vedere administrativ, cu eliminarea candidaturilor incomplete \/ neconforme &#8211; SREI;<\/em><br \/>\n<em>&#8211; Transmiterea candidaturilor complete c\u0103tre responsabii desemna\u021bi de Facult\u0103\u021bi \/ ICI de c\u0103tre SREI, \u00een vederea evalu\u0103rii din punct de vedere \u0219tiin\u021bific \u0219i stabilirii unui clasament al candida\u021bilor &#8211; Facult\u0103\u021bi \/ ICI;<\/em><br \/>\n<em>&#8211; Selec\u021bia final\u0103 a celor 15 candida\u021bi pentru care vor fi emise scrisori de pre-acceptare, cu sprijinul unei comisii centrale.<\/em><\/p>\n<\/div>\n<\/div>\n<p>&nbsp;<\/p>\n<p><strong><span class=\"subject\" style=\"font-size: 18pt;\" title=\"Fwd: FW: AUF_appel \u00e0 candidatures_membres commissions th\u00e9matiques C2R - ECO\" data-bind=\"text: viewSubject, title: viewSubject, event: { 'dblclick': toggleFullScreen }\">AUF_appel \u00e0 candidatures_membres commissions th\u00e9matiques C2R &#8211; ECO<\/span><\/strong><\/p>\n<p>La Conf\u00e9rence r\u00e9gionale des Recteurs de l&#8217;AUF-Europe Centrale et Orientale (C2R &#8211; ECO) lance un appel \u00e0 candidatures (<a href=\"https:\/\/l.auf.org\/AppelC2RECO2024?fbclid=IwZXh0bgNhZW0CMTAAAR1q1KaYyqQxGmS--Z_BzSAAFR25w9_58W5FDeClX1sIXPBPPfd5cLr1oo4_aem_AcQpNpBOyUQi9ugXKXvGKTG5fQA7SSPUx73F8ONIfA7mumeaO9oVKYvKToil2A4Z8XAikPaGjngOXbN9bPKcZ89X\">https:\/\/l.auf.org\/AppelC2RECO2024<\/a>) pour s\u00e9lectionner des universitaires qui seront membres de chacune des commissions th\u00e9matiques suivantes :<\/p>\n<ul>\n<li>Internationalisation et Mobilit\u00e9s<\/li>\n<li>Cybers\u00e9curit\u00e9 et Intelligence artificielle<\/li>\n<li>Recherche et D\u00e9veloppement<\/li>\n<\/ul>\n<p>Cet appel s\u2019adresse aux enseignants-chercheurs et responsables en activit\u00e9 dans les universit\u00e9s membres de la C2R dans la r\u00e9gion de l&#8217;Europe Centrale et Orientale.<\/p>\n<p>Date limite : le 15 mai 2024<\/p>\n<p>Contact : <a href=\"mailto:C2RMO@auf.org\">c2r-eco@auf.org<\/a><\/p>\n<p>&nbsp;<\/p>\n<p><span style=\"font-size: 18pt;\"><strong><span class=\"subject\" title=\"Fwd: FW: AUF_lancement appel Ateliers publications AIFS\" data-bind=\"text: viewSubject, title: viewSubject, event: { 'dblclick': toggleFullScreen }\">AUF_lancement appel Ateliers publications AIFS<\/span><\/strong><\/span><\/p>\n<p>L&#8217;Agence Universitaire de la Francophonie en Europe Centrale et Orientale a le plaisir de vous informer du lancement de l&#8217;<i>Appel \u00e0 manifestation d\u2019int\u00e9r\u00eat 2024 : Atelier Publication scientifique \u2013 Universit\u00e9 d\u2019\u00e9t\u00e9 de la Francophonie \u2013 Je publie mon article ! <\/i>qui vise la participation des doctorants francophones \u00e0 un atelier d\u00e9centralis\u00e9 \u00ab Publication scientifique \u00bb : <a tabindex=\"-1\" href=\"https:\/\/l.auf.org\/Appel-Ateliers-AIFS\" target=\"_blank\" rel=\"external nofollow noopener noreferrer\">https:\/\/l.auf.org\/Appel-Ateliers-AIFS<\/a><u><\/u><u><\/u><\/p>\n<\/div>\n<p>Cet appel s&#8217;int\u00e8gre dans le dispositif international de pr\u00e9paration et d\u2019aide \u00e0 la publication scientifique lanc\u00e9 par l&#8217;AUF, par le biais de l\u2019Acad\u00e9mie internationale de la Francophonie scientifique (AIFS) qui organisera une Universit\u00e9 d\u2019\u00e9t\u00e9 de la Francophonie \u00e0 Rabat (Maroc), en octobre 2024, \u00e0 ce sujet.<u><\/u><u><\/u><\/p>\n<div>\n<p>Date limite : 10 mai 2024<u><\/u><u><\/u><\/p>\n<\/div>\n<div>\n<p>Contact : <a tabindex=\"-1\" href=\"mailto:recherche-innovation-eco@auf.org\" target=\"_blank\" rel=\"external nofollow noopener noreferrer\">recherche-innovation-eco@auf.org<\/a><\/p>\n<p>&nbsp;<\/p>\n<\/div>\n<blockquote class=\"wp-embedded-content\" data-secret=\"JkTieSeEcL\"><p><a href=\"https:\/\/www.phys.uaic.ro\/index.php\/auf-eco_30eme_appel-a-manifestation-dinteret\/\">AUF-ECO_30\u00e8me_appel \u00e0 manifestation d&#8217;int\u00e9r\u00eat<\/a><\/p><\/blockquote>\n<p><iframe loading=\"lazy\" class=\"wp-embedded-content\" sandbox=\"allow-scripts\" security=\"restricted\" style=\"position: absolute; visibility: hidden;\" title=\"&#8222;AUF-ECO_30\u00e8me_appel \u00e0 manifestation d&#8217;int\u00e9r\u00eat&#8221; &#8211; Facultatea de Fizic\u0103\" src=\"https:\/\/www.phys.uaic.ro\/index.php\/auf-eco_30eme_appel-a-manifestation-dinteret\/embed\/#?secret=VGlvhFwlYJ#?secret=JkTieSeEcL\" data-secret=\"JkTieSeEcL\" width=\"600\" height=\"338\" frameborder=\"0\" marginwidth=\"0\" marginheight=\"0\" scrolling=\"no\"><\/iframe><\/p>\n<blockquote class=\"wp-embedded-content\" data-secret=\"MCwuBrwQUj\"><p><a href=\"https:\/\/www.phys.uaic.ro\/index.php\/appels-doffre-parceco-2024-acces-2024\/\">Appels d\u2019offre PARCECO 2024 &#038; ACCES 2024<\/a><\/p><\/blockquote>\n<p><iframe loading=\"lazy\" class=\"wp-embedded-content\" sandbox=\"allow-scripts\" security=\"restricted\" style=\"position: absolute; visibility: hidden;\" title=\"&#8222;Appels d\u2019offre PARCECO 2024 &#038; ACCES 2024&#8221; &#8211; Facultatea de Fizic\u0103\" src=\"https:\/\/www.phys.uaic.ro\/index.php\/appels-doffre-parceco-2024-acces-2024\/embed\/#?secret=yiP9ZCjZzL#?secret=MCwuBrwQUj\" data-secret=\"MCwuBrwQUj\" width=\"600\" height=\"338\" frameborder=\"0\" marginwidth=\"0\" marginheight=\"0\" scrolling=\"no\"><\/iframe><\/p>\n<p>&nbsp;<\/p>\n<p><a href=\"https:\/\/www.phys.uaic.ro\/index.php\/relatii-internationale\/auf\/\" target=\"_blank\" rel=\"noopener\">Information Soumissions de candidatures &#8211; 2\u00e8me \u00e9dition du Symposium de la recherche scientifique francophone en Europe centrale et orientale &#8211; 27 et 28 novembre 2023 \u00e0 Bucarest<\/a><\/p>\n<p>Les modalit\u00e9s de d\u00e9p\u00f4ts de vos candidatures pour une participation au ateliers du 2e Symposium de la recherche scientifique francophone en Europe centrale et orientale: La soumission se fait via Google forms sur le lien suivant: <a href=\"https:\/\/forms.gle\/QjvmQgPgW71xfzdV9\">https:\/\/forms.gle\/QjvmQgPgW71xfzdV9<\/a><\/p>\n<p>&nbsp;<\/p>\n<\/div>\n<p>&nbsp;<\/p>\n<div>\n<p><a href=\"https:\/\/www.phys.uaic.ro\/wp-content\/uploads\/2023\/08\/APPEL-A-PARTICIPATIONS-SRSF-ECO2023.pdf\" target=\"_blank\" rel=\"noopener\">APPEL A PARTICIPATION 2e Symposium de la recherche scientifique francophone en Europe centrale et orientale<\/a><\/p>\n<p>&nbsp;<\/p>\n<p><strong><span style=\"color: #ff0000;\"><em><a style=\"color: #ff0000;\" href=\"https:\/\/r.mail-infolettre.auf.org\/mk\/mr\/vzXAwnEuZLBPeag-KIG-uHvbLVuyg5OC7WG0c8mUG9-cLIRsHAndfBTe4c8CxyH1TwHH-eoVmfRBoz1IwlEhqdCR-41Ha6mSZnwb7x_7J8h7Wotes4FgEQeO7yq-Bgr_5w298sqgSQ\" target=\"_blank\" rel=\"noopener\"><span class=\"subject\" title=\"Fwd: Fwd: Les actualit\u00e9s de l'AUF : rencontres, employabilit\u00e9 et Francophonie scientifique\" data-bind=\"text: viewSubject, title: viewSubject, event: { 'dblclick': toggleFullScreen }\">Les actualit\u00e9s de l&#8217;AUF : rencontres, employabilit\u00e9 et Francophonie scientifique<\/span><\/a><\/em><\/span><\/strong><\/p>\n<p><span style=\"color: #ff0000; font-size: 14pt;\"><img decoding=\"async\" class=\"lazy lazy-inited\" src=\"https:\/\/img.mail-infolettre.auf.org\/im\/104189\/6ff48f32337a400f7500123cda495a3a6b25994cdbded23401936dfcb9ccf691.png?e=OSTKhb1e9_PXX1YYx0NG_EY49u6wtbS5B7SrUDB3h6_nRCNrr8lNrhbUYzs7gt8eu1x56NxB2St25dLoFhCzLYVnthil8CAX0CXjL4wqo4pYlPJh20D5QAsnAa_gmPpcQhmTzv_681Wjs02ZSx7XHY0lIF6gbX7xnPxo9lbS_Dby9VLcCc1p3vJco0qac3_WBOkvPkxM-FBDrm3D-WFxC24ibCMiWpkAnXpQiqFQ4dswGTiw1mWGwTXUaF53UT4-7bEOLjuXAug\" width=\"590\" border=\"0\" data-x-src=\"https:\/\/img.mail-infolettre.auf.org\/im\/104189\/6ff48f32337a400f7500123cda495a3a6b25994cdbded23401936dfcb9ccf691.png?e=OSTKhb1e9_PXX1YYx0NG_EY49u6wtbS5B7SrUDB3h6_nRCNrr8lNrhbUYzs7gt8eu1x56NxB2St25dLoFhCzLYVnthil8CAX0CXjL4wqo4pYlPJh20D5QAsnAa_gmPpcQhmTzv_681Wjs02ZSx7XHY0lIF6gbX7xnPxo9lbS_Dby9VLcCc1p3vJco0qac3_WBOkvPkxM-FBDrm3D-WFxC24ibCMiWpkAnXpQiqFQ4dswGTiw1mWGwTXUaF53UT4-7bEOLjuXAug\" data-loaded=\"true\" \/><\/span><\/p>\n<p><span style=\"color: #ff0000; font-size: 14pt;\"><a style=\"color: #ff0000;\" href=\"http:\/\/r.mail-infolettre.auf.org\/mk\/mr\/hmcviH8ORFa0vAB5NDxqAt7qgdYS-8hPmtIZ1772HUdLF-vLd18rLDqmQX83xrebl2oFOLmXgH5BkCQTENQ5djhh91s-zotS5oaRiWaxX3FNSRiXRP83bK8BP8STdDq9Q58ct0DclA\" target=\"_blank\" rel=\"noopener\"><span lang=\"EN-US\"><em><strong>Inauguration de l&#8217;Acad\u00e9mie Internationale de la Francophonie Scientifique<\/strong><\/em><\/span><\/a><\/span><\/p>\n<\/div>\n<\/div>\n<div>\n<p>&#8211;&#8211;&#8211;&#8211;&#8211;&#8211;&#8211;&#8211;&#8211;&#8211;&#8211;<\/p>\n<\/div>\n<p>L&#8217;Agence Universitaire de la Francophonie a le plaisir de vous informer du lancement de la <b><i>3\u00e8me \u00e9dition du concours pour jeunes entrepreneur\u00b7e\u00b7s \u00ab 60 secondes pour convaincre \u00bb <\/i><\/b>qui vise la pr\u00e9sentation d&#8217;un projet entrepreneurial en 60 secondes chrono en format vid\u00e9o : <a tabindex=\"-1\" href=\"https:\/\/www.auf.org\/nouvelles\/appels-a-candidatures\/3eme-edition-du-concours-pour-jeunes-entrepreneur%c2%b7e%c2%b7s-60-secondes-pour-convaincre\/\" target=\"_blank\" rel=\"external nofollow noopener noreferrer\">https:\/\/www.auf.org\/nouvelles\/appels-a-candidatures\/3eme-edition-du-concours-pour-jeunes-entrepreneur%c2%b7e%c2%b7s-60-secondes-pour-convaincre\/<\/a><\/p>\n<\/div>\n<div>\n<div>\n<div>\n<div>\n<p><strong>R\u00e9compenses : <\/strong>4 prix d&#8217;une valeur de 1 500 euros \u00e0 300 euros et mise en relation des laur\u00e9at\u00b7e\u00b7s avec des mentors et des incubateurs.<\/p>\n<\/div>\n<div>\n<p><strong>Date limite : <\/strong>29 avril 2023<\/p>\n<\/div>\n<\/div>\n<\/div>\n<\/div>\n<p>&#8211;&#8211;&#8211;&#8211;&#8211;&#8211;&#8211;&#8211;&#8211;&#8211;&#8211;<\/p>\n<p>L&#8217;AUF Europe Centrale et Orientale a le plaisir de vous informer du lancement de l&#8217;appel \u00e0 projets de recherche <b><i>Soutien aux \u00e9quipes de recherche en Europe Centrale et Orientale \u2013 Ser-Eco<\/i><\/b><b><i> 2023<\/i><\/b><i> <\/i>qui vise \u00e0 appuyer l\u2019activit\u00e9 \u00e0 l\u2019international des \u00e9quipes de recherche cr\u00e9\u00e9es et actives dans les universit\u00e9s membres de la r\u00e9gion : <a tabindex=\"-1\" href=\"https:\/\/l.auf.org\/appelsoutienrecherche2023\" target=\"_blank\" rel=\"external nofollow noopener noreferrer\">https:\/\/l.auf.org\/appelsoutienrecherche2023<\/a><\/p>\n<\/div>\n<div>\n<div>\n<div>\n<div>\n<p>Date limite : 31 mai 2023<\/p>\n<\/div>\n<\/div>\n<div>\n<p>Contact : <a tabindex=\"-1\" href=\"mailto:recherche-innovation-eco@auf.org\" target=\"_blank\" rel=\"external nofollow noopener noreferrer\">recherche-innovation-eco@auf.org<\/a><\/p>\n<p>&#8211;&#8211;&#8211;&#8211;&#8211;&#8211;&#8211;&#8211;&#8211;&#8211;&#8211;<\/p>\n<\/div>\n<\/div>\n<\/div>\n<p><b><i><u>[enseignants] <\/u><\/i><\/b><\/p>\n<\/div>\n<div>\n<p>Dans le cadre de la semaine mondiale de l\u2019entrepreneur du 14 au 20 novembre 2022, l\u2019AUF &#8211; Europe Centrale et Orientale propose aux enseignants francophones une <b><i>formation courte r\u00e9gionale &#8222;La P\u00e9dagogie Entrepreneuriale, en quoi cela nous concerne tou.te.s ?&#8221;<\/i><\/b>.<\/p>\n<\/div>\n<div>\n<p>La formation aura lieu le 8 d\u00e9cembre 2022 \u00e0 partir de 16h00 (heure de Roumanie) et les inscriptions sont ouvertes jusqu&#8217;au 7 d\u00e9cembre 2022 \u00e0 17h00 (heure de Roumanie) via <a tabindex=\"-1\" href=\"https:\/\/forms.gle\/iMYbCYWgqXhs4spy7?fbclid=IwAR0HwcDz6mCo6Qivc6ZepeFz0g3vkoaaMav1Mms18jl9g3JtHDcykO2_iSI\" target=\"_blank\" rel=\"external nofollow noopener noreferrer\">https:\/\/forms.gle\/iMYbCYWgqXhs4spy7<\/a>.<\/p>\n<\/div>\n<div>\n<p>&#8211;&#8211;&#8211;&#8211;&#8211;&#8211;&#8211;&#8211;&#8211;&#8211;&#8211;<\/p>\n<\/div>\n<div>\n<p><b><i><u>[\u00e9tudiants]<\/u><\/i><\/b><b> <\/b><\/p>\n<\/div>\n<div>\n<p>\u00c0 l\u2019occasion de la Journ\u00e9e internationale des \u00e9tudiants, c\u00e9l\u00e9br\u00e9e annuellement le 17 novembre, l\u2019Agence Universitaire de la Francophonie en Europe Centrale et Orientale lance le <b><i>concours r\u00e9gional de cr\u00e9ation graphique <\/i><\/b>intitul\u00e9<b><i> \u00ab Les \u00e9tudiant.e.s francophones face aux d\u00e9fis de 21\u00e8me si\u00e8cle \u00bb<\/i><\/b> : <a tabindex=\"-1\" href=\"https:\/\/l.auf.org\/concourscreagraphique\" target=\"_blank\" rel=\"external nofollow noopener noreferrer\">https:\/\/l.auf.org\/concourscreagraphique<\/a><\/p>\n<\/div>\n<div>\n<p>Ce concours, destin\u00e9 aux \u00e9tudiants en licence et master des \u00e9tablissements membres de l&#8217;AUF en ECO, se d\u00e9roule entre le 17 novembre et le 5 d\u00e9cembre 2022 et consiste dans la conception d&#8217;affiches \u00e0 l\u2019aide des logiciels de cr\u00e9ation graphique (format A4) o\u00f9 les participants exprimeront leur mani\u00e8re de voir, comprendre, vivre ou imaginer les d\u00e9fis des \u00e9tudiant.e.s francophones de nos jours.<\/p>\n<\/div>\n<div>\n<p>&#8211;&#8211;&#8211;&#8211;&#8211;&#8211;&#8211;&#8211;&#8211;&#8211;&#8211;<\/p>\n<\/div>\n<div>\n<p><b><i><u>[\u00e9tudiants francophones inscrits dans un \u00e9tablissement membre de l&#8217;AUF \u00e0 Bucarest]<\/u><\/i><\/b><b> <\/b><\/p>\n<\/div>\n<div>\n<p>L\u2019AUF-Europe Centrale et Orientale et le Bureau d\u2019Avocats Gruia Dufaut proposent un nouveau dispositif d\u2019accompagnement \u00e0 l\u2019insertion professionnelle des \u00e9tudiants francophones, dans le cadre duquel un <b><i>appel \u00e0 candidatures 2023 pour des allocations de stage local<\/i><\/b> vient d&#8217;\u00eatre lanc\u00e9 : <a tabindex=\"-1\" href=\"https:\/\/l.auf.org\/stagecagruiadufaut?fbclid=IwAR0DQnSFdsLFI7_wSGH3JXSqot0D2TYVUYG-wpH60LlmcxksrvESTz7AI0s\" target=\"_blank\" rel=\"external nofollow noopener noreferrer\">https:\/\/l.auf.org\/stagecagruiadufaut<\/a><\/p>\n<\/div>\n<div>\n<p>L\u2019appel vise exclusivement la mise en place de 3 stages professionnels locaux valid\u00e9s par des cr\u00e9dits\/notes ou des stages obligatoires pr\u00e9vus dans le curriculum de la formation universitaire suivie par l\u2019\u00e9tudiant et les profils recherch\u00e9s sont Assistant.e marketing et communication et Etudiant.e en droit.<\/p>\n<\/div>\n<div>\n<p>Les stages seront mis en place dans la p\u00e9riode janvier-juin 2023 (4h par jours ouvr\u00e9s) et la date limite pour postuler est le 15 d\u00e9cembre 2022, \u00e0 17h00, heure de Bucarest.<\/p>\n<\/div>\n<p>&nbsp;<\/p>\n<p><img loading=\"lazy\" decoding=\"async\" class=\"alignnone size-medium wp-image-18056\" src=\"https:\/\/www.phys.uaic.ro\/wp-content\/uploads\/2022\/11\/Concours-creation-graphique-212x300.jpg\" alt=\"\" width=\"212\" height=\"300\" srcset=\"https:\/\/www.phys.uaic.ro\/old\/wp-content\/uploads\/2022\/11\/Concours-creation-graphique-212x300.jpg 212w, https:\/\/www.phys.uaic.ro\/old\/wp-content\/uploads\/2022\/11\/Concours-creation-graphique-724x1024.jpg 724w, https:\/\/www.phys.uaic.ro\/old\/wp-content\/uploads\/2022\/11\/Concours-creation-graphique-768x1086.jpg 768w, https:\/\/www.phys.uaic.ro\/old\/wp-content\/uploads\/2022\/11\/Concours-creation-graphique-1086x1536.jpg 1086w, https:\/\/www.phys.uaic.ro\/old\/wp-content\/uploads\/2022\/11\/Concours-creation-graphique-665x941.jpg 665w, https:\/\/www.phys.uaic.ro\/old\/wp-content\/uploads\/2022\/11\/Concours-creation-graphique.jpg 1448w\" sizes=\"auto, (max-width: 212px) 100vw, 212px\" \/> <img loading=\"lazy\" decoding=\"async\" class=\"alignnone size-medium wp-image-18057\" src=\"https:\/\/www.phys.uaic.ro\/wp-content\/uploads\/2022\/11\/Formation-Pedagogie-entrepreneuriale-240x300.jpg\" alt=\"\" width=\"240\" height=\"300\" srcset=\"https:\/\/www.phys.uaic.ro\/old\/wp-content\/uploads\/2022\/11\/Formation-Pedagogie-entrepreneuriale-240x300.jpg 240w, https:\/\/www.phys.uaic.ro\/old\/wp-content\/uploads\/2022\/11\/Formation-Pedagogie-entrepreneuriale-819x1024.jpg 819w, https:\/\/www.phys.uaic.ro\/old\/wp-content\/uploads\/2022\/11\/Formation-Pedagogie-entrepreneuriale-768x960.jpg 768w, https:\/\/www.phys.uaic.ro\/old\/wp-content\/uploads\/2022\/11\/Formation-Pedagogie-entrepreneuriale-665x831.jpg 665w, https:\/\/www.phys.uaic.ro\/old\/wp-content\/uploads\/2022\/11\/Formation-Pedagogie-entrepreneuriale.jpg 1080w\" sizes=\"auto, (max-width: 240px) 100vw, 240px\" \/> <img loading=\"lazy\" decoding=\"async\" class=\"alignnone size-medium wp-image-18058\" src=\"https:\/\/www.phys.uaic.ro\/wp-content\/uploads\/2022\/11\/Stages-Gruia-Dufaut-300x251.png\" alt=\"\" width=\"300\" height=\"251\" srcset=\"https:\/\/www.phys.uaic.ro\/old\/wp-content\/uploads\/2022\/11\/Stages-Gruia-Dufaut-300x251.png 300w, https:\/\/www.phys.uaic.ro\/old\/wp-content\/uploads\/2022\/11\/Stages-Gruia-Dufaut-768x644.png 768w, https:\/\/www.phys.uaic.ro\/old\/wp-content\/uploads\/2022\/11\/Stages-Gruia-Dufaut-665x557.png 665w, https:\/\/www.phys.uaic.ro\/old\/wp-content\/uploads\/2022\/11\/Stages-Gruia-Dufaut.png 940w\" sizes=\"auto, (max-width: 300px) 100vw, 300px\" \/><img loading=\"lazy\" decoding=\"async\" class=\"alignnone size-medium wp-image-15585\" src=\"https:\/\/www.phys.uaic.ro\/wp-content\/uploads\/2022\/03\/MT180-Roumanie-300x251.png\" alt=\"\" width=\"300\" height=\"251\" srcset=\"https:\/\/www.phys.uaic.ro\/old\/wp-content\/uploads\/2022\/03\/MT180-Roumanie-300x251.png 300w, https:\/\/www.phys.uaic.ro\/old\/wp-content\/uploads\/2022\/03\/MT180-Roumanie-1024x858.png 1024w, https:\/\/www.phys.uaic.ro\/old\/wp-content\/uploads\/2022\/03\/MT180-Roumanie-768x644.png 768w, https:\/\/www.phys.uaic.ro\/old\/wp-content\/uploads\/2022\/03\/MT180-Roumanie-665x557.png 665w, https:\/\/www.phys.uaic.ro\/old\/wp-content\/uploads\/2022\/03\/MT180-Roumanie.png 1410w\" sizes=\"auto, (max-width: 300px) 100vw, 300px\" \/><\/p>\n<div>\n<table style=\"border-collapse: collapse; width: 100%; height: 24px;\">\n<tbody>\n<tr style=\"height: 24px;\">\n<td style=\"width: 100%; height: 24px; border-style: groove; text-align: left; vertical-align: middle;\"><span style=\"font-size: 14pt;\"><em><a href=\"http:\/\/r.mail-infolettre.auf.org\/mk\/mr\/267S5n3MMFigs2nyeW2dVxDXfAb8_TZA_UlEhDadwjPky-eSz0FyfNsIrzZt_GFnE2ye-_Lcs2RDdpik9T7FcaY0ooipsw60g3gBctPqqt64o3Rjly-snBv_Aq4wguTFtJcmXOPAeg\" target=\"_blank\" rel=\"noopener\"><span style=\"font-size: 12pt;\">&#8221; Femmes &amp; Francophonie scientifique &#8221; : un magazine pour la journ\u00e9e internationale des droits des femmes<\/span><\/a><\/em><\/span><\/td>\n<\/tr>\n<\/tbody>\n<\/table>\n<\/div>\n<div style=\"text-align: left;\"><\/div>\n<div><\/div>\n<div>\n<p><span style=\"font-size: 14pt;\"><strong><span style=\"color: #000080;\">ANUN\u021a<\/span><\/strong><\/span><\/p>\n<p>Agentia Universitara a Francofoniei (Agence Universitaire de la Francophonie, AUF) ofera burse studentilor francofoni din Europa centrala si rasariteana (stagii internationale profesionale; apelul regional de candidatura, termenul 21 Martie):<\/p>\n<blockquote class=\"wp-embedded-content\" data-secret=\"3S8GrWJJJQ\"><p><a href=\"https:\/\/www.auf.org\/nouvelles\/appels-a-candidatures\/appel-regional-candidatures-2022-mobilites-de-stage-professionnel-linternational\/\">Appel r\u00e9gional \u00e0 candidatures 2022 \u2013 Mobilit\u00e9s de stage professionnel \u00e0 l\u2019international<\/a><\/p><\/blockquote>\n<p><iframe loading=\"lazy\" class=\"wp-embedded-content\" sandbox=\"allow-scripts\" security=\"restricted\" style=\"position: absolute; visibility: hidden;\" title=\"&laquo;&nbsp;Appel r\u00e9gional \u00e0 candidatures 2022 \u2013 Mobilit\u00e9s de stage professionnel \u00e0 l\u2019international&nbsp;&raquo; &#8212; AUF\" src=\"https:\/\/www.auf.org\/nouvelles\/appels-a-candidatures\/appel-regional-candidatures-2022-mobilites-de-stage-professionnel-linternational\/embed\/#?secret=3S8GrWJJJQ\" data-secret=\"3S8GrWJJJQ\" width=\"600\" height=\"338\" frameborder=\"0\" marginwidth=\"0\" marginheight=\"0\" scrolling=\"no\"><\/iframe><\/p>\n<p>Studen\u021bii interesa\u021bi de stagii Erasmus+ de Practica (SMP) pot depune dosar de candidatur\u0103 pentru a beneficia si de o bursa AUF, fara a se considerata dubla finantare.<\/p>\n<\/div>\n<div>\n<div class=\"colorbox\" style=\"background-color: #e6e6e6;\">\n<p>Tableau r\u00e9capitulatif comprenant les diff\u00e9rents appels \u00e0 candidature\/projets\/communications en cours de l\u2019Agence Universitaire de la Francophonie, \u00e0 savoir :<\/p>\n<ul>\n<li><a href=\"https:\/\/www.auf.org\/nouvelles\/appels-a-candidatures\/appel-a-projets-international-auf-covid-19-2\/\">Appel \u00e0 projets international AUF COVID-19.2<\/a><\/li>\n<li><a href=\"https:\/\/www.auf.org\/nouvelles\/appels-a-candidatures\/programme-de-mobilites-sud-sud-doctorants-post-doctorants-sciences-environnementales\/\">Programme de mobilit\u00e9s Sud-Sud : doctorant\u00b7e\u00b7s et post-doctorant\u00b7e\u00b7s en sciences environnementales<\/a><\/li>\n<li><a href=\"https:\/\/www.auf.org\/nouvelles\/appels-a-candidatures\/lauf-lance-dispositif-de-labellisation-60eme-anniversaire\/\">L\u2019AUF lance un dispositif de labellisation pour son 60\u00e8me anniversaire<\/a><\/li>\n<li><a href=\"https:\/\/www.auf.org\/nouvelles\/appels-a-candidatures\/premieres-assises-de-francophonie-scientifique-appel-a-communications\/\">Premi\u00e8res Assises de la Francophonie Scientifique : Appel \u00e0 communications<\/a><\/li>\n<li><a href=\"https:\/\/www.auf.org\/nouvelles\/appels-a-candidatures\/appel-a-candidature-5eme-edition-prix-el-fasi\/\">Appel \u00e0 candidature : 5\u00e8me \u00e9dition du Prix El Fassi<\/a><\/li>\n<li><a href=\"https:\/\/www.auf.org\/nouvelles\/appels-a-candidatures\/concours-international-dentrepreneuriat-etudiant-60-secondes-convaincre\/\">Concours international d\u2019entrepreneuriat \u00e9tudiant : 60 secondes pour convaincre<\/a><\/li>\n<li><a href=\"https:\/\/www.auf.org\/nouvelles\/appels-a-candidatures\/appel-a-candidatures-2eme-edition-label-francophone-de-linnovation-responsable\/\">Appel \u00e0 candidature, 2\u00e8me \u00e9dition : Label francophone de l\u2019innovation responsable<\/a><\/li>\n<\/ul>\n<p><a href=\"http:\/\/www.phys.uaic.ro\/wp\/relatii-internationale\/auf\/auf-appels-en-cours-08.06.2021.pdf\">Agence Universitaire de la Francophonie &#8211; Appels en cours le 08 juin 2021<\/a> <img decoding=\"async\" style=\"vertical-align: top; width: 20px; height: 20px;\" src=\"http:\/\/www.phys.uaic.ro\/wp\/imagini\/pdf-icon.png\" alt=\"pdf\" \/><\/p>\n<\/div>\n<\/div>\n","protected":false},"excerpt":{"rendered":"<p>Program de burse de cercetare doctoral\u0103 si post-doctorat \u00abEugen Ionescu\u00bb 2025-2026 Acest program se adreseaz\u0103 doctoranzilor \/ cercet\u0103torilor din \u021b\u0103ri membre ale OIF \u0219i Algeria, care studiaz\u0103 \/ func\u021bioneaz\u0103 \u00een universit\u0103\u021bi membre ale AUF \u0219i care sunt interesa\u021bi s\u0103 efectueze un stagiu de cercetare de 3 luni \u00een una dintre cele 28 de universit\u0103\u021bi din Romania implicate \u00een\u2026 <span class=\"read-more\"><a href=\"https:\/\/www.phys.uaic.ro\/old\/index.php\/relatii-internationale\/auf\/\">Read More &raquo;<\/a><\/span><\/p>\n","protected":false},"author":3,"featured_media":0,"parent":92,"menu_order":0,"comment_status":"closed","ping_status":"closed","template":"","meta":{"footnotes":""},"class_list":["post-12928","page","type-page","status-publish","hentry"],"_links":{"self":[{"href":"https:\/\/www.phys.uaic.ro\/old\/index.php\/wp-json\/wp\/v2\/pages\/12928","targetHints":{"allow":["GET"]}}],"collection":[{"href":"https:\/\/www.phys.uaic.ro\/old\/index.php\/wp-json\/wp\/v2\/pages"}],"about":[{"href":"https:\/\/www.phys.uaic.ro\/old\/index.php\/wp-json\/wp\/v2\/types\/page"}],"author":[{"embeddable":true,"href":"https:\/\/www.phys.uaic.ro\/old\/index.php\/wp-json\/wp\/v2\/users\/3"}],"replies":[{"embeddable":true,"href":"https:\/\/www.phys.uaic.ro\/old\/index.php\/wp-json\/wp\/v2\/comments?post=12928"}],"version-history":[{"count":0,"href":"https:\/\/www.phys.uaic.ro\/old\/index.php\/wp-json\/wp\/v2\/pages\/12928\/revisions"}],"up":[{"embeddable":true,"href":"https:\/\/www.phys.uaic.ro\/old\/index.php\/wp-json\/wp\/v2\/pages\/92"}],"wp:attachment":[{"href":"https:\/\/www.phys.uaic.ro\/old\/index.php\/wp-json\/wp\/v2\/media?parent=12928"}],"curies":[{"name":"wp","href":"https:\/\/api.w.org\/{rel}","templated":true}]}}