{"id":1308,"date":"2018-02-20T20:07:08","date_gmt":"2018-02-20T20:07:08","guid":{"rendered":"http:\/\/www.phys.uaic.ro\/?page_id=1308"},"modified":"2025-01-29T11:31:05","modified_gmt":"2025-01-29T09:31:05","slug":"carlescu-aurelian-doctorat","status":"publish","type":"page","link":"https:\/\/www.phys.uaic.ro\/old\/index.php\/scoala-doctorala\/sustineri-teze-doctorat\/carlescu-aurelian-doctorat\/","title":{"rendered":"Sus\u021binerea tezei de doctorat a drd. Carlescu Aurelian pe 6.11.2015"},"content":{"rendered":"<p>La data de 6.11.2015, ora 11:30, \u00een Amfiteatrul Ferrdinand, dl CARLESCU AURELIAN va sus\u0163ine, \u00een \u015fedin\u0163\u0103 public\u0103, teza de doctorat cu titlul<\/p>\n<p><b>STUDIUL UNOR STRATURI SUBTIRI CU POSIBILE APLICATII IN ELECTRONICA MODERNA<\/b><\/p>\n<p>\u00een vederea ob\u0163inerii titlului \u015ftiin\u0163ific de doctor \u00een Stiinte Exacte domeniul FIZIC\u0102.<\/p>\n<p>Comisia de doctorat are urm\u0103toarea componen\u0163\u0103:<\/p>\n<ul>\n<li><b>Pre\u015fedinte<\/b>:\n<ul>\n<li>Conf. Univ. Dr. Sebastian Dumitru Popescu, Facultatea de Fizica, Universitatea Alexandru Ioan Cuza, Ia\u015fi<\/li>\n<\/ul>\n<\/li>\n<\/ul>\n<ul>\n<li><b>Conduc\u0103tor \u015ftiin\u0163ific<\/b>:\n<ul>\n<li>Prof. Univ. Dr. Dacia Felicia Iacomi, Facultatea de Fizica, Universitatea Alexandru Ioan Cuza, Ia\u015fi<\/li>\n<\/ul>\n<\/li>\n<\/ul>\n<ul>\n<li><b>Referen\u0163i<\/b>:\n<ul>\n<li>Prof. Univ. Dr. Stefan Antohe, Facultatea de Fizica, Universitatea din Bucuresti<\/li>\n<li>Prof. Univ. Dr. Aurel Pop, Facultatea de Fizica, Universitatea Babes-Bolyai, Cluj-Napoca<\/li>\n<li>Prof. Univ. Dr. Habil. Liviu Leontie, Facultatea de Fizica, Universitatea Alexandru Ioan Cuza, Ia\u015fi<\/li>\n<\/ul>\n<\/li>\n<\/ul>\n<p>Teza poate fi consultat\u0103 la Biblioteca Facult\u0103\u0163ii de Fizic\u0103.<\/p>\n<p>&nbsp;<\/p>\n","protected":false},"excerpt":{"rendered":"<p>La data de 6.11.2015, ora 11:30, \u00een Amfiteatrul Ferrdinand, dl CARLESCU AURELIAN va sus\u0163ine, \u00een \u015fedin\u0163\u0103 public\u0103, teza de doctorat cu titlul STUDIUL UNOR STRATURI SUBTIRI CU POSIBILE APLICATII IN ELECTRONICA MODERNA \u00een vederea ob\u0163inerii titlului \u015ftiin\u0163ific de doctor \u00een Stiinte Exacte domeniul FIZIC\u0102. Comisia de doctorat are urm\u0103toarea componen\u0163\u0103: Pre\u015fedinte: Conf. Univ. Dr. Sebastian Dumitru Popescu, Facultatea\u2026 <span class=\"read-more\"><a href=\"https:\/\/www.phys.uaic.ro\/old\/index.php\/scoala-doctorala\/sustineri-teze-doctorat\/carlescu-aurelian-doctorat\/\">Read More &raquo;<\/a><\/span><\/p>\n","protected":false},"author":3,"featured_media":0,"parent":158,"menu_order":0,"comment_status":"closed","ping_status":"closed","template":"","meta":{"footnotes":""},"class_list":["post-1308","page","type-page","status-publish","hentry"],"_links":{"self":[{"href":"https:\/\/www.phys.uaic.ro\/old\/index.php\/wp-json\/wp\/v2\/pages\/1308","targetHints":{"allow":["GET"]}}],"collection":[{"href":"https:\/\/www.phys.uaic.ro\/old\/index.php\/wp-json\/wp\/v2\/pages"}],"about":[{"href":"https:\/\/www.phys.uaic.ro\/old\/index.php\/wp-json\/wp\/v2\/types\/page"}],"author":[{"embeddable":true,"href":"https:\/\/www.phys.uaic.ro\/old\/index.php\/wp-json\/wp\/v2\/users\/3"}],"replies":[{"embeddable":true,"href":"https:\/\/www.phys.uaic.ro\/old\/index.php\/wp-json\/wp\/v2\/comments?post=1308"}],"version-history":[{"count":0,"href":"https:\/\/www.phys.uaic.ro\/old\/index.php\/wp-json\/wp\/v2\/pages\/1308\/revisions"}],"up":[{"embeddable":true,"href":"https:\/\/www.phys.uaic.ro\/old\/index.php\/wp-json\/wp\/v2\/pages\/158"}],"wp:attachment":[{"href":"https:\/\/www.phys.uaic.ro\/old\/index.php\/wp-json\/wp\/v2\/media?parent=1308"}],"curies":[{"name":"wp","href":"https:\/\/api.w.org\/{rel}","templated":true}]}}