{"id":13256,"date":"2021-07-11T22:20:06","date_gmt":"2021-07-11T22:20:06","guid":{"rendered":"https:\/\/www.phys.uaic.ro\/?page_id=13256"},"modified":"2021-07-11T22:22:58","modified_gmt":"2021-07-11T22:22:58","slug":"perioada-admitere-licenta-iulie-2021","status":"publish","type":"page","link":"https:\/\/www.phys.uaic.ro\/old\/index.php\/admitere\/admitere-licenta\/admitere-licenta-iulie-2021\/organizare-admitere-licenta-iulie-2021\/perioada-admitere-licenta-iulie-2021\/","title":{"rendered":"Perioada admiterii la licen\u0163\u0103 iulie 2021"},"content":{"rendered":"<p style=\"font-size: 16px;\"><b>Admitere Online<\/b><\/p>\n<p>Deschide\u0163i pagina <a href=\"http:\/\/inscriere.uaic.ro\/SitePages\/Home.aspx\">http:\/\/inscriere.uaic.ro\/SitePages\/Home.aspx<\/a> de pe site-ul universit\u0103\u021bii \u015fi urma\u0163i instruc\u0163iunile de admitere \u00eensemn\u00e2nd achitarea taxei de admitere, scanarea (fotocopierea) actelor necesare si trimiterea lor \u00een contul creat. Informa\u0163ii suplimentare pute\u0163i primi la <span style=\"color: blue;\"> fizica@uaic.ro.<\/span>.<\/p>\n<ul>\n<li><b>Sesiunea de pre\u00eenscriere<\/b>: 5 aprilie &#8211; 11 iulie 2021 (doar on-line)<\/li>\n<li><b>\u00censcriere \u0219i depunerea dosarelor<\/b>: 12-17 iulie<\/li>\n<li><b>Selec\u021bia candida\u021bilor \u0219i afi\u0219area rezultatelor<\/b>: 19-21 iulie<\/li>\n<\/ul>\n","protected":false},"excerpt":{"rendered":"<p>Admitere Online Deschide\u0163i pagina http:\/\/inscriere.uaic.ro\/SitePages\/Home.aspx de pe site-ul universit\u0103\u021bii \u015fi urma\u0163i instruc\u0163iunile de admitere \u00eensemn\u00e2nd achitarea taxei de admitere, scanarea (fotocopierea) actelor necesare si trimiterea lor \u00een contul creat. Informa\u0163ii suplimentare pute\u0163i primi la fizica@uaic.ro.. Sesiunea de pre\u00eenscriere: 5 aprilie &#8211; 11 iulie 2021 (doar on-line) \u00censcriere \u0219i depunerea dosarelor: 12-17 iulie Selec\u021bia candida\u021bilor \u0219i afi\u0219area rezultatelor: 19-21\u2026 <span class=\"read-more\"><a href=\"https:\/\/www.phys.uaic.ro\/old\/index.php\/admitere\/admitere-licenta\/admitere-licenta-iulie-2021\/organizare-admitere-licenta-iulie-2021\/perioada-admitere-licenta-iulie-2021\/\">Read More &raquo;<\/a><\/span><\/p>\n","protected":false},"author":3,"featured_media":0,"parent":12470,"menu_order":0,"comment_status":"closed","ping_status":"closed","template":"","meta":{"footnotes":""},"class_list":["post-13256","page","type-page","status-publish","hentry"],"_links":{"self":[{"href":"https:\/\/www.phys.uaic.ro\/old\/index.php\/wp-json\/wp\/v2\/pages\/13256","targetHints":{"allow":["GET"]}}],"collection":[{"href":"https:\/\/www.phys.uaic.ro\/old\/index.php\/wp-json\/wp\/v2\/pages"}],"about":[{"href":"https:\/\/www.phys.uaic.ro\/old\/index.php\/wp-json\/wp\/v2\/types\/page"}],"author":[{"embeddable":true,"href":"https:\/\/www.phys.uaic.ro\/old\/index.php\/wp-json\/wp\/v2\/users\/3"}],"replies":[{"embeddable":true,"href":"https:\/\/www.phys.uaic.ro\/old\/index.php\/wp-json\/wp\/v2\/comments?post=13256"}],"version-history":[{"count":0,"href":"https:\/\/www.phys.uaic.ro\/old\/index.php\/wp-json\/wp\/v2\/pages\/13256\/revisions"}],"up":[{"embeddable":true,"href":"https:\/\/www.phys.uaic.ro\/old\/index.php\/wp-json\/wp\/v2\/pages\/12470"}],"wp:attachment":[{"href":"https:\/\/www.phys.uaic.ro\/old\/index.php\/wp-json\/wp\/v2\/media?parent=13256"}],"curies":[{"name":"wp","href":"https:\/\/api.w.org\/{rel}","templated":true}]}}