{"id":1332,"date":"2018-02-21T00:57:01","date_gmt":"2018-02-21T00:57:01","guid":{"rendered":"http:\/\/www.phys.uaic.ro\/?page_id=1332"},"modified":"2025-01-29T11:33:14","modified_gmt":"2025-01-29T09:33:14","slug":"adomnitei-catalin-doctorat","status":"publish","type":"page","link":"https:\/\/www.phys.uaic.ro\/old\/index.php\/scoala-doctorala\/sustineri-teze-doctorat\/adomnitei-catalin-doctorat\/","title":{"rendered":"Sus\u021binerea tezei de doctorat a drd. Adomni\u021bei C\u0103t\u0103lin pe 27.6.2015"},"content":{"rendered":"<p>La data de 27.6.2015, ora 11:00, \u00een sala L1, dl ADOMNITEI CATALIN va sus\u0163ine, \u00een \u015fedin\u0163\u0103 public\u0103, teza de doctorat cu titlul<\/p>\n<p><b>CONTRIBUTII LA STUDIUL PROPRIETATILOR FOTOCATALITICE SI DE HODROFILICITATE ALE STRATURILOR SUBTIRI DE TiO<sub>2<\/sub> DOPATE CU METALE TRANZITIONALE<\/b><\/p>\n<p>\u00een vederea ob\u0163inerii titlului \u015ftiin\u0163ific de doctor \u00een domeniul fundamental Stiinte Exacte, domeniul FIZIC\u0102.<\/p>\n<p>Comisia de doctorat are urm\u0103toarea componen\u0163\u0103:<\/p>\n<ul>\n<li><b>Pre\u015fedinte<\/b>:\n<ul>\n<li>Prof. Univ. Dr. Sebastian Dumitru Popescu, Universitatea Alexandru Ioan Cuza, Ia\u015fi<\/li>\n<\/ul>\n<\/li>\n<\/ul>\n<ul>\n<li><b>Conduc\u0103tor \u015ftiin\u0163ific<\/b>:\n<ul>\n<li>Prof. Univ. Dr. Diana Mihaela Mardare, conducator stiintific, Universitatea Alexandru Ioan Cuza, Ia\u015fi<\/li>\n<\/ul>\n<\/li>\n<\/ul>\n<ul>\n<li><b>Membri<\/b>:\n<ul>\n<li>Conf. Univ. Dr. Dumitru Luca, Universitatea Alexandru Ioan Cuza, Ia\u015fi<\/li>\n<li>C.S.I Dr. Ing. Crisan Dorel, Institutul de Chimie Fizica Ilie Murgulescu al Academiei Romane, Bucuresti<\/li>\n<li>C.S.I Dr. Ing. Nicoleta Lupu, Institutul National de Cercetare-Dezvoltare pentru Fizica Tehnica, Ia\u015fi<\/li>\n<\/ul>\n<\/li>\n<\/ul>\n<p>Teza poate fi consultat\u0103 la Biblioteca Facult\u0103\u0163ii de Fizic\u0103.<\/p>\n","protected":false},"excerpt":{"rendered":"<p>La data de 27.6.2015, ora 11:00, \u00een sala L1, dl ADOMNITEI CATALIN va sus\u0163ine, \u00een \u015fedin\u0163\u0103 public\u0103, teza de doctorat cu titlul CONTRIBUTII LA STUDIUL PROPRIETATILOR FOTOCATALITICE SI DE HODROFILICITATE ALE STRATURILOR SUBTIRI DE TiO2 DOPATE CU METALE TRANZITIONALE \u00een vederea ob\u0163inerii titlului \u015ftiin\u0163ific de doctor \u00een domeniul fundamental Stiinte Exacte, domeniul FIZIC\u0102. Comisia de doctorat are urm\u0103toarea\u2026 <span class=\"read-more\"><a href=\"https:\/\/www.phys.uaic.ro\/old\/index.php\/scoala-doctorala\/sustineri-teze-doctorat\/adomnitei-catalin-doctorat\/\">Read More &raquo;<\/a><\/span><\/p>\n","protected":false},"author":3,"featured_media":0,"parent":158,"menu_order":0,"comment_status":"closed","ping_status":"closed","template":"","meta":{"footnotes":""},"class_list":["post-1332","page","type-page","status-publish","hentry"],"_links":{"self":[{"href":"https:\/\/www.phys.uaic.ro\/old\/index.php\/wp-json\/wp\/v2\/pages\/1332","targetHints":{"allow":["GET"]}}],"collection":[{"href":"https:\/\/www.phys.uaic.ro\/old\/index.php\/wp-json\/wp\/v2\/pages"}],"about":[{"href":"https:\/\/www.phys.uaic.ro\/old\/index.php\/wp-json\/wp\/v2\/types\/page"}],"author":[{"embeddable":true,"href":"https:\/\/www.phys.uaic.ro\/old\/index.php\/wp-json\/wp\/v2\/users\/3"}],"replies":[{"embeddable":true,"href":"https:\/\/www.phys.uaic.ro\/old\/index.php\/wp-json\/wp\/v2\/comments?post=1332"}],"version-history":[{"count":0,"href":"https:\/\/www.phys.uaic.ro\/old\/index.php\/wp-json\/wp\/v2\/pages\/1332\/revisions"}],"up":[{"embeddable":true,"href":"https:\/\/www.phys.uaic.ro\/old\/index.php\/wp-json\/wp\/v2\/pages\/158"}],"wp:attachment":[{"href":"https:\/\/www.phys.uaic.ro\/old\/index.php\/wp-json\/wp\/v2\/media?parent=1332"}],"curies":[{"name":"wp","href":"https:\/\/api.w.org\/{rel}","templated":true}]}}