{"id":13729,"date":"2021-09-02T19:58:41","date_gmt":"2021-09-02T19:58:41","guid":{"rendered":"https:\/\/www.phys.uaic.ro\/?page_id=13729"},"modified":"2024-10-25T11:47:26","modified_gmt":"2024-10-25T08:47:26","slug":"butuc-irina-doctorat","status":"publish","type":"page","link":"https:\/\/www.phys.uaic.ro\/old\/index.php\/scoala-doctorala\/sustineri-teze-doctorat\/butuc-irina-doctorat\/","title":{"rendered":"Sus\u021binerea tezei de doctorat a drd. Butuc Irina pe 30.09.2021"},"content":{"rendered":"<p>La data de 30.09.2021, ora 17:00, pe platforma Cisco Webex, dna BUTUC IRINA va sus\u0163ine, \u00een \u015fedin\u0163\u0103 public\u0103, teza de doctorat cu titlul<\/p>\n<p><b>CONTRIBU\u0162II TEORETICE \u015eI EXPERIMENTALE \u00ceN STUDIUL UNOR EFECTE NELINIARE SPECIFICE STRUCTURILOR COMPLEXE<\/b><\/p>\n<p>\u00een vederea ob\u0163inerii titlului \u015ftiin\u0163ific de doctor \u00een domeniul FIZIC\u0102.<\/p>\n<p>CV Butuc Irina<\/p>\n<p>Comisia de doctorat are urm\u0103toarea componen\u0163\u0103:<\/p>\n<ul>\n<li><b>Pre\u015fedinte<\/b>:\n<ul>\n<li>Prof. univ. Dr. Diana Mihaela Mardare, Universitatea Alexandru Ioan Cuza din Ia\u0219i [ <a href=\"https:\/\/www.phys.uaic.ro\/wp-content\/uploads\/2024\/10\/CV-2024-MARDARE-D.-rom.pdf\" target=\"_blank\" rel=\"noopener\">CV<\/a> ]<\/li>\n<\/ul>\n<\/li>\n<\/ul>\n<ul>\n<li><b>Conduc\u0103tor \u015ftiin\u0163ific<\/b>:\n<ul>\n<li>Prof. univ. Dr. Maricel Agop, Universitatea Alexandru Ioan Cuza din Ia\u0219i [ <a href=\"https:\/\/www.phys.uaic.ro\/wp-content\/uploads\/2023\/03\/CV-2021-AGOP-ro.pdf\" target=\"_blank\" rel=\"noopener\">CV <\/a>]<\/li>\n<\/ul>\n<\/li>\n<\/ul>\n<ul>\n<li><b>Referen\u0163i<\/b>:\n<ul>\n<li>Prof. univ. Dr. habil. Cipriana \u015etef\u0103nescu, Universitatea de Medicin\u0103 \u015fi Farmacie Gr. T. Popa Ia\u015fi [ <a href=\"https:\/\/www.phys.uaic.ro\/wp-content\/uploads\/2023\/09\/cv-Prof-Stefanescu.pdf\" target=\"_blank\" rel=\"noopener\">CV<\/a> ]<\/li>\n<li>Conf. Dr. habil. Dan Gheorghe Dimitriu, Universitatea Alexandru Ioan Cuza din Ia\u0219i [ <a href=\"https:\/\/www.phys.uaic.ro\/wp-content\/uploads\/2022\/05\/Dimitriu_Dan_CV_ro.pdf\" target=\"_blank\" rel=\"noopener\">CV<\/a> ]<\/li>\n<li>Prof. univ. Dr. Viorel Puiu P\u0103un, Universitatea Politehnic\u0103 Bucure\u015fti [ <a href=\"https:\/\/www.phys.uaic.ro\/wp-content\/uploads\/2022\/09\/Viorel-Puiu_PAUN_CV_SDSA_2020.pdf\" target=\"_blank\" rel=\"noopener\">CV<\/a> ]<\/li>\n<\/ul>\n<\/li>\n<\/ul>\n<p>Persoanele care doresc s\u0103 vizioneze sus\u021binerea trebuie s\u0103 se conecteze la platforma Cisco Webex \u00eentr-unul din modurile:<\/p>\n<ul>\n<li>link direct din browser\n<ul style=\"list-style-type: none;\">\n<li>https:\/\/uaic.webex.com\/uaic\/j.php?MTID=m37932c03c174acce1f3ef27329109634<\/li>\n<\/ul>\n<\/li>\n<li>direct din aplica\u0163ie\n<ul style=\"list-style-type: none;\">\n<li><b>Meeting number (access code): 2734 671 0736<\/b><\/li>\n<li><b>Meeting password: NdmMmbQE286<\/b><\/li>\n<\/ul>\n<\/li>\n<\/ul>\n<p>\u00cent\u00e2lnirea este programat\u0103 s\u0103 \u00eenceap\u0103 la 17:00.<\/p>\n<p><b><span style=\"color: #ff0000;\">Aten\u021bie! \u00cent\u00e2lnirea este \u00eenregistrat\u0103 audio-video, autentificarea dumneavoastr\u0103 se consider\u0103 acordul pentru \u00eenregistrare.<\/span><\/b><\/p>\n<p>Teza poate fi consultat\u0103 la Biblioteca Facult\u0103\u0163ii de Fizic\u0103.<\/p>\n<ul>\n<li>Rezumatul tezei de doctorat<\/li>\n<\/ul>\n","protected":false},"excerpt":{"rendered":"<p>La data de 30.09.2021, ora 17:00, pe platforma Cisco Webex, dna BUTUC IRINA va sus\u0163ine, \u00een \u015fedin\u0163\u0103 public\u0103, teza de doctorat cu titlul CONTRIBU\u0162II TEORETICE \u015eI EXPERIMENTALE \u00ceN STUDIUL UNOR EFECTE NELINIARE SPECIFICE STRUCTURILOR COMPLEXE \u00een vederea ob\u0163inerii titlului \u015ftiin\u0163ific de doctor \u00een domeniul FIZIC\u0102. CV Butuc Irina Comisia de doctorat are urm\u0103toarea componen\u0163\u0103: Pre\u015fedinte: Prof. univ. Dr.\u2026 <span class=\"read-more\"><a href=\"https:\/\/www.phys.uaic.ro\/old\/index.php\/scoala-doctorala\/sustineri-teze-doctorat\/butuc-irina-doctorat\/\">Read More &raquo;<\/a><\/span><\/p>\n","protected":false},"author":3,"featured_media":0,"parent":158,"menu_order":0,"comment_status":"closed","ping_status":"closed","template":"","meta":{"footnotes":""},"class_list":["post-13729","page","type-page","status-publish","hentry"],"_links":{"self":[{"href":"https:\/\/www.phys.uaic.ro\/old\/index.php\/wp-json\/wp\/v2\/pages\/13729","targetHints":{"allow":["GET"]}}],"collection":[{"href":"https:\/\/www.phys.uaic.ro\/old\/index.php\/wp-json\/wp\/v2\/pages"}],"about":[{"href":"https:\/\/www.phys.uaic.ro\/old\/index.php\/wp-json\/wp\/v2\/types\/page"}],"author":[{"embeddable":true,"href":"https:\/\/www.phys.uaic.ro\/old\/index.php\/wp-json\/wp\/v2\/users\/3"}],"replies":[{"embeddable":true,"href":"https:\/\/www.phys.uaic.ro\/old\/index.php\/wp-json\/wp\/v2\/comments?post=13729"}],"version-history":[{"count":0,"href":"https:\/\/www.phys.uaic.ro\/old\/index.php\/wp-json\/wp\/v2\/pages\/13729\/revisions"}],"up":[{"embeddable":true,"href":"https:\/\/www.phys.uaic.ro\/old\/index.php\/wp-json\/wp\/v2\/pages\/158"}],"wp:attachment":[{"href":"https:\/\/www.phys.uaic.ro\/old\/index.php\/wp-json\/wp\/v2\/media?parent=13729"}],"curies":[{"name":"wp","href":"https:\/\/api.w.org\/{rel}","templated":true}]}}