{"id":14259,"date":"2021-10-12T13:09:00","date_gmt":"2021-10-12T13:09:00","guid":{"rendered":"https:\/\/www.phys.uaic.ro\/?page_id=14259"},"modified":"2025-11-06T09:51:54","modified_gmt":"2025-11-06T07:51:54","slug":"structura-an-universitar","status":"publish","type":"page","link":"https:\/\/www.phys.uaic.ro\/old\/index.php\/structura-an-universitar\/","title":{"rendered":"Structura anului universitar"},"content":{"rendered":"<p><a href=\"https:\/\/www.phys.uaic.ro\/wp-content\/uploads\/2025\/11\/structura-anului-universitar-2025_2026.pdf\" target=\"_blank\" rel=\"noopener\">Studii universitare de licen\u021b\u0103 \u0219i master 2025-2026<\/a><\/p>\n<p><a href=\"https:\/\/www.phys.uaic.ro\/wp-content\/uploads\/2024\/06\/structura-an-universitar-2024-2025.pdf\">Studii universitare de licen\u0163\u0103 \u015fi master 2024-2025<\/a><\/p>\n<p><a href=\"https:\/\/www.phys.uaic.ro\/wp-content\/uploads\/2023\/09\/Structura_Anului_Academic_2023_2024.pdf\" target=\"_blank\" rel=\"noopener\">Studii universitare de licen\u021b\u0103 si master 2023-2024<\/a><\/p>\n<p><a href=\"https:\/\/www.phys.uaic.ro\/wp-content\/uploads\/2022\/11\/Structur-an-univ-2022-2023.pdf\">Studii universitare de licen\u021b\u0103 si master 2022-2023<\/a><\/p>\n<p><a href=\"https:\/\/www.phys.uaic.ro\/wp-content\/uploads\/2022\/11\/structura-an-universitar-2021_2022.pdf\">Studii universitare de licen\u021b\u0103 si master 2021-2022<\/a><\/p>\n<p><a href=\"https:\/\/www.phys.uaic.ro\/wp-content\/uploads\/2022\/11\/structura-an-univ-2020-2021.pdf\">Studii universitare de licen\u021b\u0103 si master\u00a0 2020-2021<\/a><\/p>\n<p><a href=\"https:\/\/www.phys.uaic.ro\/wp-content\/uploads\/2022\/11\/structura-an-univ-2019-2020.pdf\">Studii universitare de licen\u021b\u0103 si master 2019-2020<\/a><\/p>\n","protected":false},"excerpt":{"rendered":"<p>Studii universitare de licen\u021b\u0103 \u0219i master 2025-2026 Studii universitare de licen\u0163\u0103 \u015fi master 2024-2025 Studii universitare de licen\u021b\u0103 si master 2023-2024 Studii universitare de licen\u021b\u0103 si master 2022-2023 Studii universitare de licen\u021b\u0103 si master 2021-2022 Studii universitare de licen\u021b\u0103 si master\u00a0 2020-2021 Studii universitare de licen\u021b\u0103 si master 2019-2020<\/p>\n","protected":false},"author":3,"featured_media":0,"parent":0,"menu_order":0,"comment_status":"closed","ping_status":"closed","template":"","meta":{"footnotes":""},"class_list":["post-14259","page","type-page","status-publish","hentry"],"_links":{"self":[{"href":"https:\/\/www.phys.uaic.ro\/old\/index.php\/wp-json\/wp\/v2\/pages\/14259","targetHints":{"allow":["GET"]}}],"collection":[{"href":"https:\/\/www.phys.uaic.ro\/old\/index.php\/wp-json\/wp\/v2\/pages"}],"about":[{"href":"https:\/\/www.phys.uaic.ro\/old\/index.php\/wp-json\/wp\/v2\/types\/page"}],"author":[{"embeddable":true,"href":"https:\/\/www.phys.uaic.ro\/old\/index.php\/wp-json\/wp\/v2\/users\/3"}],"replies":[{"embeddable":true,"href":"https:\/\/www.phys.uaic.ro\/old\/index.php\/wp-json\/wp\/v2\/comments?post=14259"}],"version-history":[{"count":0,"href":"https:\/\/www.phys.uaic.ro\/old\/index.php\/wp-json\/wp\/v2\/pages\/14259\/revisions"}],"wp:attachment":[{"href":"https:\/\/www.phys.uaic.ro\/old\/index.php\/wp-json\/wp\/v2\/media?parent=14259"}],"curies":[{"name":"wp","href":"https:\/\/api.w.org\/{rel}","templated":true}]}}