{"id":1516,"date":"2018-02-21T15:22:43","date_gmt":"2018-02-21T15:22:43","guid":{"rendered":"http:\/\/www.phys.uaic.ro\/?page_id=1516"},"modified":"2025-01-29T11:49:40","modified_gmt":"2025-01-29T09:49:40","slug":"ursachi-irina-doctorat","status":"publish","type":"page","link":"https:\/\/www.phys.uaic.ro\/old\/index.php\/scoala-doctorala\/sustineri-teze-doctorat\/ursachi-irina-doctorat\/","title":{"rendered":"Sus\u021binerea tezei de doctorat a drd. Ursachi Irina pe 6.12.2011"},"content":{"rendered":"<p>La data de 6.12.2011, ora 16:00, \u00een Laboratorul Electricitate\/Inforrmatica, dna. URSACHI IRINA va sus\u0163ine, \u00een \u015fedin\u0163\u0103 public\u0103, teza de doctorat cu titlul<\/p>\n<p><b>CONTRIBUTII LA STUDIUL SISTEMELOR MAGNETICE NANOSTRUCTURATE CU INTERACTIUNI<\/b><\/p>\n<p>\u00een vederea ob\u0163inerii titlului \u015ftiin\u0163ific de doctor \u00een domeniul fundamental Stiinte Exacte, domeniul FIZIC\u0102.<\/p>\n<p>Comisia de doctorat are urm\u0103toarea componen\u0163\u0103:<\/p>\n<ul>\n<li><b>Pre\u015fedinte<\/b>:\n<ul>\n<li>Prof. Univ. Dr. Dumitru Luca, Facultatea de Fizic\u0103, Universitatea Alexandru Ioan Cuza, Ia\u015fi<\/li>\n<\/ul>\n<\/li>\n<\/ul>\n<ul>\n<li><b>Conduc\u0103tor \u015ftiin\u0163ific<\/b>:\n<ul>\n<li>Prof. Univ. Dr. Alexandru Stancu, Facultatea de Fizic\u0103, Universitatea Alexandru Ioan Cuza, Ia\u015fi<\/li>\n<\/ul>\n<\/li>\n<\/ul>\n<ul>\n<li><b>Referen\u0163i<\/b>:\n<ul>\n<li>Prof. Univ. Dr. Ing. Adelina-Carmen Ianculescu, Facultatea de Chimie Industriala, Universitatea Politehnica, Bucuresti<\/li>\n<li>Prof. Univ. Dr. Aurelia Vasile, Facultatea de Chimie, Universitatea Alexandru Ioan Cuza, Ia\u015fi<\/li>\n<li>C.S.I Dr. Nicoleta Lupu, Institutul National de Cercetare-Dezvoltare pentru Fizica Tehica &#8211; IFT, Ia\u015fi<\/li>\n<\/ul>\n<\/li>\n<\/ul>\n<p>Teza poate fi consultat\u0103 la Biblioteca Facult\u0103\u0163ii de Fizic\u0103.<\/p>\n","protected":false},"excerpt":{"rendered":"<p>La data de 6.12.2011, ora 16:00, \u00een Laboratorul Electricitate\/Inforrmatica, dna. URSACHI IRINA va sus\u0163ine, \u00een \u015fedin\u0163\u0103 public\u0103, teza de doctorat cu titlul CONTRIBUTII LA STUDIUL SISTEMELOR MAGNETICE NANOSTRUCTURATE CU INTERACTIUNI \u00een vederea ob\u0163inerii titlului \u015ftiin\u0163ific de doctor \u00een domeniul fundamental Stiinte Exacte, domeniul FIZIC\u0102. Comisia de doctorat are urm\u0103toarea componen\u0163\u0103: Pre\u015fedinte: Prof. Univ. Dr. Dumitru Luca, Facultatea de\u2026 <span class=\"read-more\"><a href=\"https:\/\/www.phys.uaic.ro\/old\/index.php\/scoala-doctorala\/sustineri-teze-doctorat\/ursachi-irina-doctorat\/\">Read More &raquo;<\/a><\/span><\/p>\n","protected":false},"author":3,"featured_media":0,"parent":158,"menu_order":0,"comment_status":"closed","ping_status":"closed","template":"","meta":{"footnotes":""},"class_list":["post-1516","page","type-page","status-publish","hentry"],"_links":{"self":[{"href":"https:\/\/www.phys.uaic.ro\/old\/index.php\/wp-json\/wp\/v2\/pages\/1516","targetHints":{"allow":["GET"]}}],"collection":[{"href":"https:\/\/www.phys.uaic.ro\/old\/index.php\/wp-json\/wp\/v2\/pages"}],"about":[{"href":"https:\/\/www.phys.uaic.ro\/old\/index.php\/wp-json\/wp\/v2\/types\/page"}],"author":[{"embeddable":true,"href":"https:\/\/www.phys.uaic.ro\/old\/index.php\/wp-json\/wp\/v2\/users\/3"}],"replies":[{"embeddable":true,"href":"https:\/\/www.phys.uaic.ro\/old\/index.php\/wp-json\/wp\/v2\/comments?post=1516"}],"version-history":[{"count":0,"href":"https:\/\/www.phys.uaic.ro\/old\/index.php\/wp-json\/wp\/v2\/pages\/1516\/revisions"}],"up":[{"embeddable":true,"href":"https:\/\/www.phys.uaic.ro\/old\/index.php\/wp-json\/wp\/v2\/pages\/158"}],"wp:attachment":[{"href":"https:\/\/www.phys.uaic.ro\/old\/index.php\/wp-json\/wp\/v2\/media?parent=1516"}],"curies":[{"name":"wp","href":"https:\/\/api.w.org\/{rel}","templated":true}]}}