{"id":1556,"date":"2018-02-21T21:55:34","date_gmt":"2018-02-21T21:55:34","guid":{"rendered":"http:\/\/www.phys.uaic.ro\/?page_id=1556"},"modified":"2025-01-29T11:50:45","modified_gmt":"2025-01-29T09:50:45","slug":"bosinceanu-radu-florin-doctorat","status":"publish","type":"page","link":"https:\/\/www.phys.uaic.ro\/old\/index.php\/scoala-doctorala\/sustineri-teze-doctorat\/bosinceanu-radu-florin-doctorat\/","title":{"rendered":"Sus\u021binerea tezei de doctorat a drd. Bos\u00eenceanu Radu Florin pe 4.11.2011"},"content":{"rendered":"<p>La data de 4.11.2011, ora 14:00, \u00een sala L1, dl. BOSINCEANU RADU FLORIN va sus\u0163ine, \u00een \u015fedin\u0163\u0103 public\u0103, teza de doctorat cu titlul<\/p>\n<p><b>PROPRIETATI MAGNETICE SI DE TRANSPORT ALE UNOR SISTEME FEROMAGNETICE CU DIMENSIONALITATE REDUSA<\/b><\/p>\n<p>\u00een vederea ob\u0163inerii titlului \u015ftiin\u0163ific de doctor \u00een domeniul FIZIC\u0102.<\/p>\n<p>Comisia de doctorat are urm\u0103toarea componen\u0163\u0103:<\/p>\n<ul>\n<li><b>Pre\u015fedinte<\/b>:\n<ul>\n<li>Prof. Univ. Dr. Dumitru Luca, Facultatea de Fizic\u0103, Universitatea Alexandru Ioan Cuza, Ia\u015fi<\/li>\n<\/ul>\n<\/li>\n<\/ul>\n<ul>\n<li><b>Conduc\u0103tor \u015ftiin\u0163ific<\/b>:\n<ul>\n<li>Prof. Univ. Dr. Dacia Felicia Iacomi, Facultatea de Fizic\u0103, Universitatea Alexandru Ioan Cuza, Ia\u015fi<\/li>\n<\/ul>\n<\/li>\n<\/ul>\n<ul>\n<li><b>Referen\u0163i<\/b>:\n<ul>\n<li>Prof. Univ. Dr. Simion Simon, Universitatea Babes-Bolyai, Cluj-Napoca<\/li>\n<li>C.P.I Dr. Ing. Fiz. Eugenia Vasile, METAV S.A., Bucuresti<\/li>\n<li>Prof. Univ. Dr. Aurelia Vasile, Universitatea Alexandru Ioan Cuza, Ia\u015fi<\/li>\n<\/ul>\n<\/li>\n<\/ul>\n<p>Teza poate fi consultat\u0103 la Biblioteca Facult\u0103\u0163ii de Fizic\u0103.<\/p>\n","protected":false},"excerpt":{"rendered":"<p>La data de 4.11.2011, ora 14:00, \u00een sala L1, dl. BOSINCEANU RADU FLORIN va sus\u0163ine, \u00een \u015fedin\u0163\u0103 public\u0103, teza de doctorat cu titlul PROPRIETATI MAGNETICE SI DE TRANSPORT ALE UNOR SISTEME FEROMAGNETICE CU DIMENSIONALITATE REDUSA \u00een vederea ob\u0163inerii titlului \u015ftiin\u0163ific de doctor \u00een domeniul FIZIC\u0102. Comisia de doctorat are urm\u0103toarea componen\u0163\u0103: Pre\u015fedinte: Prof. Univ. Dr. Dumitru Luca, Facultatea\u2026 <span class=\"read-more\"><a href=\"https:\/\/www.phys.uaic.ro\/old\/index.php\/scoala-doctorala\/sustineri-teze-doctorat\/bosinceanu-radu-florin-doctorat\/\">Read More &raquo;<\/a><\/span><\/p>\n","protected":false},"author":3,"featured_media":0,"parent":158,"menu_order":0,"comment_status":"closed","ping_status":"closed","template":"","meta":{"footnotes":""},"class_list":["post-1556","page","type-page","status-publish","hentry"],"_links":{"self":[{"href":"https:\/\/www.phys.uaic.ro\/old\/index.php\/wp-json\/wp\/v2\/pages\/1556","targetHints":{"allow":["GET"]}}],"collection":[{"href":"https:\/\/www.phys.uaic.ro\/old\/index.php\/wp-json\/wp\/v2\/pages"}],"about":[{"href":"https:\/\/www.phys.uaic.ro\/old\/index.php\/wp-json\/wp\/v2\/types\/page"}],"author":[{"embeddable":true,"href":"https:\/\/www.phys.uaic.ro\/old\/index.php\/wp-json\/wp\/v2\/users\/3"}],"replies":[{"embeddable":true,"href":"https:\/\/www.phys.uaic.ro\/old\/index.php\/wp-json\/wp\/v2\/comments?post=1556"}],"version-history":[{"count":0,"href":"https:\/\/www.phys.uaic.ro\/old\/index.php\/wp-json\/wp\/v2\/pages\/1556\/revisions"}],"up":[{"embeddable":true,"href":"https:\/\/www.phys.uaic.ro\/old\/index.php\/wp-json\/wp\/v2\/pages\/158"}],"wp:attachment":[{"href":"https:\/\/www.phys.uaic.ro\/old\/index.php\/wp-json\/wp\/v2\/media?parent=1556"}],"curies":[{"name":"wp","href":"https:\/\/api.w.org\/{rel}","templated":true}]}}