{"id":1562,"date":"2018-02-21T22:09:45","date_gmt":"2018-02-21T22:09:45","guid":{"rendered":"http:\/\/www.phys.uaic.ro\/?page_id=1562"},"modified":"2025-01-29T11:51:03","modified_gmt":"2025-01-29T09:51:03","slug":"motrescu-iuliana-doctorat","status":"publish","type":"page","link":"https:\/\/www.phys.uaic.ro\/old\/index.php\/scoala-doctorala\/sustineri-teze-doctorat\/motrescu-iuliana-doctorat\/","title":{"rendered":"Sus\u021binerea tezei de doctorat a drd. Motrescu Iuliana pe 29.9.2011"},"content":{"rendered":"<p>La data de 29.9.2011, ora 17:00, \u00een sala L1, dna MOTRESCU IULIANA va sus\u0163ine, \u00een \u015fedin\u0163\u0103 public\u0103, teza de doctorat cu titlul<\/p>\n<p><b>STUDIUL OXIGENULUI DIN PLASMA DE TEMPERATURA JOASA PRODUSA IN AMESTECURI DE GAZE. APLICATII<\/b><\/p>\n<p>\u00een vederea ob\u0163inerii titlului \u015ftiin\u0163ific de doctor \u00een domeniul fundamental Stiinte Exacte, domeniul FIZIC\u0102.<\/p>\n<p>Comisia de doctorat are urm\u0103toarea componen\u0163\u0103:<\/p>\n<ul>\n<li><b>Pre\u015fedinte<\/b>:\n<ul>\n<li>Prof. Univ. Dr. Dumitru Luca, Facultatea de Fizic\u0103, Universitatea Alexandru Ioan Cuza, Ia\u015fi<\/li>\n<\/ul>\n<\/li>\n<\/ul>\n<ul>\n<li><b>Conduc\u0103tor \u015ftiin\u0163ific<\/b>:\n<ul>\n<li>Prof. Univ. Dr. Gheorghe Popa, Facultatea de Fizic\u0103, Universitatea Alexandru Ioan Cuza, Ia\u015fi<\/li>\n<\/ul>\n<\/li>\n<\/ul>\n<ul>\n<li><b>Referen\u0163i<\/b>:\n<ul>\n<li>Prof. Univ. Dr. Masaaki Nagatsu, Universitatea Shizuoka, Japonia<\/li>\n<li>Prof. Univ. Dr. Sorin Anghel, Universitatea Babes-Bolyai, Cluj-Napoca<\/li>\n<li>Prof. Univ. Dr. Nicoleta Dumitrascu, Universitatea Alexandru Ioan Cuza, Ia\u015fi<\/li>\n<\/ul>\n<\/li>\n<\/ul>\n<p>Teza poate fi consultat\u0103 la Biblioteca Facult\u0103\u0163ii de Fizic\u0103.<\/p>\n","protected":false},"excerpt":{"rendered":"<p>La data de 29.9.2011, ora 17:00, \u00een sala L1, dna MOTRESCU IULIANA va sus\u0163ine, \u00een \u015fedin\u0163\u0103 public\u0103, teza de doctorat cu titlul STUDIUL OXIGENULUI DIN PLASMA DE TEMPERATURA JOASA PRODUSA IN AMESTECURI DE GAZE. APLICATII \u00een vederea ob\u0163inerii titlului \u015ftiin\u0163ific de doctor \u00een domeniul fundamental Stiinte Exacte, domeniul FIZIC\u0102. Comisia de doctorat are urm\u0103toarea componen\u0163\u0103: Pre\u015fedinte: Prof. Univ.\u2026 <span class=\"read-more\"><a href=\"https:\/\/www.phys.uaic.ro\/old\/index.php\/scoala-doctorala\/sustineri-teze-doctorat\/motrescu-iuliana-doctorat\/\">Read More &raquo;<\/a><\/span><\/p>\n","protected":false},"author":3,"featured_media":0,"parent":158,"menu_order":0,"comment_status":"closed","ping_status":"closed","template":"","meta":{"footnotes":""},"class_list":["post-1562","page","type-page","status-publish","hentry"],"_links":{"self":[{"href":"https:\/\/www.phys.uaic.ro\/old\/index.php\/wp-json\/wp\/v2\/pages\/1562","targetHints":{"allow":["GET"]}}],"collection":[{"href":"https:\/\/www.phys.uaic.ro\/old\/index.php\/wp-json\/wp\/v2\/pages"}],"about":[{"href":"https:\/\/www.phys.uaic.ro\/old\/index.php\/wp-json\/wp\/v2\/types\/page"}],"author":[{"embeddable":true,"href":"https:\/\/www.phys.uaic.ro\/old\/index.php\/wp-json\/wp\/v2\/users\/3"}],"replies":[{"embeddable":true,"href":"https:\/\/www.phys.uaic.ro\/old\/index.php\/wp-json\/wp\/v2\/comments?post=1562"}],"version-history":[{"count":0,"href":"https:\/\/www.phys.uaic.ro\/old\/index.php\/wp-json\/wp\/v2\/pages\/1562\/revisions"}],"up":[{"embeddable":true,"href":"https:\/\/www.phys.uaic.ro\/old\/index.php\/wp-json\/wp\/v2\/pages\/158"}],"wp:attachment":[{"href":"https:\/\/www.phys.uaic.ro\/old\/index.php\/wp-json\/wp\/v2\/media?parent=1562"}],"curies":[{"name":"wp","href":"https:\/\/api.w.org\/{rel}","templated":true}]}}