{"id":15662,"date":"2022-03-23T09:16:19","date_gmt":"2022-03-23T07:16:19","guid":{"rendered":"https:\/\/www.phys.uaic.ro\/?page_id=15662"},"modified":"2022-03-23T09:24:43","modified_gmt":"2022-03-23T07:24:43","slug":"anunt-privind-sustinerea-raportului-de-cercetare-a-drd-astacioaie-i-maria-cas-diaconu-la-31-03-2022","status":"publish","type":"page","link":"https:\/\/www.phys.uaic.ro\/old\/index.php\/anunt-privind-sustinerea-raportului-de-cercetare-a-drd-astacioaie-i-maria-cas-diaconu-la-31-03-2022\/","title":{"rendered":"Anun\u021b privind sus\u021binerea raportului de cercetare a drd. AST\u0102CIOAIE I. Maria (c\u0103s. Diaconu) pe 31.03.2022"},"content":{"rendered":"<p>La data de <strong>31 martie 2022<\/strong>, \u00eencep\u00e2nd cu <strong>orele 16<\/strong>,\u00a0\u00een <strong>Laboratorul de Optic\u0103 \u015fi Spectroscopie<\/strong> va avea loc sus\u021binerea raportului de cercetare cu titlul \u201e<strong>Poluarea mediului urban \u0219i a mediului rural din regiunea de Nord &#8211; Est a Rom\u00e2niei. Studiu comparativ. Metode spectroscopice de monitorizare<\/strong>\u201d, prezentat de studenta &#8211; doctorand\u0103 <strong>AST\u0102CIOAIE I. Maria (c\u0103s. Diaconu<\/strong>), sub \u00eendrumarea domnului prof. univ. dr. habil <strong>Silviu &#8211; Octavian<\/strong> <strong>GURLUI<\/strong>.<\/p>\n","protected":false},"excerpt":{"rendered":"<p>La data de 31 martie 2022, \u00eencep\u00e2nd cu orele 16,\u00a0\u00een Laboratorul de Optic\u0103 \u015fi Spectroscopie va avea loc sus\u021binerea raportului de cercetare cu titlul \u201ePoluarea mediului urban \u0219i a mediului rural din regiunea de Nord &#8211; Est a Rom\u00e2niei. Studiu comparativ. Metode spectroscopice de monitorizare\u201d, prezentat de studenta &#8211; doctorand\u0103 AST\u0102CIOAIE I. Maria (c\u0103s. Diaconu), sub \u00eendrumarea domnului\u2026 <span class=\"read-more\"><a href=\"https:\/\/www.phys.uaic.ro\/old\/index.php\/anunt-privind-sustinerea-raportului-de-cercetare-a-drd-astacioaie-i-maria-cas-diaconu-la-31-03-2022\/\">Read More &raquo;<\/a><\/span><\/p>\n","protected":false},"author":4,"featured_media":0,"parent":0,"menu_order":0,"comment_status":"closed","ping_status":"closed","template":"","meta":{"footnotes":""},"class_list":["post-15662","page","type-page","status-publish","hentry"],"_links":{"self":[{"href":"https:\/\/www.phys.uaic.ro\/old\/index.php\/wp-json\/wp\/v2\/pages\/15662","targetHints":{"allow":["GET"]}}],"collection":[{"href":"https:\/\/www.phys.uaic.ro\/old\/index.php\/wp-json\/wp\/v2\/pages"}],"about":[{"href":"https:\/\/www.phys.uaic.ro\/old\/index.php\/wp-json\/wp\/v2\/types\/page"}],"author":[{"embeddable":true,"href":"https:\/\/www.phys.uaic.ro\/old\/index.php\/wp-json\/wp\/v2\/users\/4"}],"replies":[{"embeddable":true,"href":"https:\/\/www.phys.uaic.ro\/old\/index.php\/wp-json\/wp\/v2\/comments?post=15662"}],"version-history":[{"count":0,"href":"https:\/\/www.phys.uaic.ro\/old\/index.php\/wp-json\/wp\/v2\/pages\/15662\/revisions"}],"wp:attachment":[{"href":"https:\/\/www.phys.uaic.ro\/old\/index.php\/wp-json\/wp\/v2\/media?parent=15662"}],"curies":[{"name":"wp","href":"https:\/\/api.w.org\/{rel}","templated":true}]}}