{"id":15677,"date":"2022-03-25T08:23:02","date_gmt":"2022-03-25T06:23:02","guid":{"rendered":"https:\/\/www.phys.uaic.ro\/?page_id=15677"},"modified":"2023-04-04T13:01:27","modified_gmt":"2023-04-04T10:01:27","slug":"studenti-concurs-hurmuzescu-concurs-hurmuzescu-x","status":"publish","type":"page","link":"https:\/\/www.phys.uaic.ro\/old\/index.php\/studenti-concurs-hurmuzescu-concurs-hurmuzescu-x\/","title":{"rendered":"Concursul Dragomir Hurmuzescu Edi\u021bia a X-a"},"content":{"rendered":"<h4><a href=\"https:\/\/www.phys.uaic.ro\/old\/wp-content\/uploads\/2022\/03\/materie-concurs-Hurmuzescu_2022.pdf\">Tematica pentru Concursul Na\u0163ional Studen\u0163esc de Fizic\u0103 &#8222;Dragomir Hurmuzescu&#8221;<\/a><\/h4>\n<p><strong>Subiecte si bareme<\/strong><\/p>\n<p><a href=\"https:\/\/www.phys.uaic.ro\/old\/wp-content\/uploads\/2023\/04\/anulI.zip\">Subiecte si bareme anul I<\/a><\/p>\n<p><a href=\"https:\/\/www.phys.uaic.ro\/old\/wp-content\/uploads\/2023\/04\/Hurmuzescu-locala-2022_a2.pdf\">Subiecte anul al II-lea<\/a><\/p>\n<p><b>Rezultate:<\/b><\/p>\n<ul>\n<li>Premiul I\n<ul>\n<li>Cristina Pop (anul I)<\/li>\n<li>Mihai Buta (anul al II-lea)<\/li>\n<li>Alexandra Popa (anul al III-lea)<\/li>\n<li>Andrei Sandu (anul al III-lea)<\/li>\n<\/ul>\n<\/li>\n<li>Premiul al II-lea\n<ul>\n<li>Alexandru Miron (anul I)<\/li>\n<li>Adina Campanu (anul al II-lea)<\/li>\n<\/ul>\n<\/li>\n<li>Premiul al III-lea\n<ul>\n<li>Cornelia Rusu (anul I)<\/li>\n<li>Tudor Pintilie (anul al III-lea)<\/li>\n<\/ul>\n<\/li>\n<li>Mentiuni\n<ul>\n<li>Mariam Osman (anul I)<\/li>\n<li>Adela Tonita (anul I)<\/li>\n<li>Sandra Tudurache (anul I)<\/li>\n<li>Victor Dobrinescu (anul I)<\/li>\n<\/ul>\n<\/li>\n<\/ul>\n<h2>Etapa na\u0163ional\u0103 21 mai 2022, Bucuresti<\/h2>\n<p><strong>Subiecte si bareme<\/strong><\/p>\n<p><a href=\"https:\/\/www.phys.uaic.ro\/old\/wp-content\/uploads\/2023\/04\/subiecte_bareme_anulI.zip\">Subiecte si bareme anul I<\/a><\/p>\n<p><a href=\"https:\/\/www.phys.uaic.ro\/old\/wp-content\/uploads\/2023\/04\/subiecte_bareme_anulII.zip\">Subiecte si bareme anul al II-lea<\/a><\/p>\n<p><b>Rezultate:<\/b><\/p>\n<p>La Concursul National Studentesc de Fizica Dragomir Hurmuzescu studentii Facult\u0103\u021bii de Fizic\u0103 din Ia\u0219i au obtinut:<\/p>\n<ul>\n<li><b>un premiu II<\/b>\n<ul>\n<li>Alexandra Ioana Popa (anul al III-lea)<\/li>\n<\/ul>\n<\/li>\n<li><b>doua\u00a0 premii III<\/b>\n<ul>\n<li>Andrei Sandu (anul al III-lea)<\/li>\n<li>Mihai Buta (anul al II-lea)<\/li>\n<\/ul>\n<\/li>\n<li><b>doua men\u021biuni<\/b>\n<ul>\n<li>Cristina Pop (anul I)<\/li>\n<li>Tudor Pintilie (anul al III-lea)<\/li>\n<\/ul>\n<\/li>\n<\/ul>\n<p>Concursul de fizic\u0103 Dragomir Hurmuzescu s-a desf\u0103\u015furat astfel:<\/p>\n<ul>\n<li>faza local\u0103\n<ul>\n<li>pentru anii I \u015fi II &#8211; proba scris\u0103:\n<ul>\n<li>s\u00e2mb\u0103t\u0103 16 aprilie 2022, de la ora 8.30, in Amfiteatrul IV.13 &#8211; Dragomir Hurmuzescu\n<ul>\n<li>la anul I vor fi trei probleme de mecanica<\/li>\n<li>la anul al II-lea vor fi trei probleme: una de fizic\u0103 molecular\u0103, una de optic\u0103 geometric\u0103 \u015fi una de electricitate\/magnetism<\/li>\n<\/ul>\n<\/li>\n<\/ul>\n<\/li>\n<li>pentru anii III \u015fi IV &#8211; prezent\u0103ri orale (maxim 10 minute):\n<ul>\n<li>in jurul datei de 16 aprilie 2022 (data exacta va fi stabilita dupa ce se vor finaliza inscrierile)<\/li>\n<\/ul>\n<\/li>\n<\/ul>\n<\/li>\n<\/ul>\n<ul>\n<li>faza na\u0163ional\u0103 va avea loc pe 20 mai 2022 si va fi organizat\u0103 online de c\u0103tre Facultatea de Fizic\u0103 a Universit\u0103\u0163ii din Bucuresti<\/li>\n<\/ul>\n<p>&nbsp;<\/p>\n","protected":false},"excerpt":{"rendered":"<p>Tematica pentru Concursul Na\u0163ional Studen\u0163esc de Fizic\u0103 &#8222;Dragomir Hurmuzescu&#8221; Subiecte si bareme Subiecte si bareme anul I Subiecte anul al II-lea Rezultate: Premiul I Cristina Pop (anul I) Mihai Buta (anul al II-lea) Alexandra Popa (anul al III-lea) Andrei Sandu (anul al III-lea) Premiul al II-lea Alexandru Miron (anul I) Adina Campanu (anul al II-lea) Premiul al III-lea\u2026 <span class=\"read-more\"><a href=\"https:\/\/www.phys.uaic.ro\/old\/index.php\/studenti-concurs-hurmuzescu-concurs-hurmuzescu-x\/\">Read More &raquo;<\/a><\/span><\/p>\n","protected":false},"author":3,"featured_media":0,"parent":0,"menu_order":0,"comment_status":"closed","ping_status":"closed","template":"","meta":{"footnotes":""},"class_list":["post-15677","page","type-page","status-publish","hentry"],"_links":{"self":[{"href":"https:\/\/www.phys.uaic.ro\/old\/index.php\/wp-json\/wp\/v2\/pages\/15677","targetHints":{"allow":["GET"]}}],"collection":[{"href":"https:\/\/www.phys.uaic.ro\/old\/index.php\/wp-json\/wp\/v2\/pages"}],"about":[{"href":"https:\/\/www.phys.uaic.ro\/old\/index.php\/wp-json\/wp\/v2\/types\/page"}],"author":[{"embeddable":true,"href":"https:\/\/www.phys.uaic.ro\/old\/index.php\/wp-json\/wp\/v2\/users\/3"}],"replies":[{"embeddable":true,"href":"https:\/\/www.phys.uaic.ro\/old\/index.php\/wp-json\/wp\/v2\/comments?post=15677"}],"version-history":[{"count":0,"href":"https:\/\/www.phys.uaic.ro\/old\/index.php\/wp-json\/wp\/v2\/pages\/15677\/revisions"}],"wp:attachment":[{"href":"https:\/\/www.phys.uaic.ro\/old\/index.php\/wp-json\/wp\/v2\/media?parent=15677"}],"curies":[{"name":"wp","href":"https:\/\/api.w.org\/{rel}","templated":true}]}}