{"id":1593,"date":"2018-02-21T23:22:13","date_gmt":"2018-02-21T23:22:13","guid":{"rendered":"http:\/\/www.phys.uaic.ro\/?page_id=1593"},"modified":"2025-01-29T11:54:09","modified_gmt":"2025-01-29T09:54:09","slug":"anghel-alexandru-doctorat","status":"publish","type":"page","link":"https:\/\/www.phys.uaic.ro\/old\/index.php\/scoala-doctorala\/sustineri-teze-doctorat\/anghel-alexandru-doctorat\/","title":{"rendered":"Sus\u021binerea tezei de doctorat a drd. Anghel Alexandru pe 28.5.2011"},"content":{"rendered":"<p>La data de 28.5.2011, ora 10:00, \u00een sala L1, dl. ANGHEL ALEXANDRU va sus\u0163ine, \u00een \u015fedin\u0163\u0103 public\u0103, teza de doctorat cu titlul<\/p>\n<p><b>STUDIUL RETENTIEI DE DEUTERIU IN FILME SUBTIRI DE MATERIALE DE INTERES NUCLEAR (Be. C, W) DEPUSE PRIN ARC TERMOIONIC IN VID<\/b><\/p>\n<p>\u00een vederea ob\u0163inerii titlului \u015ftiin\u0163ific de doctor \u00een domeniul fundamental Stiinte Exacte, domeniul FIZIC\u0102.<\/p>\n<p>Comisia de doctorat are urm\u0103toarea componen\u0163\u0103:<\/p>\n<ul>\n<li><b>Pre\u015fedinte<\/b>:\n<ul>\n<li>Prof. Univ. Dr. Sebastian Dumitru Popescu, Facultatea de Fizic\u0103, Universitatea Alexandru Ioan Cuza, Ia\u015fi<\/li>\n<\/ul>\n<\/li>\n<\/ul>\n<ul>\n<li><b>Conduc\u0103tor \u015ftiin\u0163ific<\/b>:\n<ul>\n<li>Prof. Univ. Dr. Gheorghe Popa, Facultatea de Fizic\u0103, Universitatea Alexandru Ioan Cuza, Ia\u015fi<\/li>\n<\/ul>\n<\/li>\n<\/ul>\n<ul>\n<li><b>Referen\u0163i<\/b>:\n<ul>\n<li>C.P.I Dr. Florin Spineanu, Institutul National de Fizica Laserilor, Plasmei si Radiatiilor, Magurele, Bucuresti<\/li>\n<li>C.P.I Dr. Virel Braic, Institutul National de Opto-electronica, Magurele, Bucuresti<\/li>\n<li>Prof. Univ. Dr. Dumitru Luca, Universitatea Alexandru Ioan Cuza, Ia\u015fi<\/li>\n<\/ul>\n<\/li>\n<\/ul>\n<p>Teza poate fi consultat\u0103 la Biblioteca Facult\u0103\u0163ii de Fizic\u0103.<\/p>\n","protected":false},"excerpt":{"rendered":"<p>La data de 28.5.2011, ora 10:00, \u00een sala L1, dl. ANGHEL ALEXANDRU va sus\u0163ine, \u00een \u015fedin\u0163\u0103 public\u0103, teza de doctorat cu titlul STUDIUL RETENTIEI DE DEUTERIU IN FILME SUBTIRI DE MATERIALE DE INTERES NUCLEAR (Be. C, W) DEPUSE PRIN ARC TERMOIONIC IN VID \u00een vederea ob\u0163inerii titlului \u015ftiin\u0163ific de doctor \u00een domeniul fundamental Stiinte Exacte, domeniul FIZIC\u0102. Comisia\u2026 <span class=\"read-more\"><a href=\"https:\/\/www.phys.uaic.ro\/old\/index.php\/scoala-doctorala\/sustineri-teze-doctorat\/anghel-alexandru-doctorat\/\">Read More &raquo;<\/a><\/span><\/p>\n","protected":false},"author":3,"featured_media":0,"parent":158,"menu_order":0,"comment_status":"closed","ping_status":"closed","template":"","meta":{"footnotes":""},"class_list":["post-1593","page","type-page","status-publish","hentry"],"_links":{"self":[{"href":"https:\/\/www.phys.uaic.ro\/old\/index.php\/wp-json\/wp\/v2\/pages\/1593","targetHints":{"allow":["GET"]}}],"collection":[{"href":"https:\/\/www.phys.uaic.ro\/old\/index.php\/wp-json\/wp\/v2\/pages"}],"about":[{"href":"https:\/\/www.phys.uaic.ro\/old\/index.php\/wp-json\/wp\/v2\/types\/page"}],"author":[{"embeddable":true,"href":"https:\/\/www.phys.uaic.ro\/old\/index.php\/wp-json\/wp\/v2\/users\/3"}],"replies":[{"embeddable":true,"href":"https:\/\/www.phys.uaic.ro\/old\/index.php\/wp-json\/wp\/v2\/comments?post=1593"}],"version-history":[{"count":0,"href":"https:\/\/www.phys.uaic.ro\/old\/index.php\/wp-json\/wp\/v2\/pages\/1593\/revisions"}],"up":[{"embeddable":true,"href":"https:\/\/www.phys.uaic.ro\/old\/index.php\/wp-json\/wp\/v2\/pages\/158"}],"wp:attachment":[{"href":"https:\/\/www.phys.uaic.ro\/old\/index.php\/wp-json\/wp\/v2\/media?parent=1593"}],"curies":[{"name":"wp","href":"https:\/\/api.w.org\/{rel}","templated":true}]}}